{"id":31689,"date":"2022-01-22T12:52:34","date_gmt":"2022-01-22T11:52:34","guid":{"rendered":"https:\/\/demoweb.info\/sexshop001\/producto\/liberado-cincuenta-sombras-contada-por-christian-grey-3\/"},"modified":"2022-01-22T12:52:37","modified_gmt":"2022-01-22T11:52:37","slug":"liberado-cincuenta-sombras-contada-por-christian-grey-3","status":"publish","type":"product","link":"https:\/\/demoweb.info\/sexshop001\/producto\/liberado-cincuenta-sombras-contada-por-christian-grey-3\/","title":{"rendered":"LIBERADO &#8211; CINCUENTA SOMBRAS CONTADA POR CHRISTIAN GREY 3"},"content":{"rendered":"<p><strong>LIBERADO &#8211; CINCUENTA SOMBRAS CONTADA POR CHRISTIAN GREY 3<\/strong><\/p>\n<p><strong>E.L. James<\/strong><\/p>\n<p><strong>Revive la sensualidad, el romance y el drama de <\/strong><em><strong>Cincuenta sombras liberadas<\/strong><\/em><strong>, la historia de amor que cautiv\u00f3 a millones de lectores en todo el mundo y que ahora puedes redescubrir a trav\u00e9s de los pensamientos y sue\u00f1os de Christian Grey.<\/strong><\/p>\n<p>Anastasia Steele y Christian Grey han dado un paso m\u00e1s en su relaci\u00f3n, pero el matrimonio trae consigo nuevos desaf\u00edos. Aunque su pasi\u00f3n contin\u00faa m\u00e1s viva y ardiente que nunca, el esp\u00edritu rebelde de Ana sigue despertando los miedos m\u00e1s profundos de Christian y pone a prueba su obsesi\u00f3n por el control. Cuando adem\u00e1s, antiguas rivalidades y resentimientos resurgen poni\u00e9ndolos a ambos en peligro, un malentendido amenaza con separarlos.<\/p>\n<ul>\n<li>N&ordm; de p\u00e1ginas: 720<\/li>\n<li>Editorial: GRIJALBO<\/li>\n<li>Idioma: CASTELLANO<\/li>\n<li>Encuadernaci\u00f3n: Tapa blanda<\/li>\n<li>A\u00f1o de edici\u00f3n: 2021<\/li>\n<\/ul>\n","protected":false},"excerpt":{"rendered":"<p>LIBERADO &#8211; CINCUENTA SOMBRAS CONTADA POR CHRISTIAN GREY 3 E.L. James Revive la sensualidad, el romance y el drama de<\/p>\n","protected":false},"featured_media":31690,"comment_status":"open","ping_status":"open","template":"","meta":[],"product_cat":[414],"product_tag":[416,415],"class_list":["post-31689","product","type-product","status-publish","has-post-thumbnail","hentry","product_cat-libros","product_tag-grijalbo","product_tag-random-house"],"bundled_by":[],"bundle_stock_status":"instock","bundle_stock_quantity":5,"bundle_virtual":false,"bundle_layout":"","bundle_add_to_cart_form_location":"","bundle_editable_in_cart":false,"bundle_sold_individually_context":"","bundle_item_grouping":"","bundle_min_size":"","bundle_max_size":"","bundled_items":[],"yoast_head":"<!-- This site is optimized with the Yoast SEO plugin v20.6 - https:\/\/yoast.com\/wordpress\/plugins\/seo\/ -->\n<title>LIBERADO - CINCUENTA SOMBRAS CONTADA POR CHRISTIAN GREY 3 - Tienda Er\u00f3tica<\/title>\n<meta name=\"robots\" content=\"noindex, follow, max-snippet:-1, max-image-preview:large, max-video-preview:-1\" \/>\n<meta property=\"og:locale\" content=\"es_ES\" \/>\n<meta property=\"og:type\" content=\"article\" \/>\n<meta property=\"og:title\" content=\"LIBERADO - CINCUENTA SOMBRAS CONTADA POR CHRISTIAN GREY 3 - Tienda Er\u00f3tica\" \/>\n<meta property=\"og:description\" content=\"LIBERADO &#8211; CINCUENTA SOMBRAS CONTADA POR CHRISTIAN GREY 3 E.L. James Revive la sensualidad, el romance y el drama de\" \/>\n<meta property=\"og:url\" content=\"https:\/\/demoweb.info\/sexshop001\/producto\/liberado-cincuenta-sombras-contada-por-christian-grey-3\/\" \/>\n<meta property=\"og:site_name\" content=\"Tienda Er\u00f3tica\" \/>\n<meta property=\"article:modified_time\" content=\"2022-01-22T11:52:37+00:00\" \/>\n<meta property=\"og:image\" content=\"https:\/\/demoweb.info\/sexshop001\/wp-content\/uploads\/2022\/01\/LIBERADO-CINCUENTA-SOMBRAS-CONTADA-POR-CHRISTIAN-GREY-3.jpg\" \/>\n\t<meta property=\"og:image:width\" content=\"550\" \/>\n\t<meta property=\"og:image:height\" content=\"550\" \/>\n\t<meta property=\"og:image:type\" content=\"image\/jpeg\" \/>\n<meta name=\"twitter:card\" content=\"summary_large_image\" \/>\n<meta name=\"twitter:label1\" content=\"Tiempo de lectura\" \/>\n\t<meta name=\"twitter:data1\" content=\"1 minuto\" \/>\n<script type=\"application\/ld+json\" class=\"yoast-schema-graph\">{\"@context\":\"https:\/\/schema.org\",\"@graph\":[{\"@type\":\"WebPage\",\"@id\":\"https:\/\/demoweb.info\/sexshop001\/producto\/liberado-cincuenta-sombras-contada-por-christian-grey-3\/\",\"url\":\"https:\/\/demoweb.info\/sexshop001\/producto\/liberado-cincuenta-sombras-contada-por-christian-grey-3\/\",\"name\":\"LIBERADO - CINCUENTA SOMBRAS CONTADA POR CHRISTIAN GREY 3 - Tienda Er\u00f3tica\",\"isPartOf\":{\"@id\":\"https:\/\/demoweb.info\/sexshop001\/#website\"},\"datePublished\":\"2022-01-22T11:52:34+00:00\",\"dateModified\":\"2022-01-22T11:52:37+00:00\",\"breadcrumb\":{\"@id\":\"https:\/\/demoweb.info\/sexshop001\/producto\/liberado-cincuenta-sombras-contada-por-christian-grey-3\/#breadcrumb\"},\"inLanguage\":\"es\",\"potentialAction\":[{\"@type\":\"ReadAction\",\"target\":[\"https:\/\/demoweb.info\/sexshop001\/producto\/liberado-cincuenta-sombras-contada-por-christian-grey-3\/\"]}]},{\"@type\":\"BreadcrumbList\",\"@id\":\"https:\/\/demoweb.info\/sexshop001\/producto\/liberado-cincuenta-sombras-contada-por-christian-grey-3\/#breadcrumb\",\"itemListElement\":[{\"@type\":\"ListItem\",\"position\":1,\"name\":\"Portada\",\"item\":\"https:\/\/demoweb.info\/sexshop001\/\"},{\"@type\":\"ListItem\",\"position\":2,\"name\":\"Tienda\",\"item\":\"https:\/\/demoweb.info\/sexshop001\/tienda\/\"},{\"@type\":\"ListItem\",\"position\":3,\"name\":\"LIBERADO &#8211; CINCUENTA SOMBRAS CONTADA POR CHRISTIAN GREY 3\"}]},{\"@type\":\"WebSite\",\"@id\":\"https:\/\/demoweb.info\/sexshop001\/#website\",\"url\":\"https:\/\/demoweb.info\/sexshop001\/\",\"name\":\"Tienda Er\u00f3tica\",\"description\":\"DEMOWEB SL\",\"potentialAction\":[{\"@type\":\"SearchAction\",\"target\":{\"@type\":\"EntryPoint\",\"urlTemplate\":\"https:\/\/demoweb.info\/sexshop001\/?s={search_term_string}\"},\"query-input\":\"required name=search_term_string\"}],\"inLanguage\":\"es\"}]}<\/script>\n<!-- \/ Yoast SEO plugin. -->","yoast_head_json":{"title":"LIBERADO - CINCUENTA SOMBRAS CONTADA POR CHRISTIAN GREY 3 - Tienda Er\u00f3tica","robots":{"index":"noindex","follow":"follow","max-snippet":"max-snippet:-1","max-image-preview":"max-image-preview:large","max-video-preview":"max-video-preview:-1"},"og_locale":"es_ES","og_type":"article","og_title":"LIBERADO - CINCUENTA SOMBRAS CONTADA POR CHRISTIAN GREY 3 - Tienda Er\u00f3tica","og_description":"LIBERADO &#8211; CINCUENTA SOMBRAS CONTADA POR CHRISTIAN GREY 3 E.L. James Revive la sensualidad, el romance y el drama de","og_url":"https:\/\/demoweb.info\/sexshop001\/producto\/liberado-cincuenta-sombras-contada-por-christian-grey-3\/","og_site_name":"Tienda Er\u00f3tica","article_modified_time":"2022-01-22T11:52:37+00:00","og_image":[{"width":550,"height":550,"url":"https:\/\/demoweb.info\/sexshop001\/wp-content\/uploads\/2022\/01\/LIBERADO-CINCUENTA-SOMBRAS-CONTADA-POR-CHRISTIAN-GREY-3.jpg","type":"image\/jpeg"}],"twitter_card":"summary_large_image","twitter_misc":{"Tiempo de lectura":"1 minuto"},"schema":{"@context":"https:\/\/schema.org","@graph":[{"@type":"WebPage","@id":"https:\/\/demoweb.info\/sexshop001\/producto\/liberado-cincuenta-sombras-contada-por-christian-grey-3\/","url":"https:\/\/demoweb.info\/sexshop001\/producto\/liberado-cincuenta-sombras-contada-por-christian-grey-3\/","name":"LIBERADO - CINCUENTA SOMBRAS CONTADA POR CHRISTIAN GREY 3 - Tienda Er\u00f3tica","isPartOf":{"@id":"https:\/\/demoweb.info\/sexshop001\/#website"},"datePublished":"2022-01-22T11:52:34+00:00","dateModified":"2022-01-22T11:52:37+00:00","breadcrumb":{"@id":"https:\/\/demoweb.info\/sexshop001\/producto\/liberado-cincuenta-sombras-contada-por-christian-grey-3\/#breadcrumb"},"inLanguage":"es","potentialAction":[{"@type":"ReadAction","target":["https:\/\/demoweb.info\/sexshop001\/producto\/liberado-cincuenta-sombras-contada-por-christian-grey-3\/"]}]},{"@type":"BreadcrumbList","@id":"https:\/\/demoweb.info\/sexshop001\/producto\/liberado-cincuenta-sombras-contada-por-christian-grey-3\/#breadcrumb","itemListElement":[{"@type":"ListItem","position":1,"name":"Portada","item":"https:\/\/demoweb.info\/sexshop001\/"},{"@type":"ListItem","position":2,"name":"Tienda","item":"https:\/\/demoweb.info\/sexshop001\/tienda\/"},{"@type":"ListItem","position":3,"name":"LIBERADO &#8211; CINCUENTA SOMBRAS CONTADA POR CHRISTIAN GREY 3"}]},{"@type":"WebSite","@id":"https:\/\/demoweb.info\/sexshop001\/#website","url":"https:\/\/demoweb.info\/sexshop001\/","name":"Tienda Er\u00f3tica","description":"DEMOWEB SL","potentialAction":[{"@type":"SearchAction","target":{"@type":"EntryPoint","urlTemplate":"https:\/\/demoweb.info\/sexshop001\/?s={search_term_string}"},"query-input":"required name=search_term_string"}],"inLanguage":"es"}]}},"_links":{"self":[{"href":"https:\/\/demoweb.info\/sexshop001\/wp-json\/wp\/v3\/product\/31689","targetHints":{"allow":["GET"]}}],"collection":[{"href":"https:\/\/demoweb.info\/sexshop001\/wp-json\/wp\/v3\/product"}],"about":[{"href":"https:\/\/demoweb.info\/sexshop001\/wp-json\/wp\/v2\/types\/product"}],"replies":[{"embeddable":true,"href":"https:\/\/demoweb.info\/sexshop001\/wp-json\/wp\/v2\/comments?post=31689"}],"wp:featuredmedia":[{"embeddable":true,"href":"https:\/\/demoweb.info\/sexshop001\/wp-json\/wp\/v2\/media\/31690"}],"wp:attachment":[{"href":"https:\/\/demoweb.info\/sexshop001\/wp-json\/wp\/v2\/media?parent=31689"}],"wp:term":[{"taxonomy":"product_cat","embeddable":true,"href":"https:\/\/demoweb.info\/sexshop001\/wp-json\/wp\/v2\/product_cat?post=31689"},{"taxonomy":"product_tag","embeddable":true,"href":"https:\/\/demoweb.info\/sexshop001\/wp-json\/wp\/v2\/product_tag?post=31689"}],"curies":[{"name":"wp","href":"https:\/\/api.w.org\/{rel}","templated":true}]}}