{"id":31620,"date":"2022-01-22T12:51:57","date_gmt":"2022-01-22T11:51:57","guid":{"rendered":"https:\/\/demoweb.info\/sexshop001\/producto\/eropharm-clitorisex-crema-estimulante-40-ml\/"},"modified":"2022-01-22T12:52:01","modified_gmt":"2022-01-22T11:52:01","slug":"eropharm-clitorisex-crema-estimulante-40-ml","status":"publish","type":"product","link":"https:\/\/demoweb.info\/sexshop001\/producto\/eropharm-clitorisex-crema-estimulante-40-ml\/","title":{"rendered":"EROPHARM CLITORISEX CREMA ESTIMULANTE 40 ML"},"content":{"rendered":"<p><strong>EROPHARM CLITORISEX STIMULATING GREAM 40 ML<\/strong><\/p>\n<p>Pruebe la sensaci\u00f3n excitante que esta crema con efecto lubricante le produce m\u00e1gicamente en su cl\u00edtoris y descubra una forma de estimulaci\u00f3n completamente nueva.<\/p>\n<p>En dependencia de las caracter\u00edsticas personales se puede experimentar desde un ligero cosquilleo hasta llegar hacerte enloquecer de placer.<\/p>\n<p>Envase de 40 ml.<\/p>\n","protected":false},"excerpt":{"rendered":"<p>EROPHARM CLITORISEX STIMULATING GREAM 40 ML Pruebe la sensaci\u00f3n excitante que esta crema con efecto lubricante le produce m\u00e1gicamente en<\/p>\n","protected":false},"featured_media":31621,"comment_status":"open","ping_status":"open","template":"","meta":[],"product_cat":[530],"product_tag":[1182],"class_list":["post-31620","product","type-product","status-publish","has-post-thumbnail","hentry","product_cat-para-ella-cremas","product_tag-eropharm"],"bundled_by":[],"bundle_stock_status":"instock","bundle_stock_quantity":12,"bundle_virtual":false,"bundle_layout":"","bundle_add_to_cart_form_location":"","bundle_editable_in_cart":false,"bundle_sold_individually_context":"","bundle_item_grouping":"","bundle_min_size":"","bundle_max_size":"","bundled_items":[],"yoast_head":"<!-- This site is optimized with the Yoast SEO plugin v20.6 - https:\/\/yoast.com\/wordpress\/plugins\/seo\/ -->\n<title>EROPHARM CLITORISEX CREMA ESTIMULANTE 40 ML - Tienda Er\u00f3tica<\/title>\n<meta name=\"robots\" content=\"noindex, follow, max-snippet:-1, max-image-preview:large, max-video-preview:-1\" \/>\n<meta property=\"og:locale\" content=\"es_ES\" \/>\n<meta property=\"og:type\" content=\"article\" \/>\n<meta property=\"og:title\" content=\"EROPHARM CLITORISEX CREMA ESTIMULANTE 40 ML - Tienda Er\u00f3tica\" \/>\n<meta property=\"og:description\" content=\"EROPHARM CLITORISEX STIMULATING GREAM 40 ML Pruebe la sensaci\u00f3n excitante que esta crema con efecto lubricante le produce m\u00e1gicamente en\" \/>\n<meta property=\"og:url\" content=\"https:\/\/demoweb.info\/sexshop001\/producto\/eropharm-clitorisex-crema-estimulante-40-ml\/\" \/>\n<meta property=\"og:site_name\" content=\"Tienda Er\u00f3tica\" \/>\n<meta property=\"article:modified_time\" content=\"2022-01-22T11:52:01+00:00\" \/>\n<meta property=\"og:image\" content=\"https:\/\/demoweb.info\/sexshop001\/wp-content\/uploads\/2022\/01\/EROPHARM-CLITORISEX-CREMA-ESTIMULANTE-40-ML.jpg\" \/>\n\t<meta property=\"og:image:width\" content=\"550\" \/>\n\t<meta property=\"og:image:height\" content=\"550\" \/>\n\t<meta property=\"og:image:type\" content=\"image\/jpeg\" \/>\n<meta name=\"twitter:card\" content=\"summary_large_image\" \/>\n<script type=\"application\/ld+json\" class=\"yoast-schema-graph\">{\"@context\":\"https:\/\/schema.org\",\"@graph\":[{\"@type\":\"WebPage\",\"@id\":\"https:\/\/demoweb.info\/sexshop001\/producto\/eropharm-clitorisex-crema-estimulante-40-ml\/\",\"url\":\"https:\/\/demoweb.info\/sexshop001\/producto\/eropharm-clitorisex-crema-estimulante-40-ml\/\",\"name\":\"EROPHARM CLITORISEX CREMA ESTIMULANTE 40 ML - Tienda Er\u00f3tica\",\"isPartOf\":{\"@id\":\"https:\/\/demoweb.info\/sexshop001\/#website\"},\"datePublished\":\"2022-01-22T11:51:57+00:00\",\"dateModified\":\"2022-01-22T11:52:01+00:00\",\"breadcrumb\":{\"@id\":\"https:\/\/demoweb.info\/sexshop001\/producto\/eropharm-clitorisex-crema-estimulante-40-ml\/#breadcrumb\"},\"inLanguage\":\"es\",\"potentialAction\":[{\"@type\":\"ReadAction\",\"target\":[\"https:\/\/demoweb.info\/sexshop001\/producto\/eropharm-clitorisex-crema-estimulante-40-ml\/\"]}]},{\"@type\":\"BreadcrumbList\",\"@id\":\"https:\/\/demoweb.info\/sexshop001\/producto\/eropharm-clitorisex-crema-estimulante-40-ml\/#breadcrumb\",\"itemListElement\":[{\"@type\":\"ListItem\",\"position\":1,\"name\":\"Portada\",\"item\":\"https:\/\/demoweb.info\/sexshop001\/\"},{\"@type\":\"ListItem\",\"position\":2,\"name\":\"Tienda\",\"item\":\"https:\/\/demoweb.info\/sexshop001\/tienda\/\"},{\"@type\":\"ListItem\",\"position\":3,\"name\":\"EROPHARM CLITORISEX CREMA ESTIMULANTE 40 ML\"}]},{\"@type\":\"WebSite\",\"@id\":\"https:\/\/demoweb.info\/sexshop001\/#website\",\"url\":\"https:\/\/demoweb.info\/sexshop001\/\",\"name\":\"Tienda Er\u00f3tica\",\"description\":\"DEMOWEB SL\",\"potentialAction\":[{\"@type\":\"SearchAction\",\"target\":{\"@type\":\"EntryPoint\",\"urlTemplate\":\"https:\/\/demoweb.info\/sexshop001\/?s={search_term_string}\"},\"query-input\":\"required name=search_term_string\"}],\"inLanguage\":\"es\"}]}<\/script>\n<!-- \/ Yoast SEO plugin. -->","yoast_head_json":{"title":"EROPHARM CLITORISEX CREMA ESTIMULANTE 40 ML - Tienda Er\u00f3tica","robots":{"index":"noindex","follow":"follow","max-snippet":"max-snippet:-1","max-image-preview":"max-image-preview:large","max-video-preview":"max-video-preview:-1"},"og_locale":"es_ES","og_type":"article","og_title":"EROPHARM CLITORISEX CREMA ESTIMULANTE 40 ML - Tienda Er\u00f3tica","og_description":"EROPHARM CLITORISEX STIMULATING GREAM 40 ML Pruebe la sensaci\u00f3n excitante que esta crema con efecto lubricante le produce m\u00e1gicamente en","og_url":"https:\/\/demoweb.info\/sexshop001\/producto\/eropharm-clitorisex-crema-estimulante-40-ml\/","og_site_name":"Tienda Er\u00f3tica","article_modified_time":"2022-01-22T11:52:01+00:00","og_image":[{"width":550,"height":550,"url":"https:\/\/demoweb.info\/sexshop001\/wp-content\/uploads\/2022\/01\/EROPHARM-CLITORISEX-CREMA-ESTIMULANTE-40-ML.jpg","type":"image\/jpeg"}],"twitter_card":"summary_large_image","schema":{"@context":"https:\/\/schema.org","@graph":[{"@type":"WebPage","@id":"https:\/\/demoweb.info\/sexshop001\/producto\/eropharm-clitorisex-crema-estimulante-40-ml\/","url":"https:\/\/demoweb.info\/sexshop001\/producto\/eropharm-clitorisex-crema-estimulante-40-ml\/","name":"EROPHARM CLITORISEX CREMA ESTIMULANTE 40 ML - Tienda Er\u00f3tica","isPartOf":{"@id":"https:\/\/demoweb.info\/sexshop001\/#website"},"datePublished":"2022-01-22T11:51:57+00:00","dateModified":"2022-01-22T11:52:01+00:00","breadcrumb":{"@id":"https:\/\/demoweb.info\/sexshop001\/producto\/eropharm-clitorisex-crema-estimulante-40-ml\/#breadcrumb"},"inLanguage":"es","potentialAction":[{"@type":"ReadAction","target":["https:\/\/demoweb.info\/sexshop001\/producto\/eropharm-clitorisex-crema-estimulante-40-ml\/"]}]},{"@type":"BreadcrumbList","@id":"https:\/\/demoweb.info\/sexshop001\/producto\/eropharm-clitorisex-crema-estimulante-40-ml\/#breadcrumb","itemListElement":[{"@type":"ListItem","position":1,"name":"Portada","item":"https:\/\/demoweb.info\/sexshop001\/"},{"@type":"ListItem","position":2,"name":"Tienda","item":"https:\/\/demoweb.info\/sexshop001\/tienda\/"},{"@type":"ListItem","position":3,"name":"EROPHARM CLITORISEX CREMA ESTIMULANTE 40 ML"}]},{"@type":"WebSite","@id":"https:\/\/demoweb.info\/sexshop001\/#website","url":"https:\/\/demoweb.info\/sexshop001\/","name":"Tienda Er\u00f3tica","description":"DEMOWEB SL","potentialAction":[{"@type":"SearchAction","target":{"@type":"EntryPoint","urlTemplate":"https:\/\/demoweb.info\/sexshop001\/?s={search_term_string}"},"query-input":"required name=search_term_string"}],"inLanguage":"es"}]}},"_links":{"self":[{"href":"https:\/\/demoweb.info\/sexshop001\/wp-json\/wp\/v3\/product\/31620","targetHints":{"allow":["GET"]}}],"collection":[{"href":"https:\/\/demoweb.info\/sexshop001\/wp-json\/wp\/v3\/product"}],"about":[{"href":"https:\/\/demoweb.info\/sexshop001\/wp-json\/wp\/v2\/types\/product"}],"replies":[{"embeddable":true,"href":"https:\/\/demoweb.info\/sexshop001\/wp-json\/wp\/v2\/comments?post=31620"}],"wp:featuredmedia":[{"embeddable":true,"href":"https:\/\/demoweb.info\/sexshop001\/wp-json\/wp\/v2\/media\/31621"}],"wp:attachment":[{"href":"https:\/\/demoweb.info\/sexshop001\/wp-json\/wp\/v2\/media?parent=31620"}],"wp:term":[{"taxonomy":"product_cat","embeddable":true,"href":"https:\/\/demoweb.info\/sexshop001\/wp-json\/wp\/v2\/product_cat?post=31620"},{"taxonomy":"product_tag","embeddable":true,"href":"https:\/\/demoweb.info\/sexshop001\/wp-json\/wp\/v2\/product_tag?post=31620"}],"curies":[{"name":"wp","href":"https:\/\/api.w.org\/{rel}","templated":true}]}}