{"id":31573,"date":"2022-01-22T12:51:32","date_gmt":"2022-01-22T11:51:32","guid":{"rendered":"https:\/\/demoweb.info\/sexshop001\/producto\/aquaglide-lubricante-6-monodosis\/"},"modified":"2022-01-22T12:51:34","modified_gmt":"2022-01-22T11:51:34","slug":"aquaglide-lubricante-6-monodosis","status":"publish","type":"product","link":"https:\/\/demoweb.info\/sexshop001\/producto\/aquaglide-lubricante-6-monodosis\/","title":{"rendered":"AQUAGLIDE LUBRICANTE 6 MONODOSIS"},"content":{"rendered":"<p><strong>AQUAGLIDE LUBRICANT 6 PORTIONS PACK<\/strong> este gel lubricante que millones de veces ha demostrado su eficacia, es un lubricante medicinal de alt\u00edsima calidad con excelentes propiedades deslizantes de larga duraci\u00f3n, id\u00f3neo tambi\u00e9n para el uso de juguetes er\u00f3ticos.<\/p>\n<p>Especialmente respetuoso con la piel (compatibilidad dermatol\u00f3gica y cl\u00ednicamente testada), 100% compatible con preservativos, de pH \u00f3ptimo, soluble en agua y libre de grasas.<\/p>\n<p>No mancha. F\u00e1cil de eliminar.<\/p>\n<p>Ingredientes: Agua, Glicerina, Hidroxietil Celulosa, Metil-paraben.<\/p>\n<p>Caja con 6 monodosis.<\/p>\n","protected":false},"excerpt":{"rendered":"<p>AQUAGLIDE LUBRICANT 6 PORTIONS PACK este gel lubricante que millones de veces ha demostrado su eficacia, es un lubricante medicinal<\/p>\n","protected":false},"featured_media":31574,"comment_status":"open","ping_status":"open","template":"","meta":[],"product_cat":[770],"product_tag":[797,725],"class_list":["post-31573","product","type-product","status-publish","has-post-thumbnail","hentry","product_cat-monodosis","product_tag-aquaglide","product_tag-joydivision"],"bundled_by":[],"bundle_stock_status":"instock","bundle_stock_quantity":25,"bundle_virtual":false,"bundle_layout":"","bundle_add_to_cart_form_location":"","bundle_editable_in_cart":false,"bundle_sold_individually_context":"","bundle_item_grouping":"","bundle_min_size":"","bundle_max_size":"","bundled_items":[],"yoast_head":"<!-- This site is optimized with the Yoast SEO plugin v20.6 - https:\/\/yoast.com\/wordpress\/plugins\/seo\/ -->\n<title>AQUAGLIDE LUBRICANTE 6 MONODOSIS - Tienda Er\u00f3tica<\/title>\n<meta name=\"robots\" content=\"noindex, follow, max-snippet:-1, max-image-preview:large, max-video-preview:-1\" \/>\n<meta property=\"og:locale\" content=\"es_ES\" \/>\n<meta property=\"og:type\" content=\"article\" \/>\n<meta property=\"og:title\" content=\"AQUAGLIDE LUBRICANTE 6 MONODOSIS - Tienda Er\u00f3tica\" \/>\n<meta property=\"og:description\" content=\"AQUAGLIDE LUBRICANT 6 PORTIONS PACK este gel lubricante que millones de veces ha demostrado su eficacia, es un lubricante medicinal\" \/>\n<meta property=\"og:url\" content=\"https:\/\/demoweb.info\/sexshop001\/producto\/aquaglide-lubricante-6-monodosis\/\" \/>\n<meta property=\"og:site_name\" content=\"Tienda Er\u00f3tica\" \/>\n<meta property=\"article:modified_time\" content=\"2022-01-22T11:51:34+00:00\" \/>\n<meta property=\"og:image\" content=\"https:\/\/demoweb.info\/sexshop001\/wp-content\/uploads\/2022\/01\/AQUAGLIDE-LUBRICANTE-6-MONODOSIS.jpg\" \/>\n\t<meta property=\"og:image:width\" content=\"550\" \/>\n\t<meta property=\"og:image:height\" content=\"550\" \/>\n\t<meta property=\"og:image:type\" content=\"image\/jpeg\" \/>\n<meta name=\"twitter:card\" content=\"summary_large_image\" \/>\n<script type=\"application\/ld+json\" class=\"yoast-schema-graph\">{\"@context\":\"https:\/\/schema.org\",\"@graph\":[{\"@type\":\"WebPage\",\"@id\":\"https:\/\/demoweb.info\/sexshop001\/producto\/aquaglide-lubricante-6-monodosis\/\",\"url\":\"https:\/\/demoweb.info\/sexshop001\/producto\/aquaglide-lubricante-6-monodosis\/\",\"name\":\"AQUAGLIDE LUBRICANTE 6 MONODOSIS - Tienda Er\u00f3tica\",\"isPartOf\":{\"@id\":\"https:\/\/demoweb.info\/sexshop001\/#website\"},\"datePublished\":\"2022-01-22T11:51:32+00:00\",\"dateModified\":\"2022-01-22T11:51:34+00:00\",\"breadcrumb\":{\"@id\":\"https:\/\/demoweb.info\/sexshop001\/producto\/aquaglide-lubricante-6-monodosis\/#breadcrumb\"},\"inLanguage\":\"es\",\"potentialAction\":[{\"@type\":\"ReadAction\",\"target\":[\"https:\/\/demoweb.info\/sexshop001\/producto\/aquaglide-lubricante-6-monodosis\/\"]}]},{\"@type\":\"BreadcrumbList\",\"@id\":\"https:\/\/demoweb.info\/sexshop001\/producto\/aquaglide-lubricante-6-monodosis\/#breadcrumb\",\"itemListElement\":[{\"@type\":\"ListItem\",\"position\":1,\"name\":\"Portada\",\"item\":\"https:\/\/demoweb.info\/sexshop001\/\"},{\"@type\":\"ListItem\",\"position\":2,\"name\":\"Tienda\",\"item\":\"https:\/\/demoweb.info\/sexshop001\/tienda\/\"},{\"@type\":\"ListItem\",\"position\":3,\"name\":\"AQUAGLIDE LUBRICANTE 6 MONODOSIS\"}]},{\"@type\":\"WebSite\",\"@id\":\"https:\/\/demoweb.info\/sexshop001\/#website\",\"url\":\"https:\/\/demoweb.info\/sexshop001\/\",\"name\":\"Tienda Er\u00f3tica\",\"description\":\"DEMOWEB SL\",\"potentialAction\":[{\"@type\":\"SearchAction\",\"target\":{\"@type\":\"EntryPoint\",\"urlTemplate\":\"https:\/\/demoweb.info\/sexshop001\/?s={search_term_string}\"},\"query-input\":\"required name=search_term_string\"}],\"inLanguage\":\"es\"}]}<\/script>\n<!-- \/ Yoast SEO plugin. -->","yoast_head_json":{"title":"AQUAGLIDE LUBRICANTE 6 MONODOSIS - Tienda Er\u00f3tica","robots":{"index":"noindex","follow":"follow","max-snippet":"max-snippet:-1","max-image-preview":"max-image-preview:large","max-video-preview":"max-video-preview:-1"},"og_locale":"es_ES","og_type":"article","og_title":"AQUAGLIDE LUBRICANTE 6 MONODOSIS - Tienda Er\u00f3tica","og_description":"AQUAGLIDE LUBRICANT 6 PORTIONS PACK este gel lubricante que millones de veces ha demostrado su eficacia, es un lubricante medicinal","og_url":"https:\/\/demoweb.info\/sexshop001\/producto\/aquaglide-lubricante-6-monodosis\/","og_site_name":"Tienda Er\u00f3tica","article_modified_time":"2022-01-22T11:51:34+00:00","og_image":[{"width":550,"height":550,"url":"https:\/\/demoweb.info\/sexshop001\/wp-content\/uploads\/2022\/01\/AQUAGLIDE-LUBRICANTE-6-MONODOSIS.jpg","type":"image\/jpeg"}],"twitter_card":"summary_large_image","schema":{"@context":"https:\/\/schema.org","@graph":[{"@type":"WebPage","@id":"https:\/\/demoweb.info\/sexshop001\/producto\/aquaglide-lubricante-6-monodosis\/","url":"https:\/\/demoweb.info\/sexshop001\/producto\/aquaglide-lubricante-6-monodosis\/","name":"AQUAGLIDE LUBRICANTE 6 MONODOSIS - Tienda Er\u00f3tica","isPartOf":{"@id":"https:\/\/demoweb.info\/sexshop001\/#website"},"datePublished":"2022-01-22T11:51:32+00:00","dateModified":"2022-01-22T11:51:34+00:00","breadcrumb":{"@id":"https:\/\/demoweb.info\/sexshop001\/producto\/aquaglide-lubricante-6-monodosis\/#breadcrumb"},"inLanguage":"es","potentialAction":[{"@type":"ReadAction","target":["https:\/\/demoweb.info\/sexshop001\/producto\/aquaglide-lubricante-6-monodosis\/"]}]},{"@type":"BreadcrumbList","@id":"https:\/\/demoweb.info\/sexshop001\/producto\/aquaglide-lubricante-6-monodosis\/#breadcrumb","itemListElement":[{"@type":"ListItem","position":1,"name":"Portada","item":"https:\/\/demoweb.info\/sexshop001\/"},{"@type":"ListItem","position":2,"name":"Tienda","item":"https:\/\/demoweb.info\/sexshop001\/tienda\/"},{"@type":"ListItem","position":3,"name":"AQUAGLIDE LUBRICANTE 6 MONODOSIS"}]},{"@type":"WebSite","@id":"https:\/\/demoweb.info\/sexshop001\/#website","url":"https:\/\/demoweb.info\/sexshop001\/","name":"Tienda Er\u00f3tica","description":"DEMOWEB SL","potentialAction":[{"@type":"SearchAction","target":{"@type":"EntryPoint","urlTemplate":"https:\/\/demoweb.info\/sexshop001\/?s={search_term_string}"},"query-input":"required name=search_term_string"}],"inLanguage":"es"}]}},"_links":{"self":[{"href":"https:\/\/demoweb.info\/sexshop001\/wp-json\/wp\/v3\/product\/31573","targetHints":{"allow":["GET"]}}],"collection":[{"href":"https:\/\/demoweb.info\/sexshop001\/wp-json\/wp\/v3\/product"}],"about":[{"href":"https:\/\/demoweb.info\/sexshop001\/wp-json\/wp\/v2\/types\/product"}],"replies":[{"embeddable":true,"href":"https:\/\/demoweb.info\/sexshop001\/wp-json\/wp\/v2\/comments?post=31573"}],"wp:featuredmedia":[{"embeddable":true,"href":"https:\/\/demoweb.info\/sexshop001\/wp-json\/wp\/v2\/media\/31574"}],"wp:attachment":[{"href":"https:\/\/demoweb.info\/sexshop001\/wp-json\/wp\/v2\/media?parent=31573"}],"wp:term":[{"taxonomy":"product_cat","embeddable":true,"href":"https:\/\/demoweb.info\/sexshop001\/wp-json\/wp\/v2\/product_cat?post=31573"},{"taxonomy":"product_tag","embeddable":true,"href":"https:\/\/demoweb.info\/sexshop001\/wp-json\/wp\/v2\/product_tag?post=31573"}],"curies":[{"name":"wp","href":"https:\/\/api.w.org\/{rel}","templated":true}]}}