{"id":31563,"date":"2022-01-22T12:51:06","date_gmt":"2022-01-22T11:51:06","guid":{"rendered":"https:\/\/demoweb.info\/sexshop001\/producto\/super-rutscher-lubricante-200-ml\/"},"modified":"2022-01-22T12:51:28","modified_gmt":"2022-01-22T11:51:28","slug":"super-rutscher-lubricante-200-ml","status":"publish","type":"product","link":"https:\/\/demoweb.info\/sexshop001\/producto\/super-rutscher-lubricante-200-ml\/","title":{"rendered":"SUPER RUTSCHER LUBRICANTE 200 ML"},"content":{"rendered":"<p><font size=&quot;1&quot;><br \/>\n<b>SUPER RUTSCHER LUBRICANT 200 ML<\/b><\/p>\n<p>Es un nuevo gel deslizante desarrollado para una penetraci\u00f3n placentera y<br \/>\nm\u00e1s gozosa durante el acto sexual. <\/p>\n<p><b>Super Rutscher<\/b> posee \u00f3ptimas propiedades duraderas y es apto 100% para condones. <\/p>\n<p>Probado dermatol\u00f3gicamente y cl\u00ednicamente. <\/p>\n<p>PH \u00f3ptimo. Impermeable (sin grasas). Olor y sabor neutros. <\/p>\n<p>Puede utilizarse en largos periodos de tiempo sin problemas. <\/p>\n<p>Envase de 200 ml.<\/font><\/p>\n","protected":false},"excerpt":{"rendered":"<p>SUPER RUTSCHER LUBRICANT 200 ML Es un nuevo gel deslizante desarrollado para una penetraci\u00f3n placentera y m\u00e1s gozosa durante el<\/p>\n","protected":false},"featured_media":31564,"comment_status":"open","ping_status":"open","template":"","meta":[],"product_cat":[265],"product_tag":[725,1162],"class_list":["post-31563","product","type-product","status-publish","has-post-thumbnail","hentry","product_cat-base-agua-lubricantes","product_tag-joydivision","product_tag-sexmax"],"bundled_by":[],"bundle_stock_status":"instock","bundle_stock_quantity":25,"bundle_virtual":false,"bundle_layout":"","bundle_add_to_cart_form_location":"","bundle_editable_in_cart":false,"bundle_sold_individually_context":"","bundle_item_grouping":"","bundle_min_size":"","bundle_max_size":"","bundled_items":[],"yoast_head":"<!-- This site is optimized with the Yoast SEO plugin v20.6 - https:\/\/yoast.com\/wordpress\/plugins\/seo\/ -->\n<title>SUPER RUTSCHER LUBRICANTE 200 ML - Tienda Er\u00f3tica<\/title>\n<meta name=\"robots\" content=\"noindex, follow, max-snippet:-1, max-image-preview:large, max-video-preview:-1\" \/>\n<meta property=\"og:locale\" content=\"es_ES\" \/>\n<meta property=\"og:type\" content=\"article\" \/>\n<meta property=\"og:title\" content=\"SUPER RUTSCHER LUBRICANTE 200 ML - Tienda Er\u00f3tica\" \/>\n<meta property=\"og:description\" content=\"SUPER RUTSCHER LUBRICANT 200 ML Es un nuevo gel deslizante desarrollado para una penetraci\u00f3n placentera y m\u00e1s gozosa durante el\" \/>\n<meta property=\"og:url\" content=\"https:\/\/demoweb.info\/sexshop001\/producto\/super-rutscher-lubricante-200-ml\/\" \/>\n<meta property=\"og:site_name\" content=\"Tienda Er\u00f3tica\" \/>\n<meta property=\"article:modified_time\" content=\"2022-01-22T11:51:28+00:00\" \/>\n<meta property=\"og:image\" content=\"https:\/\/demoweb.info\/sexshop001\/wp-content\/uploads\/2022\/01\/SUPER-RUTSCHER-LUBRICANTE-200-ML.jpg\" \/>\n\t<meta property=\"og:image:width\" content=\"550\" \/>\n\t<meta property=\"og:image:height\" content=\"550\" \/>\n\t<meta property=\"og:image:type\" content=\"image\/jpeg\" \/>\n<meta name=\"twitter:card\" content=\"summary_large_image\" \/>\n<script type=\"application\/ld+json\" class=\"yoast-schema-graph\">{\"@context\":\"https:\/\/schema.org\",\"@graph\":[{\"@type\":\"WebPage\",\"@id\":\"https:\/\/demoweb.info\/sexshop001\/producto\/super-rutscher-lubricante-200-ml\/\",\"url\":\"https:\/\/demoweb.info\/sexshop001\/producto\/super-rutscher-lubricante-200-ml\/\",\"name\":\"SUPER RUTSCHER LUBRICANTE 200 ML - Tienda Er\u00f3tica\",\"isPartOf\":{\"@id\":\"https:\/\/demoweb.info\/sexshop001\/#website\"},\"datePublished\":\"2022-01-22T11:51:06+00:00\",\"dateModified\":\"2022-01-22T11:51:28+00:00\",\"breadcrumb\":{\"@id\":\"https:\/\/demoweb.info\/sexshop001\/producto\/super-rutscher-lubricante-200-ml\/#breadcrumb\"},\"inLanguage\":\"es\",\"potentialAction\":[{\"@type\":\"ReadAction\",\"target\":[\"https:\/\/demoweb.info\/sexshop001\/producto\/super-rutscher-lubricante-200-ml\/\"]}]},{\"@type\":\"BreadcrumbList\",\"@id\":\"https:\/\/demoweb.info\/sexshop001\/producto\/super-rutscher-lubricante-200-ml\/#breadcrumb\",\"itemListElement\":[{\"@type\":\"ListItem\",\"position\":1,\"name\":\"Portada\",\"item\":\"https:\/\/demoweb.info\/sexshop001\/\"},{\"@type\":\"ListItem\",\"position\":2,\"name\":\"Tienda\",\"item\":\"https:\/\/demoweb.info\/sexshop001\/tienda\/\"},{\"@type\":\"ListItem\",\"position\":3,\"name\":\"SUPER RUTSCHER LUBRICANTE 200 ML\"}]},{\"@type\":\"WebSite\",\"@id\":\"https:\/\/demoweb.info\/sexshop001\/#website\",\"url\":\"https:\/\/demoweb.info\/sexshop001\/\",\"name\":\"Tienda Er\u00f3tica\",\"description\":\"DEMOWEB SL\",\"potentialAction\":[{\"@type\":\"SearchAction\",\"target\":{\"@type\":\"EntryPoint\",\"urlTemplate\":\"https:\/\/demoweb.info\/sexshop001\/?s={search_term_string}\"},\"query-input\":\"required name=search_term_string\"}],\"inLanguage\":\"es\"}]}<\/script>\n<!-- \/ Yoast SEO plugin. -->","yoast_head_json":{"title":"SUPER RUTSCHER LUBRICANTE 200 ML - Tienda Er\u00f3tica","robots":{"index":"noindex","follow":"follow","max-snippet":"max-snippet:-1","max-image-preview":"max-image-preview:large","max-video-preview":"max-video-preview:-1"},"og_locale":"es_ES","og_type":"article","og_title":"SUPER RUTSCHER LUBRICANTE 200 ML - Tienda Er\u00f3tica","og_description":"SUPER RUTSCHER LUBRICANT 200 ML Es un nuevo gel deslizante desarrollado para una penetraci\u00f3n placentera y m\u00e1s gozosa durante el","og_url":"https:\/\/demoweb.info\/sexshop001\/producto\/super-rutscher-lubricante-200-ml\/","og_site_name":"Tienda Er\u00f3tica","article_modified_time":"2022-01-22T11:51:28+00:00","og_image":[{"width":550,"height":550,"url":"https:\/\/demoweb.info\/sexshop001\/wp-content\/uploads\/2022\/01\/SUPER-RUTSCHER-LUBRICANTE-200-ML.jpg","type":"image\/jpeg"}],"twitter_card":"summary_large_image","schema":{"@context":"https:\/\/schema.org","@graph":[{"@type":"WebPage","@id":"https:\/\/demoweb.info\/sexshop001\/producto\/super-rutscher-lubricante-200-ml\/","url":"https:\/\/demoweb.info\/sexshop001\/producto\/super-rutscher-lubricante-200-ml\/","name":"SUPER RUTSCHER LUBRICANTE 200 ML - Tienda Er\u00f3tica","isPartOf":{"@id":"https:\/\/demoweb.info\/sexshop001\/#website"},"datePublished":"2022-01-22T11:51:06+00:00","dateModified":"2022-01-22T11:51:28+00:00","breadcrumb":{"@id":"https:\/\/demoweb.info\/sexshop001\/producto\/super-rutscher-lubricante-200-ml\/#breadcrumb"},"inLanguage":"es","potentialAction":[{"@type":"ReadAction","target":["https:\/\/demoweb.info\/sexshop001\/producto\/super-rutscher-lubricante-200-ml\/"]}]},{"@type":"BreadcrumbList","@id":"https:\/\/demoweb.info\/sexshop001\/producto\/super-rutscher-lubricante-200-ml\/#breadcrumb","itemListElement":[{"@type":"ListItem","position":1,"name":"Portada","item":"https:\/\/demoweb.info\/sexshop001\/"},{"@type":"ListItem","position":2,"name":"Tienda","item":"https:\/\/demoweb.info\/sexshop001\/tienda\/"},{"@type":"ListItem","position":3,"name":"SUPER RUTSCHER LUBRICANTE 200 ML"}]},{"@type":"WebSite","@id":"https:\/\/demoweb.info\/sexshop001\/#website","url":"https:\/\/demoweb.info\/sexshop001\/","name":"Tienda Er\u00f3tica","description":"DEMOWEB SL","potentialAction":[{"@type":"SearchAction","target":{"@type":"EntryPoint","urlTemplate":"https:\/\/demoweb.info\/sexshop001\/?s={search_term_string}"},"query-input":"required name=search_term_string"}],"inLanguage":"es"}]}},"_links":{"self":[{"href":"https:\/\/demoweb.info\/sexshop001\/wp-json\/wp\/v3\/product\/31563","targetHints":{"allow":["GET"]}}],"collection":[{"href":"https:\/\/demoweb.info\/sexshop001\/wp-json\/wp\/v3\/product"}],"about":[{"href":"https:\/\/demoweb.info\/sexshop001\/wp-json\/wp\/v2\/types\/product"}],"replies":[{"embeddable":true,"href":"https:\/\/demoweb.info\/sexshop001\/wp-json\/wp\/v2\/comments?post=31563"}],"wp:featuredmedia":[{"embeddable":true,"href":"https:\/\/demoweb.info\/sexshop001\/wp-json\/wp\/v2\/media\/31564"}],"wp:attachment":[{"href":"https:\/\/demoweb.info\/sexshop001\/wp-json\/wp\/v2\/media?parent=31563"}],"wp:term":[{"taxonomy":"product_cat","embeddable":true,"href":"https:\/\/demoweb.info\/sexshop001\/wp-json\/wp\/v2\/product_cat?post=31563"},{"taxonomy":"product_tag","embeddable":true,"href":"https:\/\/demoweb.info\/sexshop001\/wp-json\/wp\/v2\/product_tag?post=31563"}],"curies":[{"name":"wp","href":"https:\/\/api.w.org\/{rel}","templated":true}]}}