{"id":31481,"date":"2022-01-22T12:50:31","date_gmt":"2022-01-22T11:50:31","guid":{"rendered":"https:\/\/demoweb.info\/sexshop001\/producto\/sono-jerk-it-unisex-100ml\/"},"modified":"2022-01-22T12:50:39","modified_gmt":"2022-01-22T11:50:39","slug":"sono-jerk-it-unisex-100ml","status":"publish","type":"product","link":"https:\/\/demoweb.info\/sexshop001\/producto\/sono-jerk-it-unisex-100ml\/","title":{"rendered":"SONO &#8211; JERK IT UNISEX  &#8211; 100ML"},"content":{"rendered":"<p><strong>JERK IT &#8211; 100ML<\/strong><\/p>\n<p>Jerk It es un gel unisex especialmente desarrollado para aumentar la sensibilidad y hacer que el sexo sea m\u00e1s intenso.<\/p>\n<p>Este l\u00edquido \u00fanico intensificar\u00e1 los orgasmos de \u00e9l y de ella, haciendo que la experiencia sexual sea a\u00fan m\u00e1s excitante para ambos.<\/p>\n<p>Aplica el gel en el pene, cl\u00edtoris, pezones u otras zonas er\u00f3genas.<\/p>\n<p>Mantenla fuera del alcance de los ni\u00f1os.<\/p>\n<p>Gu\u00e1rdala en un lugar seco y oscuro.<\/p>\n<p>Evita el \u00e1rea alrededor de los ojos.<\/p>\n<p>Si notas que la piel est\u00e9 irritada, no contin\u00faes usando el producto.<\/p>\n<p>No es adecuada para su uso con condones.<\/p>\n<ul>\n<li>Dimensiones del producto: 14 x 3,8 x 3,8 cm<\/li>\n<li>Peso del producto: 120 gramos<\/li>\n<li>Volumen del producto: 100 ml<\/li>\n<li>Los ingredientes: Aqua, glicerina, alcohol desnaturalizado, aceite de ricino hidrogenado Peg-40, fenoxietanol, goma xantana, propilenglicol, acrilatos \/ pol\u00edmero cruzado de acrilato de alquilo C10-30, etilhexilglicerina, mentol, aceite de hoja de Mentha Arvensis, hidr\u00f3xido de sodio, limoneno<\/li>\n<\/ul>\n","protected":false},"excerpt":{"rendered":"<p>JERK IT &#8211; 100ML Jerk It es un gel unisex especialmente desarrollado para aumentar la sensibilidad y hacer que el<\/p>\n","protected":false},"featured_media":31482,"comment_status":"open","ping_status":"open","template":"","meta":[],"product_cat":[361],"product_tag":[302,312],"class_list":["post-31481","product","type-product","status-publish","has-post-thumbnail","hentry","product_cat-geles-estimulantes","product_tag-shots","product_tag-sono"],"bundled_by":[],"bundle_stock_status":"instock","bundle_stock_quantity":1,"bundle_virtual":false,"bundle_layout":"","bundle_add_to_cart_form_location":"","bundle_editable_in_cart":false,"bundle_sold_individually_context":"","bundle_item_grouping":"","bundle_min_size":"","bundle_max_size":"","bundled_items":[],"yoast_head":"<!-- This site is optimized with the Yoast SEO plugin v20.6 - https:\/\/yoast.com\/wordpress\/plugins\/seo\/ -->\n<title>SONO - JERK IT UNISEX - 100ML - Tienda Er\u00f3tica<\/title>\n<meta name=\"robots\" content=\"noindex, follow, max-snippet:-1, max-image-preview:large, max-video-preview:-1\" \/>\n<meta property=\"og:locale\" content=\"es_ES\" \/>\n<meta property=\"og:type\" content=\"article\" \/>\n<meta property=\"og:title\" content=\"SONO - JERK IT UNISEX - 100ML - Tienda Er\u00f3tica\" \/>\n<meta property=\"og:description\" content=\"JERK IT &#8211; 100ML Jerk It es un gel unisex especialmente desarrollado para aumentar la sensibilidad y hacer que el\" \/>\n<meta property=\"og:url\" content=\"https:\/\/demoweb.info\/sexshop001\/producto\/sono-jerk-it-unisex-100ml\/\" \/>\n<meta property=\"og:site_name\" content=\"Tienda Er\u00f3tica\" \/>\n<meta property=\"article:modified_time\" content=\"2022-01-22T11:50:39+00:00\" \/>\n<meta property=\"og:image\" content=\"https:\/\/demoweb.info\/sexshop001\/wp-content\/uploads\/2022\/01\/SONO-JERK-IT-UNISEX-100ML.jpg\" \/>\n\t<meta property=\"og:image:width\" content=\"550\" \/>\n\t<meta property=\"og:image:height\" content=\"550\" \/>\n\t<meta property=\"og:image:type\" content=\"image\/jpeg\" \/>\n<meta name=\"twitter:card\" content=\"summary_large_image\" \/>\n<meta name=\"twitter:label1\" content=\"Tiempo de lectura\" \/>\n\t<meta name=\"twitter:data1\" content=\"1 minuto\" \/>\n<script type=\"application\/ld+json\" class=\"yoast-schema-graph\">{\"@context\":\"https:\/\/schema.org\",\"@graph\":[{\"@type\":\"WebPage\",\"@id\":\"https:\/\/demoweb.info\/sexshop001\/producto\/sono-jerk-it-unisex-100ml\/\",\"url\":\"https:\/\/demoweb.info\/sexshop001\/producto\/sono-jerk-it-unisex-100ml\/\",\"name\":\"SONO - JERK IT UNISEX - 100ML - Tienda Er\u00f3tica\",\"isPartOf\":{\"@id\":\"https:\/\/demoweb.info\/sexshop001\/#website\"},\"datePublished\":\"2022-01-22T11:50:31+00:00\",\"dateModified\":\"2022-01-22T11:50:39+00:00\",\"breadcrumb\":{\"@id\":\"https:\/\/demoweb.info\/sexshop001\/producto\/sono-jerk-it-unisex-100ml\/#breadcrumb\"},\"inLanguage\":\"es\",\"potentialAction\":[{\"@type\":\"ReadAction\",\"target\":[\"https:\/\/demoweb.info\/sexshop001\/producto\/sono-jerk-it-unisex-100ml\/\"]}]},{\"@type\":\"BreadcrumbList\",\"@id\":\"https:\/\/demoweb.info\/sexshop001\/producto\/sono-jerk-it-unisex-100ml\/#breadcrumb\",\"itemListElement\":[{\"@type\":\"ListItem\",\"position\":1,\"name\":\"Portada\",\"item\":\"https:\/\/demoweb.info\/sexshop001\/\"},{\"@type\":\"ListItem\",\"position\":2,\"name\":\"Tienda\",\"item\":\"https:\/\/demoweb.info\/sexshop001\/tienda\/\"},{\"@type\":\"ListItem\",\"position\":3,\"name\":\"SONO &#8211; JERK IT UNISEX &#8211; 100ML\"}]},{\"@type\":\"WebSite\",\"@id\":\"https:\/\/demoweb.info\/sexshop001\/#website\",\"url\":\"https:\/\/demoweb.info\/sexshop001\/\",\"name\":\"Tienda Er\u00f3tica\",\"description\":\"DEMOWEB SL\",\"potentialAction\":[{\"@type\":\"SearchAction\",\"target\":{\"@type\":\"EntryPoint\",\"urlTemplate\":\"https:\/\/demoweb.info\/sexshop001\/?s={search_term_string}\"},\"query-input\":\"required name=search_term_string\"}],\"inLanguage\":\"es\"}]}<\/script>\n<!-- \/ Yoast SEO plugin. -->","yoast_head_json":{"title":"SONO - JERK IT UNISEX - 100ML - Tienda Er\u00f3tica","robots":{"index":"noindex","follow":"follow","max-snippet":"max-snippet:-1","max-image-preview":"max-image-preview:large","max-video-preview":"max-video-preview:-1"},"og_locale":"es_ES","og_type":"article","og_title":"SONO - JERK IT UNISEX - 100ML - Tienda Er\u00f3tica","og_description":"JERK IT &#8211; 100ML Jerk It es un gel unisex especialmente desarrollado para aumentar la sensibilidad y hacer que el","og_url":"https:\/\/demoweb.info\/sexshop001\/producto\/sono-jerk-it-unisex-100ml\/","og_site_name":"Tienda Er\u00f3tica","article_modified_time":"2022-01-22T11:50:39+00:00","og_image":[{"width":550,"height":550,"url":"https:\/\/demoweb.info\/sexshop001\/wp-content\/uploads\/2022\/01\/SONO-JERK-IT-UNISEX-100ML.jpg","type":"image\/jpeg"}],"twitter_card":"summary_large_image","twitter_misc":{"Tiempo de lectura":"1 minuto"},"schema":{"@context":"https:\/\/schema.org","@graph":[{"@type":"WebPage","@id":"https:\/\/demoweb.info\/sexshop001\/producto\/sono-jerk-it-unisex-100ml\/","url":"https:\/\/demoweb.info\/sexshop001\/producto\/sono-jerk-it-unisex-100ml\/","name":"SONO - JERK IT UNISEX - 100ML - Tienda Er\u00f3tica","isPartOf":{"@id":"https:\/\/demoweb.info\/sexshop001\/#website"},"datePublished":"2022-01-22T11:50:31+00:00","dateModified":"2022-01-22T11:50:39+00:00","breadcrumb":{"@id":"https:\/\/demoweb.info\/sexshop001\/producto\/sono-jerk-it-unisex-100ml\/#breadcrumb"},"inLanguage":"es","potentialAction":[{"@type":"ReadAction","target":["https:\/\/demoweb.info\/sexshop001\/producto\/sono-jerk-it-unisex-100ml\/"]}]},{"@type":"BreadcrumbList","@id":"https:\/\/demoweb.info\/sexshop001\/producto\/sono-jerk-it-unisex-100ml\/#breadcrumb","itemListElement":[{"@type":"ListItem","position":1,"name":"Portada","item":"https:\/\/demoweb.info\/sexshop001\/"},{"@type":"ListItem","position":2,"name":"Tienda","item":"https:\/\/demoweb.info\/sexshop001\/tienda\/"},{"@type":"ListItem","position":3,"name":"SONO &#8211; JERK IT UNISEX &#8211; 100ML"}]},{"@type":"WebSite","@id":"https:\/\/demoweb.info\/sexshop001\/#website","url":"https:\/\/demoweb.info\/sexshop001\/","name":"Tienda Er\u00f3tica","description":"DEMOWEB SL","potentialAction":[{"@type":"SearchAction","target":{"@type":"EntryPoint","urlTemplate":"https:\/\/demoweb.info\/sexshop001\/?s={search_term_string}"},"query-input":"required name=search_term_string"}],"inLanguage":"es"}]}},"_links":{"self":[{"href":"https:\/\/demoweb.info\/sexshop001\/wp-json\/wp\/v3\/product\/31481","targetHints":{"allow":["GET"]}}],"collection":[{"href":"https:\/\/demoweb.info\/sexshop001\/wp-json\/wp\/v3\/product"}],"about":[{"href":"https:\/\/demoweb.info\/sexshop001\/wp-json\/wp\/v2\/types\/product"}],"replies":[{"embeddable":true,"href":"https:\/\/demoweb.info\/sexshop001\/wp-json\/wp\/v2\/comments?post=31481"}],"wp:featuredmedia":[{"embeddable":true,"href":"https:\/\/demoweb.info\/sexshop001\/wp-json\/wp\/v2\/media\/31482"}],"wp:attachment":[{"href":"https:\/\/demoweb.info\/sexshop001\/wp-json\/wp\/v2\/media?parent=31481"}],"wp:term":[{"taxonomy":"product_cat","embeddable":true,"href":"https:\/\/demoweb.info\/sexshop001\/wp-json\/wp\/v2\/product_cat?post=31481"},{"taxonomy":"product_tag","embeddable":true,"href":"https:\/\/demoweb.info\/sexshop001\/wp-json\/wp\/v2\/product_tag?post=31481"}],"curies":[{"name":"wp","href":"https:\/\/api.w.org\/{rel}","templated":true}]}}