{"id":31467,"date":"2022-01-22T12:50:31","date_gmt":"2022-01-22T11:50:31","guid":{"rendered":"https:\/\/demoweb.info\/sexshop001\/producto\/sono-spray-de-ereccion-50ml\/"},"modified":"2022-01-22T12:50:32","modified_gmt":"2022-01-22T11:50:32","slug":"sono-spray-de-ereccion-50ml","status":"publish","type":"product","link":"https:\/\/demoweb.info\/sexshop001\/producto\/sono-spray-de-ereccion-50ml\/","title":{"rendered":"SONO &#8211; SPRAY DE ERECCI\u00d3N &#8211; 50ML"},"content":{"rendered":"<p><strong>ERECTION SPRAY &#8211; 50ML<\/strong><\/p>\n<p>Los ingredientes exclusivos promueven una erecci\u00f3n m\u00e1s duradera.<\/p>\n<p>Modo de empleo: Utilizar el spray 1 a 3 veces directamente sobre el pene.<\/p>\n<p>Despu\u00e9s de aproximadamente 15 minutos, el l\u00edquido ha penetrado perfectamente bien en la piel del pene, produciendo un efecto anest\u00e9sico local.<\/p>\n<p>S\u00f3lo para uso externo.<\/p>\n<p>Mantener fuera del alcance de los ni\u00f1os.<\/p>\n<p>Conservar en un lugar fresco y oscuro.<\/p>\n<ul>\n<li>Dimensiones del producto: 12,8 x 3,5 x 3,5 cm<\/li>\n<li>Peso del producto: 62gramos<\/li>\n<li>Volumen del producto: 50 ml<\/li>\n<li>Los ingredientes: Alcohol Denat, Aqua, Glicerina, Mentol, Fenoxietanol, \u00c1cido l\u00e1ctico, Etilhexilglicerina, Pentilenglicol, Sorbitol, Lactato de sodio, Serina, Urea, Jugo de hoja de Aloe Barbadensis, Cloruro de sodio, Alanto\u00edna<\/li>\n<\/ul>\n","protected":false},"excerpt":{"rendered":"<p>ERECTION SPRAY &#8211; 50ML Los ingredientes exclusivos promueven una erecci\u00f3n m\u00e1s duradera. Modo de empleo: Utilizar el spray 1 a<\/p>\n","protected":false},"featured_media":31468,"comment_status":"open","ping_status":"open","template":"","meta":[],"product_cat":[403],"product_tag":[302,312],"class_list":["post-31467","product","type-product","status-publish","has-post-thumbnail","hentry","product_cat-retardantes","product_tag-shots","product_tag-sono"],"bundled_by":[],"bundle_stock_status":"outofstock","bundle_stock_quantity":0,"bundle_virtual":false,"bundle_layout":"","bundle_add_to_cart_form_location":"","bundle_editable_in_cart":false,"bundle_sold_individually_context":"","bundle_item_grouping":"","bundle_min_size":"","bundle_max_size":"","bundled_items":[],"yoast_head":"<!-- This site is optimized with the Yoast SEO plugin v20.6 - https:\/\/yoast.com\/wordpress\/plugins\/seo\/ -->\n<title>SONO - SPRAY DE ERECCI\u00d3N - 50ML - Tienda Er\u00f3tica<\/title>\n<meta name=\"robots\" content=\"noindex, follow, max-snippet:-1, max-image-preview:large, max-video-preview:-1\" \/>\n<meta property=\"og:locale\" content=\"es_ES\" \/>\n<meta property=\"og:type\" content=\"article\" \/>\n<meta property=\"og:title\" content=\"SONO - SPRAY DE ERECCI\u00d3N - 50ML - Tienda Er\u00f3tica\" \/>\n<meta property=\"og:description\" content=\"ERECTION SPRAY &#8211; 50ML Los ingredientes exclusivos promueven una erecci\u00f3n m\u00e1s duradera. Modo de empleo: Utilizar el spray 1 a\" \/>\n<meta property=\"og:url\" content=\"https:\/\/demoweb.info\/sexshop001\/producto\/sono-spray-de-ereccion-50ml\/\" \/>\n<meta property=\"og:site_name\" content=\"Tienda Er\u00f3tica\" \/>\n<meta property=\"article:modified_time\" content=\"2022-01-22T11:50:32+00:00\" \/>\n<meta property=\"og:image\" content=\"https:\/\/demoweb.info\/sexshop001\/wp-content\/uploads\/2022\/01\/SONO-SPRAY-DE-ERECCION-50ML.jpg\" \/>\n\t<meta property=\"og:image:width\" content=\"550\" \/>\n\t<meta property=\"og:image:height\" content=\"550\" \/>\n\t<meta property=\"og:image:type\" content=\"image\/jpeg\" \/>\n<meta name=\"twitter:card\" content=\"summary_large_image\" \/>\n<meta name=\"twitter:label1\" content=\"Tiempo de lectura\" \/>\n\t<meta name=\"twitter:data1\" content=\"1 minuto\" \/>\n<script type=\"application\/ld+json\" class=\"yoast-schema-graph\">{\"@context\":\"https:\/\/schema.org\",\"@graph\":[{\"@type\":\"WebPage\",\"@id\":\"https:\/\/demoweb.info\/sexshop001\/producto\/sono-spray-de-ereccion-50ml\/\",\"url\":\"https:\/\/demoweb.info\/sexshop001\/producto\/sono-spray-de-ereccion-50ml\/\",\"name\":\"SONO - SPRAY DE ERECCI\u00d3N - 50ML - Tienda Er\u00f3tica\",\"isPartOf\":{\"@id\":\"https:\/\/demoweb.info\/sexshop001\/#website\"},\"datePublished\":\"2022-01-22T11:50:31+00:00\",\"dateModified\":\"2022-01-22T11:50:32+00:00\",\"breadcrumb\":{\"@id\":\"https:\/\/demoweb.info\/sexshop001\/producto\/sono-spray-de-ereccion-50ml\/#breadcrumb\"},\"inLanguage\":\"es\",\"potentialAction\":[{\"@type\":\"ReadAction\",\"target\":[\"https:\/\/demoweb.info\/sexshop001\/producto\/sono-spray-de-ereccion-50ml\/\"]}]},{\"@type\":\"BreadcrumbList\",\"@id\":\"https:\/\/demoweb.info\/sexshop001\/producto\/sono-spray-de-ereccion-50ml\/#breadcrumb\",\"itemListElement\":[{\"@type\":\"ListItem\",\"position\":1,\"name\":\"Portada\",\"item\":\"https:\/\/demoweb.info\/sexshop001\/\"},{\"@type\":\"ListItem\",\"position\":2,\"name\":\"Tienda\",\"item\":\"https:\/\/demoweb.info\/sexshop001\/tienda\/\"},{\"@type\":\"ListItem\",\"position\":3,\"name\":\"SONO &#8211; SPRAY DE ERECCI\u00d3N &#8211; 50ML\"}]},{\"@type\":\"WebSite\",\"@id\":\"https:\/\/demoweb.info\/sexshop001\/#website\",\"url\":\"https:\/\/demoweb.info\/sexshop001\/\",\"name\":\"Tienda Er\u00f3tica\",\"description\":\"DEMOWEB SL\",\"potentialAction\":[{\"@type\":\"SearchAction\",\"target\":{\"@type\":\"EntryPoint\",\"urlTemplate\":\"https:\/\/demoweb.info\/sexshop001\/?s={search_term_string}\"},\"query-input\":\"required name=search_term_string\"}],\"inLanguage\":\"es\"}]}<\/script>\n<!-- \/ Yoast SEO plugin. -->","yoast_head_json":{"title":"SONO - SPRAY DE ERECCI\u00d3N - 50ML - Tienda Er\u00f3tica","robots":{"index":"noindex","follow":"follow","max-snippet":"max-snippet:-1","max-image-preview":"max-image-preview:large","max-video-preview":"max-video-preview:-1"},"og_locale":"es_ES","og_type":"article","og_title":"SONO - SPRAY DE ERECCI\u00d3N - 50ML - Tienda Er\u00f3tica","og_description":"ERECTION SPRAY &#8211; 50ML Los ingredientes exclusivos promueven una erecci\u00f3n m\u00e1s duradera. Modo de empleo: Utilizar el spray 1 a","og_url":"https:\/\/demoweb.info\/sexshop001\/producto\/sono-spray-de-ereccion-50ml\/","og_site_name":"Tienda Er\u00f3tica","article_modified_time":"2022-01-22T11:50:32+00:00","og_image":[{"width":550,"height":550,"url":"https:\/\/demoweb.info\/sexshop001\/wp-content\/uploads\/2022\/01\/SONO-SPRAY-DE-ERECCION-50ML.jpg","type":"image\/jpeg"}],"twitter_card":"summary_large_image","twitter_misc":{"Tiempo de lectura":"1 minuto"},"schema":{"@context":"https:\/\/schema.org","@graph":[{"@type":"WebPage","@id":"https:\/\/demoweb.info\/sexshop001\/producto\/sono-spray-de-ereccion-50ml\/","url":"https:\/\/demoweb.info\/sexshop001\/producto\/sono-spray-de-ereccion-50ml\/","name":"SONO - SPRAY DE ERECCI\u00d3N - 50ML - Tienda Er\u00f3tica","isPartOf":{"@id":"https:\/\/demoweb.info\/sexshop001\/#website"},"datePublished":"2022-01-22T11:50:31+00:00","dateModified":"2022-01-22T11:50:32+00:00","breadcrumb":{"@id":"https:\/\/demoweb.info\/sexshop001\/producto\/sono-spray-de-ereccion-50ml\/#breadcrumb"},"inLanguage":"es","potentialAction":[{"@type":"ReadAction","target":["https:\/\/demoweb.info\/sexshop001\/producto\/sono-spray-de-ereccion-50ml\/"]}]},{"@type":"BreadcrumbList","@id":"https:\/\/demoweb.info\/sexshop001\/producto\/sono-spray-de-ereccion-50ml\/#breadcrumb","itemListElement":[{"@type":"ListItem","position":1,"name":"Portada","item":"https:\/\/demoweb.info\/sexshop001\/"},{"@type":"ListItem","position":2,"name":"Tienda","item":"https:\/\/demoweb.info\/sexshop001\/tienda\/"},{"@type":"ListItem","position":3,"name":"SONO &#8211; SPRAY DE ERECCI\u00d3N &#8211; 50ML"}]},{"@type":"WebSite","@id":"https:\/\/demoweb.info\/sexshop001\/#website","url":"https:\/\/demoweb.info\/sexshop001\/","name":"Tienda Er\u00f3tica","description":"DEMOWEB SL","potentialAction":[{"@type":"SearchAction","target":{"@type":"EntryPoint","urlTemplate":"https:\/\/demoweb.info\/sexshop001\/?s={search_term_string}"},"query-input":"required name=search_term_string"}],"inLanguage":"es"}]}},"_links":{"self":[{"href":"https:\/\/demoweb.info\/sexshop001\/wp-json\/wp\/v3\/product\/31467","targetHints":{"allow":["GET"]}}],"collection":[{"href":"https:\/\/demoweb.info\/sexshop001\/wp-json\/wp\/v3\/product"}],"about":[{"href":"https:\/\/demoweb.info\/sexshop001\/wp-json\/wp\/v2\/types\/product"}],"replies":[{"embeddable":true,"href":"https:\/\/demoweb.info\/sexshop001\/wp-json\/wp\/v2\/comments?post=31467"}],"wp:featuredmedia":[{"embeddable":true,"href":"https:\/\/demoweb.info\/sexshop001\/wp-json\/wp\/v2\/media\/31468"}],"wp:attachment":[{"href":"https:\/\/demoweb.info\/sexshop001\/wp-json\/wp\/v2\/media?parent=31467"}],"wp:term":[{"taxonomy":"product_cat","embeddable":true,"href":"https:\/\/demoweb.info\/sexshop001\/wp-json\/wp\/v2\/product_cat?post=31467"},{"taxonomy":"product_tag","embeddable":true,"href":"https:\/\/demoweb.info\/sexshop001\/wp-json\/wp\/v2\/product_tag?post=31467"}],"curies":[{"name":"wp","href":"https:\/\/api.w.org\/{rel}","templated":true}]}}