{"id":31465,"date":"2022-01-22T12:50:31","date_gmt":"2022-01-22T11:50:31","guid":{"rendered":"https:\/\/demoweb.info\/sexshop001\/producto\/sono-anal-ese-50ml\/"},"modified":"2022-01-22T12:50:31","modified_gmt":"2022-01-22T11:50:31","slug":"sono-anal-ese-50ml","status":"publish","type":"product","link":"https:\/\/demoweb.info\/sexshop001\/producto\/sono-anal-ese-50ml\/","title":{"rendered":"SONO &#8211; ANAL ESE &#8211; 50ML"},"content":{"rendered":"<p><strong>ANAL ESE &#8211; 50ML<\/strong><\/p>\n<p>Esta crema especial Anal Ese est\u00e1 formulada para facilitar el camino hacia el disfrute anal completo.<\/p>\n<p>Contiene un anest\u00e9sico suave que mejora la comodidad durante la penetraci\u00f3n.<\/p>\n<p>No para uso prolongado. No lo use cerca de los ojos. Mantener fuera del alcance de los ni\u00f1os.<\/p>\n<p>Cuando el uso de Anal Ese cause molestias continuas, o si se desarrolla una erupci\u00f3n o irritaci\u00f3n, suspenda el uso y consulte a un m\u00e9dico.<\/p>\n<p>Instrucciones: Aplique una peque\u00f1a cantidad de anal en el \u00e1rea rectal antes de la penetraci\u00f3n.<\/p>\n<p>Espere unos minutos para la desensibilizaci\u00f3n antes de intentar la penetraci\u00f3n.<\/p>\n<p>La cantidad adecuada y el tiempo de espera se determinar\u00e1n despu\u00e9s de varios usos.<\/p>\n<ul>\n<li>Dimensiones del producto: 11,5 x 3 x 3 cm<\/li>\n<li>Peso del producto: 61 gramos<\/li>\n<li>Volumen del producto: 50 ml<\/li>\n<li>Los ingredientes: Aqua, glicerina, copol\u00edmero de estireno \/ acrilatos, fenoxietanol, propilenglicol, pol\u00edmero cruzado de acrilatos \/ acrilato de alquilo C10-30, goma xantana, mentol, hidr\u00f3xido de sodio, etilhexilglicerina<\/li>\n<\/ul>\n","protected":false},"excerpt":{"rendered":"<p>ANAL ESE &#8211; 50ML Esta crema especial Anal Ese est\u00e1 formulada para facilitar el camino hacia el disfrute anal completo.<\/p>\n","protected":false},"featured_media":31466,"comment_status":"open","ping_status":"open","template":"","meta":[],"product_cat":[816],"product_tag":[302,312],"class_list":["post-31465","product","type-product","status-publish","has-post-thumbnail","hentry","product_cat-relajantes","product_tag-shots","product_tag-sono"],"bundled_by":[],"bundle_stock_status":"instock","bundle_stock_quantity":1,"bundle_virtual":false,"bundle_layout":"","bundle_add_to_cart_form_location":"","bundle_editable_in_cart":false,"bundle_sold_individually_context":"","bundle_item_grouping":"","bundle_min_size":"","bundle_max_size":"","bundled_items":[],"yoast_head":"<!-- This site is optimized with the Yoast SEO plugin v20.6 - https:\/\/yoast.com\/wordpress\/plugins\/seo\/ -->\n<title>SONO - ANAL ESE - 50ML - Tienda Er\u00f3tica<\/title>\n<meta name=\"robots\" content=\"noindex, follow, max-snippet:-1, max-image-preview:large, max-video-preview:-1\" \/>\n<meta property=\"og:locale\" content=\"es_ES\" \/>\n<meta property=\"og:type\" content=\"article\" \/>\n<meta property=\"og:title\" content=\"SONO - ANAL ESE - 50ML - Tienda Er\u00f3tica\" \/>\n<meta property=\"og:description\" content=\"ANAL ESE &#8211; 50ML Esta crema especial Anal Ese est\u00e1 formulada para facilitar el camino hacia el disfrute anal completo.\" \/>\n<meta property=\"og:url\" content=\"https:\/\/demoweb.info\/sexshop001\/producto\/sono-anal-ese-50ml\/\" \/>\n<meta property=\"og:site_name\" content=\"Tienda Er\u00f3tica\" \/>\n<meta property=\"og:image\" content=\"https:\/\/demoweb.info\/sexshop001\/wp-content\/uploads\/2022\/01\/SONO-ANAL-ESE-50ML.jpg\" \/>\n\t<meta property=\"og:image:width\" content=\"550\" \/>\n\t<meta property=\"og:image:height\" content=\"550\" \/>\n\t<meta property=\"og:image:type\" content=\"image\/jpeg\" \/>\n<meta name=\"twitter:card\" content=\"summary_large_image\" \/>\n<meta name=\"twitter:label1\" content=\"Tiempo de lectura\" \/>\n\t<meta name=\"twitter:data1\" content=\"1 minuto\" \/>\n<script type=\"application\/ld+json\" class=\"yoast-schema-graph\">{\"@context\":\"https:\/\/schema.org\",\"@graph\":[{\"@type\":\"WebPage\",\"@id\":\"https:\/\/demoweb.info\/sexshop001\/producto\/sono-anal-ese-50ml\/\",\"url\":\"https:\/\/demoweb.info\/sexshop001\/producto\/sono-anal-ese-50ml\/\",\"name\":\"SONO - ANAL ESE - 50ML - Tienda Er\u00f3tica\",\"isPartOf\":{\"@id\":\"https:\/\/demoweb.info\/sexshop001\/#website\"},\"datePublished\":\"2022-01-22T11:50:31+00:00\",\"dateModified\":\"2022-01-22T11:50:31+00:00\",\"breadcrumb\":{\"@id\":\"https:\/\/demoweb.info\/sexshop001\/producto\/sono-anal-ese-50ml\/#breadcrumb\"},\"inLanguage\":\"es\",\"potentialAction\":[{\"@type\":\"ReadAction\",\"target\":[\"https:\/\/demoweb.info\/sexshop001\/producto\/sono-anal-ese-50ml\/\"]}]},{\"@type\":\"BreadcrumbList\",\"@id\":\"https:\/\/demoweb.info\/sexshop001\/producto\/sono-anal-ese-50ml\/#breadcrumb\",\"itemListElement\":[{\"@type\":\"ListItem\",\"position\":1,\"name\":\"Portada\",\"item\":\"https:\/\/demoweb.info\/sexshop001\/\"},{\"@type\":\"ListItem\",\"position\":2,\"name\":\"Tienda\",\"item\":\"https:\/\/demoweb.info\/sexshop001\/tienda\/\"},{\"@type\":\"ListItem\",\"position\":3,\"name\":\"SONO &#8211; ANAL ESE &#8211; 50ML\"}]},{\"@type\":\"WebSite\",\"@id\":\"https:\/\/demoweb.info\/sexshop001\/#website\",\"url\":\"https:\/\/demoweb.info\/sexshop001\/\",\"name\":\"Tienda Er\u00f3tica\",\"description\":\"DEMOWEB SL\",\"potentialAction\":[{\"@type\":\"SearchAction\",\"target\":{\"@type\":\"EntryPoint\",\"urlTemplate\":\"https:\/\/demoweb.info\/sexshop001\/?s={search_term_string}\"},\"query-input\":\"required name=search_term_string\"}],\"inLanguage\":\"es\"}]}<\/script>\n<!-- \/ Yoast SEO plugin. -->","yoast_head_json":{"title":"SONO - ANAL ESE - 50ML - Tienda Er\u00f3tica","robots":{"index":"noindex","follow":"follow","max-snippet":"max-snippet:-1","max-image-preview":"max-image-preview:large","max-video-preview":"max-video-preview:-1"},"og_locale":"es_ES","og_type":"article","og_title":"SONO - ANAL ESE - 50ML - Tienda Er\u00f3tica","og_description":"ANAL ESE &#8211; 50ML Esta crema especial Anal Ese est\u00e1 formulada para facilitar el camino hacia el disfrute anal completo.","og_url":"https:\/\/demoweb.info\/sexshop001\/producto\/sono-anal-ese-50ml\/","og_site_name":"Tienda Er\u00f3tica","og_image":[{"width":550,"height":550,"url":"https:\/\/demoweb.info\/sexshop001\/wp-content\/uploads\/2022\/01\/SONO-ANAL-ESE-50ML.jpg","type":"image\/jpeg"}],"twitter_card":"summary_large_image","twitter_misc":{"Tiempo de lectura":"1 minuto"},"schema":{"@context":"https:\/\/schema.org","@graph":[{"@type":"WebPage","@id":"https:\/\/demoweb.info\/sexshop001\/producto\/sono-anal-ese-50ml\/","url":"https:\/\/demoweb.info\/sexshop001\/producto\/sono-anal-ese-50ml\/","name":"SONO - ANAL ESE - 50ML - Tienda Er\u00f3tica","isPartOf":{"@id":"https:\/\/demoweb.info\/sexshop001\/#website"},"datePublished":"2022-01-22T11:50:31+00:00","dateModified":"2022-01-22T11:50:31+00:00","breadcrumb":{"@id":"https:\/\/demoweb.info\/sexshop001\/producto\/sono-anal-ese-50ml\/#breadcrumb"},"inLanguage":"es","potentialAction":[{"@type":"ReadAction","target":["https:\/\/demoweb.info\/sexshop001\/producto\/sono-anal-ese-50ml\/"]}]},{"@type":"BreadcrumbList","@id":"https:\/\/demoweb.info\/sexshop001\/producto\/sono-anal-ese-50ml\/#breadcrumb","itemListElement":[{"@type":"ListItem","position":1,"name":"Portada","item":"https:\/\/demoweb.info\/sexshop001\/"},{"@type":"ListItem","position":2,"name":"Tienda","item":"https:\/\/demoweb.info\/sexshop001\/tienda\/"},{"@type":"ListItem","position":3,"name":"SONO &#8211; ANAL ESE &#8211; 50ML"}]},{"@type":"WebSite","@id":"https:\/\/demoweb.info\/sexshop001\/#website","url":"https:\/\/demoweb.info\/sexshop001\/","name":"Tienda Er\u00f3tica","description":"DEMOWEB SL","potentialAction":[{"@type":"SearchAction","target":{"@type":"EntryPoint","urlTemplate":"https:\/\/demoweb.info\/sexshop001\/?s={search_term_string}"},"query-input":"required name=search_term_string"}],"inLanguage":"es"}]}},"_links":{"self":[{"href":"https:\/\/demoweb.info\/sexshop001\/wp-json\/wp\/v3\/product\/31465","targetHints":{"allow":["GET"]}}],"collection":[{"href":"https:\/\/demoweb.info\/sexshop001\/wp-json\/wp\/v3\/product"}],"about":[{"href":"https:\/\/demoweb.info\/sexshop001\/wp-json\/wp\/v2\/types\/product"}],"replies":[{"embeddable":true,"href":"https:\/\/demoweb.info\/sexshop001\/wp-json\/wp\/v2\/comments?post=31465"}],"wp:featuredmedia":[{"embeddable":true,"href":"https:\/\/demoweb.info\/sexshop001\/wp-json\/wp\/v2\/media\/31466"}],"wp:attachment":[{"href":"https:\/\/demoweb.info\/sexshop001\/wp-json\/wp\/v2\/media?parent=31465"}],"wp:term":[{"taxonomy":"product_cat","embeddable":true,"href":"https:\/\/demoweb.info\/sexshop001\/wp-json\/wp\/v2\/product_cat?post=31465"},{"taxonomy":"product_tag","embeddable":true,"href":"https:\/\/demoweb.info\/sexshop001\/wp-json\/wp\/v2\/product_tag?post=31465"}],"curies":[{"name":"wp","href":"https:\/\/api.w.org\/{rel}","templated":true}]}}