{"id":31445,"date":"2022-01-22T12:50:12","date_gmt":"2022-01-22T11:50:12","guid":{"rendered":"https:\/\/demoweb.info\/sexshop001\/producto\/kit-de-esclavitud-negro\/"},"modified":"2022-01-22T12:50:17","modified_gmt":"2022-01-22T11:50:17","slug":"kit-de-esclavitud-negro","status":"publish","type":"product","link":"https:\/\/demoweb.info\/sexshop001\/producto\/kit-de-esclavitud-negro\/","title":{"rendered":"KIT DE ESCLAVITUD  &#8211; NEGRO"},"content":{"rendered":"<p><strong>DENIM BONDAGE KIT &#8211; TOUGH DENIM STYLE &#8211; BLACK<\/strong><\/p>\n<p>\u00bfHas tenido fantas\u00edas acerca del juego sexual de sumisi\u00f3n y dominaci\u00f3n?<\/p>\n<p>\u00a1Entonces, esto ser\u00e1 perfecto para empezar!<\/p>\n<p>Aseg\u00farate de que tu sumiso escuche cada una de tus instrucciones mientras bromeas y lo seduces.<\/p>\n<p>\u00c1talo para que tengas rienda suelta para hacer lo que deseas.<\/p>\n<p>Si eres del tipo sumiso y deseas ser a quien aten, \u00a1entonces este ser\u00e1 el regalo perfecto para tu maestro!<\/p>\n<ul>\n<li>Los kits incluyen:Mu\u00f1equeras y tobilleras, antifaz, mordaza de bola transpirable, collar con correa, paleta, flogger, hogtie y dados<\/li>\n<li>Materiales: Denim, Metal, Pl\u00e1stico, Nylon<\/li>\n<\/ul>\n","protected":false},"excerpt":{"rendered":"<p>DENIM BONDAGE KIT &#8211; TOUGH DENIM STYLE &#8211; BLACK \u00bfHas tenido fantas\u00edas acerca del juego sexual de sumisi\u00f3n y dominaci\u00f3n?<\/p>\n","protected":false},"featured_media":31446,"comment_status":"open","ping_status":"open","template":"","meta":[],"product_cat":[333],"product_tag":[307,302],"class_list":["post-31445","product","type-product","status-publish","has-post-thumbnail","hentry","product_cat-kits-bdsm","product_tag-ouch","product_tag-shots"],"bundled_by":[],"bundle_stock_status":"instock","bundle_stock_quantity":1,"bundle_virtual":false,"bundle_layout":"","bundle_add_to_cart_form_location":"","bundle_editable_in_cart":false,"bundle_sold_individually_context":"","bundle_item_grouping":"","bundle_min_size":"","bundle_max_size":"","bundled_items":[],"yoast_head":"<!-- This site is optimized with the Yoast SEO plugin v20.6 - https:\/\/yoast.com\/wordpress\/plugins\/seo\/ -->\n<title>KIT DE ESCLAVITUD - NEGRO - Tienda Er\u00f3tica<\/title>\n<meta name=\"robots\" content=\"noindex, follow, max-snippet:-1, max-image-preview:large, max-video-preview:-1\" \/>\n<meta property=\"og:locale\" content=\"es_ES\" \/>\n<meta property=\"og:type\" content=\"article\" \/>\n<meta property=\"og:title\" content=\"KIT DE ESCLAVITUD - NEGRO - Tienda Er\u00f3tica\" \/>\n<meta property=\"og:description\" content=\"DENIM BONDAGE KIT &#8211; TOUGH DENIM STYLE &#8211; BLACK \u00bfHas tenido fantas\u00edas acerca del juego sexual de sumisi\u00f3n y dominaci\u00f3n?\" \/>\n<meta property=\"og:url\" content=\"https:\/\/demoweb.info\/sexshop001\/producto\/kit-de-esclavitud-negro\/\" \/>\n<meta property=\"og:site_name\" content=\"Tienda Er\u00f3tica\" \/>\n<meta property=\"article:modified_time\" content=\"2022-01-22T11:50:17+00:00\" \/>\n<meta property=\"og:image\" content=\"https:\/\/demoweb.info\/sexshop001\/wp-content\/uploads\/2022\/01\/KIT-DE-ESCLAVITUD-NEGRO.jpg\" \/>\n\t<meta property=\"og:image:width\" content=\"550\" \/>\n\t<meta property=\"og:image:height\" content=\"550\" \/>\n\t<meta property=\"og:image:type\" content=\"image\/jpeg\" \/>\n<meta name=\"twitter:card\" content=\"summary_large_image\" \/>\n<meta name=\"twitter:label1\" content=\"Tiempo de lectura\" \/>\n\t<meta name=\"twitter:data1\" content=\"1 minuto\" \/>\n<script type=\"application\/ld+json\" class=\"yoast-schema-graph\">{\"@context\":\"https:\/\/schema.org\",\"@graph\":[{\"@type\":\"WebPage\",\"@id\":\"https:\/\/demoweb.info\/sexshop001\/producto\/kit-de-esclavitud-negro\/\",\"url\":\"https:\/\/demoweb.info\/sexshop001\/producto\/kit-de-esclavitud-negro\/\",\"name\":\"KIT DE ESCLAVITUD - NEGRO - Tienda Er\u00f3tica\",\"isPartOf\":{\"@id\":\"https:\/\/demoweb.info\/sexshop001\/#website\"},\"datePublished\":\"2022-01-22T11:50:12+00:00\",\"dateModified\":\"2022-01-22T11:50:17+00:00\",\"breadcrumb\":{\"@id\":\"https:\/\/demoweb.info\/sexshop001\/producto\/kit-de-esclavitud-negro\/#breadcrumb\"},\"inLanguage\":\"es\",\"potentialAction\":[{\"@type\":\"ReadAction\",\"target\":[\"https:\/\/demoweb.info\/sexshop001\/producto\/kit-de-esclavitud-negro\/\"]}]},{\"@type\":\"BreadcrumbList\",\"@id\":\"https:\/\/demoweb.info\/sexshop001\/producto\/kit-de-esclavitud-negro\/#breadcrumb\",\"itemListElement\":[{\"@type\":\"ListItem\",\"position\":1,\"name\":\"Portada\",\"item\":\"https:\/\/demoweb.info\/sexshop001\/\"},{\"@type\":\"ListItem\",\"position\":2,\"name\":\"Tienda\",\"item\":\"https:\/\/demoweb.info\/sexshop001\/tienda\/\"},{\"@type\":\"ListItem\",\"position\":3,\"name\":\"KIT DE ESCLAVITUD &#8211; NEGRO\"}]},{\"@type\":\"WebSite\",\"@id\":\"https:\/\/demoweb.info\/sexshop001\/#website\",\"url\":\"https:\/\/demoweb.info\/sexshop001\/\",\"name\":\"Tienda Er\u00f3tica\",\"description\":\"DEMOWEB SL\",\"potentialAction\":[{\"@type\":\"SearchAction\",\"target\":{\"@type\":\"EntryPoint\",\"urlTemplate\":\"https:\/\/demoweb.info\/sexshop001\/?s={search_term_string}\"},\"query-input\":\"required name=search_term_string\"}],\"inLanguage\":\"es\"}]}<\/script>\n<!-- \/ Yoast SEO plugin. -->","yoast_head_json":{"title":"KIT DE ESCLAVITUD - NEGRO - Tienda Er\u00f3tica","robots":{"index":"noindex","follow":"follow","max-snippet":"max-snippet:-1","max-image-preview":"max-image-preview:large","max-video-preview":"max-video-preview:-1"},"og_locale":"es_ES","og_type":"article","og_title":"KIT DE ESCLAVITUD - NEGRO - Tienda Er\u00f3tica","og_description":"DENIM BONDAGE KIT &#8211; TOUGH DENIM STYLE &#8211; BLACK \u00bfHas tenido fantas\u00edas acerca del juego sexual de sumisi\u00f3n y dominaci\u00f3n?","og_url":"https:\/\/demoweb.info\/sexshop001\/producto\/kit-de-esclavitud-negro\/","og_site_name":"Tienda Er\u00f3tica","article_modified_time":"2022-01-22T11:50:17+00:00","og_image":[{"width":550,"height":550,"url":"https:\/\/demoweb.info\/sexshop001\/wp-content\/uploads\/2022\/01\/KIT-DE-ESCLAVITUD-NEGRO.jpg","type":"image\/jpeg"}],"twitter_card":"summary_large_image","twitter_misc":{"Tiempo de lectura":"1 minuto"},"schema":{"@context":"https:\/\/schema.org","@graph":[{"@type":"WebPage","@id":"https:\/\/demoweb.info\/sexshop001\/producto\/kit-de-esclavitud-negro\/","url":"https:\/\/demoweb.info\/sexshop001\/producto\/kit-de-esclavitud-negro\/","name":"KIT DE ESCLAVITUD - NEGRO - Tienda Er\u00f3tica","isPartOf":{"@id":"https:\/\/demoweb.info\/sexshop001\/#website"},"datePublished":"2022-01-22T11:50:12+00:00","dateModified":"2022-01-22T11:50:17+00:00","breadcrumb":{"@id":"https:\/\/demoweb.info\/sexshop001\/producto\/kit-de-esclavitud-negro\/#breadcrumb"},"inLanguage":"es","potentialAction":[{"@type":"ReadAction","target":["https:\/\/demoweb.info\/sexshop001\/producto\/kit-de-esclavitud-negro\/"]}]},{"@type":"BreadcrumbList","@id":"https:\/\/demoweb.info\/sexshop001\/producto\/kit-de-esclavitud-negro\/#breadcrumb","itemListElement":[{"@type":"ListItem","position":1,"name":"Portada","item":"https:\/\/demoweb.info\/sexshop001\/"},{"@type":"ListItem","position":2,"name":"Tienda","item":"https:\/\/demoweb.info\/sexshop001\/tienda\/"},{"@type":"ListItem","position":3,"name":"KIT DE ESCLAVITUD &#8211; NEGRO"}]},{"@type":"WebSite","@id":"https:\/\/demoweb.info\/sexshop001\/#website","url":"https:\/\/demoweb.info\/sexshop001\/","name":"Tienda Er\u00f3tica","description":"DEMOWEB SL","potentialAction":[{"@type":"SearchAction","target":{"@type":"EntryPoint","urlTemplate":"https:\/\/demoweb.info\/sexshop001\/?s={search_term_string}"},"query-input":"required name=search_term_string"}],"inLanguage":"es"}]}},"_links":{"self":[{"href":"https:\/\/demoweb.info\/sexshop001\/wp-json\/wp\/v3\/product\/31445","targetHints":{"allow":["GET"]}}],"collection":[{"href":"https:\/\/demoweb.info\/sexshop001\/wp-json\/wp\/v3\/product"}],"about":[{"href":"https:\/\/demoweb.info\/sexshop001\/wp-json\/wp\/v2\/types\/product"}],"replies":[{"embeddable":true,"href":"https:\/\/demoweb.info\/sexshop001\/wp-json\/wp\/v2\/comments?post=31445"}],"wp:featuredmedia":[{"embeddable":true,"href":"https:\/\/demoweb.info\/sexshop001\/wp-json\/wp\/v2\/media\/31446"}],"wp:attachment":[{"href":"https:\/\/demoweb.info\/sexshop001\/wp-json\/wp\/v2\/media?parent=31445"}],"wp:term":[{"taxonomy":"product_cat","embeddable":true,"href":"https:\/\/demoweb.info\/sexshop001\/wp-json\/wp\/v2\/product_cat?post=31445"},{"taxonomy":"product_tag","embeddable":true,"href":"https:\/\/demoweb.info\/sexshop001\/wp-json\/wp\/v2\/product_tag?post=31445"}],"curies":[{"name":"wp","href":"https:\/\/api.w.org\/{rel}","templated":true}]}}