{"id":31319,"date":"2022-01-22T12:49:00","date_gmt":"2022-01-22T11:49:00","guid":{"rendered":"https:\/\/demoweb.info\/sexshop001\/producto\/z-series-arnes-para-el-pecho-bulldog-negro-rojo-2\/"},"modified":"2022-01-22T12:49:00","modified_gmt":"2022-01-22T11:49:00","slug":"z-series-arnes-para-el-pecho-bulldog-negro-rojo-2","status":"publish","type":"product","link":"https:\/\/demoweb.info\/sexshop001\/producto\/z-series-arnes-para-el-pecho-bulldog-negro-rojo-2\/","title":{"rendered":"Z SERIES ARN\u00c9S PARA EL PECHO BULLDOG &#8211; NEGRO\/ROJO"},"content":{"rendered":"<p><strong>Z SERIES CHEST BULLDOG HARNESS<\/strong><\/p>\n<p>Si eres un apasionado incondicional de la moda fetichista, hemos dise\u00f1ado este elegante arn\u00e9s de cuero aut\u00e9ntico con detalles de cremalleras de acero inoxidable.<\/p>\n<p>Las cuatro correas ajustables con hebillas robustas permiten que el arn\u00e9s se ci\u00f1a perfecta y c\u00f3modamente, d\u00e1ndote, a su vez, un aspecto masculino y dominante.<\/p>\n<p>Adem\u00e1s de ser un accesorio bondage ideal para usar en casa, tambi\u00e9n queda muy bien para salir a dar una vuelta o ir de fiesta.<\/p>\n<p>Puedes pon\u00e9rtelo por encima de la ropa o a pelo.<\/p>\n<p>\u00a1T\u00fa eliges!<\/p>\n<p>Peso del producto: 380 gram<br \/>\nMateriales: Cuero. Acero inoxidable<\/p>\n","protected":false},"excerpt":{"rendered":"<p>Z SERIES CHEST BULLDOG HARNESS Si eres un apasionado incondicional de la moda fetichista, hemos dise\u00f1ado este elegante arn\u00e9s de<\/p>\n","protected":false},"featured_media":31320,"comment_status":"open","ping_status":"open","template":"","meta":[],"product_cat":[603],"product_tag":[307,302],"class_list":["post-31319","product","type-product","status-publish","has-post-thumbnail","hentry","product_cat-arneses-ataduras","product_tag-ouch","product_tag-shots"],"bundled_by":[],"bundle_stock_status":"instock","bundle_stock_quantity":1,"bundle_virtual":false,"bundle_layout":"","bundle_add_to_cart_form_location":"","bundle_editable_in_cart":false,"bundle_sold_individually_context":"","bundle_item_grouping":"","bundle_min_size":"","bundle_max_size":"","bundled_items":[],"yoast_head":"<!-- This site is optimized with the Yoast SEO plugin v20.6 - https:\/\/yoast.com\/wordpress\/plugins\/seo\/ -->\n<title>Z SERIES ARN\u00c9S PARA EL PECHO BULLDOG - NEGRO\/ROJO - Tienda Er\u00f3tica<\/title>\n<meta name=\"robots\" content=\"noindex, follow, max-snippet:-1, max-image-preview:large, max-video-preview:-1\" \/>\n<meta property=\"og:locale\" content=\"es_ES\" \/>\n<meta property=\"og:type\" content=\"article\" \/>\n<meta property=\"og:title\" content=\"Z SERIES ARN\u00c9S PARA EL PECHO BULLDOG - NEGRO\/ROJO - Tienda Er\u00f3tica\" \/>\n<meta property=\"og:description\" content=\"Z SERIES CHEST BULLDOG HARNESS Si eres un apasionado incondicional de la moda fetichista, hemos dise\u00f1ado este elegante arn\u00e9s de\" \/>\n<meta property=\"og:url\" content=\"https:\/\/demoweb.info\/sexshop001\/producto\/z-series-arnes-para-el-pecho-bulldog-negro-rojo-2\/\" \/>\n<meta property=\"og:site_name\" content=\"Tienda Er\u00f3tica\" \/>\n<meta property=\"og:image\" content=\"https:\/\/demoweb.info\/sexshop001\/wp-content\/uploads\/2022\/01\/Z-SERIES-ARNES-PARA-EL-PECHO-BULLDOG-NEGROROJO-4.jpg\" \/>\n\t<meta property=\"og:image:width\" content=\"550\" \/>\n\t<meta property=\"og:image:height\" content=\"550\" \/>\n\t<meta property=\"og:image:type\" content=\"image\/jpeg\" \/>\n<meta name=\"twitter:card\" content=\"summary_large_image\" \/>\n<meta name=\"twitter:label1\" content=\"Tiempo de lectura\" \/>\n\t<meta name=\"twitter:data1\" content=\"1 minuto\" \/>\n<script type=\"application\/ld+json\" class=\"yoast-schema-graph\">{\"@context\":\"https:\/\/schema.org\",\"@graph\":[{\"@type\":\"WebPage\",\"@id\":\"https:\/\/demoweb.info\/sexshop001\/producto\/z-series-arnes-para-el-pecho-bulldog-negro-rojo-2\/\",\"url\":\"https:\/\/demoweb.info\/sexshop001\/producto\/z-series-arnes-para-el-pecho-bulldog-negro-rojo-2\/\",\"name\":\"Z SERIES ARN\u00c9S PARA EL PECHO BULLDOG - NEGRO\/ROJO - Tienda Er\u00f3tica\",\"isPartOf\":{\"@id\":\"https:\/\/demoweb.info\/sexshop001\/#website\"},\"datePublished\":\"2022-01-22T11:49:00+00:00\",\"dateModified\":\"2022-01-22T11:49:00+00:00\",\"breadcrumb\":{\"@id\":\"https:\/\/demoweb.info\/sexshop001\/producto\/z-series-arnes-para-el-pecho-bulldog-negro-rojo-2\/#breadcrumb\"},\"inLanguage\":\"es\",\"potentialAction\":[{\"@type\":\"ReadAction\",\"target\":[\"https:\/\/demoweb.info\/sexshop001\/producto\/z-series-arnes-para-el-pecho-bulldog-negro-rojo-2\/\"]}]},{\"@type\":\"BreadcrumbList\",\"@id\":\"https:\/\/demoweb.info\/sexshop001\/producto\/z-series-arnes-para-el-pecho-bulldog-negro-rojo-2\/#breadcrumb\",\"itemListElement\":[{\"@type\":\"ListItem\",\"position\":1,\"name\":\"Portada\",\"item\":\"https:\/\/demoweb.info\/sexshop001\/\"},{\"@type\":\"ListItem\",\"position\":2,\"name\":\"Tienda\",\"item\":\"https:\/\/demoweb.info\/sexshop001\/tienda\/\"},{\"@type\":\"ListItem\",\"position\":3,\"name\":\"Z SERIES ARN\u00c9S PARA EL PECHO BULLDOG &#8211; NEGRO\/ROJO\"}]},{\"@type\":\"WebSite\",\"@id\":\"https:\/\/demoweb.info\/sexshop001\/#website\",\"url\":\"https:\/\/demoweb.info\/sexshop001\/\",\"name\":\"Tienda Er\u00f3tica\",\"description\":\"DEMOWEB SL\",\"potentialAction\":[{\"@type\":\"SearchAction\",\"target\":{\"@type\":\"EntryPoint\",\"urlTemplate\":\"https:\/\/demoweb.info\/sexshop001\/?s={search_term_string}\"},\"query-input\":\"required name=search_term_string\"}],\"inLanguage\":\"es\"}]}<\/script>\n<!-- \/ Yoast SEO plugin. -->","yoast_head_json":{"title":"Z SERIES ARN\u00c9S PARA EL PECHO BULLDOG - NEGRO\/ROJO - Tienda Er\u00f3tica","robots":{"index":"noindex","follow":"follow","max-snippet":"max-snippet:-1","max-image-preview":"max-image-preview:large","max-video-preview":"max-video-preview:-1"},"og_locale":"es_ES","og_type":"article","og_title":"Z SERIES ARN\u00c9S PARA EL PECHO BULLDOG - NEGRO\/ROJO - Tienda Er\u00f3tica","og_description":"Z SERIES CHEST BULLDOG HARNESS Si eres un apasionado incondicional de la moda fetichista, hemos dise\u00f1ado este elegante arn\u00e9s de","og_url":"https:\/\/demoweb.info\/sexshop001\/producto\/z-series-arnes-para-el-pecho-bulldog-negro-rojo-2\/","og_site_name":"Tienda Er\u00f3tica","og_image":[{"width":550,"height":550,"url":"https:\/\/demoweb.info\/sexshop001\/wp-content\/uploads\/2022\/01\/Z-SERIES-ARNES-PARA-EL-PECHO-BULLDOG-NEGROROJO-4.jpg","type":"image\/jpeg"}],"twitter_card":"summary_large_image","twitter_misc":{"Tiempo de lectura":"1 minuto"},"schema":{"@context":"https:\/\/schema.org","@graph":[{"@type":"WebPage","@id":"https:\/\/demoweb.info\/sexshop001\/producto\/z-series-arnes-para-el-pecho-bulldog-negro-rojo-2\/","url":"https:\/\/demoweb.info\/sexshop001\/producto\/z-series-arnes-para-el-pecho-bulldog-negro-rojo-2\/","name":"Z SERIES ARN\u00c9S PARA EL PECHO BULLDOG - NEGRO\/ROJO - Tienda Er\u00f3tica","isPartOf":{"@id":"https:\/\/demoweb.info\/sexshop001\/#website"},"datePublished":"2022-01-22T11:49:00+00:00","dateModified":"2022-01-22T11:49:00+00:00","breadcrumb":{"@id":"https:\/\/demoweb.info\/sexshop001\/producto\/z-series-arnes-para-el-pecho-bulldog-negro-rojo-2\/#breadcrumb"},"inLanguage":"es","potentialAction":[{"@type":"ReadAction","target":["https:\/\/demoweb.info\/sexshop001\/producto\/z-series-arnes-para-el-pecho-bulldog-negro-rojo-2\/"]}]},{"@type":"BreadcrumbList","@id":"https:\/\/demoweb.info\/sexshop001\/producto\/z-series-arnes-para-el-pecho-bulldog-negro-rojo-2\/#breadcrumb","itemListElement":[{"@type":"ListItem","position":1,"name":"Portada","item":"https:\/\/demoweb.info\/sexshop001\/"},{"@type":"ListItem","position":2,"name":"Tienda","item":"https:\/\/demoweb.info\/sexshop001\/tienda\/"},{"@type":"ListItem","position":3,"name":"Z SERIES ARN\u00c9S PARA EL PECHO BULLDOG &#8211; NEGRO\/ROJO"}]},{"@type":"WebSite","@id":"https:\/\/demoweb.info\/sexshop001\/#website","url":"https:\/\/demoweb.info\/sexshop001\/","name":"Tienda Er\u00f3tica","description":"DEMOWEB SL","potentialAction":[{"@type":"SearchAction","target":{"@type":"EntryPoint","urlTemplate":"https:\/\/demoweb.info\/sexshop001\/?s={search_term_string}"},"query-input":"required name=search_term_string"}],"inLanguage":"es"}]}},"_links":{"self":[{"href":"https:\/\/demoweb.info\/sexshop001\/wp-json\/wp\/v3\/product\/31319","targetHints":{"allow":["GET"]}}],"collection":[{"href":"https:\/\/demoweb.info\/sexshop001\/wp-json\/wp\/v3\/product"}],"about":[{"href":"https:\/\/demoweb.info\/sexshop001\/wp-json\/wp\/v2\/types\/product"}],"replies":[{"embeddable":true,"href":"https:\/\/demoweb.info\/sexshop001\/wp-json\/wp\/v2\/comments?post=31319"}],"wp:featuredmedia":[{"embeddable":true,"href":"https:\/\/demoweb.info\/sexshop001\/wp-json\/wp\/v2\/media\/31320"}],"wp:attachment":[{"href":"https:\/\/demoweb.info\/sexshop001\/wp-json\/wp\/v2\/media?parent=31319"}],"wp:term":[{"taxonomy":"product_cat","embeddable":true,"href":"https:\/\/demoweb.info\/sexshop001\/wp-json\/wp\/v2\/product_cat?post=31319"},{"taxonomy":"product_tag","embeddable":true,"href":"https:\/\/demoweb.info\/sexshop001\/wp-json\/wp\/v2\/product_tag?post=31319"}],"curies":[{"name":"wp","href":"https:\/\/api.w.org\/{rel}","templated":true}]}}