{"id":31294,"date":"2022-01-22T12:48:37","date_gmt":"2022-01-22T11:48:37","guid":{"rendered":"https:\/\/demoweb.info\/sexshop001\/producto\/arnes-para-bulldog-de-pecho-serie-z-negro\/"},"modified":"2022-01-22T12:48:43","modified_gmt":"2022-01-22T11:48:43","slug":"arnes-para-bulldog-de-pecho-serie-z-negro","status":"publish","type":"product","link":"https:\/\/demoweb.info\/sexshop001\/producto\/arnes-para-bulldog-de-pecho-serie-z-negro\/","title":{"rendered":"ARN\u00c9S PARA BULLDOG DE PECHO SERIE Z &#8211; NEGRO"},"content":{"rendered":"<p><strong>Z SERIES CHEST BULLDOG HARNESS &#8211; BLACK\/BLACK<\/strong><\/p>\n<p>Para el seguidor dedicado de la moda fetichista, hemos dise\u00f1ado este arn\u00e9s de cuero real, con detalles de cremallera de acero inoxidable.<\/p>\n<p>Las cuatro correas ajustables con hebillas resistentes hacen que el arn\u00e9s tenga un ajuste perfecto y c\u00f3modo a la vez que le da un aspecto masculino y dominante.<\/p>\n<p>Si bien es un gran accesorio de esclavitud en casa, tambi\u00e9n se ve genial cuando se usa en la ciudad para ir a clubes, bares o fiestas. \u00dasalo sobre tu ropa o sobre la piel desnuda, \u00a1la elecci\u00f3n es tuya!<\/p>\n<p>Para un ajuste a\u00fan mejor, el arn\u00e9s ajustable viene en 2 tama\u00f1os: S \/ M-L \/ XL<\/p>\n","protected":false},"excerpt":{"rendered":"<p>Z SERIES CHEST BULLDOG HARNESS &#8211; BLACK\/BLACK Para el seguidor dedicado de la moda fetichista, hemos dise\u00f1ado este arn\u00e9s de<\/p>\n","protected":false},"featured_media":31295,"comment_status":"open","ping_status":"open","template":"","meta":[],"product_cat":[603],"product_tag":[307,302],"class_list":["post-31294","product","type-product","status-publish","has-post-thumbnail","hentry","product_cat-arneses-ataduras","product_tag-ouch","product_tag-shots"],"bundled_by":[],"bundle_stock_status":"instock","bundle_stock_quantity":1,"bundle_virtual":false,"bundle_layout":"","bundle_add_to_cart_form_location":"","bundle_editable_in_cart":false,"bundle_sold_individually_context":"","bundle_item_grouping":"","bundle_min_size":"","bundle_max_size":"","bundled_items":[],"yoast_head":"<!-- This site is optimized with the Yoast SEO plugin v20.6 - https:\/\/yoast.com\/wordpress\/plugins\/seo\/ -->\n<title>ARN\u00c9S PARA BULLDOG DE PECHO SERIE Z - NEGRO - Tienda Er\u00f3tica<\/title>\n<meta name=\"robots\" content=\"noindex, follow, max-snippet:-1, max-image-preview:large, max-video-preview:-1\" \/>\n<meta property=\"og:locale\" content=\"es_ES\" \/>\n<meta property=\"og:type\" content=\"article\" \/>\n<meta property=\"og:title\" content=\"ARN\u00c9S PARA BULLDOG DE PECHO SERIE Z - NEGRO - Tienda Er\u00f3tica\" \/>\n<meta property=\"og:description\" content=\"Z SERIES CHEST BULLDOG HARNESS &#8211; BLACK\/BLACK Para el seguidor dedicado de la moda fetichista, hemos dise\u00f1ado este arn\u00e9s de\" \/>\n<meta property=\"og:url\" content=\"https:\/\/demoweb.info\/sexshop001\/producto\/arnes-para-bulldog-de-pecho-serie-z-negro\/\" \/>\n<meta property=\"og:site_name\" content=\"Tienda Er\u00f3tica\" \/>\n<meta property=\"article:modified_time\" content=\"2022-01-22T11:48:43+00:00\" \/>\n<meta property=\"og:image\" content=\"https:\/\/demoweb.info\/sexshop001\/wp-content\/uploads\/2022\/01\/ARNES-PARA-BULLDOG-DE-PECHO-SERIE-Z-NEGRO.jpg\" \/>\n\t<meta property=\"og:image:width\" content=\"550\" \/>\n\t<meta property=\"og:image:height\" content=\"550\" \/>\n\t<meta property=\"og:image:type\" content=\"image\/jpeg\" \/>\n<meta name=\"twitter:card\" content=\"summary_large_image\" \/>\n<meta name=\"twitter:label1\" content=\"Tiempo de lectura\" \/>\n\t<meta name=\"twitter:data1\" content=\"1 minuto\" \/>\n<script type=\"application\/ld+json\" class=\"yoast-schema-graph\">{\"@context\":\"https:\/\/schema.org\",\"@graph\":[{\"@type\":\"WebPage\",\"@id\":\"https:\/\/demoweb.info\/sexshop001\/producto\/arnes-para-bulldog-de-pecho-serie-z-negro\/\",\"url\":\"https:\/\/demoweb.info\/sexshop001\/producto\/arnes-para-bulldog-de-pecho-serie-z-negro\/\",\"name\":\"ARN\u00c9S PARA BULLDOG DE PECHO SERIE Z - NEGRO - Tienda Er\u00f3tica\",\"isPartOf\":{\"@id\":\"https:\/\/demoweb.info\/sexshop001\/#website\"},\"datePublished\":\"2022-01-22T11:48:37+00:00\",\"dateModified\":\"2022-01-22T11:48:43+00:00\",\"breadcrumb\":{\"@id\":\"https:\/\/demoweb.info\/sexshop001\/producto\/arnes-para-bulldog-de-pecho-serie-z-negro\/#breadcrumb\"},\"inLanguage\":\"es\",\"potentialAction\":[{\"@type\":\"ReadAction\",\"target\":[\"https:\/\/demoweb.info\/sexshop001\/producto\/arnes-para-bulldog-de-pecho-serie-z-negro\/\"]}]},{\"@type\":\"BreadcrumbList\",\"@id\":\"https:\/\/demoweb.info\/sexshop001\/producto\/arnes-para-bulldog-de-pecho-serie-z-negro\/#breadcrumb\",\"itemListElement\":[{\"@type\":\"ListItem\",\"position\":1,\"name\":\"Portada\",\"item\":\"https:\/\/demoweb.info\/sexshop001\/\"},{\"@type\":\"ListItem\",\"position\":2,\"name\":\"Tienda\",\"item\":\"https:\/\/demoweb.info\/sexshop001\/tienda\/\"},{\"@type\":\"ListItem\",\"position\":3,\"name\":\"ARN\u00c9S PARA BULLDOG DE PECHO SERIE Z &#8211; NEGRO\"}]},{\"@type\":\"WebSite\",\"@id\":\"https:\/\/demoweb.info\/sexshop001\/#website\",\"url\":\"https:\/\/demoweb.info\/sexshop001\/\",\"name\":\"Tienda Er\u00f3tica\",\"description\":\"DEMOWEB SL\",\"potentialAction\":[{\"@type\":\"SearchAction\",\"target\":{\"@type\":\"EntryPoint\",\"urlTemplate\":\"https:\/\/demoweb.info\/sexshop001\/?s={search_term_string}\"},\"query-input\":\"required name=search_term_string\"}],\"inLanguage\":\"es\"}]}<\/script>\n<!-- \/ Yoast SEO plugin. -->","yoast_head_json":{"title":"ARN\u00c9S PARA BULLDOG DE PECHO SERIE Z - NEGRO - Tienda Er\u00f3tica","robots":{"index":"noindex","follow":"follow","max-snippet":"max-snippet:-1","max-image-preview":"max-image-preview:large","max-video-preview":"max-video-preview:-1"},"og_locale":"es_ES","og_type":"article","og_title":"ARN\u00c9S PARA BULLDOG DE PECHO SERIE Z - NEGRO - Tienda Er\u00f3tica","og_description":"Z SERIES CHEST BULLDOG HARNESS &#8211; BLACK\/BLACK Para el seguidor dedicado de la moda fetichista, hemos dise\u00f1ado este arn\u00e9s de","og_url":"https:\/\/demoweb.info\/sexshop001\/producto\/arnes-para-bulldog-de-pecho-serie-z-negro\/","og_site_name":"Tienda Er\u00f3tica","article_modified_time":"2022-01-22T11:48:43+00:00","og_image":[{"width":550,"height":550,"url":"https:\/\/demoweb.info\/sexshop001\/wp-content\/uploads\/2022\/01\/ARNES-PARA-BULLDOG-DE-PECHO-SERIE-Z-NEGRO.jpg","type":"image\/jpeg"}],"twitter_card":"summary_large_image","twitter_misc":{"Tiempo de lectura":"1 minuto"},"schema":{"@context":"https:\/\/schema.org","@graph":[{"@type":"WebPage","@id":"https:\/\/demoweb.info\/sexshop001\/producto\/arnes-para-bulldog-de-pecho-serie-z-negro\/","url":"https:\/\/demoweb.info\/sexshop001\/producto\/arnes-para-bulldog-de-pecho-serie-z-negro\/","name":"ARN\u00c9S PARA BULLDOG DE PECHO SERIE Z - NEGRO - Tienda Er\u00f3tica","isPartOf":{"@id":"https:\/\/demoweb.info\/sexshop001\/#website"},"datePublished":"2022-01-22T11:48:37+00:00","dateModified":"2022-01-22T11:48:43+00:00","breadcrumb":{"@id":"https:\/\/demoweb.info\/sexshop001\/producto\/arnes-para-bulldog-de-pecho-serie-z-negro\/#breadcrumb"},"inLanguage":"es","potentialAction":[{"@type":"ReadAction","target":["https:\/\/demoweb.info\/sexshop001\/producto\/arnes-para-bulldog-de-pecho-serie-z-negro\/"]}]},{"@type":"BreadcrumbList","@id":"https:\/\/demoweb.info\/sexshop001\/producto\/arnes-para-bulldog-de-pecho-serie-z-negro\/#breadcrumb","itemListElement":[{"@type":"ListItem","position":1,"name":"Portada","item":"https:\/\/demoweb.info\/sexshop001\/"},{"@type":"ListItem","position":2,"name":"Tienda","item":"https:\/\/demoweb.info\/sexshop001\/tienda\/"},{"@type":"ListItem","position":3,"name":"ARN\u00c9S PARA BULLDOG DE PECHO SERIE Z &#8211; NEGRO"}]},{"@type":"WebSite","@id":"https:\/\/demoweb.info\/sexshop001\/#website","url":"https:\/\/demoweb.info\/sexshop001\/","name":"Tienda Er\u00f3tica","description":"DEMOWEB SL","potentialAction":[{"@type":"SearchAction","target":{"@type":"EntryPoint","urlTemplate":"https:\/\/demoweb.info\/sexshop001\/?s={search_term_string}"},"query-input":"required name=search_term_string"}],"inLanguage":"es"}]}},"_links":{"self":[{"href":"https:\/\/demoweb.info\/sexshop001\/wp-json\/wp\/v3\/product\/31294","targetHints":{"allow":["GET"]}}],"collection":[{"href":"https:\/\/demoweb.info\/sexshop001\/wp-json\/wp\/v3\/product"}],"about":[{"href":"https:\/\/demoweb.info\/sexshop001\/wp-json\/wp\/v2\/types\/product"}],"replies":[{"embeddable":true,"href":"https:\/\/demoweb.info\/sexshop001\/wp-json\/wp\/v2\/comments?post=31294"}],"wp:featuredmedia":[{"embeddable":true,"href":"https:\/\/demoweb.info\/sexshop001\/wp-json\/wp\/v2\/media\/31295"}],"wp:attachment":[{"href":"https:\/\/demoweb.info\/sexshop001\/wp-json\/wp\/v2\/media?parent=31294"}],"wp:term":[{"taxonomy":"product_cat","embeddable":true,"href":"https:\/\/demoweb.info\/sexshop001\/wp-json\/wp\/v2\/product_cat?post=31294"},{"taxonomy":"product_tag","embeddable":true,"href":"https:\/\/demoweb.info\/sexshop001\/wp-json\/wp\/v2\/product_tag?post=31294"}],"curies":[{"name":"wp","href":"https:\/\/api.w.org\/{rel}","templated":true}]}}