{"id":31280,"date":"2022-01-22T12:48:14","date_gmt":"2022-01-22T11:48:14","guid":{"rendered":"https:\/\/demoweb.info\/sexshop001\/producto\/eropharm-taurix-crema-vigorizante-extra-fuerte\/"},"modified":"2022-01-22T12:48:35","modified_gmt":"2022-01-22T11:48:35","slug":"eropharm-taurix-crema-vigorizante-extra-fuerte","status":"publish","type":"product","link":"https:\/\/demoweb.info\/sexshop001\/producto\/eropharm-taurix-crema-vigorizante-extra-fuerte\/","title":{"rendered":"EROPHARM TAURIX CREMA VIGORIZANTE EXTRA FUERTE"},"content":{"rendered":"<p><strong>EROPHARM TAURIX EXTRA STRONG<\/strong><\/p>\n<p>Una nueva crema para la virilidad masculina.<\/p>\n<p>Su composici\u00f3n natural compuesto con taurina y aut\u00e9ntico extracto de test\u00edculo de toro. Sus valiosas sustancias activas y protectoras, abastecen y vitalizan la zona genital de forma \u00f3ptima.<\/p>\n<p>Los efectos regeneradores de esta crema para la virilidad masculina son reforzados por su composici\u00f3n de poderosos vasodilatadores que act\u00faan de forma eficaz para la erecci\u00f3n del pene.<\/p>\n<p>Aplicando un suave masaje en la zona genital y en unos minutos notara sus efectos dotando al pene de mejor erecci\u00f3n y m\u00e1s fuerza.<\/p>\n<p>&#8211; Puede utilizarlo con preservativo. &#8211; Dermatol\u00f3gica y cl\u00ednicamente testado<\/p>\n<p>Envase de 40 ml.<\/p>\n","protected":false},"excerpt":{"rendered":"<p>EROPHARM TAURIX EXTRA STRONG Una nueva crema para la virilidad masculina. Su composici\u00f3n natural compuesto con taurina y aut\u00e9ntico extracto<\/p>\n","protected":false},"featured_media":31281,"comment_status":"open","ping_status":"open","template":"","meta":[],"product_cat":[327],"product_tag":[1182],"class_list":["post-31280","product","type-product","status-publish","has-post-thumbnail","hentry","product_cat-vigorizantes","product_tag-eropharm"],"bundled_by":[],"bundle_stock_status":"instock","bundle_stock_quantity":14,"bundle_virtual":false,"bundle_layout":"","bundle_add_to_cart_form_location":"","bundle_editable_in_cart":false,"bundle_sold_individually_context":"","bundle_item_grouping":"","bundle_min_size":"","bundle_max_size":"","bundled_items":[],"yoast_head":"<!-- This site is optimized with the Yoast SEO plugin v20.6 - https:\/\/yoast.com\/wordpress\/plugins\/seo\/ -->\n<title>EROPHARM TAURIX CREMA VIGORIZANTE EXTRA FUERTE - Tienda Er\u00f3tica<\/title>\n<meta name=\"robots\" content=\"noindex, follow, max-snippet:-1, max-image-preview:large, max-video-preview:-1\" \/>\n<meta property=\"og:locale\" content=\"es_ES\" \/>\n<meta property=\"og:type\" content=\"article\" \/>\n<meta property=\"og:title\" content=\"EROPHARM TAURIX CREMA VIGORIZANTE EXTRA FUERTE - Tienda Er\u00f3tica\" \/>\n<meta property=\"og:description\" content=\"EROPHARM TAURIX EXTRA STRONG Una nueva crema para la virilidad masculina. Su composici\u00f3n natural compuesto con taurina y aut\u00e9ntico extracto\" \/>\n<meta property=\"og:url\" content=\"https:\/\/demoweb.info\/sexshop001\/producto\/eropharm-taurix-crema-vigorizante-extra-fuerte\/\" \/>\n<meta property=\"og:site_name\" content=\"Tienda Er\u00f3tica\" \/>\n<meta property=\"article:modified_time\" content=\"2022-01-22T11:48:35+00:00\" \/>\n<meta property=\"og:image\" content=\"https:\/\/demoweb.info\/sexshop001\/wp-content\/uploads\/2022\/01\/EROPHARM-TAURIX-CREMA-VIGORIZANTE-EXTRA-FUERTE.jpg\" \/>\n\t<meta property=\"og:image:width\" content=\"550\" \/>\n\t<meta property=\"og:image:height\" content=\"550\" \/>\n\t<meta property=\"og:image:type\" content=\"image\/jpeg\" \/>\n<meta name=\"twitter:card\" content=\"summary_large_image\" \/>\n<meta name=\"twitter:label1\" content=\"Tiempo de lectura\" \/>\n\t<meta name=\"twitter:data1\" content=\"1 minuto\" \/>\n<script type=\"application\/ld+json\" class=\"yoast-schema-graph\">{\"@context\":\"https:\/\/schema.org\",\"@graph\":[{\"@type\":\"WebPage\",\"@id\":\"https:\/\/demoweb.info\/sexshop001\/producto\/eropharm-taurix-crema-vigorizante-extra-fuerte\/\",\"url\":\"https:\/\/demoweb.info\/sexshop001\/producto\/eropharm-taurix-crema-vigorizante-extra-fuerte\/\",\"name\":\"EROPHARM TAURIX CREMA VIGORIZANTE EXTRA FUERTE - Tienda Er\u00f3tica\",\"isPartOf\":{\"@id\":\"https:\/\/demoweb.info\/sexshop001\/#website\"},\"datePublished\":\"2022-01-22T11:48:14+00:00\",\"dateModified\":\"2022-01-22T11:48:35+00:00\",\"breadcrumb\":{\"@id\":\"https:\/\/demoweb.info\/sexshop001\/producto\/eropharm-taurix-crema-vigorizante-extra-fuerte\/#breadcrumb\"},\"inLanguage\":\"es\",\"potentialAction\":[{\"@type\":\"ReadAction\",\"target\":[\"https:\/\/demoweb.info\/sexshop001\/producto\/eropharm-taurix-crema-vigorizante-extra-fuerte\/\"]}]},{\"@type\":\"BreadcrumbList\",\"@id\":\"https:\/\/demoweb.info\/sexshop001\/producto\/eropharm-taurix-crema-vigorizante-extra-fuerte\/#breadcrumb\",\"itemListElement\":[{\"@type\":\"ListItem\",\"position\":1,\"name\":\"Portada\",\"item\":\"https:\/\/demoweb.info\/sexshop001\/\"},{\"@type\":\"ListItem\",\"position\":2,\"name\":\"Tienda\",\"item\":\"https:\/\/demoweb.info\/sexshop001\/tienda\/\"},{\"@type\":\"ListItem\",\"position\":3,\"name\":\"EROPHARM TAURIX CREMA VIGORIZANTE EXTRA FUERTE\"}]},{\"@type\":\"WebSite\",\"@id\":\"https:\/\/demoweb.info\/sexshop001\/#website\",\"url\":\"https:\/\/demoweb.info\/sexshop001\/\",\"name\":\"Tienda Er\u00f3tica\",\"description\":\"DEMOWEB SL\",\"potentialAction\":[{\"@type\":\"SearchAction\",\"target\":{\"@type\":\"EntryPoint\",\"urlTemplate\":\"https:\/\/demoweb.info\/sexshop001\/?s={search_term_string}\"},\"query-input\":\"required name=search_term_string\"}],\"inLanguage\":\"es\"}]}<\/script>\n<!-- \/ Yoast SEO plugin. -->","yoast_head_json":{"title":"EROPHARM TAURIX CREMA VIGORIZANTE EXTRA FUERTE - Tienda Er\u00f3tica","robots":{"index":"noindex","follow":"follow","max-snippet":"max-snippet:-1","max-image-preview":"max-image-preview:large","max-video-preview":"max-video-preview:-1"},"og_locale":"es_ES","og_type":"article","og_title":"EROPHARM TAURIX CREMA VIGORIZANTE EXTRA FUERTE - Tienda Er\u00f3tica","og_description":"EROPHARM TAURIX EXTRA STRONG Una nueva crema para la virilidad masculina. Su composici\u00f3n natural compuesto con taurina y aut\u00e9ntico extracto","og_url":"https:\/\/demoweb.info\/sexshop001\/producto\/eropharm-taurix-crema-vigorizante-extra-fuerte\/","og_site_name":"Tienda Er\u00f3tica","article_modified_time":"2022-01-22T11:48:35+00:00","og_image":[{"width":550,"height":550,"url":"https:\/\/demoweb.info\/sexshop001\/wp-content\/uploads\/2022\/01\/EROPHARM-TAURIX-CREMA-VIGORIZANTE-EXTRA-FUERTE.jpg","type":"image\/jpeg"}],"twitter_card":"summary_large_image","twitter_misc":{"Tiempo de lectura":"1 minuto"},"schema":{"@context":"https:\/\/schema.org","@graph":[{"@type":"WebPage","@id":"https:\/\/demoweb.info\/sexshop001\/producto\/eropharm-taurix-crema-vigorizante-extra-fuerte\/","url":"https:\/\/demoweb.info\/sexshop001\/producto\/eropharm-taurix-crema-vigorizante-extra-fuerte\/","name":"EROPHARM TAURIX CREMA VIGORIZANTE EXTRA FUERTE - Tienda Er\u00f3tica","isPartOf":{"@id":"https:\/\/demoweb.info\/sexshop001\/#website"},"datePublished":"2022-01-22T11:48:14+00:00","dateModified":"2022-01-22T11:48:35+00:00","breadcrumb":{"@id":"https:\/\/demoweb.info\/sexshop001\/producto\/eropharm-taurix-crema-vigorizante-extra-fuerte\/#breadcrumb"},"inLanguage":"es","potentialAction":[{"@type":"ReadAction","target":["https:\/\/demoweb.info\/sexshop001\/producto\/eropharm-taurix-crema-vigorizante-extra-fuerte\/"]}]},{"@type":"BreadcrumbList","@id":"https:\/\/demoweb.info\/sexshop001\/producto\/eropharm-taurix-crema-vigorizante-extra-fuerte\/#breadcrumb","itemListElement":[{"@type":"ListItem","position":1,"name":"Portada","item":"https:\/\/demoweb.info\/sexshop001\/"},{"@type":"ListItem","position":2,"name":"Tienda","item":"https:\/\/demoweb.info\/sexshop001\/tienda\/"},{"@type":"ListItem","position":3,"name":"EROPHARM TAURIX CREMA VIGORIZANTE EXTRA FUERTE"}]},{"@type":"WebSite","@id":"https:\/\/demoweb.info\/sexshop001\/#website","url":"https:\/\/demoweb.info\/sexshop001\/","name":"Tienda Er\u00f3tica","description":"DEMOWEB SL","potentialAction":[{"@type":"SearchAction","target":{"@type":"EntryPoint","urlTemplate":"https:\/\/demoweb.info\/sexshop001\/?s={search_term_string}"},"query-input":"required name=search_term_string"}],"inLanguage":"es"}]}},"_links":{"self":[{"href":"https:\/\/demoweb.info\/sexshop001\/wp-json\/wp\/v3\/product\/31280","targetHints":{"allow":["GET"]}}],"collection":[{"href":"https:\/\/demoweb.info\/sexshop001\/wp-json\/wp\/v3\/product"}],"about":[{"href":"https:\/\/demoweb.info\/sexshop001\/wp-json\/wp\/v2\/types\/product"}],"replies":[{"embeddable":true,"href":"https:\/\/demoweb.info\/sexshop001\/wp-json\/wp\/v2\/comments?post=31280"}],"wp:featuredmedia":[{"embeddable":true,"href":"https:\/\/demoweb.info\/sexshop001\/wp-json\/wp\/v2\/media\/31281"}],"wp:attachment":[{"href":"https:\/\/demoweb.info\/sexshop001\/wp-json\/wp\/v2\/media?parent=31280"}],"wp:term":[{"taxonomy":"product_cat","embeddable":true,"href":"https:\/\/demoweb.info\/sexshop001\/wp-json\/wp\/v2\/product_cat?post=31280"},{"taxonomy":"product_tag","embeddable":true,"href":"https:\/\/demoweb.info\/sexshop001\/wp-json\/wp\/v2\/product_tag?post=31280"}],"curies":[{"name":"wp","href":"https:\/\/api.w.org\/{rel}","templated":true}]}}