{"id":31181,"date":"2022-01-22T12:47:28","date_gmt":"2022-01-22T11:47:28","guid":{"rendered":"https:\/\/demoweb.info\/sexshop001\/producto\/arnes-de-hombre-con-cuelor-cuero-negro\/"},"modified":"2022-01-22T12:47:34","modified_gmt":"2022-01-22T11:47:34","slug":"arnes-de-hombre-con-cuelor-cuero-negro","status":"publish","type":"product","link":"https:\/\/demoweb.info\/sexshop001\/producto\/arnes-de-hombre-con-cuelor-cuero-negro\/","title":{"rendered":"ARN\u00c9S DE HOMBRE CON CUELOR &#8211; CUERO &#8211; NEGRO"},"content":{"rendered":"<p><strong>MEN HARNESS WITH NECK COLLAR- LEATHER &#8211; BLACK<\/strong><\/p>\n<p>Este arn\u00e9s est\u00e1 confeccionado con hombros gruesos de cuero negro que llaman la atenci\u00f3n y hablan de todo lo fuerte y masculino, mientras que el collar adjunto con cierre de hebilla de metal facilita el juego.<\/p>\n<p>El arn\u00e9s con detalles de cuero y acero tiene 7 correas ajustables; 2 en el pecho, 4 en los hombros y 1 en el cuello. El arn\u00e9s es altamente ajustable, lo que le permite encontrar el ajuste perfecto. La correa para el pecho tambi\u00e9n tiene una junta t\u00f3rica en la parte delantera para facilitar la sujeci\u00f3n de la correa o el cable. \u00dasalo sobre tu piel desnuda o sobre tu ropa para una apariencia que promete una atenci\u00f3n sin esfuerzo.<\/p>\n<p>Medidas:<\/p>\n<ul>\n<li>Las correas del pecho se pueden ajustar de 52 cm a 71 cm.<\/li>\n<li>Las correas de los hombros se pueden ajustar de 40 cm a 50 cm.<\/li>\n<li>El cuello es ajustable de 35 cm a 42 cm.<\/li>\n<\/ul>\n","protected":false},"excerpt":{"rendered":"<p>MEN HARNESS WITH NECK COLLAR- LEATHER &#8211; BLACK Este arn\u00e9s est\u00e1 confeccionado con hombros gruesos de cuero negro que llaman<\/p>\n","protected":false},"featured_media":31182,"comment_status":"open","ping_status":"open","template":"","meta":[],"product_cat":[603],"product_tag":[307,302],"class_list":["post-31181","product","type-product","status-publish","has-post-thumbnail","hentry","product_cat-arneses-ataduras","product_tag-ouch","product_tag-shots"],"bundled_by":[],"bundle_stock_status":"instock","bundle_stock_quantity":1,"bundle_virtual":false,"bundle_layout":"","bundle_add_to_cart_form_location":"","bundle_editable_in_cart":false,"bundle_sold_individually_context":"","bundle_item_grouping":"","bundle_min_size":"","bundle_max_size":"","bundled_items":[],"yoast_head":"<!-- This site is optimized with the Yoast SEO plugin v20.6 - https:\/\/yoast.com\/wordpress\/plugins\/seo\/ -->\n<title>ARN\u00c9S DE HOMBRE CON CUELOR - CUERO - NEGRO - Tienda Er\u00f3tica<\/title>\n<meta name=\"robots\" content=\"noindex, follow, max-snippet:-1, max-image-preview:large, max-video-preview:-1\" \/>\n<meta property=\"og:locale\" content=\"es_ES\" \/>\n<meta property=\"og:type\" content=\"article\" \/>\n<meta property=\"og:title\" content=\"ARN\u00c9S DE HOMBRE CON CUELOR - CUERO - NEGRO - Tienda Er\u00f3tica\" \/>\n<meta property=\"og:description\" content=\"MEN HARNESS WITH NECK COLLAR- LEATHER &#8211; BLACK Este arn\u00e9s est\u00e1 confeccionado con hombros gruesos de cuero negro que llaman\" \/>\n<meta property=\"og:url\" content=\"https:\/\/demoweb.info\/sexshop001\/producto\/arnes-de-hombre-con-cuelor-cuero-negro\/\" \/>\n<meta property=\"og:site_name\" content=\"Tienda Er\u00f3tica\" \/>\n<meta property=\"article:modified_time\" content=\"2022-01-22T11:47:34+00:00\" \/>\n<meta property=\"og:image\" content=\"https:\/\/demoweb.info\/sexshop001\/wp-content\/uploads\/2022\/01\/ARNES-DE-HOMBRE-CON-CUELOR-CUERO-NEGRO.jpg\" \/>\n\t<meta property=\"og:image:width\" content=\"550\" \/>\n\t<meta property=\"og:image:height\" content=\"550\" \/>\n\t<meta property=\"og:image:type\" content=\"image\/jpeg\" \/>\n<meta name=\"twitter:card\" content=\"summary_large_image\" \/>\n<meta name=\"twitter:label1\" content=\"Tiempo de lectura\" \/>\n\t<meta name=\"twitter:data1\" content=\"1 minuto\" \/>\n<script type=\"application\/ld+json\" class=\"yoast-schema-graph\">{\"@context\":\"https:\/\/schema.org\",\"@graph\":[{\"@type\":\"WebPage\",\"@id\":\"https:\/\/demoweb.info\/sexshop001\/producto\/arnes-de-hombre-con-cuelor-cuero-negro\/\",\"url\":\"https:\/\/demoweb.info\/sexshop001\/producto\/arnes-de-hombre-con-cuelor-cuero-negro\/\",\"name\":\"ARN\u00c9S DE HOMBRE CON CUELOR - CUERO - NEGRO - Tienda Er\u00f3tica\",\"isPartOf\":{\"@id\":\"https:\/\/demoweb.info\/sexshop001\/#website\"},\"datePublished\":\"2022-01-22T11:47:28+00:00\",\"dateModified\":\"2022-01-22T11:47:34+00:00\",\"breadcrumb\":{\"@id\":\"https:\/\/demoweb.info\/sexshop001\/producto\/arnes-de-hombre-con-cuelor-cuero-negro\/#breadcrumb\"},\"inLanguage\":\"es\",\"potentialAction\":[{\"@type\":\"ReadAction\",\"target\":[\"https:\/\/demoweb.info\/sexshop001\/producto\/arnes-de-hombre-con-cuelor-cuero-negro\/\"]}]},{\"@type\":\"BreadcrumbList\",\"@id\":\"https:\/\/demoweb.info\/sexshop001\/producto\/arnes-de-hombre-con-cuelor-cuero-negro\/#breadcrumb\",\"itemListElement\":[{\"@type\":\"ListItem\",\"position\":1,\"name\":\"Portada\",\"item\":\"https:\/\/demoweb.info\/sexshop001\/\"},{\"@type\":\"ListItem\",\"position\":2,\"name\":\"Tienda\",\"item\":\"https:\/\/demoweb.info\/sexshop001\/tienda\/\"},{\"@type\":\"ListItem\",\"position\":3,\"name\":\"ARN\u00c9S DE HOMBRE CON CUELOR &#8211; CUERO &#8211; NEGRO\"}]},{\"@type\":\"WebSite\",\"@id\":\"https:\/\/demoweb.info\/sexshop001\/#website\",\"url\":\"https:\/\/demoweb.info\/sexshop001\/\",\"name\":\"Tienda Er\u00f3tica\",\"description\":\"DEMOWEB SL\",\"potentialAction\":[{\"@type\":\"SearchAction\",\"target\":{\"@type\":\"EntryPoint\",\"urlTemplate\":\"https:\/\/demoweb.info\/sexshop001\/?s={search_term_string}\"},\"query-input\":\"required name=search_term_string\"}],\"inLanguage\":\"es\"}]}<\/script>\n<!-- \/ Yoast SEO plugin. -->","yoast_head_json":{"title":"ARN\u00c9S DE HOMBRE CON CUELOR - CUERO - NEGRO - Tienda Er\u00f3tica","robots":{"index":"noindex","follow":"follow","max-snippet":"max-snippet:-1","max-image-preview":"max-image-preview:large","max-video-preview":"max-video-preview:-1"},"og_locale":"es_ES","og_type":"article","og_title":"ARN\u00c9S DE HOMBRE CON CUELOR - CUERO - NEGRO - Tienda Er\u00f3tica","og_description":"MEN HARNESS WITH NECK COLLAR- LEATHER &#8211; BLACK Este arn\u00e9s est\u00e1 confeccionado con hombros gruesos de cuero negro que llaman","og_url":"https:\/\/demoweb.info\/sexshop001\/producto\/arnes-de-hombre-con-cuelor-cuero-negro\/","og_site_name":"Tienda Er\u00f3tica","article_modified_time":"2022-01-22T11:47:34+00:00","og_image":[{"width":550,"height":550,"url":"https:\/\/demoweb.info\/sexshop001\/wp-content\/uploads\/2022\/01\/ARNES-DE-HOMBRE-CON-CUELOR-CUERO-NEGRO.jpg","type":"image\/jpeg"}],"twitter_card":"summary_large_image","twitter_misc":{"Tiempo de lectura":"1 minuto"},"schema":{"@context":"https:\/\/schema.org","@graph":[{"@type":"WebPage","@id":"https:\/\/demoweb.info\/sexshop001\/producto\/arnes-de-hombre-con-cuelor-cuero-negro\/","url":"https:\/\/demoweb.info\/sexshop001\/producto\/arnes-de-hombre-con-cuelor-cuero-negro\/","name":"ARN\u00c9S DE HOMBRE CON CUELOR - CUERO - NEGRO - Tienda Er\u00f3tica","isPartOf":{"@id":"https:\/\/demoweb.info\/sexshop001\/#website"},"datePublished":"2022-01-22T11:47:28+00:00","dateModified":"2022-01-22T11:47:34+00:00","breadcrumb":{"@id":"https:\/\/demoweb.info\/sexshop001\/producto\/arnes-de-hombre-con-cuelor-cuero-negro\/#breadcrumb"},"inLanguage":"es","potentialAction":[{"@type":"ReadAction","target":["https:\/\/demoweb.info\/sexshop001\/producto\/arnes-de-hombre-con-cuelor-cuero-negro\/"]}]},{"@type":"BreadcrumbList","@id":"https:\/\/demoweb.info\/sexshop001\/producto\/arnes-de-hombre-con-cuelor-cuero-negro\/#breadcrumb","itemListElement":[{"@type":"ListItem","position":1,"name":"Portada","item":"https:\/\/demoweb.info\/sexshop001\/"},{"@type":"ListItem","position":2,"name":"Tienda","item":"https:\/\/demoweb.info\/sexshop001\/tienda\/"},{"@type":"ListItem","position":3,"name":"ARN\u00c9S DE HOMBRE CON CUELOR &#8211; CUERO &#8211; NEGRO"}]},{"@type":"WebSite","@id":"https:\/\/demoweb.info\/sexshop001\/#website","url":"https:\/\/demoweb.info\/sexshop001\/","name":"Tienda Er\u00f3tica","description":"DEMOWEB SL","potentialAction":[{"@type":"SearchAction","target":{"@type":"EntryPoint","urlTemplate":"https:\/\/demoweb.info\/sexshop001\/?s={search_term_string}"},"query-input":"required name=search_term_string"}],"inLanguage":"es"}]}},"_links":{"self":[{"href":"https:\/\/demoweb.info\/sexshop001\/wp-json\/wp\/v3\/product\/31181","targetHints":{"allow":["GET"]}}],"collection":[{"href":"https:\/\/demoweb.info\/sexshop001\/wp-json\/wp\/v3\/product"}],"about":[{"href":"https:\/\/demoweb.info\/sexshop001\/wp-json\/wp\/v2\/types\/product"}],"replies":[{"embeddable":true,"href":"https:\/\/demoweb.info\/sexshop001\/wp-json\/wp\/v2\/comments?post=31181"}],"wp:featuredmedia":[{"embeddable":true,"href":"https:\/\/demoweb.info\/sexshop001\/wp-json\/wp\/v2\/media\/31182"}],"wp:attachment":[{"href":"https:\/\/demoweb.info\/sexshop001\/wp-json\/wp\/v2\/media?parent=31181"}],"wp:term":[{"taxonomy":"product_cat","embeddable":true,"href":"https:\/\/demoweb.info\/sexshop001\/wp-json\/wp\/v2\/product_cat?post=31181"},{"taxonomy":"product_tag","embeddable":true,"href":"https:\/\/demoweb.info\/sexshop001\/wp-json\/wp\/v2\/product_tag?post=31181"}],"curies":[{"name":"wp","href":"https:\/\/api.w.org\/{rel}","templated":true}]}}