{"id":31176,"date":"2022-01-22T12:47:28","date_gmt":"2022-01-22T11:47:28","guid":{"rendered":"https:\/\/demoweb.info\/sexshop001\/producto\/tirantes-para-hombre-cuero-dividido-negro\/"},"modified":"2022-01-22T12:47:31","modified_gmt":"2022-01-22T11:47:31","slug":"tirantes-para-hombre-cuero-dividido-negro","status":"publish","type":"product","link":"https:\/\/demoweb.info\/sexshop001\/producto\/tirantes-para-hombre-cuero-dividido-negro\/","title":{"rendered":"TIRANTES PARA HOMBRE &#8211; CUERO DIVIDIDO &#8211; NEGRO"},"content":{"rendered":"<p><strong>MEN&#39;S SUSPENDERS &#8211; SPLIT LEATHER &#8211; BLACK<\/strong><\/p>\n<p>Ya sea en una discoteca o en casa en tu guarida del amor, cuando uses los tirantes de cuero de aspecto resistente (tirantes), \u00a1se te dar\u00e1 respeto en todo momento!<\/p>\n<p>Estos tirantes de cuero y acero inoxidable tienen 2 correas de cuero ajustables y 3 clips de acero que se sujetan f\u00e1cilmente a las presillas del cintur\u00f3n. Las correas se unen con una junta t\u00f3rica en la parte posterior que brinda la posibilidad de colocar tus dispositivos de control o sujeci\u00f3n favoritos.<\/p>\n<p>Estos tirantes fetiche de moda son totalmente apropiados para el d\u00eda, pero se pueden cambiar a un aspecto de cuero elegante. T\u00fa decides de qu\u00e9 manera los usar\u00e1s; Las posibilidades son infinitas.<\/p>\n<p>Estos tirantes son ajustables de 91 cm a 112 cm.<\/p>\n","protected":false},"excerpt":{"rendered":"<p>MEN&#39;S SUSPENDERS &#8211; SPLIT LEATHER &#8211; BLACK Ya sea en una discoteca o en casa en tu guarida del amor,<\/p>\n","protected":false},"featured_media":31177,"comment_status":"open","ping_status":"open","template":"","meta":[],"product_cat":[603],"product_tag":[307,302],"class_list":["post-31176","product","type-product","status-publish","has-post-thumbnail","hentry","product_cat-arneses-ataduras","product_tag-ouch","product_tag-shots"],"bundled_by":[],"bundle_stock_status":"instock","bundle_stock_quantity":1,"bundle_virtual":false,"bundle_layout":"","bundle_add_to_cart_form_location":"","bundle_editable_in_cart":false,"bundle_sold_individually_context":"","bundle_item_grouping":"","bundle_min_size":"","bundle_max_size":"","bundled_items":[],"yoast_head":"<!-- This site is optimized with the Yoast SEO plugin v20.6 - https:\/\/yoast.com\/wordpress\/plugins\/seo\/ -->\n<title>TIRANTES PARA HOMBRE - CUERO DIVIDIDO - NEGRO - Tienda Er\u00f3tica<\/title>\n<meta name=\"robots\" content=\"noindex, follow, max-snippet:-1, max-image-preview:large, max-video-preview:-1\" \/>\n<meta property=\"og:locale\" content=\"es_ES\" \/>\n<meta property=\"og:type\" content=\"article\" \/>\n<meta property=\"og:title\" content=\"TIRANTES PARA HOMBRE - CUERO DIVIDIDO - NEGRO - Tienda Er\u00f3tica\" \/>\n<meta property=\"og:description\" content=\"MEN&#039;S SUSPENDERS &#8211; SPLIT LEATHER &#8211; BLACK Ya sea en una discoteca o en casa en tu guarida del amor,\" \/>\n<meta property=\"og:url\" content=\"https:\/\/demoweb.info\/sexshop001\/producto\/tirantes-para-hombre-cuero-dividido-negro\/\" \/>\n<meta property=\"og:site_name\" content=\"Tienda Er\u00f3tica\" \/>\n<meta property=\"article:modified_time\" content=\"2022-01-22T11:47:31+00:00\" \/>\n<meta property=\"og:image\" content=\"https:\/\/demoweb.info\/sexshop001\/wp-content\/uploads\/2022\/01\/TIRANTES-PARA-HOMBRE-CUERO-DIVIDIDO-NEGRO.jpg\" \/>\n\t<meta property=\"og:image:width\" content=\"550\" \/>\n\t<meta property=\"og:image:height\" content=\"550\" \/>\n\t<meta property=\"og:image:type\" content=\"image\/jpeg\" \/>\n<meta name=\"twitter:card\" content=\"summary_large_image\" \/>\n<meta name=\"twitter:label1\" content=\"Tiempo de lectura\" \/>\n\t<meta name=\"twitter:data1\" content=\"1 minuto\" \/>\n<script type=\"application\/ld+json\" class=\"yoast-schema-graph\">{\"@context\":\"https:\/\/schema.org\",\"@graph\":[{\"@type\":\"WebPage\",\"@id\":\"https:\/\/demoweb.info\/sexshop001\/producto\/tirantes-para-hombre-cuero-dividido-negro\/\",\"url\":\"https:\/\/demoweb.info\/sexshop001\/producto\/tirantes-para-hombre-cuero-dividido-negro\/\",\"name\":\"TIRANTES PARA HOMBRE - CUERO DIVIDIDO - NEGRO - Tienda Er\u00f3tica\",\"isPartOf\":{\"@id\":\"https:\/\/demoweb.info\/sexshop001\/#website\"},\"datePublished\":\"2022-01-22T11:47:28+00:00\",\"dateModified\":\"2022-01-22T11:47:31+00:00\",\"breadcrumb\":{\"@id\":\"https:\/\/demoweb.info\/sexshop001\/producto\/tirantes-para-hombre-cuero-dividido-negro\/#breadcrumb\"},\"inLanguage\":\"es\",\"potentialAction\":[{\"@type\":\"ReadAction\",\"target\":[\"https:\/\/demoweb.info\/sexshop001\/producto\/tirantes-para-hombre-cuero-dividido-negro\/\"]}]},{\"@type\":\"BreadcrumbList\",\"@id\":\"https:\/\/demoweb.info\/sexshop001\/producto\/tirantes-para-hombre-cuero-dividido-negro\/#breadcrumb\",\"itemListElement\":[{\"@type\":\"ListItem\",\"position\":1,\"name\":\"Portada\",\"item\":\"https:\/\/demoweb.info\/sexshop001\/\"},{\"@type\":\"ListItem\",\"position\":2,\"name\":\"Tienda\",\"item\":\"https:\/\/demoweb.info\/sexshop001\/tienda\/\"},{\"@type\":\"ListItem\",\"position\":3,\"name\":\"TIRANTES PARA HOMBRE &#8211; CUERO DIVIDIDO &#8211; NEGRO\"}]},{\"@type\":\"WebSite\",\"@id\":\"https:\/\/demoweb.info\/sexshop001\/#website\",\"url\":\"https:\/\/demoweb.info\/sexshop001\/\",\"name\":\"Tienda Er\u00f3tica\",\"description\":\"DEMOWEB SL\",\"potentialAction\":[{\"@type\":\"SearchAction\",\"target\":{\"@type\":\"EntryPoint\",\"urlTemplate\":\"https:\/\/demoweb.info\/sexshop001\/?s={search_term_string}\"},\"query-input\":\"required name=search_term_string\"}],\"inLanguage\":\"es\"}]}<\/script>\n<!-- \/ Yoast SEO plugin. -->","yoast_head_json":{"title":"TIRANTES PARA HOMBRE - CUERO DIVIDIDO - NEGRO - Tienda Er\u00f3tica","robots":{"index":"noindex","follow":"follow","max-snippet":"max-snippet:-1","max-image-preview":"max-image-preview:large","max-video-preview":"max-video-preview:-1"},"og_locale":"es_ES","og_type":"article","og_title":"TIRANTES PARA HOMBRE - CUERO DIVIDIDO - NEGRO - Tienda Er\u00f3tica","og_description":"MEN&#39;S SUSPENDERS &#8211; SPLIT LEATHER &#8211; BLACK Ya sea en una discoteca o en casa en tu guarida del amor,","og_url":"https:\/\/demoweb.info\/sexshop001\/producto\/tirantes-para-hombre-cuero-dividido-negro\/","og_site_name":"Tienda Er\u00f3tica","article_modified_time":"2022-01-22T11:47:31+00:00","og_image":[{"width":550,"height":550,"url":"https:\/\/demoweb.info\/sexshop001\/wp-content\/uploads\/2022\/01\/TIRANTES-PARA-HOMBRE-CUERO-DIVIDIDO-NEGRO.jpg","type":"image\/jpeg"}],"twitter_card":"summary_large_image","twitter_misc":{"Tiempo de lectura":"1 minuto"},"schema":{"@context":"https:\/\/schema.org","@graph":[{"@type":"WebPage","@id":"https:\/\/demoweb.info\/sexshop001\/producto\/tirantes-para-hombre-cuero-dividido-negro\/","url":"https:\/\/demoweb.info\/sexshop001\/producto\/tirantes-para-hombre-cuero-dividido-negro\/","name":"TIRANTES PARA HOMBRE - CUERO DIVIDIDO - NEGRO - Tienda Er\u00f3tica","isPartOf":{"@id":"https:\/\/demoweb.info\/sexshop001\/#website"},"datePublished":"2022-01-22T11:47:28+00:00","dateModified":"2022-01-22T11:47:31+00:00","breadcrumb":{"@id":"https:\/\/demoweb.info\/sexshop001\/producto\/tirantes-para-hombre-cuero-dividido-negro\/#breadcrumb"},"inLanguage":"es","potentialAction":[{"@type":"ReadAction","target":["https:\/\/demoweb.info\/sexshop001\/producto\/tirantes-para-hombre-cuero-dividido-negro\/"]}]},{"@type":"BreadcrumbList","@id":"https:\/\/demoweb.info\/sexshop001\/producto\/tirantes-para-hombre-cuero-dividido-negro\/#breadcrumb","itemListElement":[{"@type":"ListItem","position":1,"name":"Portada","item":"https:\/\/demoweb.info\/sexshop001\/"},{"@type":"ListItem","position":2,"name":"Tienda","item":"https:\/\/demoweb.info\/sexshop001\/tienda\/"},{"@type":"ListItem","position":3,"name":"TIRANTES PARA HOMBRE &#8211; CUERO DIVIDIDO &#8211; NEGRO"}]},{"@type":"WebSite","@id":"https:\/\/demoweb.info\/sexshop001\/#website","url":"https:\/\/demoweb.info\/sexshop001\/","name":"Tienda Er\u00f3tica","description":"DEMOWEB SL","potentialAction":[{"@type":"SearchAction","target":{"@type":"EntryPoint","urlTemplate":"https:\/\/demoweb.info\/sexshop001\/?s={search_term_string}"},"query-input":"required name=search_term_string"}],"inLanguage":"es"}]}},"_links":{"self":[{"href":"https:\/\/demoweb.info\/sexshop001\/wp-json\/wp\/v3\/product\/31176","targetHints":{"allow":["GET"]}}],"collection":[{"href":"https:\/\/demoweb.info\/sexshop001\/wp-json\/wp\/v3\/product"}],"about":[{"href":"https:\/\/demoweb.info\/sexshop001\/wp-json\/wp\/v2\/types\/product"}],"replies":[{"embeddable":true,"href":"https:\/\/demoweb.info\/sexshop001\/wp-json\/wp\/v2\/comments?post=31176"}],"wp:featuredmedia":[{"embeddable":true,"href":"https:\/\/demoweb.info\/sexshop001\/wp-json\/wp\/v2\/media\/31177"}],"wp:attachment":[{"href":"https:\/\/demoweb.info\/sexshop001\/wp-json\/wp\/v2\/media?parent=31176"}],"wp:term":[{"taxonomy":"product_cat","embeddable":true,"href":"https:\/\/demoweb.info\/sexshop001\/wp-json\/wp\/v2\/product_cat?post=31176"},{"taxonomy":"product_tag","embeddable":true,"href":"https:\/\/demoweb.info\/sexshop001\/wp-json\/wp\/v2\/product_tag?post=31176"}],"curies":[{"name":"wp","href":"https:\/\/api.w.org\/{rel}","templated":true}]}}