{"id":31142,"date":"2022-01-22T12:47:06","date_gmt":"2022-01-22T11:47:06","guid":{"rendered":"https:\/\/demoweb.info\/sexshop001\/producto\/arnes-con-manchas-metalicas-negro\/"},"modified":"2022-01-22T12:47:10","modified_gmt":"2022-01-22T11:47:10","slug":"arnes-con-manchas-metalicas-negro","status":"publish","type":"product","link":"https:\/\/demoweb.info\/sexshop001\/producto\/arnes-con-manchas-metalicas-negro\/","title":{"rendered":"ARN\u00c9S CON MANCHAS MET\u00c1LICAS &#8211; NEGRO"},"content":{"rendered":"<p><strong>HARNESS WITH METAL SPOTS &#8211; BLACK<\/strong><\/p>\n<p>\u00a1Este arn\u00e9s est\u00e1 hecho con una mezcla de cuero y acero resistente para ofrecer un aspecto exc\u00e9ntrico y duro que no pasar\u00e1 desapercibido!<\/p>\n<p>Tanto si quieres hacer una contundente declaraci\u00f3n de estilo poni\u00e9ndotelo por encima de la ropa, como usarlo a modo de complemento sado, \u00a1con este modelito vivir\u00e1s momentos muy excitantes!<\/p>\n<p>El arn\u00e9s se cierra por la espalda, por el cuello y por la cintura con correas robustas ajustables para que se ci\u00f1a de una forma maravillosamente c\u00f3moda. Tiene 4 juntas t\u00f3ricas, dos delante y dos detr\u00e1s para acoplar todo tipo de accesorios. Este arn\u00e9s elegantemente rematado con detalles tachonados solo est\u00e1 disponible en negro. Las correas de la cintura se pueden ajustar entre 100 cm y 127 cm y las de los hombros entre 30 cm y 42 cm.<\/p>\n","protected":false},"excerpt":{"rendered":"<p>HARNESS WITH METAL SPOTS &#8211; BLACK \u00a1Este arn\u00e9s est\u00e1 hecho con una mezcla de cuero y acero resistente para ofrecer<\/p>\n","protected":false},"featured_media":31143,"comment_status":"open","ping_status":"open","template":"","meta":[],"product_cat":[603],"product_tag":[307,302],"class_list":["post-31142","product","type-product","status-publish","has-post-thumbnail","hentry","product_cat-arneses-ataduras","product_tag-ouch","product_tag-shots"],"bundled_by":[],"bundle_stock_status":"instock","bundle_stock_quantity":1,"bundle_virtual":false,"bundle_layout":"","bundle_add_to_cart_form_location":"","bundle_editable_in_cart":false,"bundle_sold_individually_context":"","bundle_item_grouping":"","bundle_min_size":"","bundle_max_size":"","bundled_items":[],"yoast_head":"<!-- This site is optimized with the Yoast SEO plugin v20.6 - https:\/\/yoast.com\/wordpress\/plugins\/seo\/ -->\n<title>ARN\u00c9S CON MANCHAS MET\u00c1LICAS - NEGRO - Tienda Er\u00f3tica<\/title>\n<meta name=\"robots\" content=\"noindex, follow, max-snippet:-1, max-image-preview:large, max-video-preview:-1\" \/>\n<meta property=\"og:locale\" content=\"es_ES\" \/>\n<meta property=\"og:type\" content=\"article\" \/>\n<meta property=\"og:title\" content=\"ARN\u00c9S CON MANCHAS MET\u00c1LICAS - NEGRO - Tienda Er\u00f3tica\" \/>\n<meta property=\"og:description\" content=\"HARNESS WITH METAL SPOTS &#8211; BLACK \u00a1Este arn\u00e9s est\u00e1 hecho con una mezcla de cuero y acero resistente para ofrecer\" \/>\n<meta property=\"og:url\" content=\"https:\/\/demoweb.info\/sexshop001\/producto\/arnes-con-manchas-metalicas-negro\/\" \/>\n<meta property=\"og:site_name\" content=\"Tienda Er\u00f3tica\" \/>\n<meta property=\"article:modified_time\" content=\"2022-01-22T11:47:10+00:00\" \/>\n<meta property=\"og:image\" content=\"https:\/\/demoweb.info\/sexshop001\/wp-content\/uploads\/2022\/01\/ARNES-CON-MANCHAS-METALICAS-NEGRO.jpg\" \/>\n\t<meta property=\"og:image:width\" content=\"550\" \/>\n\t<meta property=\"og:image:height\" content=\"550\" \/>\n\t<meta property=\"og:image:type\" content=\"image\/jpeg\" \/>\n<meta name=\"twitter:card\" content=\"summary_large_image\" \/>\n<meta name=\"twitter:label1\" content=\"Tiempo de lectura\" \/>\n\t<meta name=\"twitter:data1\" content=\"1 minuto\" \/>\n<script type=\"application\/ld+json\" class=\"yoast-schema-graph\">{\"@context\":\"https:\/\/schema.org\",\"@graph\":[{\"@type\":\"WebPage\",\"@id\":\"https:\/\/demoweb.info\/sexshop001\/producto\/arnes-con-manchas-metalicas-negro\/\",\"url\":\"https:\/\/demoweb.info\/sexshop001\/producto\/arnes-con-manchas-metalicas-negro\/\",\"name\":\"ARN\u00c9S CON MANCHAS MET\u00c1LICAS - NEGRO - Tienda Er\u00f3tica\",\"isPartOf\":{\"@id\":\"https:\/\/demoweb.info\/sexshop001\/#website\"},\"datePublished\":\"2022-01-22T11:47:06+00:00\",\"dateModified\":\"2022-01-22T11:47:10+00:00\",\"breadcrumb\":{\"@id\":\"https:\/\/demoweb.info\/sexshop001\/producto\/arnes-con-manchas-metalicas-negro\/#breadcrumb\"},\"inLanguage\":\"es\",\"potentialAction\":[{\"@type\":\"ReadAction\",\"target\":[\"https:\/\/demoweb.info\/sexshop001\/producto\/arnes-con-manchas-metalicas-negro\/\"]}]},{\"@type\":\"BreadcrumbList\",\"@id\":\"https:\/\/demoweb.info\/sexshop001\/producto\/arnes-con-manchas-metalicas-negro\/#breadcrumb\",\"itemListElement\":[{\"@type\":\"ListItem\",\"position\":1,\"name\":\"Portada\",\"item\":\"https:\/\/demoweb.info\/sexshop001\/\"},{\"@type\":\"ListItem\",\"position\":2,\"name\":\"Tienda\",\"item\":\"https:\/\/demoweb.info\/sexshop001\/tienda\/\"},{\"@type\":\"ListItem\",\"position\":3,\"name\":\"ARN\u00c9S CON MANCHAS MET\u00c1LICAS &#8211; NEGRO\"}]},{\"@type\":\"WebSite\",\"@id\":\"https:\/\/demoweb.info\/sexshop001\/#website\",\"url\":\"https:\/\/demoweb.info\/sexshop001\/\",\"name\":\"Tienda Er\u00f3tica\",\"description\":\"DEMOWEB SL\",\"potentialAction\":[{\"@type\":\"SearchAction\",\"target\":{\"@type\":\"EntryPoint\",\"urlTemplate\":\"https:\/\/demoweb.info\/sexshop001\/?s={search_term_string}\"},\"query-input\":\"required name=search_term_string\"}],\"inLanguage\":\"es\"}]}<\/script>\n<!-- \/ Yoast SEO plugin. -->","yoast_head_json":{"title":"ARN\u00c9S CON MANCHAS MET\u00c1LICAS - NEGRO - Tienda Er\u00f3tica","robots":{"index":"noindex","follow":"follow","max-snippet":"max-snippet:-1","max-image-preview":"max-image-preview:large","max-video-preview":"max-video-preview:-1"},"og_locale":"es_ES","og_type":"article","og_title":"ARN\u00c9S CON MANCHAS MET\u00c1LICAS - NEGRO - Tienda Er\u00f3tica","og_description":"HARNESS WITH METAL SPOTS &#8211; BLACK \u00a1Este arn\u00e9s est\u00e1 hecho con una mezcla de cuero y acero resistente para ofrecer","og_url":"https:\/\/demoweb.info\/sexshop001\/producto\/arnes-con-manchas-metalicas-negro\/","og_site_name":"Tienda Er\u00f3tica","article_modified_time":"2022-01-22T11:47:10+00:00","og_image":[{"width":550,"height":550,"url":"https:\/\/demoweb.info\/sexshop001\/wp-content\/uploads\/2022\/01\/ARNES-CON-MANCHAS-METALICAS-NEGRO.jpg","type":"image\/jpeg"}],"twitter_card":"summary_large_image","twitter_misc":{"Tiempo de lectura":"1 minuto"},"schema":{"@context":"https:\/\/schema.org","@graph":[{"@type":"WebPage","@id":"https:\/\/demoweb.info\/sexshop001\/producto\/arnes-con-manchas-metalicas-negro\/","url":"https:\/\/demoweb.info\/sexshop001\/producto\/arnes-con-manchas-metalicas-negro\/","name":"ARN\u00c9S CON MANCHAS MET\u00c1LICAS - NEGRO - Tienda Er\u00f3tica","isPartOf":{"@id":"https:\/\/demoweb.info\/sexshop001\/#website"},"datePublished":"2022-01-22T11:47:06+00:00","dateModified":"2022-01-22T11:47:10+00:00","breadcrumb":{"@id":"https:\/\/demoweb.info\/sexshop001\/producto\/arnes-con-manchas-metalicas-negro\/#breadcrumb"},"inLanguage":"es","potentialAction":[{"@type":"ReadAction","target":["https:\/\/demoweb.info\/sexshop001\/producto\/arnes-con-manchas-metalicas-negro\/"]}]},{"@type":"BreadcrumbList","@id":"https:\/\/demoweb.info\/sexshop001\/producto\/arnes-con-manchas-metalicas-negro\/#breadcrumb","itemListElement":[{"@type":"ListItem","position":1,"name":"Portada","item":"https:\/\/demoweb.info\/sexshop001\/"},{"@type":"ListItem","position":2,"name":"Tienda","item":"https:\/\/demoweb.info\/sexshop001\/tienda\/"},{"@type":"ListItem","position":3,"name":"ARN\u00c9S CON MANCHAS MET\u00c1LICAS &#8211; NEGRO"}]},{"@type":"WebSite","@id":"https:\/\/demoweb.info\/sexshop001\/#website","url":"https:\/\/demoweb.info\/sexshop001\/","name":"Tienda Er\u00f3tica","description":"DEMOWEB SL","potentialAction":[{"@type":"SearchAction","target":{"@type":"EntryPoint","urlTemplate":"https:\/\/demoweb.info\/sexshop001\/?s={search_term_string}"},"query-input":"required name=search_term_string"}],"inLanguage":"es"}]}},"_links":{"self":[{"href":"https:\/\/demoweb.info\/sexshop001\/wp-json\/wp\/v3\/product\/31142","targetHints":{"allow":["GET"]}}],"collection":[{"href":"https:\/\/demoweb.info\/sexshop001\/wp-json\/wp\/v3\/product"}],"about":[{"href":"https:\/\/demoweb.info\/sexshop001\/wp-json\/wp\/v2\/types\/product"}],"replies":[{"embeddable":true,"href":"https:\/\/demoweb.info\/sexshop001\/wp-json\/wp\/v2\/comments?post=31142"}],"wp:featuredmedia":[{"embeddable":true,"href":"https:\/\/demoweb.info\/sexshop001\/wp-json\/wp\/v2\/media\/31143"}],"wp:attachment":[{"href":"https:\/\/demoweb.info\/sexshop001\/wp-json\/wp\/v2\/media?parent=31142"}],"wp:term":[{"taxonomy":"product_cat","embeddable":true,"href":"https:\/\/demoweb.info\/sexshop001\/wp-json\/wp\/v2\/product_cat?post=31142"},{"taxonomy":"product_tag","embeddable":true,"href":"https:\/\/demoweb.info\/sexshop001\/wp-json\/wp\/v2\/product_tag?post=31142"}],"curies":[{"name":"wp","href":"https:\/\/api.w.org\/{rel}","templated":true}]}}