{"id":31106,"date":"2022-01-22T12:46:41","date_gmt":"2022-01-22T11:46:41","guid":{"rendered":"https:\/\/demoweb.info\/sexshop001\/producto\/kit-bondage-ejercito\/"},"modified":"2022-01-22T12:46:48","modified_gmt":"2022-01-22T11:46:48","slug":"kit-bondage-ejercito","status":"publish","type":"product","link":"https:\/\/demoweb.info\/sexshop001\/producto\/kit-bondage-ejercito\/","title":{"rendered":"KIT BONDAGE EJ\u00c9RCITO"},"content":{"rendered":"<p><strong>ARMY BONDAGE KIT<\/strong><\/p>\n<p>Este incre\u00edble kit BDSM de camuflaje militar es una valiosa adici\u00f3n a cualquier colecci\u00f3n BDSM.<br \/>\nLleva a tu sumisa a los talones con este fabuloso, moderno y funcional conjunto de accesorios.<\/p>\n<p>Incluye:<br \/>\nPu\u00f1os de mu\u00f1eca y tobillo, hogtie, collar con correa, mordaza con junta t\u00f3rica, mordaza de gancho, mordaza de bola transpirable, venda para los ojos, m\u00e1scara con abertura para la boca y paleta.<\/p>\n<p>Esta colecci\u00f3n perversa cubre pr\u00e1cticamente todo lo que necesitas para la experiencia BDSM completa. El conjunto del ej\u00e9rcito de Ouch est\u00e1 garantizado para brindarte hora tras hora de acci\u00f3n, ya sea esclavitud, sumisi\u00f3n, dominaci\u00f3n, moderaci\u00f3n de todo el cuerpo, placer o dolor, lo encontrar\u00e1 todo en esta caja.<\/p>\n<p>Por lo tanto, ya sea que est\u00e9 comenzando su viaje BDSM o seas un conocedor de fetiches, los kits de bondage Ouch ser\u00e1n una adici\u00f3n muy querida a tu colecci\u00f3n.<\/p>\n","protected":false},"excerpt":{"rendered":"<p>ARMY BONDAGE KIT Este incre\u00edble kit BDSM de camuflaje militar es una valiosa adici\u00f3n a cualquier colecci\u00f3n BDSM. Lleva a<\/p>\n","protected":false},"featured_media":31107,"comment_status":"open","ping_status":"open","template":"","meta":[],"product_cat":[333],"product_tag":[307,302],"class_list":["post-31106","product","type-product","status-publish","has-post-thumbnail","hentry","product_cat-kits-bdsm","product_tag-ouch","product_tag-shots"],"bundled_by":[],"bundle_stock_status":"instock","bundle_stock_quantity":1,"bundle_virtual":false,"bundle_layout":"","bundle_add_to_cart_form_location":"","bundle_editable_in_cart":false,"bundle_sold_individually_context":"","bundle_item_grouping":"","bundle_min_size":"","bundle_max_size":"","bundled_items":[],"yoast_head":"<!-- This site is optimized with the Yoast SEO plugin v20.6 - https:\/\/yoast.com\/wordpress\/plugins\/seo\/ -->\n<title>KIT BONDAGE EJ\u00c9RCITO - Tienda Er\u00f3tica<\/title>\n<meta name=\"robots\" content=\"noindex, follow, max-snippet:-1, max-image-preview:large, max-video-preview:-1\" \/>\n<meta property=\"og:locale\" content=\"es_ES\" \/>\n<meta property=\"og:type\" content=\"article\" \/>\n<meta property=\"og:title\" content=\"KIT BONDAGE EJ\u00c9RCITO - Tienda Er\u00f3tica\" \/>\n<meta property=\"og:description\" content=\"ARMY BONDAGE KIT Este incre\u00edble kit BDSM de camuflaje militar es una valiosa adici\u00f3n a cualquier colecci\u00f3n BDSM. Lleva a\" \/>\n<meta property=\"og:url\" content=\"https:\/\/demoweb.info\/sexshop001\/producto\/kit-bondage-ejercito\/\" \/>\n<meta property=\"og:site_name\" content=\"Tienda Er\u00f3tica\" \/>\n<meta property=\"article:modified_time\" content=\"2022-01-22T11:46:48+00:00\" \/>\n<meta property=\"og:image\" content=\"https:\/\/demoweb.info\/sexshop001\/wp-content\/uploads\/2022\/01\/KIT-BONDAGE-EJERCITO.jpg\" \/>\n\t<meta property=\"og:image:width\" content=\"550\" \/>\n\t<meta property=\"og:image:height\" content=\"550\" \/>\n\t<meta property=\"og:image:type\" content=\"image\/jpeg\" \/>\n<meta name=\"twitter:card\" content=\"summary_large_image\" \/>\n<meta name=\"twitter:label1\" content=\"Tiempo de lectura\" \/>\n\t<meta name=\"twitter:data1\" content=\"1 minuto\" \/>\n<script type=\"application\/ld+json\" class=\"yoast-schema-graph\">{\"@context\":\"https:\/\/schema.org\",\"@graph\":[{\"@type\":\"WebPage\",\"@id\":\"https:\/\/demoweb.info\/sexshop001\/producto\/kit-bondage-ejercito\/\",\"url\":\"https:\/\/demoweb.info\/sexshop001\/producto\/kit-bondage-ejercito\/\",\"name\":\"KIT BONDAGE EJ\u00c9RCITO - Tienda Er\u00f3tica\",\"isPartOf\":{\"@id\":\"https:\/\/demoweb.info\/sexshop001\/#website\"},\"datePublished\":\"2022-01-22T11:46:41+00:00\",\"dateModified\":\"2022-01-22T11:46:48+00:00\",\"breadcrumb\":{\"@id\":\"https:\/\/demoweb.info\/sexshop001\/producto\/kit-bondage-ejercito\/#breadcrumb\"},\"inLanguage\":\"es\",\"potentialAction\":[{\"@type\":\"ReadAction\",\"target\":[\"https:\/\/demoweb.info\/sexshop001\/producto\/kit-bondage-ejercito\/\"]}]},{\"@type\":\"BreadcrumbList\",\"@id\":\"https:\/\/demoweb.info\/sexshop001\/producto\/kit-bondage-ejercito\/#breadcrumb\",\"itemListElement\":[{\"@type\":\"ListItem\",\"position\":1,\"name\":\"Portada\",\"item\":\"https:\/\/demoweb.info\/sexshop001\/\"},{\"@type\":\"ListItem\",\"position\":2,\"name\":\"Tienda\",\"item\":\"https:\/\/demoweb.info\/sexshop001\/tienda\/\"},{\"@type\":\"ListItem\",\"position\":3,\"name\":\"KIT BONDAGE EJ\u00c9RCITO\"}]},{\"@type\":\"WebSite\",\"@id\":\"https:\/\/demoweb.info\/sexshop001\/#website\",\"url\":\"https:\/\/demoweb.info\/sexshop001\/\",\"name\":\"Tienda Er\u00f3tica\",\"description\":\"DEMOWEB SL\",\"potentialAction\":[{\"@type\":\"SearchAction\",\"target\":{\"@type\":\"EntryPoint\",\"urlTemplate\":\"https:\/\/demoweb.info\/sexshop001\/?s={search_term_string}\"},\"query-input\":\"required name=search_term_string\"}],\"inLanguage\":\"es\"}]}<\/script>\n<!-- \/ Yoast SEO plugin. -->","yoast_head_json":{"title":"KIT BONDAGE EJ\u00c9RCITO - Tienda Er\u00f3tica","robots":{"index":"noindex","follow":"follow","max-snippet":"max-snippet:-1","max-image-preview":"max-image-preview:large","max-video-preview":"max-video-preview:-1"},"og_locale":"es_ES","og_type":"article","og_title":"KIT BONDAGE EJ\u00c9RCITO - Tienda Er\u00f3tica","og_description":"ARMY BONDAGE KIT Este incre\u00edble kit BDSM de camuflaje militar es una valiosa adici\u00f3n a cualquier colecci\u00f3n BDSM. Lleva a","og_url":"https:\/\/demoweb.info\/sexshop001\/producto\/kit-bondage-ejercito\/","og_site_name":"Tienda Er\u00f3tica","article_modified_time":"2022-01-22T11:46:48+00:00","og_image":[{"width":550,"height":550,"url":"https:\/\/demoweb.info\/sexshop001\/wp-content\/uploads\/2022\/01\/KIT-BONDAGE-EJERCITO.jpg","type":"image\/jpeg"}],"twitter_card":"summary_large_image","twitter_misc":{"Tiempo de lectura":"1 minuto"},"schema":{"@context":"https:\/\/schema.org","@graph":[{"@type":"WebPage","@id":"https:\/\/demoweb.info\/sexshop001\/producto\/kit-bondage-ejercito\/","url":"https:\/\/demoweb.info\/sexshop001\/producto\/kit-bondage-ejercito\/","name":"KIT BONDAGE EJ\u00c9RCITO - Tienda Er\u00f3tica","isPartOf":{"@id":"https:\/\/demoweb.info\/sexshop001\/#website"},"datePublished":"2022-01-22T11:46:41+00:00","dateModified":"2022-01-22T11:46:48+00:00","breadcrumb":{"@id":"https:\/\/demoweb.info\/sexshop001\/producto\/kit-bondage-ejercito\/#breadcrumb"},"inLanguage":"es","potentialAction":[{"@type":"ReadAction","target":["https:\/\/demoweb.info\/sexshop001\/producto\/kit-bondage-ejercito\/"]}]},{"@type":"BreadcrumbList","@id":"https:\/\/demoweb.info\/sexshop001\/producto\/kit-bondage-ejercito\/#breadcrumb","itemListElement":[{"@type":"ListItem","position":1,"name":"Portada","item":"https:\/\/demoweb.info\/sexshop001\/"},{"@type":"ListItem","position":2,"name":"Tienda","item":"https:\/\/demoweb.info\/sexshop001\/tienda\/"},{"@type":"ListItem","position":3,"name":"KIT BONDAGE EJ\u00c9RCITO"}]},{"@type":"WebSite","@id":"https:\/\/demoweb.info\/sexshop001\/#website","url":"https:\/\/demoweb.info\/sexshop001\/","name":"Tienda Er\u00f3tica","description":"DEMOWEB SL","potentialAction":[{"@type":"SearchAction","target":{"@type":"EntryPoint","urlTemplate":"https:\/\/demoweb.info\/sexshop001\/?s={search_term_string}"},"query-input":"required name=search_term_string"}],"inLanguage":"es"}]}},"_links":{"self":[{"href":"https:\/\/demoweb.info\/sexshop001\/wp-json\/wp\/v3\/product\/31106","targetHints":{"allow":["GET"]}}],"collection":[{"href":"https:\/\/demoweb.info\/sexshop001\/wp-json\/wp\/v3\/product"}],"about":[{"href":"https:\/\/demoweb.info\/sexshop001\/wp-json\/wp\/v2\/types\/product"}],"replies":[{"embeddable":true,"href":"https:\/\/demoweb.info\/sexshop001\/wp-json\/wp\/v2\/comments?post=31106"}],"wp:featuredmedia":[{"embeddable":true,"href":"https:\/\/demoweb.info\/sexshop001\/wp-json\/wp\/v2\/media\/31107"}],"wp:attachment":[{"href":"https:\/\/demoweb.info\/sexshop001\/wp-json\/wp\/v2\/media?parent=31106"}],"wp:term":[{"taxonomy":"product_cat","embeddable":true,"href":"https:\/\/demoweb.info\/sexshop001\/wp-json\/wp\/v2\/product_cat?post=31106"},{"taxonomy":"product_tag","embeddable":true,"href":"https:\/\/demoweb.info\/sexshop001\/wp-json\/wp\/v2\/product_tag?post=31106"}],"curies":[{"name":"wp","href":"https:\/\/api.w.org\/{rel}","templated":true}]}}