{"id":31096,"date":"2022-01-22T12:46:41","date_gmt":"2022-01-22T11:46:41","guid":{"rendered":"https:\/\/demoweb.info\/sexshop001\/producto\/kit-enfermera-del-placer\/"},"modified":"2022-01-22T12:46:41","modified_gmt":"2022-01-22T11:46:41","slug":"kit-enfermera-del-placer","status":"publish","type":"product","link":"https:\/\/demoweb.info\/sexshop001\/producto\/kit-enfermera-del-placer\/","title":{"rendered":"KIT ENFERMERA DEL PLACER"},"content":{"rendered":"<p><strong>NURSE PLEASURE KIT<\/strong><\/p>\n<p>Este sexy kit BDSM de enfermera es una valiosa adici\u00f3n a cualquier colecci\u00f3n BDSM.<\/p>\n<p>Trae a tu paciente a los pies con este fabuloso, moderno y funcional conjunto.<br \/>\nEste conjunto de enfermeras incluye;<br \/>\nSlip vibrante, hogtie, mu\u00f1equeras y tobillos, collar con correa, mordaza, antifaz y l\u00e1tigo.<\/p>\n<p>Esta colecci\u00f3n perversa cubre pr\u00e1cticamente todo lo que necesitas para la experiencia BDSM completa. El conjunto de enfermeras Ouch est\u00e1 garantizado para brindar hora tras hora de acci\u00f3n, ya sea esclavitud, sumisi\u00f3n, dominaci\u00f3n, moderaci\u00f3n de todo el cuerpo, placer o dolor, lo encontrar\u00e1 todo en esta caja.<\/p>\n<p>Por lo tanto, ya sea que est\u00e9s comenzando tu viaje BDSM o seas un conocedor de fetiches, los kits de bondage Ouch ser\u00e1n una adici\u00f3n muy querida a tu colecci\u00f3n, ya sea grande o peque\u00f1a.<\/p>\n","protected":false},"excerpt":{"rendered":"<p>NURSE PLEASURE KIT Este sexy kit BDSM de enfermera es una valiosa adici\u00f3n a cualquier colecci\u00f3n BDSM. Trae a tu<\/p>\n","protected":false},"featured_media":31097,"comment_status":"open","ping_status":"open","template":"","meta":[],"product_cat":[333],"product_tag":[307,302],"class_list":["post-31096","product","type-product","status-publish","has-post-thumbnail","hentry","product_cat-kits-bdsm","product_tag-ouch","product_tag-shots"],"bundled_by":[],"bundle_stock_status":"outofstock","bundle_stock_quantity":0,"bundle_virtual":false,"bundle_layout":"","bundle_add_to_cart_form_location":"","bundle_editable_in_cart":false,"bundle_sold_individually_context":"","bundle_item_grouping":"","bundle_min_size":"","bundle_max_size":"","bundled_items":[],"yoast_head":"<!-- This site is optimized with the Yoast SEO plugin v20.6 - https:\/\/yoast.com\/wordpress\/plugins\/seo\/ -->\n<title>KIT ENFERMERA DEL PLACER - Tienda Er\u00f3tica<\/title>\n<meta name=\"robots\" content=\"noindex, follow, max-snippet:-1, max-image-preview:large, max-video-preview:-1\" \/>\n<meta property=\"og:locale\" content=\"es_ES\" \/>\n<meta property=\"og:type\" content=\"article\" \/>\n<meta property=\"og:title\" content=\"KIT ENFERMERA DEL PLACER - Tienda Er\u00f3tica\" \/>\n<meta property=\"og:description\" content=\"NURSE PLEASURE KIT Este sexy kit BDSM de enfermera es una valiosa adici\u00f3n a cualquier colecci\u00f3n BDSM. Trae a tu\" \/>\n<meta property=\"og:url\" content=\"https:\/\/demoweb.info\/sexshop001\/producto\/kit-enfermera-del-placer\/\" \/>\n<meta property=\"og:site_name\" content=\"Tienda Er\u00f3tica\" \/>\n<meta property=\"og:image\" content=\"https:\/\/demoweb.info\/sexshop001\/wp-content\/uploads\/2022\/01\/KIT-ENFERMERA-DEL-PLACER.jpg\" \/>\n\t<meta property=\"og:image:width\" content=\"550\" \/>\n\t<meta property=\"og:image:height\" content=\"550\" \/>\n\t<meta property=\"og:image:type\" content=\"image\/jpeg\" \/>\n<meta name=\"twitter:card\" content=\"summary_large_image\" \/>\n<meta name=\"twitter:label1\" content=\"Tiempo de lectura\" \/>\n\t<meta name=\"twitter:data1\" content=\"1 minuto\" \/>\n<script type=\"application\/ld+json\" class=\"yoast-schema-graph\">{\"@context\":\"https:\/\/schema.org\",\"@graph\":[{\"@type\":\"WebPage\",\"@id\":\"https:\/\/demoweb.info\/sexshop001\/producto\/kit-enfermera-del-placer\/\",\"url\":\"https:\/\/demoweb.info\/sexshop001\/producto\/kit-enfermera-del-placer\/\",\"name\":\"KIT ENFERMERA DEL PLACER - Tienda Er\u00f3tica\",\"isPartOf\":{\"@id\":\"https:\/\/demoweb.info\/sexshop001\/#website\"},\"datePublished\":\"2022-01-22T11:46:41+00:00\",\"dateModified\":\"2022-01-22T11:46:41+00:00\",\"breadcrumb\":{\"@id\":\"https:\/\/demoweb.info\/sexshop001\/producto\/kit-enfermera-del-placer\/#breadcrumb\"},\"inLanguage\":\"es\",\"potentialAction\":[{\"@type\":\"ReadAction\",\"target\":[\"https:\/\/demoweb.info\/sexshop001\/producto\/kit-enfermera-del-placer\/\"]}]},{\"@type\":\"BreadcrumbList\",\"@id\":\"https:\/\/demoweb.info\/sexshop001\/producto\/kit-enfermera-del-placer\/#breadcrumb\",\"itemListElement\":[{\"@type\":\"ListItem\",\"position\":1,\"name\":\"Portada\",\"item\":\"https:\/\/demoweb.info\/sexshop001\/\"},{\"@type\":\"ListItem\",\"position\":2,\"name\":\"Tienda\",\"item\":\"https:\/\/demoweb.info\/sexshop001\/tienda\/\"},{\"@type\":\"ListItem\",\"position\":3,\"name\":\"KIT ENFERMERA DEL PLACER\"}]},{\"@type\":\"WebSite\",\"@id\":\"https:\/\/demoweb.info\/sexshop001\/#website\",\"url\":\"https:\/\/demoweb.info\/sexshop001\/\",\"name\":\"Tienda Er\u00f3tica\",\"description\":\"DEMOWEB SL\",\"potentialAction\":[{\"@type\":\"SearchAction\",\"target\":{\"@type\":\"EntryPoint\",\"urlTemplate\":\"https:\/\/demoweb.info\/sexshop001\/?s={search_term_string}\"},\"query-input\":\"required name=search_term_string\"}],\"inLanguage\":\"es\"}]}<\/script>\n<!-- \/ Yoast SEO plugin. -->","yoast_head_json":{"title":"KIT ENFERMERA DEL PLACER - Tienda Er\u00f3tica","robots":{"index":"noindex","follow":"follow","max-snippet":"max-snippet:-1","max-image-preview":"max-image-preview:large","max-video-preview":"max-video-preview:-1"},"og_locale":"es_ES","og_type":"article","og_title":"KIT ENFERMERA DEL PLACER - Tienda Er\u00f3tica","og_description":"NURSE PLEASURE KIT Este sexy kit BDSM de enfermera es una valiosa adici\u00f3n a cualquier colecci\u00f3n BDSM. Trae a tu","og_url":"https:\/\/demoweb.info\/sexshop001\/producto\/kit-enfermera-del-placer\/","og_site_name":"Tienda Er\u00f3tica","og_image":[{"width":550,"height":550,"url":"https:\/\/demoweb.info\/sexshop001\/wp-content\/uploads\/2022\/01\/KIT-ENFERMERA-DEL-PLACER.jpg","type":"image\/jpeg"}],"twitter_card":"summary_large_image","twitter_misc":{"Tiempo de lectura":"1 minuto"},"schema":{"@context":"https:\/\/schema.org","@graph":[{"@type":"WebPage","@id":"https:\/\/demoweb.info\/sexshop001\/producto\/kit-enfermera-del-placer\/","url":"https:\/\/demoweb.info\/sexshop001\/producto\/kit-enfermera-del-placer\/","name":"KIT ENFERMERA DEL PLACER - Tienda Er\u00f3tica","isPartOf":{"@id":"https:\/\/demoweb.info\/sexshop001\/#website"},"datePublished":"2022-01-22T11:46:41+00:00","dateModified":"2022-01-22T11:46:41+00:00","breadcrumb":{"@id":"https:\/\/demoweb.info\/sexshop001\/producto\/kit-enfermera-del-placer\/#breadcrumb"},"inLanguage":"es","potentialAction":[{"@type":"ReadAction","target":["https:\/\/demoweb.info\/sexshop001\/producto\/kit-enfermera-del-placer\/"]}]},{"@type":"BreadcrumbList","@id":"https:\/\/demoweb.info\/sexshop001\/producto\/kit-enfermera-del-placer\/#breadcrumb","itemListElement":[{"@type":"ListItem","position":1,"name":"Portada","item":"https:\/\/demoweb.info\/sexshop001\/"},{"@type":"ListItem","position":2,"name":"Tienda","item":"https:\/\/demoweb.info\/sexshop001\/tienda\/"},{"@type":"ListItem","position":3,"name":"KIT ENFERMERA DEL PLACER"}]},{"@type":"WebSite","@id":"https:\/\/demoweb.info\/sexshop001\/#website","url":"https:\/\/demoweb.info\/sexshop001\/","name":"Tienda Er\u00f3tica","description":"DEMOWEB SL","potentialAction":[{"@type":"SearchAction","target":{"@type":"EntryPoint","urlTemplate":"https:\/\/demoweb.info\/sexshop001\/?s={search_term_string}"},"query-input":"required name=search_term_string"}],"inLanguage":"es"}]}},"_links":{"self":[{"href":"https:\/\/demoweb.info\/sexshop001\/wp-json\/wp\/v3\/product\/31096","targetHints":{"allow":["GET"]}}],"collection":[{"href":"https:\/\/demoweb.info\/sexshop001\/wp-json\/wp\/v3\/product"}],"about":[{"href":"https:\/\/demoweb.info\/sexshop001\/wp-json\/wp\/v2\/types\/product"}],"replies":[{"embeddable":true,"href":"https:\/\/demoweb.info\/sexshop001\/wp-json\/wp\/v2\/comments?post=31096"}],"wp:featuredmedia":[{"embeddable":true,"href":"https:\/\/demoweb.info\/sexshop001\/wp-json\/wp\/v2\/media\/31097"}],"wp:attachment":[{"href":"https:\/\/demoweb.info\/sexshop001\/wp-json\/wp\/v2\/media?parent=31096"}],"wp:term":[{"taxonomy":"product_cat","embeddable":true,"href":"https:\/\/demoweb.info\/sexshop001\/wp-json\/wp\/v2\/product_cat?post=31096"},{"taxonomy":"product_tag","embeddable":true,"href":"https:\/\/demoweb.info\/sexshop001\/wp-json\/wp\/v2\/product_tag?post=31096"}],"curies":[{"name":"wp","href":"https:\/\/api.w.org\/{rel}","templated":true}]}}