{"id":31047,"date":"2022-01-22T12:45:53","date_gmt":"2022-01-22T11:45:53","guid":{"rendered":"https:\/\/demoweb.info\/sexshop001\/producto\/set-dilatador-vaginal-negro\/"},"modified":"2022-01-22T12:46:09","modified_gmt":"2022-01-22T11:46:09","slug":"set-dilatador-vaginal-negro","status":"publish","type":"product","link":"https:\/\/demoweb.info\/sexshop001\/producto\/set-dilatador-vaginal-negro\/","title":{"rendered":"SET DILATADOR VAGINAL &#8211; NEGRO"},"content":{"rendered":"<p><strong>SILICONE VAGINAL DILATOR SET &#8211; BLACK<\/strong><\/p>\n<p>Y el uso de un dilatador vaginal es un tratamiento recomendado para facilitar la penetraci\u00f3n.<\/p>\n<p>Este conjunto contiene 5 dilatadores de diferentes tama\u00f1os, hechos de silicona suave como la seda para una inserci\u00f3n suave y f\u00e1cil.<\/p>\n<p>Comience con el dilatador m\u00e1s peque\u00f1o en el \u00a1Ouch! del juego de dilatadores, aseg\u00farese de aplicar un poco de lubricante a base de agua y luego ins\u00e9rtelo suavemente en la vagina de manera progresiva..<\/p>\n<p>El ejercicio se puede hacer a diario, con movimientos peque\u00f1os y suaves dentro y fuera.<\/p>\n<p>El objetivo del \u00a1Ouch! El conjunto de dilatador vaginal es para relajar el \u00e1rea vaginal, as\u00ed como para aliviar las molestias.<\/p>\n<p>Cuando pueda insertar el dilatador m\u00e1s peque\u00f1o c\u00f3modamente y sin molestias, estar\u00e1 listo para pasar al siguiente tama\u00f1o.<\/p>\n<p>El conjunto tambi\u00e9n viene con una m\u00e1quina de climax, de bala, de vibraci\u00f3n libre, hecha para su place<\/p>\n<ul>\n<li>Cantidad de motores: 1<\/li>\n<li>Tipos de velocidad: 1<\/li>\n<li>Nivel de ruido: 60 dB<\/li>\n<li>Se requieren bater\u00edas: 1<\/li>\n<li>Tipo de bater\u00edas AAA<\/li>\n<li>Bater\u00edas incluidas: No<\/li>\n<li>A prueba de agua: S\u00ed<\/li>\n<li>Libre de ftalato: S\u00ed<\/li>\n<\/ul>\n<p>Peque\u00f1o dilatador:<\/p>\n<ul>\n<li>Longitud: 11 cm<\/li>\n<li>Longitud insertable: 7,5 cm<\/li>\n<li>Di\u00e1metro insertable: 1,1 cm<\/li>\n<li>Peso: 9 gr<\/li>\n<\/ul>\n<p>Dilatador peque\u00f1o-mediano:<\/p>\n<ul>\n<li>Longitud: 12,8 cm<\/li>\n<li>Longitud insertable: 9 cm<\/li>\n<li>Di\u00e1metro insertable: 1,6 cm<\/li>\n<li>Peso: 23 gr<\/li>\n<\/ul>\n<p>Dilatador mediano-grande:<\/p>\n<ul>\n<li>Longitud: 14 cm<\/li>\n<li>Longitud insertable: 10 cm<\/li>\n<li>Di\u00e1metro insertable: 1,9 cm<\/li>\n<li>Peso: 30 gr<\/li>\n<\/ul>\n<p>Dilatador grande:<br \/>\nLongitud: 16 cm<br \/>\nLongitud insertable: 12 cm<br \/>\nDi\u00e1metro insertable: 2,1 cm<br \/>\nPeso: 45 gr<\/p>\n<p>Dilatador extra grande:<\/p>\n<ul>\n<li>Longitud: 17,9 cm<\/li>\n<li>Longitud insertable: 13,5 cm<\/li>\n<li>Di\u00e1metro insertable: 2,5 cm<\/li>\n<li>Peso: 63 gr<\/li>\n<\/ul>\n<p>Bala:<\/p>\n<ul>\n<li>Longitud: 9 cm<\/li>\n<li>Di\u00e1metro: 1,7 cm<\/li>\n<li>Peso: 16 gr<\/li>\n<li>Materiales Dilatador: Silicona, Bala: ABS<\/li>\n<\/ul>\n<p>Materiales: Silicona, ABS<\/p>\n","protected":false},"excerpt":{"rendered":"<p>SILICONE VAGINAL DILATOR SET &#8211; BLACK Y el uso de un dilatador vaginal es un tratamiento recomendado para facilitar la<\/p>\n","protected":false},"featured_media":31048,"comment_status":"open","ping_status":"open","template":"","meta":[],"product_cat":[853],"product_tag":[307,302],"class_list":["post-31047","product","type-product","status-publish","has-post-thumbnail","hentry","product_cat-dilatadores","product_tag-ouch","product_tag-shots"],"bundled_by":[],"bundle_stock_status":"outofstock","bundle_stock_quantity":0,"bundle_virtual":false,"bundle_layout":"","bundle_add_to_cart_form_location":"","bundle_editable_in_cart":false,"bundle_sold_individually_context":"","bundle_item_grouping":"","bundle_min_size":"","bundle_max_size":"","bundled_items":[],"yoast_head":"<!-- This site is optimized with the Yoast SEO plugin v20.6 - https:\/\/yoast.com\/wordpress\/plugins\/seo\/ -->\n<title>SET DILATADOR VAGINAL - NEGRO - Tienda Er\u00f3tica<\/title>\n<meta name=\"robots\" content=\"noindex, follow, max-snippet:-1, max-image-preview:large, max-video-preview:-1\" \/>\n<meta property=\"og:locale\" content=\"es_ES\" \/>\n<meta property=\"og:type\" content=\"article\" \/>\n<meta property=\"og:title\" content=\"SET DILATADOR VAGINAL - NEGRO - Tienda Er\u00f3tica\" \/>\n<meta property=\"og:description\" content=\"SILICONE VAGINAL DILATOR SET &#8211; BLACK Y el uso de un dilatador vaginal es un tratamiento recomendado para facilitar la\" \/>\n<meta property=\"og:url\" content=\"https:\/\/demoweb.info\/sexshop001\/producto\/set-dilatador-vaginal-negro\/\" \/>\n<meta property=\"og:site_name\" content=\"Tienda Er\u00f3tica\" \/>\n<meta property=\"article:modified_time\" content=\"2022-01-22T11:46:09+00:00\" \/>\n<meta property=\"og:image\" content=\"https:\/\/demoweb.info\/sexshop001\/wp-content\/uploads\/2022\/01\/SET-DILATADOR-VAGINAL-NEGRO.jpg\" \/>\n\t<meta property=\"og:image:width\" content=\"550\" \/>\n\t<meta property=\"og:image:height\" content=\"550\" \/>\n\t<meta property=\"og:image:type\" content=\"image\/jpeg\" \/>\n<meta name=\"twitter:card\" content=\"summary_large_image\" \/>\n<meta name=\"twitter:label1\" content=\"Tiempo de lectura\" \/>\n\t<meta name=\"twitter:data1\" content=\"1 minuto\" \/>\n<script type=\"application\/ld+json\" class=\"yoast-schema-graph\">{\"@context\":\"https:\/\/schema.org\",\"@graph\":[{\"@type\":\"WebPage\",\"@id\":\"https:\/\/demoweb.info\/sexshop001\/producto\/set-dilatador-vaginal-negro\/\",\"url\":\"https:\/\/demoweb.info\/sexshop001\/producto\/set-dilatador-vaginal-negro\/\",\"name\":\"SET DILATADOR VAGINAL - NEGRO - Tienda Er\u00f3tica\",\"isPartOf\":{\"@id\":\"https:\/\/demoweb.info\/sexshop001\/#website\"},\"datePublished\":\"2022-01-22T11:45:53+00:00\",\"dateModified\":\"2022-01-22T11:46:09+00:00\",\"breadcrumb\":{\"@id\":\"https:\/\/demoweb.info\/sexshop001\/producto\/set-dilatador-vaginal-negro\/#breadcrumb\"},\"inLanguage\":\"es\",\"potentialAction\":[{\"@type\":\"ReadAction\",\"target\":[\"https:\/\/demoweb.info\/sexshop001\/producto\/set-dilatador-vaginal-negro\/\"]}]},{\"@type\":\"BreadcrumbList\",\"@id\":\"https:\/\/demoweb.info\/sexshop001\/producto\/set-dilatador-vaginal-negro\/#breadcrumb\",\"itemListElement\":[{\"@type\":\"ListItem\",\"position\":1,\"name\":\"Portada\",\"item\":\"https:\/\/demoweb.info\/sexshop001\/\"},{\"@type\":\"ListItem\",\"position\":2,\"name\":\"Tienda\",\"item\":\"https:\/\/demoweb.info\/sexshop001\/tienda\/\"},{\"@type\":\"ListItem\",\"position\":3,\"name\":\"SET DILATADOR VAGINAL &#8211; NEGRO\"}]},{\"@type\":\"WebSite\",\"@id\":\"https:\/\/demoweb.info\/sexshop001\/#website\",\"url\":\"https:\/\/demoweb.info\/sexshop001\/\",\"name\":\"Tienda Er\u00f3tica\",\"description\":\"DEMOWEB SL\",\"potentialAction\":[{\"@type\":\"SearchAction\",\"target\":{\"@type\":\"EntryPoint\",\"urlTemplate\":\"https:\/\/demoweb.info\/sexshop001\/?s={search_term_string}\"},\"query-input\":\"required name=search_term_string\"}],\"inLanguage\":\"es\"}]}<\/script>\n<!-- \/ Yoast SEO plugin. -->","yoast_head_json":{"title":"SET DILATADOR VAGINAL - NEGRO - Tienda Er\u00f3tica","robots":{"index":"noindex","follow":"follow","max-snippet":"max-snippet:-1","max-image-preview":"max-image-preview:large","max-video-preview":"max-video-preview:-1"},"og_locale":"es_ES","og_type":"article","og_title":"SET DILATADOR VAGINAL - NEGRO - Tienda Er\u00f3tica","og_description":"SILICONE VAGINAL DILATOR SET &#8211; BLACK Y el uso de un dilatador vaginal es un tratamiento recomendado para facilitar la","og_url":"https:\/\/demoweb.info\/sexshop001\/producto\/set-dilatador-vaginal-negro\/","og_site_name":"Tienda Er\u00f3tica","article_modified_time":"2022-01-22T11:46:09+00:00","og_image":[{"width":550,"height":550,"url":"https:\/\/demoweb.info\/sexshop001\/wp-content\/uploads\/2022\/01\/SET-DILATADOR-VAGINAL-NEGRO.jpg","type":"image\/jpeg"}],"twitter_card":"summary_large_image","twitter_misc":{"Tiempo de lectura":"1 minuto"},"schema":{"@context":"https:\/\/schema.org","@graph":[{"@type":"WebPage","@id":"https:\/\/demoweb.info\/sexshop001\/producto\/set-dilatador-vaginal-negro\/","url":"https:\/\/demoweb.info\/sexshop001\/producto\/set-dilatador-vaginal-negro\/","name":"SET DILATADOR VAGINAL - NEGRO - Tienda Er\u00f3tica","isPartOf":{"@id":"https:\/\/demoweb.info\/sexshop001\/#website"},"datePublished":"2022-01-22T11:45:53+00:00","dateModified":"2022-01-22T11:46:09+00:00","breadcrumb":{"@id":"https:\/\/demoweb.info\/sexshop001\/producto\/set-dilatador-vaginal-negro\/#breadcrumb"},"inLanguage":"es","potentialAction":[{"@type":"ReadAction","target":["https:\/\/demoweb.info\/sexshop001\/producto\/set-dilatador-vaginal-negro\/"]}]},{"@type":"BreadcrumbList","@id":"https:\/\/demoweb.info\/sexshop001\/producto\/set-dilatador-vaginal-negro\/#breadcrumb","itemListElement":[{"@type":"ListItem","position":1,"name":"Portada","item":"https:\/\/demoweb.info\/sexshop001\/"},{"@type":"ListItem","position":2,"name":"Tienda","item":"https:\/\/demoweb.info\/sexshop001\/tienda\/"},{"@type":"ListItem","position":3,"name":"SET DILATADOR VAGINAL &#8211; NEGRO"}]},{"@type":"WebSite","@id":"https:\/\/demoweb.info\/sexshop001\/#website","url":"https:\/\/demoweb.info\/sexshop001\/","name":"Tienda Er\u00f3tica","description":"DEMOWEB SL","potentialAction":[{"@type":"SearchAction","target":{"@type":"EntryPoint","urlTemplate":"https:\/\/demoweb.info\/sexshop001\/?s={search_term_string}"},"query-input":"required name=search_term_string"}],"inLanguage":"es"}]}},"_links":{"self":[{"href":"https:\/\/demoweb.info\/sexshop001\/wp-json\/wp\/v3\/product\/31047","targetHints":{"allow":["GET"]}}],"collection":[{"href":"https:\/\/demoweb.info\/sexshop001\/wp-json\/wp\/v3\/product"}],"about":[{"href":"https:\/\/demoweb.info\/sexshop001\/wp-json\/wp\/v2\/types\/product"}],"replies":[{"embeddable":true,"href":"https:\/\/demoweb.info\/sexshop001\/wp-json\/wp\/v2\/comments?post=31047"}],"wp:featuredmedia":[{"embeddable":true,"href":"https:\/\/demoweb.info\/sexshop001\/wp-json\/wp\/v2\/media\/31048"}],"wp:attachment":[{"href":"https:\/\/demoweb.info\/sexshop001\/wp-json\/wp\/v2\/media?parent=31047"}],"wp:term":[{"taxonomy":"product_cat","embeddable":true,"href":"https:\/\/demoweb.info\/sexshop001\/wp-json\/wp\/v2\/product_cat?post=31047"},{"taxonomy":"product_tag","embeddable":true,"href":"https:\/\/demoweb.info\/sexshop001\/wp-json\/wp\/v2\/product_tag?post=31047"}],"curies":[{"name":"wp","href":"https:\/\/api.w.org\/{rel}","templated":true}]}}