{"id":30926,"date":"2022-01-22T12:44:50","date_gmt":"2022-01-22T11:44:50","guid":{"rendered":"https:\/\/demoweb.info\/sexshop001\/producto\/vibrador-con-control-remoto-para-parejas-negro\/"},"modified":"2022-01-22T12:45:01","modified_gmt":"2022-01-22T11:45:01","slug":"vibrador-con-control-remoto-para-parejas-negro","status":"publish","type":"product","link":"https:\/\/demoweb.info\/sexshop001\/producto\/vibrador-con-control-remoto-para-parejas-negro\/","title":{"rendered":"VIBRADOR CON CONTROL REMOTO PARA PAREJAS  &#8211; NEGRO"},"content":{"rendered":"<p><strong>RELENTLESS VIBRATIONS REMOTE CONTROL COUPLES VIBE &#8211; BLACK<\/strong><\/p>\n<p>En celebraci\u00f3n de una d\u00e9cada de descubrimiento y realizaci\u00f3n er\u00f3ticos, la colecci\u00f3n oficial de placer de Fifty Shades of Grey te invita a sumergirte en la experiencia de Fifty Shades.<\/p>\n<p>La colecci\u00f3n de juguetes elegantes y de alta calidad, accesorios de bondage y elementos esenciales son todos suyos para explorar en busca de experiencias intensas, \u00edntimas y emocionantes en el dormitorio y m\u00e1s all\u00e1.<\/p>\n<p><strong>Caracter\u00edsticas principales:<\/strong><\/p>\n<p>Nuevo juguete de pareja dise\u00f1ado para usarse durante el coito<br \/>\nCon brazos articulados \u00fanicos, este juguete est\u00e1 dise\u00f1ado para usarse interna o externamente; internamente est\u00e1 posicionado para la estimulaci\u00f3n del punto G y externamente para la estimulaci\u00f3n del cl\u00edtoris.<br \/>\nOperaci\u00f3n de control remoto para encuentros er\u00f3ticos con una pareja<br \/>\n10 patrones y hasta 6 niveles de intensidad ofrecen placer a medida<br \/>\nVibrador de silicona negra suave y elegante y control remoto recubierto de PU negro con botones y detalles plateados en contraste<br \/>\nEl juguete es recargable por USB con cable de carga incluido, el control remoto requiere 1 pila CR2032 (incluida)<br \/>\nDise\u00f1ado para parejas<br \/>\nEl juguete es 100% resistente al agua (el control remoto no es resistente al agua)<br \/>\nEl control remoto tiene un alcance de hasta 5 metros<br \/>\nViene con una bolsa de almacenamiento de sat\u00e9n<\/p>\n","protected":false},"excerpt":{"rendered":"<p>RELENTLESS VIBRATIONS REMOTE CONTROL COUPLES VIBE &#8211; BLACK En celebraci\u00f3n de una d\u00e9cada de descubrimiento y realizaci\u00f3n er\u00f3ticos, la colecci\u00f3n<\/p>\n","protected":false},"featured_media":30927,"comment_status":"open","ping_status":"open","template":"","meta":[],"product_cat":[445],"product_tag":[858],"class_list":["post-30926","product","type-product","status-publish","has-post-thumbnail","hentry","product_cat-para-parejas-vibradores-juguetes-xxx","product_tag-fifty-shades"],"bundled_by":[],"bundle_stock_status":"instock","bundle_stock_quantity":1,"bundle_virtual":false,"bundle_layout":"","bundle_add_to_cart_form_location":"","bundle_editable_in_cart":false,"bundle_sold_individually_context":"","bundle_item_grouping":"","bundle_min_size":"","bundle_max_size":"","bundled_items":[],"yoast_head":"<!-- This site is optimized with the Yoast SEO plugin v20.6 - https:\/\/yoast.com\/wordpress\/plugins\/seo\/ -->\n<title>VIBRADOR CON CONTROL REMOTO PARA PAREJAS - NEGRO - Tienda Er\u00f3tica<\/title>\n<meta name=\"robots\" content=\"noindex, follow, max-snippet:-1, max-image-preview:large, max-video-preview:-1\" \/>\n<meta property=\"og:locale\" content=\"es_ES\" \/>\n<meta property=\"og:type\" content=\"article\" \/>\n<meta property=\"og:title\" content=\"VIBRADOR CON CONTROL REMOTO PARA PAREJAS - NEGRO - Tienda Er\u00f3tica\" \/>\n<meta property=\"og:description\" content=\"RELENTLESS VIBRATIONS REMOTE CONTROL COUPLES VIBE &#8211; BLACK En celebraci\u00f3n de una d\u00e9cada de descubrimiento y realizaci\u00f3n er\u00f3ticos, la colecci\u00f3n\" \/>\n<meta property=\"og:url\" content=\"https:\/\/demoweb.info\/sexshop001\/producto\/vibrador-con-control-remoto-para-parejas-negro\/\" \/>\n<meta property=\"og:site_name\" content=\"Tienda Er\u00f3tica\" \/>\n<meta property=\"article:modified_time\" content=\"2022-01-22T11:45:01+00:00\" \/>\n<meta property=\"og:image\" content=\"https:\/\/demoweb.info\/sexshop001\/wp-content\/uploads\/2022\/01\/VIBRADOR-CON-CONTROL-REMOTO-PARA-PAREJAS-NEGRO.jpg\" \/>\n\t<meta property=\"og:image:width\" content=\"550\" \/>\n\t<meta property=\"og:image:height\" content=\"550\" \/>\n\t<meta property=\"og:image:type\" content=\"image\/jpeg\" \/>\n<meta name=\"twitter:card\" content=\"summary_large_image\" \/>\n<meta name=\"twitter:label1\" content=\"Tiempo de lectura\" \/>\n\t<meta name=\"twitter:data1\" content=\"1 minuto\" \/>\n<script type=\"application\/ld+json\" class=\"yoast-schema-graph\">{\"@context\":\"https:\/\/schema.org\",\"@graph\":[{\"@type\":\"WebPage\",\"@id\":\"https:\/\/demoweb.info\/sexshop001\/producto\/vibrador-con-control-remoto-para-parejas-negro\/\",\"url\":\"https:\/\/demoweb.info\/sexshop001\/producto\/vibrador-con-control-remoto-para-parejas-negro\/\",\"name\":\"VIBRADOR CON CONTROL REMOTO PARA PAREJAS - NEGRO - Tienda Er\u00f3tica\",\"isPartOf\":{\"@id\":\"https:\/\/demoweb.info\/sexshop001\/#website\"},\"datePublished\":\"2022-01-22T11:44:50+00:00\",\"dateModified\":\"2022-01-22T11:45:01+00:00\",\"breadcrumb\":{\"@id\":\"https:\/\/demoweb.info\/sexshop001\/producto\/vibrador-con-control-remoto-para-parejas-negro\/#breadcrumb\"},\"inLanguage\":\"es\",\"potentialAction\":[{\"@type\":\"ReadAction\",\"target\":[\"https:\/\/demoweb.info\/sexshop001\/producto\/vibrador-con-control-remoto-para-parejas-negro\/\"]}]},{\"@type\":\"BreadcrumbList\",\"@id\":\"https:\/\/demoweb.info\/sexshop001\/producto\/vibrador-con-control-remoto-para-parejas-negro\/#breadcrumb\",\"itemListElement\":[{\"@type\":\"ListItem\",\"position\":1,\"name\":\"Portada\",\"item\":\"https:\/\/demoweb.info\/sexshop001\/\"},{\"@type\":\"ListItem\",\"position\":2,\"name\":\"Tienda\",\"item\":\"https:\/\/demoweb.info\/sexshop001\/tienda\/\"},{\"@type\":\"ListItem\",\"position\":3,\"name\":\"VIBRADOR CON CONTROL REMOTO PARA PAREJAS &#8211; NEGRO\"}]},{\"@type\":\"WebSite\",\"@id\":\"https:\/\/demoweb.info\/sexshop001\/#website\",\"url\":\"https:\/\/demoweb.info\/sexshop001\/\",\"name\":\"Tienda Er\u00f3tica\",\"description\":\"DEMOWEB SL\",\"potentialAction\":[{\"@type\":\"SearchAction\",\"target\":{\"@type\":\"EntryPoint\",\"urlTemplate\":\"https:\/\/demoweb.info\/sexshop001\/?s={search_term_string}\"},\"query-input\":\"required name=search_term_string\"}],\"inLanguage\":\"es\"}]}<\/script>\n<!-- \/ Yoast SEO plugin. -->","yoast_head_json":{"title":"VIBRADOR CON CONTROL REMOTO PARA PAREJAS - NEGRO - Tienda Er\u00f3tica","robots":{"index":"noindex","follow":"follow","max-snippet":"max-snippet:-1","max-image-preview":"max-image-preview:large","max-video-preview":"max-video-preview:-1"},"og_locale":"es_ES","og_type":"article","og_title":"VIBRADOR CON CONTROL REMOTO PARA PAREJAS - NEGRO - Tienda Er\u00f3tica","og_description":"RELENTLESS VIBRATIONS REMOTE CONTROL COUPLES VIBE &#8211; BLACK En celebraci\u00f3n de una d\u00e9cada de descubrimiento y realizaci\u00f3n er\u00f3ticos, la colecci\u00f3n","og_url":"https:\/\/demoweb.info\/sexshop001\/producto\/vibrador-con-control-remoto-para-parejas-negro\/","og_site_name":"Tienda Er\u00f3tica","article_modified_time":"2022-01-22T11:45:01+00:00","og_image":[{"width":550,"height":550,"url":"https:\/\/demoweb.info\/sexshop001\/wp-content\/uploads\/2022\/01\/VIBRADOR-CON-CONTROL-REMOTO-PARA-PAREJAS-NEGRO.jpg","type":"image\/jpeg"}],"twitter_card":"summary_large_image","twitter_misc":{"Tiempo de lectura":"1 minuto"},"schema":{"@context":"https:\/\/schema.org","@graph":[{"@type":"WebPage","@id":"https:\/\/demoweb.info\/sexshop001\/producto\/vibrador-con-control-remoto-para-parejas-negro\/","url":"https:\/\/demoweb.info\/sexshop001\/producto\/vibrador-con-control-remoto-para-parejas-negro\/","name":"VIBRADOR CON CONTROL REMOTO PARA PAREJAS - NEGRO - Tienda Er\u00f3tica","isPartOf":{"@id":"https:\/\/demoweb.info\/sexshop001\/#website"},"datePublished":"2022-01-22T11:44:50+00:00","dateModified":"2022-01-22T11:45:01+00:00","breadcrumb":{"@id":"https:\/\/demoweb.info\/sexshop001\/producto\/vibrador-con-control-remoto-para-parejas-negro\/#breadcrumb"},"inLanguage":"es","potentialAction":[{"@type":"ReadAction","target":["https:\/\/demoweb.info\/sexshop001\/producto\/vibrador-con-control-remoto-para-parejas-negro\/"]}]},{"@type":"BreadcrumbList","@id":"https:\/\/demoweb.info\/sexshop001\/producto\/vibrador-con-control-remoto-para-parejas-negro\/#breadcrumb","itemListElement":[{"@type":"ListItem","position":1,"name":"Portada","item":"https:\/\/demoweb.info\/sexshop001\/"},{"@type":"ListItem","position":2,"name":"Tienda","item":"https:\/\/demoweb.info\/sexshop001\/tienda\/"},{"@type":"ListItem","position":3,"name":"VIBRADOR CON CONTROL REMOTO PARA PAREJAS &#8211; NEGRO"}]},{"@type":"WebSite","@id":"https:\/\/demoweb.info\/sexshop001\/#website","url":"https:\/\/demoweb.info\/sexshop001\/","name":"Tienda Er\u00f3tica","description":"DEMOWEB SL","potentialAction":[{"@type":"SearchAction","target":{"@type":"EntryPoint","urlTemplate":"https:\/\/demoweb.info\/sexshop001\/?s={search_term_string}"},"query-input":"required name=search_term_string"}],"inLanguage":"es"}]}},"_links":{"self":[{"href":"https:\/\/demoweb.info\/sexshop001\/wp-json\/wp\/v3\/product\/30926","targetHints":{"allow":["GET"]}}],"collection":[{"href":"https:\/\/demoweb.info\/sexshop001\/wp-json\/wp\/v3\/product"}],"about":[{"href":"https:\/\/demoweb.info\/sexshop001\/wp-json\/wp\/v2\/types\/product"}],"replies":[{"embeddable":true,"href":"https:\/\/demoweb.info\/sexshop001\/wp-json\/wp\/v2\/comments?post=30926"}],"wp:featuredmedia":[{"embeddable":true,"href":"https:\/\/demoweb.info\/sexshop001\/wp-json\/wp\/v2\/media\/30927"}],"wp:attachment":[{"href":"https:\/\/demoweb.info\/sexshop001\/wp-json\/wp\/v2\/media?parent=30926"}],"wp:term":[{"taxonomy":"product_cat","embeddable":true,"href":"https:\/\/demoweb.info\/sexshop001\/wp-json\/wp\/v2\/product_cat?post=30926"},{"taxonomy":"product_tag","embeddable":true,"href":"https:\/\/demoweb.info\/sexshop001\/wp-json\/wp\/v2\/product_tag?post=30926"}],"curies":[{"name":"wp","href":"https:\/\/api.w.org\/{rel}","templated":true}]}}