{"id":30895,"date":"2022-01-22T12:44:29","date_gmt":"2022-01-22T11:44:29","guid":{"rendered":"https:\/\/demoweb.info\/sexshop001\/producto\/dildo-feel-it-baby-g-spot-negro\/"},"modified":"2022-01-22T12:44:45","modified_gmt":"2022-01-22T11:44:45","slug":"dildo-feel-it-baby-g-spot-negro","status":"publish","type":"product","link":"https:\/\/demoweb.info\/sexshop001\/producto\/dildo-feel-it-baby-g-spot-negro\/","title":{"rendered":"DILDO FEEL IT BABY G-SPOT &#8211; NEGRO"},"content":{"rendered":"<p><strong>FEEL IT BABY G-SPOT DILDO &#8211; BLACK<\/strong><\/p>\n<p>En celebraci\u00f3n de una d\u00e9cada de descubrimiento y realizaci\u00f3n er\u00f3ticos, la colecci\u00f3n oficial de placer de Fifty Shades of Grey te invita a sumergirte en la experiencia de Fifty Shades.<\/p>\n<p>La colecci\u00f3n de juguetes elegantes y de alta calidad, accesorios de bondage y elementos esenciales son todos suyos para explorar y disfrutar de sus propias experiencias intensas, \u00edntimas y emocionantes en el dormitorio y m\u00e1s all\u00e1.<\/p>\n<p><strong>Caracter\u00edsticas principales:<\/strong><\/p>\n<p>Consolador delgado y suavemente curvado, perfecto para la estimulaci\u00f3n del punto G y del punto P<br \/>\nCuenta con una base de ventosa acampanada, lo que lo hace compatible con el arn\u00e9s y adecuado para el placer de manos libres<br \/>\nSilicona elegante y aterciopelada<br \/>\n100% impermeable<br \/>\nViene con una bolsa de almacenamiento de sat\u00e9n<\/p>\n","protected":false},"excerpt":{"rendered":"<p>FEEL IT BABY G-SPOT DILDO &#8211; BLACK En celebraci\u00f3n de una d\u00e9cada de descubrimiento y realizaci\u00f3n er\u00f3ticos, la colecci\u00f3n oficial<\/p>\n","protected":false},"featured_media":30896,"comment_status":"open","ping_status":"open","template":"","meta":[],"product_cat":[339],"product_tag":[858],"class_list":["post-30895","product","type-product","status-publish","has-post-thumbnail","hentry","product_cat-dildos","product_tag-fifty-shades"],"bundled_by":[],"bundle_stock_status":"instock","bundle_stock_quantity":1,"bundle_virtual":false,"bundle_layout":"","bundle_add_to_cart_form_location":"","bundle_editable_in_cart":false,"bundle_sold_individually_context":"","bundle_item_grouping":"","bundle_min_size":"","bundle_max_size":"","bundled_items":[],"yoast_head":"<!-- This site is optimized with the Yoast SEO plugin v20.6 - https:\/\/yoast.com\/wordpress\/plugins\/seo\/ -->\n<title>DILDO FEEL IT BABY G-SPOT - NEGRO - Tienda Er\u00f3tica<\/title>\n<meta name=\"robots\" content=\"noindex, follow, max-snippet:-1, max-image-preview:large, max-video-preview:-1\" \/>\n<meta property=\"og:locale\" content=\"es_ES\" \/>\n<meta property=\"og:type\" content=\"article\" \/>\n<meta property=\"og:title\" content=\"DILDO FEEL IT BABY G-SPOT - NEGRO - Tienda Er\u00f3tica\" \/>\n<meta property=\"og:description\" content=\"FEEL IT BABY G-SPOT DILDO &#8211; BLACK En celebraci\u00f3n de una d\u00e9cada de descubrimiento y realizaci\u00f3n er\u00f3ticos, la colecci\u00f3n oficial\" \/>\n<meta property=\"og:url\" content=\"https:\/\/demoweb.info\/sexshop001\/producto\/dildo-feel-it-baby-g-spot-negro\/\" \/>\n<meta property=\"og:site_name\" content=\"Tienda Er\u00f3tica\" \/>\n<meta property=\"article:modified_time\" content=\"2022-01-22T11:44:45+00:00\" \/>\n<meta property=\"og:image\" content=\"https:\/\/demoweb.info\/sexshop001\/wp-content\/uploads\/2022\/01\/DILDO-FEEL-IT-BABY-G-SPOT-NEGRO.jpg\" \/>\n\t<meta property=\"og:image:width\" content=\"550\" \/>\n\t<meta property=\"og:image:height\" content=\"550\" \/>\n\t<meta property=\"og:image:type\" content=\"image\/jpeg\" \/>\n<meta name=\"twitter:card\" content=\"summary_large_image\" \/>\n<meta name=\"twitter:label1\" content=\"Tiempo de lectura\" \/>\n\t<meta name=\"twitter:data1\" content=\"1 minuto\" \/>\n<script type=\"application\/ld+json\" class=\"yoast-schema-graph\">{\"@context\":\"https:\/\/schema.org\",\"@graph\":[{\"@type\":\"WebPage\",\"@id\":\"https:\/\/demoweb.info\/sexshop001\/producto\/dildo-feel-it-baby-g-spot-negro\/\",\"url\":\"https:\/\/demoweb.info\/sexshop001\/producto\/dildo-feel-it-baby-g-spot-negro\/\",\"name\":\"DILDO FEEL IT BABY G-SPOT - NEGRO - Tienda Er\u00f3tica\",\"isPartOf\":{\"@id\":\"https:\/\/demoweb.info\/sexshop001\/#website\"},\"datePublished\":\"2022-01-22T11:44:29+00:00\",\"dateModified\":\"2022-01-22T11:44:45+00:00\",\"breadcrumb\":{\"@id\":\"https:\/\/demoweb.info\/sexshop001\/producto\/dildo-feel-it-baby-g-spot-negro\/#breadcrumb\"},\"inLanguage\":\"es\",\"potentialAction\":[{\"@type\":\"ReadAction\",\"target\":[\"https:\/\/demoweb.info\/sexshop001\/producto\/dildo-feel-it-baby-g-spot-negro\/\"]}]},{\"@type\":\"BreadcrumbList\",\"@id\":\"https:\/\/demoweb.info\/sexshop001\/producto\/dildo-feel-it-baby-g-spot-negro\/#breadcrumb\",\"itemListElement\":[{\"@type\":\"ListItem\",\"position\":1,\"name\":\"Portada\",\"item\":\"https:\/\/demoweb.info\/sexshop001\/\"},{\"@type\":\"ListItem\",\"position\":2,\"name\":\"Tienda\",\"item\":\"https:\/\/demoweb.info\/sexshop001\/tienda\/\"},{\"@type\":\"ListItem\",\"position\":3,\"name\":\"DILDO FEEL IT BABY G-SPOT &#8211; NEGRO\"}]},{\"@type\":\"WebSite\",\"@id\":\"https:\/\/demoweb.info\/sexshop001\/#website\",\"url\":\"https:\/\/demoweb.info\/sexshop001\/\",\"name\":\"Tienda Er\u00f3tica\",\"description\":\"DEMOWEB SL\",\"potentialAction\":[{\"@type\":\"SearchAction\",\"target\":{\"@type\":\"EntryPoint\",\"urlTemplate\":\"https:\/\/demoweb.info\/sexshop001\/?s={search_term_string}\"},\"query-input\":\"required name=search_term_string\"}],\"inLanguage\":\"es\"}]}<\/script>\n<!-- \/ Yoast SEO plugin. -->","yoast_head_json":{"title":"DILDO FEEL IT BABY G-SPOT - NEGRO - Tienda Er\u00f3tica","robots":{"index":"noindex","follow":"follow","max-snippet":"max-snippet:-1","max-image-preview":"max-image-preview:large","max-video-preview":"max-video-preview:-1"},"og_locale":"es_ES","og_type":"article","og_title":"DILDO FEEL IT BABY G-SPOT - NEGRO - Tienda Er\u00f3tica","og_description":"FEEL IT BABY G-SPOT DILDO &#8211; BLACK En celebraci\u00f3n de una d\u00e9cada de descubrimiento y realizaci\u00f3n er\u00f3ticos, la colecci\u00f3n oficial","og_url":"https:\/\/demoweb.info\/sexshop001\/producto\/dildo-feel-it-baby-g-spot-negro\/","og_site_name":"Tienda Er\u00f3tica","article_modified_time":"2022-01-22T11:44:45+00:00","og_image":[{"width":550,"height":550,"url":"https:\/\/demoweb.info\/sexshop001\/wp-content\/uploads\/2022\/01\/DILDO-FEEL-IT-BABY-G-SPOT-NEGRO.jpg","type":"image\/jpeg"}],"twitter_card":"summary_large_image","twitter_misc":{"Tiempo de lectura":"1 minuto"},"schema":{"@context":"https:\/\/schema.org","@graph":[{"@type":"WebPage","@id":"https:\/\/demoweb.info\/sexshop001\/producto\/dildo-feel-it-baby-g-spot-negro\/","url":"https:\/\/demoweb.info\/sexshop001\/producto\/dildo-feel-it-baby-g-spot-negro\/","name":"DILDO FEEL IT BABY G-SPOT - NEGRO - Tienda Er\u00f3tica","isPartOf":{"@id":"https:\/\/demoweb.info\/sexshop001\/#website"},"datePublished":"2022-01-22T11:44:29+00:00","dateModified":"2022-01-22T11:44:45+00:00","breadcrumb":{"@id":"https:\/\/demoweb.info\/sexshop001\/producto\/dildo-feel-it-baby-g-spot-negro\/#breadcrumb"},"inLanguage":"es","potentialAction":[{"@type":"ReadAction","target":["https:\/\/demoweb.info\/sexshop001\/producto\/dildo-feel-it-baby-g-spot-negro\/"]}]},{"@type":"BreadcrumbList","@id":"https:\/\/demoweb.info\/sexshop001\/producto\/dildo-feel-it-baby-g-spot-negro\/#breadcrumb","itemListElement":[{"@type":"ListItem","position":1,"name":"Portada","item":"https:\/\/demoweb.info\/sexshop001\/"},{"@type":"ListItem","position":2,"name":"Tienda","item":"https:\/\/demoweb.info\/sexshop001\/tienda\/"},{"@type":"ListItem","position":3,"name":"DILDO FEEL IT BABY G-SPOT &#8211; NEGRO"}]},{"@type":"WebSite","@id":"https:\/\/demoweb.info\/sexshop001\/#website","url":"https:\/\/demoweb.info\/sexshop001\/","name":"Tienda Er\u00f3tica","description":"DEMOWEB SL","potentialAction":[{"@type":"SearchAction","target":{"@type":"EntryPoint","urlTemplate":"https:\/\/demoweb.info\/sexshop001\/?s={search_term_string}"},"query-input":"required name=search_term_string"}],"inLanguage":"es"}]}},"_links":{"self":[{"href":"https:\/\/demoweb.info\/sexshop001\/wp-json\/wp\/v3\/product\/30895","targetHints":{"allow":["GET"]}}],"collection":[{"href":"https:\/\/demoweb.info\/sexshop001\/wp-json\/wp\/v3\/product"}],"about":[{"href":"https:\/\/demoweb.info\/sexshop001\/wp-json\/wp\/v2\/types\/product"}],"replies":[{"embeddable":true,"href":"https:\/\/demoweb.info\/sexshop001\/wp-json\/wp\/v2\/comments?post=30895"}],"wp:featuredmedia":[{"embeddable":true,"href":"https:\/\/demoweb.info\/sexshop001\/wp-json\/wp\/v2\/media\/30896"}],"wp:attachment":[{"href":"https:\/\/demoweb.info\/sexshop001\/wp-json\/wp\/v2\/media?parent=30895"}],"wp:term":[{"taxonomy":"product_cat","embeddable":true,"href":"https:\/\/demoweb.info\/sexshop001\/wp-json\/wp\/v2\/product_cat?post=30895"},{"taxonomy":"product_tag","embeddable":true,"href":"https:\/\/demoweb.info\/sexshop001\/wp-json\/wp\/v2\/product_tag?post=30895"}],"curies":[{"name":"wp","href":"https:\/\/api.w.org\/{rel}","templated":true}]}}