{"id":30876,"date":"2022-01-22T12:44:29","date_gmt":"2022-01-22T11:44:29","guid":{"rendered":"https:\/\/demoweb.info\/sexshop001\/producto\/bomba-automatica-recargable-luv-transparente\/"},"modified":"2022-01-22T12:44:35","modified_gmt":"2022-01-22T11:44:35","slug":"bomba-automatica-recargable-luv-transparente","status":"publish","type":"product","link":"https:\/\/demoweb.info\/sexshop001\/producto\/bomba-automatica-recargable-luv-transparente\/","title":{"rendered":"BOMBA AUTOM\u00c1TICA RECARGABLE LUV &#8211; TRANSPARENTE"},"content":{"rendered":"<p><strong>AUTOMATIC RECHARGEABLE LUV PUMP &#8211; TRANSPARENT<\/strong><\/p>\n<p>Con una longitud total del cilindro de 20 cm  y un di\u00e1metro de 6 cm, esta bomba de alta calidad recargable por USB le ofrece amplias posibilidades de crecer en ambas direcciones.<\/p>\n<p>La funda de inserci\u00f3n est\u00e1 hecha de silicona suave. \u00a1Sorpr\u00e9ndete cada vez de lo grande que puedes conseguir! Con solo tocar un bot\u00f3n, la bomba recargable extremadamente poderosa crear\u00e1 un vac\u00edo s\u00faper fuerte, brind\u00e1ndole una erecci\u00f3n r\u00e1pida y poderosa. La abertura de silicona suave crear\u00e1 un sello herm\u00e9tico pero c\u00f3modo.<\/p>\n<p>Otras ventajas de la selecci\u00f3n PUMPED son, entre otras, la eyaculaci\u00f3n retardada, la mejora del apetito sexual, el aumento de la testosterona, el mantenimiento de erecciones m\u00e1s largas y duras y el apoyo del tejido del pene despu\u00e9s de la cirug\u00eda de pr\u00f3stata.<br \/>\nBOMBEA, para resultados instant\u00e1neos!\n <\/p>\n","protected":false},"excerpt":{"rendered":"<p>AUTOMATIC RECHARGEABLE LUV PUMP &#8211; TRANSPARENT Con una longitud total del cilindro de 20 cm y un di\u00e1metro de 6<\/p>\n","protected":false},"featured_media":30877,"comment_status":"open","ping_status":"open","template":"","meta":[],"product_cat":[479],"product_tag":[302],"class_list":["post-30876","product","type-product","status-publish","has-post-thumbnail","hentry","product_cat-automaticos","product_tag-shots"],"bundled_by":[],"bundle_stock_status":"instock","bundle_stock_quantity":1,"bundle_virtual":false,"bundle_layout":"","bundle_add_to_cart_form_location":"","bundle_editable_in_cart":false,"bundle_sold_individually_context":"","bundle_item_grouping":"","bundle_min_size":"","bundle_max_size":"","bundled_items":[],"yoast_head":"<!-- This site is optimized with the Yoast SEO plugin v20.6 - https:\/\/yoast.com\/wordpress\/plugins\/seo\/ -->\n<title>BOMBA AUTOM\u00c1TICA RECARGABLE LUV - TRANSPARENTE - Tienda Er\u00f3tica<\/title>\n<meta name=\"robots\" content=\"noindex, follow, max-snippet:-1, max-image-preview:large, max-video-preview:-1\" \/>\n<meta property=\"og:locale\" content=\"es_ES\" \/>\n<meta property=\"og:type\" content=\"article\" \/>\n<meta property=\"og:title\" content=\"BOMBA AUTOM\u00c1TICA RECARGABLE LUV - TRANSPARENTE - Tienda Er\u00f3tica\" \/>\n<meta property=\"og:description\" content=\"AUTOMATIC RECHARGEABLE LUV PUMP &#8211; TRANSPARENT Con una longitud total del cilindro de 20 cm y un di\u00e1metro de 6\" \/>\n<meta property=\"og:url\" content=\"https:\/\/demoweb.info\/sexshop001\/producto\/bomba-automatica-recargable-luv-transparente\/\" \/>\n<meta property=\"og:site_name\" content=\"Tienda Er\u00f3tica\" \/>\n<meta property=\"article:modified_time\" content=\"2022-01-22T11:44:35+00:00\" \/>\n<meta property=\"og:image\" content=\"https:\/\/demoweb.info\/sexshop001\/wp-content\/uploads\/2022\/01\/BOMBA-AUTOMATICA-RECARGABLE-LUV-TRANSPARENTE.jpg\" \/>\n\t<meta property=\"og:image:width\" content=\"550\" \/>\n\t<meta property=\"og:image:height\" content=\"550\" \/>\n\t<meta property=\"og:image:type\" content=\"image\/jpeg\" \/>\n<meta name=\"twitter:card\" content=\"summary_large_image\" \/>\n<meta name=\"twitter:label1\" content=\"Tiempo de lectura\" \/>\n\t<meta name=\"twitter:data1\" content=\"1 minuto\" \/>\n<script type=\"application\/ld+json\" class=\"yoast-schema-graph\">{\"@context\":\"https:\/\/schema.org\",\"@graph\":[{\"@type\":\"WebPage\",\"@id\":\"https:\/\/demoweb.info\/sexshop001\/producto\/bomba-automatica-recargable-luv-transparente\/\",\"url\":\"https:\/\/demoweb.info\/sexshop001\/producto\/bomba-automatica-recargable-luv-transparente\/\",\"name\":\"BOMBA AUTOM\u00c1TICA RECARGABLE LUV - TRANSPARENTE - Tienda Er\u00f3tica\",\"isPartOf\":{\"@id\":\"https:\/\/demoweb.info\/sexshop001\/#website\"},\"datePublished\":\"2022-01-22T11:44:29+00:00\",\"dateModified\":\"2022-01-22T11:44:35+00:00\",\"breadcrumb\":{\"@id\":\"https:\/\/demoweb.info\/sexshop001\/producto\/bomba-automatica-recargable-luv-transparente\/#breadcrumb\"},\"inLanguage\":\"es\",\"potentialAction\":[{\"@type\":\"ReadAction\",\"target\":[\"https:\/\/demoweb.info\/sexshop001\/producto\/bomba-automatica-recargable-luv-transparente\/\"]}]},{\"@type\":\"BreadcrumbList\",\"@id\":\"https:\/\/demoweb.info\/sexshop001\/producto\/bomba-automatica-recargable-luv-transparente\/#breadcrumb\",\"itemListElement\":[{\"@type\":\"ListItem\",\"position\":1,\"name\":\"Portada\",\"item\":\"https:\/\/demoweb.info\/sexshop001\/\"},{\"@type\":\"ListItem\",\"position\":2,\"name\":\"Tienda\",\"item\":\"https:\/\/demoweb.info\/sexshop001\/tienda\/\"},{\"@type\":\"ListItem\",\"position\":3,\"name\":\"BOMBA AUTOM\u00c1TICA RECARGABLE LUV &#8211; TRANSPARENTE\"}]},{\"@type\":\"WebSite\",\"@id\":\"https:\/\/demoweb.info\/sexshop001\/#website\",\"url\":\"https:\/\/demoweb.info\/sexshop001\/\",\"name\":\"Tienda Er\u00f3tica\",\"description\":\"DEMOWEB SL\",\"potentialAction\":[{\"@type\":\"SearchAction\",\"target\":{\"@type\":\"EntryPoint\",\"urlTemplate\":\"https:\/\/demoweb.info\/sexshop001\/?s={search_term_string}\"},\"query-input\":\"required name=search_term_string\"}],\"inLanguage\":\"es\"}]}<\/script>\n<!-- \/ Yoast SEO plugin. -->","yoast_head_json":{"title":"BOMBA AUTOM\u00c1TICA RECARGABLE LUV - TRANSPARENTE - Tienda Er\u00f3tica","robots":{"index":"noindex","follow":"follow","max-snippet":"max-snippet:-1","max-image-preview":"max-image-preview:large","max-video-preview":"max-video-preview:-1"},"og_locale":"es_ES","og_type":"article","og_title":"BOMBA AUTOM\u00c1TICA RECARGABLE LUV - TRANSPARENTE - Tienda Er\u00f3tica","og_description":"AUTOMATIC RECHARGEABLE LUV PUMP &#8211; TRANSPARENT Con una longitud total del cilindro de 20 cm y un di\u00e1metro de 6","og_url":"https:\/\/demoweb.info\/sexshop001\/producto\/bomba-automatica-recargable-luv-transparente\/","og_site_name":"Tienda Er\u00f3tica","article_modified_time":"2022-01-22T11:44:35+00:00","og_image":[{"width":550,"height":550,"url":"https:\/\/demoweb.info\/sexshop001\/wp-content\/uploads\/2022\/01\/BOMBA-AUTOMATICA-RECARGABLE-LUV-TRANSPARENTE.jpg","type":"image\/jpeg"}],"twitter_card":"summary_large_image","twitter_misc":{"Tiempo de lectura":"1 minuto"},"schema":{"@context":"https:\/\/schema.org","@graph":[{"@type":"WebPage","@id":"https:\/\/demoweb.info\/sexshop001\/producto\/bomba-automatica-recargable-luv-transparente\/","url":"https:\/\/demoweb.info\/sexshop001\/producto\/bomba-automatica-recargable-luv-transparente\/","name":"BOMBA AUTOM\u00c1TICA RECARGABLE LUV - TRANSPARENTE - Tienda Er\u00f3tica","isPartOf":{"@id":"https:\/\/demoweb.info\/sexshop001\/#website"},"datePublished":"2022-01-22T11:44:29+00:00","dateModified":"2022-01-22T11:44:35+00:00","breadcrumb":{"@id":"https:\/\/demoweb.info\/sexshop001\/producto\/bomba-automatica-recargable-luv-transparente\/#breadcrumb"},"inLanguage":"es","potentialAction":[{"@type":"ReadAction","target":["https:\/\/demoweb.info\/sexshop001\/producto\/bomba-automatica-recargable-luv-transparente\/"]}]},{"@type":"BreadcrumbList","@id":"https:\/\/demoweb.info\/sexshop001\/producto\/bomba-automatica-recargable-luv-transparente\/#breadcrumb","itemListElement":[{"@type":"ListItem","position":1,"name":"Portada","item":"https:\/\/demoweb.info\/sexshop001\/"},{"@type":"ListItem","position":2,"name":"Tienda","item":"https:\/\/demoweb.info\/sexshop001\/tienda\/"},{"@type":"ListItem","position":3,"name":"BOMBA AUTOM\u00c1TICA RECARGABLE LUV &#8211; TRANSPARENTE"}]},{"@type":"WebSite","@id":"https:\/\/demoweb.info\/sexshop001\/#website","url":"https:\/\/demoweb.info\/sexshop001\/","name":"Tienda Er\u00f3tica","description":"DEMOWEB SL","potentialAction":[{"@type":"SearchAction","target":{"@type":"EntryPoint","urlTemplate":"https:\/\/demoweb.info\/sexshop001\/?s={search_term_string}"},"query-input":"required name=search_term_string"}],"inLanguage":"es"}]}},"_links":{"self":[{"href":"https:\/\/demoweb.info\/sexshop001\/wp-json\/wp\/v3\/product\/30876","targetHints":{"allow":["GET"]}}],"collection":[{"href":"https:\/\/demoweb.info\/sexshop001\/wp-json\/wp\/v3\/product"}],"about":[{"href":"https:\/\/demoweb.info\/sexshop001\/wp-json\/wp\/v2\/types\/product"}],"replies":[{"embeddable":true,"href":"https:\/\/demoweb.info\/sexshop001\/wp-json\/wp\/v2\/comments?post=30876"}],"wp:featuredmedia":[{"embeddable":true,"href":"https:\/\/demoweb.info\/sexshop001\/wp-json\/wp\/v2\/media\/30877"}],"wp:attachment":[{"href":"https:\/\/demoweb.info\/sexshop001\/wp-json\/wp\/v2\/media?parent=30876"}],"wp:term":[{"taxonomy":"product_cat","embeddable":true,"href":"https:\/\/demoweb.info\/sexshop001\/wp-json\/wp\/v2\/product_cat?post=30876"},{"taxonomy":"product_tag","embeddable":true,"href":"https:\/\/demoweb.info\/sexshop001\/wp-json\/wp\/v2\/product_tag?post=30876"}],"curies":[{"name":"wp","href":"https:\/\/api.w.org\/{rel}","templated":true}]}}