{"id":30758,"date":"2022-01-22T12:43:15","date_gmt":"2022-01-22T11:43:15","guid":{"rendered":"https:\/\/demoweb.info\/sexshop001\/producto\/dildo-junior-morado\/"},"modified":"2022-01-22T12:43:22","modified_gmt":"2022-01-22T11:43:22","slug":"dildo-junior-morado","status":"publish","type":"product","link":"https:\/\/demoweb.info\/sexshop001\/producto\/dildo-junior-morado\/","title":{"rendered":"DILDO JUNIOR &#8211; MORADO"},"content":{"rendered":"<p><strong>JUNIOR DONG &#8211; PURPLE<\/strong><\/p>\n<p>\u00a1Ponte a la moda con Reflective Gel \u2122 7.5 Jr. Dong, un consolador moderno y elegante dise\u00f1ado para mujeres que quieren un juguete sexual con curvas y ranuras realistas como si fueran reales!<br \/>\nPresenta todos los surcos y crestas naturales para la imitaci\u00f3n realista perfecta, para que pueda maximizar tu experiencia con un sentido adicional de realismo para una sensaci\u00f3n de hacer el amor aut\u00e9ntico incluso cuando est\u00e1 en tu propio.<\/p>\n<p>Perfecto para el placer personal o simplemente divertido para los juegos previos en pareja, este juguete para adultos es uno de los favoritos entre las mujeres de todo el mundo.<br \/>\nEl consolador realista es suave como una gelatina, por lo que se siente incre\u00edble en la piel, es lo suficientemente flexible para cualquier \u00e1ngulo y posici\u00f3n, es completamente vers\u00e1til y se puede usar en cualquier parte del cuerpo, y ha sido terminado a mano con detalles realistas y muchas crestas de placer para dar. usted la m\u00e1xima satisfacci\u00f3n.<\/p>\n<p>Reflective Gel \u2122 Jr. Dong mide 19,05 cm de largo y ha demostrado ser una forma y tama\u00f1o muy popular entre principiantes y usuarios avanzados por igual. Hecho de PVC de alta calidad, este juguete sexual est\u00e1 dise\u00f1ado para durar. Ll\u00e9vate a casa este consolador para divertirte y disfrutar sin fin.<\/p>\n","protected":false},"excerpt":{"rendered":"<p>JUNIOR DONG &#8211; PURPLE \u00a1Ponte a la moda con Reflective Gel \u2122 7.5 Jr. Dong, un consolador moderno y elegante<\/p>\n","protected":false},"featured_media":30759,"comment_status":"open","ping_status":"open","template":"","meta":[],"product_cat":[339],"product_tag":[660],"class_list":["post-30758","product","type-product","status-publish","has-post-thumbnail","hentry","product_cat-dildos","product_tag-calexotics"],"bundled_by":[],"bundle_stock_status":"instock","bundle_stock_quantity":1,"bundle_virtual":false,"bundle_layout":"","bundle_add_to_cart_form_location":"","bundle_editable_in_cart":false,"bundle_sold_individually_context":"","bundle_item_grouping":"","bundle_min_size":"","bundle_max_size":"","bundled_items":[],"yoast_head":"<!-- This site is optimized with the Yoast SEO plugin v20.6 - https:\/\/yoast.com\/wordpress\/plugins\/seo\/ -->\n<title>DILDO JUNIOR - MORADO - Tienda Er\u00f3tica<\/title>\n<meta name=\"robots\" content=\"noindex, follow, max-snippet:-1, max-image-preview:large, max-video-preview:-1\" \/>\n<meta property=\"og:locale\" content=\"es_ES\" \/>\n<meta property=\"og:type\" content=\"article\" \/>\n<meta property=\"og:title\" content=\"DILDO JUNIOR - MORADO - Tienda Er\u00f3tica\" \/>\n<meta property=\"og:description\" content=\"JUNIOR DONG &#8211; PURPLE \u00a1Ponte a la moda con Reflective Gel \u2122 7.5 Jr. Dong, un consolador moderno y elegante\" \/>\n<meta property=\"og:url\" content=\"https:\/\/demoweb.info\/sexshop001\/producto\/dildo-junior-morado\/\" \/>\n<meta property=\"og:site_name\" content=\"Tienda Er\u00f3tica\" \/>\n<meta property=\"article:modified_time\" content=\"2022-01-22T11:43:22+00:00\" \/>\n<meta property=\"og:image\" content=\"https:\/\/demoweb.info\/sexshop001\/wp-content\/uploads\/2022\/01\/DILDO-JUNIOR-MORADO.jpg\" \/>\n\t<meta property=\"og:image:width\" content=\"550\" \/>\n\t<meta property=\"og:image:height\" content=\"550\" \/>\n\t<meta property=\"og:image:type\" content=\"image\/jpeg\" \/>\n<meta name=\"twitter:card\" content=\"summary_large_image\" \/>\n<meta name=\"twitter:label1\" content=\"Tiempo de lectura\" \/>\n\t<meta name=\"twitter:data1\" content=\"1 minuto\" \/>\n<script type=\"application\/ld+json\" class=\"yoast-schema-graph\">{\"@context\":\"https:\/\/schema.org\",\"@graph\":[{\"@type\":\"WebPage\",\"@id\":\"https:\/\/demoweb.info\/sexshop001\/producto\/dildo-junior-morado\/\",\"url\":\"https:\/\/demoweb.info\/sexshop001\/producto\/dildo-junior-morado\/\",\"name\":\"DILDO JUNIOR - MORADO - Tienda Er\u00f3tica\",\"isPartOf\":{\"@id\":\"https:\/\/demoweb.info\/sexshop001\/#website\"},\"datePublished\":\"2022-01-22T11:43:15+00:00\",\"dateModified\":\"2022-01-22T11:43:22+00:00\",\"breadcrumb\":{\"@id\":\"https:\/\/demoweb.info\/sexshop001\/producto\/dildo-junior-morado\/#breadcrumb\"},\"inLanguage\":\"es\",\"potentialAction\":[{\"@type\":\"ReadAction\",\"target\":[\"https:\/\/demoweb.info\/sexshop001\/producto\/dildo-junior-morado\/\"]}]},{\"@type\":\"BreadcrumbList\",\"@id\":\"https:\/\/demoweb.info\/sexshop001\/producto\/dildo-junior-morado\/#breadcrumb\",\"itemListElement\":[{\"@type\":\"ListItem\",\"position\":1,\"name\":\"Portada\",\"item\":\"https:\/\/demoweb.info\/sexshop001\/\"},{\"@type\":\"ListItem\",\"position\":2,\"name\":\"Tienda\",\"item\":\"https:\/\/demoweb.info\/sexshop001\/tienda\/\"},{\"@type\":\"ListItem\",\"position\":3,\"name\":\"DILDO JUNIOR &#8211; MORADO\"}]},{\"@type\":\"WebSite\",\"@id\":\"https:\/\/demoweb.info\/sexshop001\/#website\",\"url\":\"https:\/\/demoweb.info\/sexshop001\/\",\"name\":\"Tienda Er\u00f3tica\",\"description\":\"DEMOWEB SL\",\"potentialAction\":[{\"@type\":\"SearchAction\",\"target\":{\"@type\":\"EntryPoint\",\"urlTemplate\":\"https:\/\/demoweb.info\/sexshop001\/?s={search_term_string}\"},\"query-input\":\"required name=search_term_string\"}],\"inLanguage\":\"es\"}]}<\/script>\n<!-- \/ Yoast SEO plugin. -->","yoast_head_json":{"title":"DILDO JUNIOR - MORADO - Tienda Er\u00f3tica","robots":{"index":"noindex","follow":"follow","max-snippet":"max-snippet:-1","max-image-preview":"max-image-preview:large","max-video-preview":"max-video-preview:-1"},"og_locale":"es_ES","og_type":"article","og_title":"DILDO JUNIOR - MORADO - Tienda Er\u00f3tica","og_description":"JUNIOR DONG &#8211; PURPLE \u00a1Ponte a la moda con Reflective Gel \u2122 7.5 Jr. Dong, un consolador moderno y elegante","og_url":"https:\/\/demoweb.info\/sexshop001\/producto\/dildo-junior-morado\/","og_site_name":"Tienda Er\u00f3tica","article_modified_time":"2022-01-22T11:43:22+00:00","og_image":[{"width":550,"height":550,"url":"https:\/\/demoweb.info\/sexshop001\/wp-content\/uploads\/2022\/01\/DILDO-JUNIOR-MORADO.jpg","type":"image\/jpeg"}],"twitter_card":"summary_large_image","twitter_misc":{"Tiempo de lectura":"1 minuto"},"schema":{"@context":"https:\/\/schema.org","@graph":[{"@type":"WebPage","@id":"https:\/\/demoweb.info\/sexshop001\/producto\/dildo-junior-morado\/","url":"https:\/\/demoweb.info\/sexshop001\/producto\/dildo-junior-morado\/","name":"DILDO JUNIOR - MORADO - Tienda Er\u00f3tica","isPartOf":{"@id":"https:\/\/demoweb.info\/sexshop001\/#website"},"datePublished":"2022-01-22T11:43:15+00:00","dateModified":"2022-01-22T11:43:22+00:00","breadcrumb":{"@id":"https:\/\/demoweb.info\/sexshop001\/producto\/dildo-junior-morado\/#breadcrumb"},"inLanguage":"es","potentialAction":[{"@type":"ReadAction","target":["https:\/\/demoweb.info\/sexshop001\/producto\/dildo-junior-morado\/"]}]},{"@type":"BreadcrumbList","@id":"https:\/\/demoweb.info\/sexshop001\/producto\/dildo-junior-morado\/#breadcrumb","itemListElement":[{"@type":"ListItem","position":1,"name":"Portada","item":"https:\/\/demoweb.info\/sexshop001\/"},{"@type":"ListItem","position":2,"name":"Tienda","item":"https:\/\/demoweb.info\/sexshop001\/tienda\/"},{"@type":"ListItem","position":3,"name":"DILDO JUNIOR &#8211; MORADO"}]},{"@type":"WebSite","@id":"https:\/\/demoweb.info\/sexshop001\/#website","url":"https:\/\/demoweb.info\/sexshop001\/","name":"Tienda Er\u00f3tica","description":"DEMOWEB SL","potentialAction":[{"@type":"SearchAction","target":{"@type":"EntryPoint","urlTemplate":"https:\/\/demoweb.info\/sexshop001\/?s={search_term_string}"},"query-input":"required name=search_term_string"}],"inLanguage":"es"}]}},"_links":{"self":[{"href":"https:\/\/demoweb.info\/sexshop001\/wp-json\/wp\/v3\/product\/30758","targetHints":{"allow":["GET"]}}],"collection":[{"href":"https:\/\/demoweb.info\/sexshop001\/wp-json\/wp\/v3\/product"}],"about":[{"href":"https:\/\/demoweb.info\/sexshop001\/wp-json\/wp\/v2\/types\/product"}],"replies":[{"embeddable":true,"href":"https:\/\/demoweb.info\/sexshop001\/wp-json\/wp\/v2\/comments?post=30758"}],"wp:featuredmedia":[{"embeddable":true,"href":"https:\/\/demoweb.info\/sexshop001\/wp-json\/wp\/v2\/media\/30759"}],"wp:attachment":[{"href":"https:\/\/demoweb.info\/sexshop001\/wp-json\/wp\/v2\/media?parent=30758"}],"wp:term":[{"taxonomy":"product_cat","embeddable":true,"href":"https:\/\/demoweb.info\/sexshop001\/wp-json\/wp\/v2\/product_cat?post=30758"},{"taxonomy":"product_tag","embeddable":true,"href":"https:\/\/demoweb.info\/sexshop001\/wp-json\/wp\/v2\/product_tag?post=30758"}],"curies":[{"name":"wp","href":"https:\/\/api.w.org\/{rel}","templated":true}]}}