{"id":30724,"date":"2022-01-22T12:42:56","date_gmt":"2022-01-22T11:42:56","guid":{"rendered":"https:\/\/demoweb.info\/sexshop001\/producto\/satisfyer-lolli-plug-2-gris\/"},"modified":"2022-01-22T12:43:03","modified_gmt":"2022-01-22T11:43:03","slug":"satisfyer-lolli-plug-2-gris","status":"publish","type":"product","link":"https:\/\/demoweb.info\/sexshop001\/producto\/satisfyer-lolli-plug-2-gris\/","title":{"rendered":"SATISFYER LOLLI PLUG 2 &#8211; GRIS"},"content":{"rendered":"<p><strong>SATISFYER LOLLI PLUG 2<\/strong><\/p>\n<p>Los 2 motores y las intensas vibraciones hacen que Lolli-Plug 2 sea un aut\u00e9ntico espect\u00e1culo. La estructura esf\u00e9rica est\u00e1 hecha de silicona suave y acaba con una amplia base para un uso seguro.<\/p>\n<p>12 variados y potentes programas de vibraci\u00f3n<br \/>\nDos potentes motores transmiten intensos ritmos de vibraci\u00f3n a trav\u00e9s de todo el juguete<br \/>\nAdecuado tanto para hombres como para mujeres<\/p>\n<ul>\n<li>15 a\u00f1os de garant\u00eda comercial<\/li>\n<li>Vibraci\u00f3n profunda superintensa<\/li>\n<li>Silicona agradable al cuerpo<\/li>\n<li>Impermeable (IPX7)<\/li>\n<li>F\u00e1cil de limpiar<\/li>\n<li>Modo de susurro<\/li>\n<li>Bater\u00eda de iones de litio<\/li>\n<li>Cable de carga magn\u00e9tico por USB incluido<\/li>\n<li>Longitud insertable: 11 cm<\/li>\n<li>Longitud total:13,5 cm<\/li>\n<li>Di\u00e1metro m\u00e1ximo: 2,5 cm<\/li>\n<\/ul>\n<p>Satisfyer Lolli-Plug 2: Tap\u00f3n anal con vibraci\u00f3n y control mediante aplicaci\u00f3n<\/p>\n<p>Disfruta de un sensual masaje anal y de pr\u00f3stata con el Satisfyer Lolli-Plug 2: El vibrador anal con estructura esf\u00e9rica progresiva seduce por su superficie suave y sedosa de silicona inocua para el cuerpo y es adecuado tanto para hombres como para mujeres.<\/p>\n<p>\u00bfQu\u00e9 otras ventajas tiene el vibrador anal?<br \/>\nDebido a su acabado impermeable (IPX7), el Lolli-Plug 2 tambi\u00e9n te acompa\u00f1ar\u00e1 dentro de la ducha o la ba\u00f1era y, adem\u00e1s, se puede limpiar f\u00e1cilmente y de forma sencilla con agua tibia y jab\u00f3n suave. El vibrador anal cuenta con una amplia base, que tambi\u00e9n sirve de asa, para que te puedas entregar completamente a la acci\u00f3n sin preocupaciones.<\/p>\n<p>Si el Lolli-Plug 2 se queda sin aliento, las bater\u00edas integradas se pueden recargar mediante el cable de carga USB incluido. Para las actividades de juego en la puerta trasera, siempre recomendamos el uso de un lubricante a base de agua.<\/p>\n","protected":false},"excerpt":{"rendered":"<p>SATISFYER LOLLI PLUG 2 Los 2 motores y las intensas vibraciones hacen que Lolli-Plug 2 sea un aut\u00e9ntico espect\u00e1culo. La<\/p>\n","protected":false},"featured_media":30725,"comment_status":"open","ping_status":"open","template":"","meta":[],"product_cat":[338],"product_tag":[1179,442],"class_list":["post-30724","product","type-product","status-publish","has-post-thumbnail","hentry","product_cat-silicona-plugs","product_tag-plugs","product_tag-satisfyer"],"bundled_by":[],"bundle_stock_status":"instock","bundle_stock_quantity":25,"bundle_virtual":false,"bundle_layout":"","bundle_add_to_cart_form_location":"","bundle_editable_in_cart":false,"bundle_sold_individually_context":"","bundle_item_grouping":"","bundle_min_size":"","bundle_max_size":"","bundled_items":[],"yoast_head":"<!-- This site is optimized with the Yoast SEO plugin v20.6 - https:\/\/yoast.com\/wordpress\/plugins\/seo\/ -->\n<title>SATISFYER LOLLI PLUG 2 - GRIS - Tienda Er\u00f3tica<\/title>\n<meta name=\"robots\" content=\"noindex, follow, max-snippet:-1, max-image-preview:large, max-video-preview:-1\" \/>\n<meta property=\"og:locale\" content=\"es_ES\" \/>\n<meta property=\"og:type\" content=\"article\" \/>\n<meta property=\"og:title\" content=\"SATISFYER LOLLI PLUG 2 - GRIS - Tienda Er\u00f3tica\" \/>\n<meta property=\"og:description\" content=\"SATISFYER LOLLI PLUG 2 Los 2 motores y las intensas vibraciones hacen que Lolli-Plug 2 sea un aut\u00e9ntico espect\u00e1culo. La\" \/>\n<meta property=\"og:url\" content=\"https:\/\/demoweb.info\/sexshop001\/producto\/satisfyer-lolli-plug-2-gris\/\" \/>\n<meta property=\"og:site_name\" content=\"Tienda Er\u00f3tica\" \/>\n<meta property=\"article:modified_time\" content=\"2022-01-22T11:43:03+00:00\" \/>\n<meta property=\"og:image\" content=\"https:\/\/demoweb.info\/sexshop001\/wp-content\/uploads\/2022\/01\/SATISFYER-LOLLI-PLUG-2-GRIS.jpg\" \/>\n\t<meta property=\"og:image:width\" content=\"550\" \/>\n\t<meta property=\"og:image:height\" content=\"550\" \/>\n\t<meta property=\"og:image:type\" content=\"image\/jpeg\" \/>\n<meta name=\"twitter:card\" content=\"summary_large_image\" \/>\n<meta name=\"twitter:label1\" content=\"Tiempo de lectura\" \/>\n\t<meta name=\"twitter:data1\" content=\"1 minuto\" \/>\n<script type=\"application\/ld+json\" class=\"yoast-schema-graph\">{\"@context\":\"https:\/\/schema.org\",\"@graph\":[{\"@type\":\"WebPage\",\"@id\":\"https:\/\/demoweb.info\/sexshop001\/producto\/satisfyer-lolli-plug-2-gris\/\",\"url\":\"https:\/\/demoweb.info\/sexshop001\/producto\/satisfyer-lolli-plug-2-gris\/\",\"name\":\"SATISFYER LOLLI PLUG 2 - GRIS - Tienda Er\u00f3tica\",\"isPartOf\":{\"@id\":\"https:\/\/demoweb.info\/sexshop001\/#website\"},\"datePublished\":\"2022-01-22T11:42:56+00:00\",\"dateModified\":\"2022-01-22T11:43:03+00:00\",\"breadcrumb\":{\"@id\":\"https:\/\/demoweb.info\/sexshop001\/producto\/satisfyer-lolli-plug-2-gris\/#breadcrumb\"},\"inLanguage\":\"es\",\"potentialAction\":[{\"@type\":\"ReadAction\",\"target\":[\"https:\/\/demoweb.info\/sexshop001\/producto\/satisfyer-lolli-plug-2-gris\/\"]}]},{\"@type\":\"BreadcrumbList\",\"@id\":\"https:\/\/demoweb.info\/sexshop001\/producto\/satisfyer-lolli-plug-2-gris\/#breadcrumb\",\"itemListElement\":[{\"@type\":\"ListItem\",\"position\":1,\"name\":\"Portada\",\"item\":\"https:\/\/demoweb.info\/sexshop001\/\"},{\"@type\":\"ListItem\",\"position\":2,\"name\":\"Tienda\",\"item\":\"https:\/\/demoweb.info\/sexshop001\/tienda\/\"},{\"@type\":\"ListItem\",\"position\":3,\"name\":\"SATISFYER LOLLI PLUG 2 &#8211; GRIS\"}]},{\"@type\":\"WebSite\",\"@id\":\"https:\/\/demoweb.info\/sexshop001\/#website\",\"url\":\"https:\/\/demoweb.info\/sexshop001\/\",\"name\":\"Tienda Er\u00f3tica\",\"description\":\"DEMOWEB SL\",\"potentialAction\":[{\"@type\":\"SearchAction\",\"target\":{\"@type\":\"EntryPoint\",\"urlTemplate\":\"https:\/\/demoweb.info\/sexshop001\/?s={search_term_string}\"},\"query-input\":\"required name=search_term_string\"}],\"inLanguage\":\"es\"}]}<\/script>\n<!-- \/ Yoast SEO plugin. -->","yoast_head_json":{"title":"SATISFYER LOLLI PLUG 2 - GRIS - Tienda Er\u00f3tica","robots":{"index":"noindex","follow":"follow","max-snippet":"max-snippet:-1","max-image-preview":"max-image-preview:large","max-video-preview":"max-video-preview:-1"},"og_locale":"es_ES","og_type":"article","og_title":"SATISFYER LOLLI PLUG 2 - GRIS - Tienda Er\u00f3tica","og_description":"SATISFYER LOLLI PLUG 2 Los 2 motores y las intensas vibraciones hacen que Lolli-Plug 2 sea un aut\u00e9ntico espect\u00e1culo. La","og_url":"https:\/\/demoweb.info\/sexshop001\/producto\/satisfyer-lolli-plug-2-gris\/","og_site_name":"Tienda Er\u00f3tica","article_modified_time":"2022-01-22T11:43:03+00:00","og_image":[{"width":550,"height":550,"url":"https:\/\/demoweb.info\/sexshop001\/wp-content\/uploads\/2022\/01\/SATISFYER-LOLLI-PLUG-2-GRIS.jpg","type":"image\/jpeg"}],"twitter_card":"summary_large_image","twitter_misc":{"Tiempo de lectura":"1 minuto"},"schema":{"@context":"https:\/\/schema.org","@graph":[{"@type":"WebPage","@id":"https:\/\/demoweb.info\/sexshop001\/producto\/satisfyer-lolli-plug-2-gris\/","url":"https:\/\/demoweb.info\/sexshop001\/producto\/satisfyer-lolli-plug-2-gris\/","name":"SATISFYER LOLLI PLUG 2 - GRIS - Tienda Er\u00f3tica","isPartOf":{"@id":"https:\/\/demoweb.info\/sexshop001\/#website"},"datePublished":"2022-01-22T11:42:56+00:00","dateModified":"2022-01-22T11:43:03+00:00","breadcrumb":{"@id":"https:\/\/demoweb.info\/sexshop001\/producto\/satisfyer-lolli-plug-2-gris\/#breadcrumb"},"inLanguage":"es","potentialAction":[{"@type":"ReadAction","target":["https:\/\/demoweb.info\/sexshop001\/producto\/satisfyer-lolli-plug-2-gris\/"]}]},{"@type":"BreadcrumbList","@id":"https:\/\/demoweb.info\/sexshop001\/producto\/satisfyer-lolli-plug-2-gris\/#breadcrumb","itemListElement":[{"@type":"ListItem","position":1,"name":"Portada","item":"https:\/\/demoweb.info\/sexshop001\/"},{"@type":"ListItem","position":2,"name":"Tienda","item":"https:\/\/demoweb.info\/sexshop001\/tienda\/"},{"@type":"ListItem","position":3,"name":"SATISFYER LOLLI PLUG 2 &#8211; GRIS"}]},{"@type":"WebSite","@id":"https:\/\/demoweb.info\/sexshop001\/#website","url":"https:\/\/demoweb.info\/sexshop001\/","name":"Tienda Er\u00f3tica","description":"DEMOWEB SL","potentialAction":[{"@type":"SearchAction","target":{"@type":"EntryPoint","urlTemplate":"https:\/\/demoweb.info\/sexshop001\/?s={search_term_string}"},"query-input":"required name=search_term_string"}],"inLanguage":"es"}]}},"_links":{"self":[{"href":"https:\/\/demoweb.info\/sexshop001\/wp-json\/wp\/v3\/product\/30724","targetHints":{"allow":["GET"]}}],"collection":[{"href":"https:\/\/demoweb.info\/sexshop001\/wp-json\/wp\/v3\/product"}],"about":[{"href":"https:\/\/demoweb.info\/sexshop001\/wp-json\/wp\/v2\/types\/product"}],"replies":[{"embeddable":true,"href":"https:\/\/demoweb.info\/sexshop001\/wp-json\/wp\/v2\/comments?post=30724"}],"wp:featuredmedia":[{"embeddable":true,"href":"https:\/\/demoweb.info\/sexshop001\/wp-json\/wp\/v2\/media\/30725"}],"wp:attachment":[{"href":"https:\/\/demoweb.info\/sexshop001\/wp-json\/wp\/v2\/media?parent=30724"}],"wp:term":[{"taxonomy":"product_cat","embeddable":true,"href":"https:\/\/demoweb.info\/sexshop001\/wp-json\/wp\/v2\/product_cat?post=30724"},{"taxonomy":"product_tag","embeddable":true,"href":"https:\/\/demoweb.info\/sexshop001\/wp-json\/wp\/v2\/product_tag?post=30724"}],"curies":[{"name":"wp","href":"https:\/\/api.w.org\/{rel}","templated":true}]}}