{"id":30711,"date":"2022-01-22T12:42:56","date_gmt":"2022-01-22T11:42:56","guid":{"rendered":"https:\/\/demoweb.info\/sexshop001\/producto\/satisfyer-lolli-plug-1-burdeos\/"},"modified":"2022-01-22T12:42:56","modified_gmt":"2022-01-22T11:42:56","slug":"satisfyer-lolli-plug-1-burdeos","status":"publish","type":"product","link":"https:\/\/demoweb.info\/sexshop001\/producto\/satisfyer-lolli-plug-1-burdeos\/","title":{"rendered":"SATISFYER LOLLI PLUG 1 &#8211; BURDEOS"},"content":{"rendered":"<p><strong>SATISFYER LOLLI PLUG 1 <\/strong><\/p>\n<p>2 motores proporcionan al Lolli-Plug 1 vibraciones intensas. El dise\u00f1o en forma de diamante del tap\u00f3n ofrece una estimulaci\u00f3n adicional. Una base ancha y una silicona suave aseguran un juego seguro y divertido.<\/p>\n<p>12 variados y potentes programas de vibraci\u00f3n<\/p>\n<p>Dos potentes motores transmiten intensos ritmos de vibraci\u00f3n a trav\u00e9s de todo el juguete<\/p>\n<p>Adecuado tanto para hombres como para mujeres<\/p>\n<ul>\n<li>15 a\u00f1os de garant\u00eda comercial<\/li>\n<li>Vibraci\u00f3n profunda superintensa<\/li>\n<li>Silicona agradable al cuerpo<\/li>\n<li>Impermeable (IPX7)<\/li>\n<li>F\u00e1cil de limpiar<\/li>\n<li>Modo de susurro<\/li>\n<li>Bater\u00eda de iones de litio<\/li>\n<li>Cable de carga magn\u00e9tico por USB incluido<\/li>\n<li>Longitud insertable: 12 cm<\/li>\n<li>Longitud total:14 cm<\/li>\n<li>Di\u00e1metro m\u00e1ximo: 3 cm<\/li>\n<\/ul>\n<p>Satisfyer Lolli-Plug 1: Tap\u00f3n anal con vibraci\u00f3n para hombres y mujeres<\/p>\n<p>Contenta a tu puerta trasera con el Satisfyer Lolli-Plug 1: El vibrador anal emociona gracias a su estructura c\u00f3nica y a sus 2 motores que te estimulan sensualmente. La superficie suave de silicona, que es inocua para el cuerpo, es especialmente f\u00e1cil de introducir y ofrece un juego seguro gracias a su base ancha en forma de T, que tambi\u00e9n funciona como un asa.<\/p>\n<p>El vibrador anal de Satisfyer es ideal tanto para mujeres como para hombres y para el masaje de pr\u00f3stata. Gracias a su acabado impermeable (IPX7), Lolli-Plug 1 tambi\u00e9n se puede usar bajo la ducha, en la ba\u00f1era o en una piscina privada.<\/p>\n<p>En caso de que el Lolli-Plug 1 se quede sin aliento despu\u00e9s de largas horas de juego, las bater\u00edas integradas se pueden recargar mediante el cable de carga USB incluido.<\/p>\n","protected":false},"excerpt":{"rendered":"<p>SATISFYER LOLLI PLUG 1 2 motores proporcionan al Lolli-Plug 1 vibraciones intensas. El dise\u00f1o en forma de diamante del tap\u00f3n<\/p>\n","protected":false},"featured_media":30712,"comment_status":"open","ping_status":"open","template":"","meta":[],"product_cat":[338],"product_tag":[1179,442],"class_list":["post-30711","product","type-product","status-publish","has-post-thumbnail","hentry","product_cat-silicona-plugs","product_tag-plugs","product_tag-satisfyer"],"bundled_by":[],"bundle_stock_status":"instock","bundle_stock_quantity":25,"bundle_virtual":false,"bundle_layout":"","bundle_add_to_cart_form_location":"","bundle_editable_in_cart":false,"bundle_sold_individually_context":"","bundle_item_grouping":"","bundle_min_size":"","bundle_max_size":"","bundled_items":[],"yoast_head":"<!-- This site is optimized with the Yoast SEO plugin v20.6 - https:\/\/yoast.com\/wordpress\/plugins\/seo\/ -->\n<title>SATISFYER LOLLI PLUG 1 - BURDEOS - Tienda Er\u00f3tica<\/title>\n<meta name=\"robots\" content=\"noindex, follow, max-snippet:-1, max-image-preview:large, max-video-preview:-1\" \/>\n<meta property=\"og:locale\" content=\"es_ES\" \/>\n<meta property=\"og:type\" content=\"article\" \/>\n<meta property=\"og:title\" content=\"SATISFYER LOLLI PLUG 1 - BURDEOS - Tienda Er\u00f3tica\" \/>\n<meta property=\"og:description\" content=\"SATISFYER LOLLI PLUG 1 2 motores proporcionan al Lolli-Plug 1 vibraciones intensas. El dise\u00f1o en forma de diamante del tap\u00f3n\" \/>\n<meta property=\"og:url\" content=\"https:\/\/demoweb.info\/sexshop001\/producto\/satisfyer-lolli-plug-1-burdeos\/\" \/>\n<meta property=\"og:site_name\" content=\"Tienda Er\u00f3tica\" \/>\n<meta property=\"og:image\" content=\"https:\/\/demoweb.info\/sexshop001\/wp-content\/uploads\/2022\/01\/SATISFYER-LOLLI-PLUG-1-BURDEOS.jpg\" \/>\n\t<meta property=\"og:image:width\" content=\"550\" \/>\n\t<meta property=\"og:image:height\" content=\"550\" \/>\n\t<meta property=\"og:image:type\" content=\"image\/jpeg\" \/>\n<meta name=\"twitter:card\" content=\"summary_large_image\" \/>\n<meta name=\"twitter:label1\" content=\"Tiempo de lectura\" \/>\n\t<meta name=\"twitter:data1\" content=\"1 minuto\" \/>\n<script type=\"application\/ld+json\" class=\"yoast-schema-graph\">{\"@context\":\"https:\/\/schema.org\",\"@graph\":[{\"@type\":\"WebPage\",\"@id\":\"https:\/\/demoweb.info\/sexshop001\/producto\/satisfyer-lolli-plug-1-burdeos\/\",\"url\":\"https:\/\/demoweb.info\/sexshop001\/producto\/satisfyer-lolli-plug-1-burdeos\/\",\"name\":\"SATISFYER LOLLI PLUG 1 - BURDEOS - Tienda Er\u00f3tica\",\"isPartOf\":{\"@id\":\"https:\/\/demoweb.info\/sexshop001\/#website\"},\"datePublished\":\"2022-01-22T11:42:56+00:00\",\"dateModified\":\"2022-01-22T11:42:56+00:00\",\"breadcrumb\":{\"@id\":\"https:\/\/demoweb.info\/sexshop001\/producto\/satisfyer-lolli-plug-1-burdeos\/#breadcrumb\"},\"inLanguage\":\"es\",\"potentialAction\":[{\"@type\":\"ReadAction\",\"target\":[\"https:\/\/demoweb.info\/sexshop001\/producto\/satisfyer-lolli-plug-1-burdeos\/\"]}]},{\"@type\":\"BreadcrumbList\",\"@id\":\"https:\/\/demoweb.info\/sexshop001\/producto\/satisfyer-lolli-plug-1-burdeos\/#breadcrumb\",\"itemListElement\":[{\"@type\":\"ListItem\",\"position\":1,\"name\":\"Portada\",\"item\":\"https:\/\/demoweb.info\/sexshop001\/\"},{\"@type\":\"ListItem\",\"position\":2,\"name\":\"Tienda\",\"item\":\"https:\/\/demoweb.info\/sexshop001\/tienda\/\"},{\"@type\":\"ListItem\",\"position\":3,\"name\":\"SATISFYER LOLLI PLUG 1 &#8211; BURDEOS\"}]},{\"@type\":\"WebSite\",\"@id\":\"https:\/\/demoweb.info\/sexshop001\/#website\",\"url\":\"https:\/\/demoweb.info\/sexshop001\/\",\"name\":\"Tienda Er\u00f3tica\",\"description\":\"DEMOWEB SL\",\"potentialAction\":[{\"@type\":\"SearchAction\",\"target\":{\"@type\":\"EntryPoint\",\"urlTemplate\":\"https:\/\/demoweb.info\/sexshop001\/?s={search_term_string}\"},\"query-input\":\"required name=search_term_string\"}],\"inLanguage\":\"es\"}]}<\/script>\n<!-- \/ Yoast SEO plugin. -->","yoast_head_json":{"title":"SATISFYER LOLLI PLUG 1 - BURDEOS - Tienda Er\u00f3tica","robots":{"index":"noindex","follow":"follow","max-snippet":"max-snippet:-1","max-image-preview":"max-image-preview:large","max-video-preview":"max-video-preview:-1"},"og_locale":"es_ES","og_type":"article","og_title":"SATISFYER LOLLI PLUG 1 - BURDEOS - Tienda Er\u00f3tica","og_description":"SATISFYER LOLLI PLUG 1 2 motores proporcionan al Lolli-Plug 1 vibraciones intensas. El dise\u00f1o en forma de diamante del tap\u00f3n","og_url":"https:\/\/demoweb.info\/sexshop001\/producto\/satisfyer-lolli-plug-1-burdeos\/","og_site_name":"Tienda Er\u00f3tica","og_image":[{"width":550,"height":550,"url":"https:\/\/demoweb.info\/sexshop001\/wp-content\/uploads\/2022\/01\/SATISFYER-LOLLI-PLUG-1-BURDEOS.jpg","type":"image\/jpeg"}],"twitter_card":"summary_large_image","twitter_misc":{"Tiempo de lectura":"1 minuto"},"schema":{"@context":"https:\/\/schema.org","@graph":[{"@type":"WebPage","@id":"https:\/\/demoweb.info\/sexshop001\/producto\/satisfyer-lolli-plug-1-burdeos\/","url":"https:\/\/demoweb.info\/sexshop001\/producto\/satisfyer-lolli-plug-1-burdeos\/","name":"SATISFYER LOLLI PLUG 1 - BURDEOS - Tienda Er\u00f3tica","isPartOf":{"@id":"https:\/\/demoweb.info\/sexshop001\/#website"},"datePublished":"2022-01-22T11:42:56+00:00","dateModified":"2022-01-22T11:42:56+00:00","breadcrumb":{"@id":"https:\/\/demoweb.info\/sexshop001\/producto\/satisfyer-lolli-plug-1-burdeos\/#breadcrumb"},"inLanguage":"es","potentialAction":[{"@type":"ReadAction","target":["https:\/\/demoweb.info\/sexshop001\/producto\/satisfyer-lolli-plug-1-burdeos\/"]}]},{"@type":"BreadcrumbList","@id":"https:\/\/demoweb.info\/sexshop001\/producto\/satisfyer-lolli-plug-1-burdeos\/#breadcrumb","itemListElement":[{"@type":"ListItem","position":1,"name":"Portada","item":"https:\/\/demoweb.info\/sexshop001\/"},{"@type":"ListItem","position":2,"name":"Tienda","item":"https:\/\/demoweb.info\/sexshop001\/tienda\/"},{"@type":"ListItem","position":3,"name":"SATISFYER LOLLI PLUG 1 &#8211; BURDEOS"}]},{"@type":"WebSite","@id":"https:\/\/demoweb.info\/sexshop001\/#website","url":"https:\/\/demoweb.info\/sexshop001\/","name":"Tienda Er\u00f3tica","description":"DEMOWEB SL","potentialAction":[{"@type":"SearchAction","target":{"@type":"EntryPoint","urlTemplate":"https:\/\/demoweb.info\/sexshop001\/?s={search_term_string}"},"query-input":"required name=search_term_string"}],"inLanguage":"es"}]}},"_links":{"self":[{"href":"https:\/\/demoweb.info\/sexshop001\/wp-json\/wp\/v3\/product\/30711","targetHints":{"allow":["GET"]}}],"collection":[{"href":"https:\/\/demoweb.info\/sexshop001\/wp-json\/wp\/v3\/product"}],"about":[{"href":"https:\/\/demoweb.info\/sexshop001\/wp-json\/wp\/v2\/types\/product"}],"replies":[{"embeddable":true,"href":"https:\/\/demoweb.info\/sexshop001\/wp-json\/wp\/v2\/comments?post=30711"}],"wp:featuredmedia":[{"embeddable":true,"href":"https:\/\/demoweb.info\/sexshop001\/wp-json\/wp\/v2\/media\/30712"}],"wp:attachment":[{"href":"https:\/\/demoweb.info\/sexshop001\/wp-json\/wp\/v2\/media?parent=30711"}],"wp:term":[{"taxonomy":"product_cat","embeddable":true,"href":"https:\/\/demoweb.info\/sexshop001\/wp-json\/wp\/v2\/product_cat?post=30711"},{"taxonomy":"product_tag","embeddable":true,"href":"https:\/\/demoweb.info\/sexshop001\/wp-json\/wp\/v2\/product_tag?post=30711"}],"curies":[{"name":"wp","href":"https:\/\/api.w.org\/{rel}","templated":true}]}}