{"id":30643,"date":"2022-01-22T12:42:14","date_gmt":"2022-01-22T11:42:14","guid":{"rendered":"https:\/\/demoweb.info\/sexshop001\/producto\/jes-extender-banado-en-oro-alargamiento-de-pene\/"},"modified":"2022-01-22T12:42:14","modified_gmt":"2022-01-22T11:42:14","slug":"jes-extender-banado-en-oro-alargamiento-de-pene","status":"publish","type":"product","link":"https:\/\/demoweb.info\/sexshop001\/producto\/jes-extender-banado-en-oro-alargamiento-de-pene\/","title":{"rendered":"JES-EXTENDER BA\u00d1ADO EN ORO ALARGAMIENTO DE PENE"},"content":{"rendered":"<p><strong>JES-EXTENDER GOLD<\/strong>, es un aparato con <strong> certificaci\u00f3n medica<\/strong> que sirve para <strong>alargar el pene<\/strong> mediante tracci\u00f3n.<\/p>\n<p><strong>\u00bfC\u00f3mo funciona JES-EXTENDER<\/strong>?<\/p>\n<p>JES-EXTENDER es de f\u00e1cil aplicaci\u00f3n, no causa dolor y es indetectable debajo de pantalones holgados. El JES-EXTENDER aumenta tanto la longitud como el grosor del pene. Es el \u00fanico m\u00e9todo comprobado y documentado de alargamiento del pene sin cirug\u00edas o consultas al m\u00e9dico.<\/p>\n<p><strong>El Principio <\/strong><\/p>\n<p>JES-EXTENDER utiliza la tracci\u00f3n para guiar la capacidad natural que tiene el cuerpo humano para cambiar y desarrollarse bajo la influencia f\u00edsica. Si expone una determinada parte de su cuerpo a estiramiento constante, las c\u00e9lulas en esta \u00e1rea comienzan a dividirse y multiplicarse, aumentando as\u00ed la masa de tejido. Por consiguiente, el alargamiento se da tanto en el largo como en el ancho (grosor) del pene. Diversas y numerosas culturas diferentes conocen y han utilizado este principio natural a lo largo de los siglos para desarrollar o alargar diversas partes del cuerpo.<\/p>\n<p><strong>Aparato m\u00e9dico <\/strong><\/p>\n<p>Se coloca un anillo de pl\u00e1stico especialmente dise\u00f1ado alrededor de la base del pene. Un sujetador de pl\u00e1stico y silicona se ajusta alrededor de la cabeza del pene. Entre el anillo y el sujetador, dos barras din\u00e1micas de metal aplican una tensi\u00f3n que oscila entre los 600 y los 1.500 gramos. El usuario regula la tensi\u00f3n. El JES-EXTENDER se adapta a todas las personas y a penes de cualquier tama\u00f1o.<\/p>\n<p><strong>\u00bfC\u00f3mo funciona en la pr\u00e1ctica? <\/strong><\/p>\n<p>El JES-EXTENDER puede utilizarse en cualquier momento del d\u00eda durante per\u00edodos extensos, en el trabajo o en su tiempo libre, dependiendo de sus actividades. La cantidad total de horas de utilizaci\u00f3n del JES-EXTENDER y la tracci\u00f3n aplicada determinan el resultado del tratamiento. No es necesario usar el JES-EXTENDER durante un per\u00edodo prolongado e ininterrumpido para obtener resultados. Ejemplo: un tratamiento de 2 horas diarias durante 12 meses dar\u00e1 el mismo resultado final que un tratamiento de 12 horas diarias durante 2 meses. Tambi\u00e9n podr\u00e1 interrumpir su uso durante un tiempo sin afectar el resultado final. No por ello perder\u00e1 parte de los resultados obtenidos.<\/p>\n<p>Tambi\u00e9n puede utilizarse de noche, aunque es posible que se suelte si se mueve mientras duerme o durante una erecci\u00f3n nocturna. Se recomienda utilizar la Almohadilla Protectora o cualquier otra medida de protecci\u00f3n para el uso de nocturno del JES-EXTENDER. Despu\u00e9s de cierta pr\u00e1ctica, la aplicaci\u00f3n del JES-EXTENDER le llevar\u00e1 menos de un minuto. El tratamiento con el JES-EXTENDER no tiene efectos secundarios, no afecta la micci\u00f3n, la erecci\u00f3n o la fertilidad y el alargamiento es permanente. No necesita la ayuda de su m\u00e9dico.<\/p>\n<p>En el campo de la cirug\u00eda se ha aplicado el mismo principio para estirar los dedos o las piernas y para cubrir defectos en el rostro.<\/p>\n<p><strong>Resultados permanentes de 3 a 5 cent\u00edmetros<\/strong>.<\/p>\n<p><strong>Garant\u00eda m\u00e9dica<\/strong>, ya que su uso est\u00e1 aprobado por las Autoridades Sanitarias de la Uni\u00f3n Europea, y est\u00e1 registrado en el Ministerio de Salud de Espa\u00f1a. Posee la Certificaci\u00f3n CE tipo 1, lo cual garantiza que no presenta efectos secundarios, ni a corto ni a largo plazo.<\/p>\n<p><strong>Efectividad 97 % <\/strong><\/p>\n<p><strong>Garant\u00eda cient\u00edfica<\/strong>, ya que prestigiosos ur\u00f3logos de todo el mundo han realizado estudios cient\u00edficos que demuestran una efectividad del JES-EXTENDER del 97,5%.<\/p>\n<p>\n<strong>Extras de este producto.<\/p>\n<p>-Ba\u00f1ado en oro de 24 kilates<\/strong><br \/>\n<strong>&#8211;<\/strong>Garant\u00eda de por vida gratis.<br \/>\n-En caja de madera de caoba.<br \/>\n-Kit de repuestos gratis.<br \/>\n-Set de llaves gratis<br \/>\n-Cinta confort gratis.<br \/>\n-Almohadilla protectora gratis.<br \/>\n-Entra en penes erectos de hasta 23cm.<\/p>\n<p><strong>.Anunciado en Televisi\u00f3n<\/strong>.<\/p>\n","protected":false},"excerpt":{"rendered":"<p>JES-EXTENDER GOLD, es un aparato con certificaci\u00f3n medica que sirve para alargar el pene mediante tracci\u00f3n. \u00bfC\u00f3mo funciona JES-EXTENDER? JES-EXTENDER<\/p>\n","protected":false},"featured_media":30644,"comment_status":"open","ping_status":"open","template":"","meta":[],"product_cat":[985],"product_tag":[1178],"class_list":["post-30643","product","type-product","status-publish","has-post-thumbnail","hentry","product_cat-extensores","product_tag-jes-extender"],"bundled_by":[],"bundle_stock_status":"outofstock","bundle_stock_quantity":0,"bundle_virtual":false,"bundle_layout":"","bundle_add_to_cart_form_location":"","bundle_editable_in_cart":false,"bundle_sold_individually_context":"","bundle_item_grouping":"","bundle_min_size":"","bundle_max_size":"","bundled_items":[],"yoast_head":"<!-- This site is optimized with the Yoast SEO plugin v20.6 - https:\/\/yoast.com\/wordpress\/plugins\/seo\/ -->\n<title>JES-EXTENDER BA\u00d1ADO EN ORO ALARGAMIENTO DE PENE - Tienda Er\u00f3tica<\/title>\n<meta name=\"robots\" content=\"noindex, follow, max-snippet:-1, max-image-preview:large, max-video-preview:-1\" \/>\n<meta property=\"og:locale\" content=\"es_ES\" \/>\n<meta property=\"og:type\" content=\"article\" \/>\n<meta property=\"og:title\" content=\"JES-EXTENDER BA\u00d1ADO EN ORO ALARGAMIENTO DE PENE - Tienda Er\u00f3tica\" \/>\n<meta property=\"og:description\" content=\"JES-EXTENDER GOLD, es un aparato con certificaci\u00f3n medica que sirve para alargar el pene mediante tracci\u00f3n. \u00bfC\u00f3mo funciona JES-EXTENDER? JES-EXTENDER\" \/>\n<meta property=\"og:url\" content=\"https:\/\/demoweb.info\/sexshop001\/producto\/jes-extender-banado-en-oro-alargamiento-de-pene\/\" \/>\n<meta property=\"og:site_name\" content=\"Tienda Er\u00f3tica\" \/>\n<meta property=\"og:image\" content=\"https:\/\/demoweb.info\/sexshop001\/wp-content\/uploads\/2022\/01\/JES-EXTENDER-BANADO-EN-ORO-ALARGAMIENTO-DE-PENE.jpg\" \/>\n\t<meta property=\"og:image:width\" content=\"550\" \/>\n\t<meta property=\"og:image:height\" content=\"550\" \/>\n\t<meta property=\"og:image:type\" content=\"image\/jpeg\" \/>\n<meta name=\"twitter:card\" content=\"summary_large_image\" \/>\n<meta name=\"twitter:label1\" content=\"Tiempo de lectura\" \/>\n\t<meta name=\"twitter:data1\" content=\"3 minutos\" \/>\n<script type=\"application\/ld+json\" class=\"yoast-schema-graph\">{\"@context\":\"https:\/\/schema.org\",\"@graph\":[{\"@type\":\"WebPage\",\"@id\":\"https:\/\/demoweb.info\/sexshop001\/producto\/jes-extender-banado-en-oro-alargamiento-de-pene\/\",\"url\":\"https:\/\/demoweb.info\/sexshop001\/producto\/jes-extender-banado-en-oro-alargamiento-de-pene\/\",\"name\":\"JES-EXTENDER BA\u00d1ADO EN ORO ALARGAMIENTO DE PENE - Tienda Er\u00f3tica\",\"isPartOf\":{\"@id\":\"https:\/\/demoweb.info\/sexshop001\/#website\"},\"datePublished\":\"2022-01-22T11:42:14+00:00\",\"dateModified\":\"2022-01-22T11:42:14+00:00\",\"breadcrumb\":{\"@id\":\"https:\/\/demoweb.info\/sexshop001\/producto\/jes-extender-banado-en-oro-alargamiento-de-pene\/#breadcrumb\"},\"inLanguage\":\"es\",\"potentialAction\":[{\"@type\":\"ReadAction\",\"target\":[\"https:\/\/demoweb.info\/sexshop001\/producto\/jes-extender-banado-en-oro-alargamiento-de-pene\/\"]}]},{\"@type\":\"BreadcrumbList\",\"@id\":\"https:\/\/demoweb.info\/sexshop001\/producto\/jes-extender-banado-en-oro-alargamiento-de-pene\/#breadcrumb\",\"itemListElement\":[{\"@type\":\"ListItem\",\"position\":1,\"name\":\"Portada\",\"item\":\"https:\/\/demoweb.info\/sexshop001\/\"},{\"@type\":\"ListItem\",\"position\":2,\"name\":\"Tienda\",\"item\":\"https:\/\/demoweb.info\/sexshop001\/tienda\/\"},{\"@type\":\"ListItem\",\"position\":3,\"name\":\"JES-EXTENDER BA\u00d1ADO EN ORO ALARGAMIENTO DE PENE\"}]},{\"@type\":\"WebSite\",\"@id\":\"https:\/\/demoweb.info\/sexshop001\/#website\",\"url\":\"https:\/\/demoweb.info\/sexshop001\/\",\"name\":\"Tienda Er\u00f3tica\",\"description\":\"DEMOWEB SL\",\"potentialAction\":[{\"@type\":\"SearchAction\",\"target\":{\"@type\":\"EntryPoint\",\"urlTemplate\":\"https:\/\/demoweb.info\/sexshop001\/?s={search_term_string}\"},\"query-input\":\"required name=search_term_string\"}],\"inLanguage\":\"es\"}]}<\/script>\n<!-- \/ Yoast SEO plugin. -->","yoast_head_json":{"title":"JES-EXTENDER BA\u00d1ADO EN ORO ALARGAMIENTO DE PENE - Tienda Er\u00f3tica","robots":{"index":"noindex","follow":"follow","max-snippet":"max-snippet:-1","max-image-preview":"max-image-preview:large","max-video-preview":"max-video-preview:-1"},"og_locale":"es_ES","og_type":"article","og_title":"JES-EXTENDER BA\u00d1ADO EN ORO ALARGAMIENTO DE PENE - Tienda Er\u00f3tica","og_description":"JES-EXTENDER GOLD, es un aparato con certificaci\u00f3n medica que sirve para alargar el pene mediante tracci\u00f3n. \u00bfC\u00f3mo funciona JES-EXTENDER? JES-EXTENDER","og_url":"https:\/\/demoweb.info\/sexshop001\/producto\/jes-extender-banado-en-oro-alargamiento-de-pene\/","og_site_name":"Tienda Er\u00f3tica","og_image":[{"width":550,"height":550,"url":"https:\/\/demoweb.info\/sexshop001\/wp-content\/uploads\/2022\/01\/JES-EXTENDER-BANADO-EN-ORO-ALARGAMIENTO-DE-PENE.jpg","type":"image\/jpeg"}],"twitter_card":"summary_large_image","twitter_misc":{"Tiempo de lectura":"3 minutos"},"schema":{"@context":"https:\/\/schema.org","@graph":[{"@type":"WebPage","@id":"https:\/\/demoweb.info\/sexshop001\/producto\/jes-extender-banado-en-oro-alargamiento-de-pene\/","url":"https:\/\/demoweb.info\/sexshop001\/producto\/jes-extender-banado-en-oro-alargamiento-de-pene\/","name":"JES-EXTENDER BA\u00d1ADO EN ORO ALARGAMIENTO DE PENE - Tienda Er\u00f3tica","isPartOf":{"@id":"https:\/\/demoweb.info\/sexshop001\/#website"},"datePublished":"2022-01-22T11:42:14+00:00","dateModified":"2022-01-22T11:42:14+00:00","breadcrumb":{"@id":"https:\/\/demoweb.info\/sexshop001\/producto\/jes-extender-banado-en-oro-alargamiento-de-pene\/#breadcrumb"},"inLanguage":"es","potentialAction":[{"@type":"ReadAction","target":["https:\/\/demoweb.info\/sexshop001\/producto\/jes-extender-banado-en-oro-alargamiento-de-pene\/"]}]},{"@type":"BreadcrumbList","@id":"https:\/\/demoweb.info\/sexshop001\/producto\/jes-extender-banado-en-oro-alargamiento-de-pene\/#breadcrumb","itemListElement":[{"@type":"ListItem","position":1,"name":"Portada","item":"https:\/\/demoweb.info\/sexshop001\/"},{"@type":"ListItem","position":2,"name":"Tienda","item":"https:\/\/demoweb.info\/sexshop001\/tienda\/"},{"@type":"ListItem","position":3,"name":"JES-EXTENDER BA\u00d1ADO EN ORO ALARGAMIENTO DE PENE"}]},{"@type":"WebSite","@id":"https:\/\/demoweb.info\/sexshop001\/#website","url":"https:\/\/demoweb.info\/sexshop001\/","name":"Tienda Er\u00f3tica","description":"DEMOWEB SL","potentialAction":[{"@type":"SearchAction","target":{"@type":"EntryPoint","urlTemplate":"https:\/\/demoweb.info\/sexshop001\/?s={search_term_string}"},"query-input":"required name=search_term_string"}],"inLanguage":"es"}]}},"_links":{"self":[{"href":"https:\/\/demoweb.info\/sexshop001\/wp-json\/wp\/v3\/product\/30643","targetHints":{"allow":["GET"]}}],"collection":[{"href":"https:\/\/demoweb.info\/sexshop001\/wp-json\/wp\/v3\/product"}],"about":[{"href":"https:\/\/demoweb.info\/sexshop001\/wp-json\/wp\/v2\/types\/product"}],"replies":[{"embeddable":true,"href":"https:\/\/demoweb.info\/sexshop001\/wp-json\/wp\/v2\/comments?post=30643"}],"wp:featuredmedia":[{"embeddable":true,"href":"https:\/\/demoweb.info\/sexshop001\/wp-json\/wp\/v2\/media\/30644"}],"wp:attachment":[{"href":"https:\/\/demoweb.info\/sexshop001\/wp-json\/wp\/v2\/media?parent=30643"}],"wp:term":[{"taxonomy":"product_cat","embeddable":true,"href":"https:\/\/demoweb.info\/sexshop001\/wp-json\/wp\/v2\/product_cat?post=30643"},{"taxonomy":"product_tag","embeddable":true,"href":"https:\/\/demoweb.info\/sexshop001\/wp-json\/wp\/v2\/product_tag?post=30643"}],"curies":[{"name":"wp","href":"https:\/\/api.w.org\/{rel}","templated":true}]}}