{"id":30631,"date":"2022-01-22T12:41:58","date_gmt":"2022-01-22T11:41:58","guid":{"rendered":"https:\/\/demoweb.info\/sexshop001\/producto\/sexmax-sabana-roja-de-plastico\/"},"modified":"2022-01-22T12:42:07","modified_gmt":"2022-01-22T11:42:07","slug":"sexmax-sabana-roja-de-plastico","status":"publish","type":"product","link":"https:\/\/demoweb.info\/sexshop001\/producto\/sexmax-sabana-roja-de-plastico\/","title":{"rendered":"SEXMAX S\u00c1BANA ROJA DE PL\u00c1STICO"},"content":{"rendered":"<p><strong>SEXMAX WETGAMES SEX-LAKEN RED<\/strong> es una fant\u00e1stica s\u00e1bana roja de material pl\u00e1stico lavable.<\/p>\n<p><strong>Esta s\u00e1bana convertir\u00e1 tu cama en un maravilloso campo de juegos sexuales<\/strong>.<\/p>\n<p>Perfecta para divertirse con todo tipo de aceites, lubricantes, nata, frutas, etc. incluso para juegos de lluvia dorada o cualquier otra pr\u00e1ctica que tu imaginaci\u00f3n decida.<\/p>\n<p>F\u00e1cil de colocar y de retirar.<\/p>\n<p>Con cada lavado se quedar\u00e1 como nueva y gracias a su resistencia la utilizar\u00e1s durante mucho tiempo.<\/p>\n<p>Material: L\u00e1tex.<\/p>\n<p>Medidas: 180 cm. x 220 cm.<\/p>\n","protected":false},"excerpt":{"rendered":"<p>SEXMAX WETGAMES SEX-LAKEN RED es una fant\u00e1stica s\u00e1bana roja de material pl\u00e1stico lavable. Esta s\u00e1bana convertir\u00e1 tu cama en un<\/p>\n","protected":false},"featured_media":30632,"comment_status":"open","ping_status":"open","template":"","meta":[],"product_cat":[1161],"product_tag":[725,1162],"class_list":["post-30631","product","type-product","status-publish","has-post-thumbnail","hentry","product_cat-sabanas","product_tag-joydivision","product_tag-sexmax"],"bundled_by":[],"bundle_stock_status":"instock","bundle_stock_quantity":12,"bundle_virtual":false,"bundle_layout":"","bundle_add_to_cart_form_location":"","bundle_editable_in_cart":false,"bundle_sold_individually_context":"","bundle_item_grouping":"","bundle_min_size":"","bundle_max_size":"","bundled_items":[],"yoast_head":"<!-- This site is optimized with the Yoast SEO plugin v20.6 - https:\/\/yoast.com\/wordpress\/plugins\/seo\/ -->\n<title>SEXMAX S\u00c1BANA ROJA DE PL\u00c1STICO - Tienda Er\u00f3tica<\/title>\n<meta name=\"robots\" content=\"noindex, follow, max-snippet:-1, max-image-preview:large, max-video-preview:-1\" \/>\n<meta property=\"og:locale\" content=\"es_ES\" \/>\n<meta property=\"og:type\" content=\"article\" \/>\n<meta property=\"og:title\" content=\"SEXMAX S\u00c1BANA ROJA DE PL\u00c1STICO - Tienda Er\u00f3tica\" \/>\n<meta property=\"og:description\" content=\"SEXMAX WETGAMES SEX-LAKEN RED es una fant\u00e1stica s\u00e1bana roja de material pl\u00e1stico lavable. Esta s\u00e1bana convertir\u00e1 tu cama en un\" \/>\n<meta property=\"og:url\" content=\"https:\/\/demoweb.info\/sexshop001\/producto\/sexmax-sabana-roja-de-plastico\/\" \/>\n<meta property=\"og:site_name\" content=\"Tienda Er\u00f3tica\" \/>\n<meta property=\"article:modified_time\" content=\"2022-01-22T11:42:07+00:00\" \/>\n<meta property=\"og:image\" content=\"https:\/\/demoweb.info\/sexshop001\/wp-content\/uploads\/2022\/01\/SEXMAX-SABANA-ROJA-DE-PLASTICO.jpg\" \/>\n\t<meta property=\"og:image:width\" content=\"550\" \/>\n\t<meta property=\"og:image:height\" content=\"550\" \/>\n\t<meta property=\"og:image:type\" content=\"image\/jpeg\" \/>\n<meta name=\"twitter:card\" content=\"summary_large_image\" \/>\n<script type=\"application\/ld+json\" class=\"yoast-schema-graph\">{\"@context\":\"https:\/\/schema.org\",\"@graph\":[{\"@type\":\"WebPage\",\"@id\":\"https:\/\/demoweb.info\/sexshop001\/producto\/sexmax-sabana-roja-de-plastico\/\",\"url\":\"https:\/\/demoweb.info\/sexshop001\/producto\/sexmax-sabana-roja-de-plastico\/\",\"name\":\"SEXMAX S\u00c1BANA ROJA DE PL\u00c1STICO - Tienda Er\u00f3tica\",\"isPartOf\":{\"@id\":\"https:\/\/demoweb.info\/sexshop001\/#website\"},\"datePublished\":\"2022-01-22T11:41:58+00:00\",\"dateModified\":\"2022-01-22T11:42:07+00:00\",\"breadcrumb\":{\"@id\":\"https:\/\/demoweb.info\/sexshop001\/producto\/sexmax-sabana-roja-de-plastico\/#breadcrumb\"},\"inLanguage\":\"es\",\"potentialAction\":[{\"@type\":\"ReadAction\",\"target\":[\"https:\/\/demoweb.info\/sexshop001\/producto\/sexmax-sabana-roja-de-plastico\/\"]}]},{\"@type\":\"BreadcrumbList\",\"@id\":\"https:\/\/demoweb.info\/sexshop001\/producto\/sexmax-sabana-roja-de-plastico\/#breadcrumb\",\"itemListElement\":[{\"@type\":\"ListItem\",\"position\":1,\"name\":\"Portada\",\"item\":\"https:\/\/demoweb.info\/sexshop001\/\"},{\"@type\":\"ListItem\",\"position\":2,\"name\":\"Tienda\",\"item\":\"https:\/\/demoweb.info\/sexshop001\/tienda\/\"},{\"@type\":\"ListItem\",\"position\":3,\"name\":\"SEXMAX S\u00c1BANA ROJA DE PL\u00c1STICO\"}]},{\"@type\":\"WebSite\",\"@id\":\"https:\/\/demoweb.info\/sexshop001\/#website\",\"url\":\"https:\/\/demoweb.info\/sexshop001\/\",\"name\":\"Tienda Er\u00f3tica\",\"description\":\"DEMOWEB SL\",\"potentialAction\":[{\"@type\":\"SearchAction\",\"target\":{\"@type\":\"EntryPoint\",\"urlTemplate\":\"https:\/\/demoweb.info\/sexshop001\/?s={search_term_string}\"},\"query-input\":\"required name=search_term_string\"}],\"inLanguage\":\"es\"}]}<\/script>\n<!-- \/ Yoast SEO plugin. -->","yoast_head_json":{"title":"SEXMAX S\u00c1BANA ROJA DE PL\u00c1STICO - Tienda Er\u00f3tica","robots":{"index":"noindex","follow":"follow","max-snippet":"max-snippet:-1","max-image-preview":"max-image-preview:large","max-video-preview":"max-video-preview:-1"},"og_locale":"es_ES","og_type":"article","og_title":"SEXMAX S\u00c1BANA ROJA DE PL\u00c1STICO - Tienda Er\u00f3tica","og_description":"SEXMAX WETGAMES SEX-LAKEN RED es una fant\u00e1stica s\u00e1bana roja de material pl\u00e1stico lavable. Esta s\u00e1bana convertir\u00e1 tu cama en un","og_url":"https:\/\/demoweb.info\/sexshop001\/producto\/sexmax-sabana-roja-de-plastico\/","og_site_name":"Tienda Er\u00f3tica","article_modified_time":"2022-01-22T11:42:07+00:00","og_image":[{"width":550,"height":550,"url":"https:\/\/demoweb.info\/sexshop001\/wp-content\/uploads\/2022\/01\/SEXMAX-SABANA-ROJA-DE-PLASTICO.jpg","type":"image\/jpeg"}],"twitter_card":"summary_large_image","schema":{"@context":"https:\/\/schema.org","@graph":[{"@type":"WebPage","@id":"https:\/\/demoweb.info\/sexshop001\/producto\/sexmax-sabana-roja-de-plastico\/","url":"https:\/\/demoweb.info\/sexshop001\/producto\/sexmax-sabana-roja-de-plastico\/","name":"SEXMAX S\u00c1BANA ROJA DE PL\u00c1STICO - Tienda Er\u00f3tica","isPartOf":{"@id":"https:\/\/demoweb.info\/sexshop001\/#website"},"datePublished":"2022-01-22T11:41:58+00:00","dateModified":"2022-01-22T11:42:07+00:00","breadcrumb":{"@id":"https:\/\/demoweb.info\/sexshop001\/producto\/sexmax-sabana-roja-de-plastico\/#breadcrumb"},"inLanguage":"es","potentialAction":[{"@type":"ReadAction","target":["https:\/\/demoweb.info\/sexshop001\/producto\/sexmax-sabana-roja-de-plastico\/"]}]},{"@type":"BreadcrumbList","@id":"https:\/\/demoweb.info\/sexshop001\/producto\/sexmax-sabana-roja-de-plastico\/#breadcrumb","itemListElement":[{"@type":"ListItem","position":1,"name":"Portada","item":"https:\/\/demoweb.info\/sexshop001\/"},{"@type":"ListItem","position":2,"name":"Tienda","item":"https:\/\/demoweb.info\/sexshop001\/tienda\/"},{"@type":"ListItem","position":3,"name":"SEXMAX S\u00c1BANA ROJA DE PL\u00c1STICO"}]},{"@type":"WebSite","@id":"https:\/\/demoweb.info\/sexshop001\/#website","url":"https:\/\/demoweb.info\/sexshop001\/","name":"Tienda Er\u00f3tica","description":"DEMOWEB SL","potentialAction":[{"@type":"SearchAction","target":{"@type":"EntryPoint","urlTemplate":"https:\/\/demoweb.info\/sexshop001\/?s={search_term_string}"},"query-input":"required name=search_term_string"}],"inLanguage":"es"}]}},"_links":{"self":[{"href":"https:\/\/demoweb.info\/sexshop001\/wp-json\/wp\/v3\/product\/30631","targetHints":{"allow":["GET"]}}],"collection":[{"href":"https:\/\/demoweb.info\/sexshop001\/wp-json\/wp\/v3\/product"}],"about":[{"href":"https:\/\/demoweb.info\/sexshop001\/wp-json\/wp\/v2\/types\/product"}],"replies":[{"embeddable":true,"href":"https:\/\/demoweb.info\/sexshop001\/wp-json\/wp\/v2\/comments?post=30631"}],"wp:featuredmedia":[{"embeddable":true,"href":"https:\/\/demoweb.info\/sexshop001\/wp-json\/wp\/v2\/media\/30632"}],"wp:attachment":[{"href":"https:\/\/demoweb.info\/sexshop001\/wp-json\/wp\/v2\/media?parent=30631"}],"wp:term":[{"taxonomy":"product_cat","embeddable":true,"href":"https:\/\/demoweb.info\/sexshop001\/wp-json\/wp\/v2\/product_cat?post=30631"},{"taxonomy":"product_tag","embeddable":true,"href":"https:\/\/demoweb.info\/sexshop001\/wp-json\/wp\/v2\/product_tag?post=30631"}],"curies":[{"name":"wp","href":"https:\/\/api.w.org\/{rel}","templated":true}]}}