{"id":30619,"date":"2022-01-22T12:41:58","date_gmt":"2022-01-22T11:41:58","guid":{"rendered":"https:\/\/demoweb.info\/sexshop001\/producto\/fleshjack-boys-pene-brent-corrigan\/"},"modified":"2022-01-22T12:42:01","modified_gmt":"2022-01-22T11:42:01","slug":"fleshjack-boys-pene-brent-corrigan","status":"publish","type":"product","link":"https:\/\/demoweb.info\/sexshop001\/producto\/fleshjack-boys-pene-brent-corrigan\/","title":{"rendered":"FLESHJACK BOYS PENE BRENT CORRIGAN"},"content":{"rendered":"<p><strong>FLESHJACK BOYS BRENT CORRIGAN DILDO<\/p>\n<p>Fleshjack<\/strong> se complace en anunciar una nueva l\u00ednea de productos <strong>Fleshjack Boys<\/strong>. Al igual que nuestro gran \u00e9xito Fleshlight Girls, cada producto de <strong>Fleshlight Boys<\/strong> es una r\u00e9plica exacta de la anatom\u00eda de la estrella.<\/p>\n<p>Lleve sus fantas\u00edas a nuevas alturas con esta r\u00e9plica hecha de silicona de alta calidad del pene hermoso de <strong>Brent Corrigan<\/strong>.<\/p>\n<p>El dildo de Brent est\u00e1 moldeado de su propia anatom\u00eda en silicona de grado m\u00e9dico, y supone la vuelta a la producci\u00f3n de dildos de silicona para ILF. Cada producto incluye una tarjeta postal firmada por el propio Brent Corrigan.<\/p>\n<p>Detalles:<\/p>\n<p>-Color: FleshTone<br \/>\n&#8211; Longitud: 22.2 cm (hasta la base)<br \/>\n&#8211; Longitud introducible: 17.8 cm<br \/>\n&#8211; Circunferencia: 14 cm<br \/>\n&#8211; Material: silicona de grado medicinal, firme pero flexible.<br \/>\n&#8211; Color: realista tono piel.<\/p>\n","protected":false},"excerpt":{"rendered":"<p>FLESHJACK BOYS BRENT CORRIGAN DILDO Fleshjack se complace en anunciar una nueva l\u00ednea de productos Fleshjack Boys. Al igual que<\/p>\n","protected":false},"featured_media":30620,"comment_status":"open","ping_status":"open","template":"","meta":[],"product_cat":[545],"product_tag":[1080,576],"class_list":["post-30619","product","type-product","status-publish","has-post-thumbnail","hentry","product_cat-de-actores","product_tag-fleshjack-boys","product_tag-fleshlight"],"bundled_by":[],"bundle_stock_status":"instock","bundle_stock_quantity":3,"bundle_virtual":false,"bundle_layout":"","bundle_add_to_cart_form_location":"","bundle_editable_in_cart":false,"bundle_sold_individually_context":"","bundle_item_grouping":"","bundle_min_size":"","bundle_max_size":"","bundled_items":[],"yoast_head":"<!-- This site is optimized with the Yoast SEO plugin v20.6 - https:\/\/yoast.com\/wordpress\/plugins\/seo\/ -->\n<title>FLESHJACK BOYS PENE BRENT CORRIGAN - Tienda Er\u00f3tica<\/title>\n<meta name=\"robots\" content=\"noindex, follow, max-snippet:-1, max-image-preview:large, max-video-preview:-1\" \/>\n<meta property=\"og:locale\" content=\"es_ES\" \/>\n<meta property=\"og:type\" content=\"article\" \/>\n<meta property=\"og:title\" content=\"FLESHJACK BOYS PENE BRENT CORRIGAN - Tienda Er\u00f3tica\" \/>\n<meta property=\"og:description\" content=\"FLESHJACK BOYS BRENT CORRIGAN DILDO Fleshjack se complace en anunciar una nueva l\u00ednea de productos Fleshjack Boys. Al igual que\" \/>\n<meta property=\"og:url\" content=\"https:\/\/demoweb.info\/sexshop001\/producto\/fleshjack-boys-pene-brent-corrigan\/\" \/>\n<meta property=\"og:site_name\" content=\"Tienda Er\u00f3tica\" \/>\n<meta property=\"article:modified_time\" content=\"2022-01-22T11:42:01+00:00\" \/>\n<meta property=\"og:image\" content=\"https:\/\/demoweb.info\/sexshop001\/wp-content\/uploads\/2022\/01\/FLESHJACK-BOYS-PENE-BRENT-CORRIGAN.jpg\" \/>\n\t<meta property=\"og:image:width\" content=\"550\" \/>\n\t<meta property=\"og:image:height\" content=\"550\" \/>\n\t<meta property=\"og:image:type\" content=\"image\/jpeg\" \/>\n<meta name=\"twitter:card\" content=\"summary_large_image\" \/>\n<meta name=\"twitter:label1\" content=\"Tiempo de lectura\" \/>\n\t<meta name=\"twitter:data1\" content=\"1 minuto\" \/>\n<script type=\"application\/ld+json\" class=\"yoast-schema-graph\">{\"@context\":\"https:\/\/schema.org\",\"@graph\":[{\"@type\":\"WebPage\",\"@id\":\"https:\/\/demoweb.info\/sexshop001\/producto\/fleshjack-boys-pene-brent-corrigan\/\",\"url\":\"https:\/\/demoweb.info\/sexshop001\/producto\/fleshjack-boys-pene-brent-corrigan\/\",\"name\":\"FLESHJACK BOYS PENE BRENT CORRIGAN - Tienda Er\u00f3tica\",\"isPartOf\":{\"@id\":\"https:\/\/demoweb.info\/sexshop001\/#website\"},\"datePublished\":\"2022-01-22T11:41:58+00:00\",\"dateModified\":\"2022-01-22T11:42:01+00:00\",\"breadcrumb\":{\"@id\":\"https:\/\/demoweb.info\/sexshop001\/producto\/fleshjack-boys-pene-brent-corrigan\/#breadcrumb\"},\"inLanguage\":\"es\",\"potentialAction\":[{\"@type\":\"ReadAction\",\"target\":[\"https:\/\/demoweb.info\/sexshop001\/producto\/fleshjack-boys-pene-brent-corrigan\/\"]}]},{\"@type\":\"BreadcrumbList\",\"@id\":\"https:\/\/demoweb.info\/sexshop001\/producto\/fleshjack-boys-pene-brent-corrigan\/#breadcrumb\",\"itemListElement\":[{\"@type\":\"ListItem\",\"position\":1,\"name\":\"Portada\",\"item\":\"https:\/\/demoweb.info\/sexshop001\/\"},{\"@type\":\"ListItem\",\"position\":2,\"name\":\"Tienda\",\"item\":\"https:\/\/demoweb.info\/sexshop001\/tienda\/\"},{\"@type\":\"ListItem\",\"position\":3,\"name\":\"FLESHJACK BOYS PENE BRENT CORRIGAN\"}]},{\"@type\":\"WebSite\",\"@id\":\"https:\/\/demoweb.info\/sexshop001\/#website\",\"url\":\"https:\/\/demoweb.info\/sexshop001\/\",\"name\":\"Tienda Er\u00f3tica\",\"description\":\"DEMOWEB SL\",\"potentialAction\":[{\"@type\":\"SearchAction\",\"target\":{\"@type\":\"EntryPoint\",\"urlTemplate\":\"https:\/\/demoweb.info\/sexshop001\/?s={search_term_string}\"},\"query-input\":\"required name=search_term_string\"}],\"inLanguage\":\"es\"}]}<\/script>\n<!-- \/ Yoast SEO plugin. -->","yoast_head_json":{"title":"FLESHJACK BOYS PENE BRENT CORRIGAN - Tienda Er\u00f3tica","robots":{"index":"noindex","follow":"follow","max-snippet":"max-snippet:-1","max-image-preview":"max-image-preview:large","max-video-preview":"max-video-preview:-1"},"og_locale":"es_ES","og_type":"article","og_title":"FLESHJACK BOYS PENE BRENT CORRIGAN - Tienda Er\u00f3tica","og_description":"FLESHJACK BOYS BRENT CORRIGAN DILDO Fleshjack se complace en anunciar una nueva l\u00ednea de productos Fleshjack Boys. Al igual que","og_url":"https:\/\/demoweb.info\/sexshop001\/producto\/fleshjack-boys-pene-brent-corrigan\/","og_site_name":"Tienda Er\u00f3tica","article_modified_time":"2022-01-22T11:42:01+00:00","og_image":[{"width":550,"height":550,"url":"https:\/\/demoweb.info\/sexshop001\/wp-content\/uploads\/2022\/01\/FLESHJACK-BOYS-PENE-BRENT-CORRIGAN.jpg","type":"image\/jpeg"}],"twitter_card":"summary_large_image","twitter_misc":{"Tiempo de lectura":"1 minuto"},"schema":{"@context":"https:\/\/schema.org","@graph":[{"@type":"WebPage","@id":"https:\/\/demoweb.info\/sexshop001\/producto\/fleshjack-boys-pene-brent-corrigan\/","url":"https:\/\/demoweb.info\/sexshop001\/producto\/fleshjack-boys-pene-brent-corrigan\/","name":"FLESHJACK BOYS PENE BRENT CORRIGAN - Tienda Er\u00f3tica","isPartOf":{"@id":"https:\/\/demoweb.info\/sexshop001\/#website"},"datePublished":"2022-01-22T11:41:58+00:00","dateModified":"2022-01-22T11:42:01+00:00","breadcrumb":{"@id":"https:\/\/demoweb.info\/sexshop001\/producto\/fleshjack-boys-pene-brent-corrigan\/#breadcrumb"},"inLanguage":"es","potentialAction":[{"@type":"ReadAction","target":["https:\/\/demoweb.info\/sexshop001\/producto\/fleshjack-boys-pene-brent-corrigan\/"]}]},{"@type":"BreadcrumbList","@id":"https:\/\/demoweb.info\/sexshop001\/producto\/fleshjack-boys-pene-brent-corrigan\/#breadcrumb","itemListElement":[{"@type":"ListItem","position":1,"name":"Portada","item":"https:\/\/demoweb.info\/sexshop001\/"},{"@type":"ListItem","position":2,"name":"Tienda","item":"https:\/\/demoweb.info\/sexshop001\/tienda\/"},{"@type":"ListItem","position":3,"name":"FLESHJACK BOYS PENE BRENT CORRIGAN"}]},{"@type":"WebSite","@id":"https:\/\/demoweb.info\/sexshop001\/#website","url":"https:\/\/demoweb.info\/sexshop001\/","name":"Tienda Er\u00f3tica","description":"DEMOWEB SL","potentialAction":[{"@type":"SearchAction","target":{"@type":"EntryPoint","urlTemplate":"https:\/\/demoweb.info\/sexshop001\/?s={search_term_string}"},"query-input":"required name=search_term_string"}],"inLanguage":"es"}]}},"_links":{"self":[{"href":"https:\/\/demoweb.info\/sexshop001\/wp-json\/wp\/v3\/product\/30619","targetHints":{"allow":["GET"]}}],"collection":[{"href":"https:\/\/demoweb.info\/sexshop001\/wp-json\/wp\/v3\/product"}],"about":[{"href":"https:\/\/demoweb.info\/sexshop001\/wp-json\/wp\/v2\/types\/product"}],"replies":[{"embeddable":true,"href":"https:\/\/demoweb.info\/sexshop001\/wp-json\/wp\/v2\/comments?post=30619"}],"wp:featuredmedia":[{"embeddable":true,"href":"https:\/\/demoweb.info\/sexshop001\/wp-json\/wp\/v2\/media\/30620"}],"wp:attachment":[{"href":"https:\/\/demoweb.info\/sexshop001\/wp-json\/wp\/v2\/media?parent=30619"}],"wp:term":[{"taxonomy":"product_cat","embeddable":true,"href":"https:\/\/demoweb.info\/sexshop001\/wp-json\/wp\/v2\/product_cat?post=30619"},{"taxonomy":"product_tag","embeddable":true,"href":"https:\/\/demoweb.info\/sexshop001\/wp-json\/wp\/v2\/product_tag?post=30619"}],"curies":[{"name":"wp","href":"https:\/\/api.w.org\/{rel}","templated":true}]}}