{"id":30609,"date":"2022-01-22T12:41:44","date_gmt":"2022-01-22T11:41:44","guid":{"rendered":"https:\/\/demoweb.info\/sexshop001\/producto\/cloneboy-kit-clonador-de-pene-luminiscente\/"},"modified":"2022-01-22T12:41:55","modified_gmt":"2022-01-22T11:41:55","slug":"cloneboy-kit-clonador-de-pene-luminiscente","status":"publish","type":"product","link":"https:\/\/demoweb.info\/sexshop001\/producto\/cloneboy-kit-clonador-de-pene-luminiscente\/","title":{"rendered":"CLONEBOY KIT CLONADOR DE PENE LUMINISCENTE"},"content":{"rendered":"<p><strong>CLONEBOY MY PERSONALIZED GLOW IN THE DARK DILDO<\/strong><\/p>\n<p>Crea una r\u00e9plica de tu pene de silicona, que brilla en la oscuridad.<\/p>\n<p>Despu\u00e9s del \u00e9xito de la primera serie, el equipo de <strong>Cloneboy<\/strong> desarroll\u00f3 una nueva serie completa de <strong>Cloneboy<\/strong>, que incluye un anillo para el pene y material de moldear extra para una reproducci\u00f3n extra que le garantiza a usted una r\u00e9plica 3D de su pene de alta calidad. Nuestro equipo se puede utilizar con penes de todos los tama\u00f1os. Hasta penes doblados.<\/p>\n<p><strong>El Cloneboy\u00ae Crea tu Propio Consolador<\/strong> contiene todos los objetos necesarios para hacer una copia de goma de silicona de alta calidad de su pene a solas, o junto con su pareja. El Cloneboy no contiene yeso que pueda irritar su piel y utiliza un material para moldear que ha sido probado m\u00e9dicamente y est\u00e1 hecho de algas naturales.<\/p>\n<p>La sencillez del equipo le permite crear su propio <strong>Cloneboy<\/strong> en s\u00f3lo unos pocos pasos. A diferencia de otros equipos m\u00e1s baratos el <strong>Cloneboy<\/strong> contiene 2 bolsas est\u00e1ndar de Gel 3D. \u00a1Usted siempre tendr\u00e1 una segunda oportunidad de hacer una buena impresi\u00f3n de su pene, un anillo para el pene que asegura que la erecci\u00f3n se mantenga durante el proceso de amoldamiento, es mucho m\u00e1s f\u00e1cil de utilizar con solo tres minutos de espera adem\u00e1s incluye una manga estimulante que puede ser utilizada junto con la creaci\u00f3n de su propio pene!.<\/p>\n<p>Este paquete contiene:<\/p>\n<p>&#8211; Un tubo.<br \/>\n&#8211; 2 paquetes de gel 3D (moldeante).<br \/>\n&#8211; Endurecedor.<br \/>\n&#8211; Goma de silicona.<br \/>\n&#8211; Manga.<br \/>\n&#8211; 1 Peque\u00f1o palo.<br \/>\n&#8211; Guantes.<br \/>\n&#8211; 1 anillo para en pene.<\/p>\n","protected":false},"excerpt":{"rendered":"<p>CLONEBOY MY PERSONALIZED GLOW IN THE DARK DILDO Crea una r\u00e9plica de tu pene de silicona, que brilla en la<\/p>\n","protected":false},"featured_media":30610,"comment_status":"open","ping_status":"open","template":"","meta":[],"product_cat":[386],"product_tag":[1049],"class_list":["post-30609","product","type-product","status-publish","has-post-thumbnail","hentry","product_cat-realisticos","product_tag-cloneboy"],"bundled_by":[],"bundle_stock_status":"instock","bundle_stock_quantity":2,"bundle_virtual":false,"bundle_layout":"","bundle_add_to_cart_form_location":"","bundle_editable_in_cart":false,"bundle_sold_individually_context":"","bundle_item_grouping":"","bundle_min_size":"","bundle_max_size":"","bundled_items":[],"yoast_head":"<!-- This site is optimized with the Yoast SEO plugin v20.6 - https:\/\/yoast.com\/wordpress\/plugins\/seo\/ -->\n<title>CLONEBOY KIT CLONADOR DE PENE LUMINISCENTE - Tienda Er\u00f3tica<\/title>\n<meta name=\"robots\" content=\"noindex, follow, max-snippet:-1, max-image-preview:large, max-video-preview:-1\" \/>\n<meta property=\"og:locale\" content=\"es_ES\" \/>\n<meta property=\"og:type\" content=\"article\" \/>\n<meta property=\"og:title\" content=\"CLONEBOY KIT CLONADOR DE PENE LUMINISCENTE - Tienda Er\u00f3tica\" \/>\n<meta property=\"og:description\" content=\"CLONEBOY MY PERSONALIZED GLOW IN THE DARK DILDO Crea una r\u00e9plica de tu pene de silicona, que brilla en la\" \/>\n<meta property=\"og:url\" content=\"https:\/\/demoweb.info\/sexshop001\/producto\/cloneboy-kit-clonador-de-pene-luminiscente\/\" \/>\n<meta property=\"og:site_name\" content=\"Tienda Er\u00f3tica\" \/>\n<meta property=\"article:modified_time\" content=\"2022-01-22T11:41:55+00:00\" \/>\n<meta property=\"og:image\" content=\"https:\/\/demoweb.info\/sexshop001\/wp-content\/uploads\/2022\/01\/CLONEBOY-KIT-CLONADOR-DE-PENE-LUMINISCENTE.jpg\" \/>\n\t<meta property=\"og:image:width\" content=\"550\" \/>\n\t<meta property=\"og:image:height\" content=\"550\" \/>\n\t<meta property=\"og:image:type\" content=\"image\/jpeg\" \/>\n<meta name=\"twitter:card\" content=\"summary_large_image\" \/>\n<meta name=\"twitter:label1\" content=\"Tiempo de lectura\" \/>\n\t<meta name=\"twitter:data1\" content=\"1 minuto\" \/>\n<script type=\"application\/ld+json\" class=\"yoast-schema-graph\">{\"@context\":\"https:\/\/schema.org\",\"@graph\":[{\"@type\":\"WebPage\",\"@id\":\"https:\/\/demoweb.info\/sexshop001\/producto\/cloneboy-kit-clonador-de-pene-luminiscente\/\",\"url\":\"https:\/\/demoweb.info\/sexshop001\/producto\/cloneboy-kit-clonador-de-pene-luminiscente\/\",\"name\":\"CLONEBOY KIT CLONADOR DE PENE LUMINISCENTE - Tienda Er\u00f3tica\",\"isPartOf\":{\"@id\":\"https:\/\/demoweb.info\/sexshop001\/#website\"},\"datePublished\":\"2022-01-22T11:41:44+00:00\",\"dateModified\":\"2022-01-22T11:41:55+00:00\",\"breadcrumb\":{\"@id\":\"https:\/\/demoweb.info\/sexshop001\/producto\/cloneboy-kit-clonador-de-pene-luminiscente\/#breadcrumb\"},\"inLanguage\":\"es\",\"potentialAction\":[{\"@type\":\"ReadAction\",\"target\":[\"https:\/\/demoweb.info\/sexshop001\/producto\/cloneboy-kit-clonador-de-pene-luminiscente\/\"]}]},{\"@type\":\"BreadcrumbList\",\"@id\":\"https:\/\/demoweb.info\/sexshop001\/producto\/cloneboy-kit-clonador-de-pene-luminiscente\/#breadcrumb\",\"itemListElement\":[{\"@type\":\"ListItem\",\"position\":1,\"name\":\"Portada\",\"item\":\"https:\/\/demoweb.info\/sexshop001\/\"},{\"@type\":\"ListItem\",\"position\":2,\"name\":\"Tienda\",\"item\":\"https:\/\/demoweb.info\/sexshop001\/tienda\/\"},{\"@type\":\"ListItem\",\"position\":3,\"name\":\"CLONEBOY KIT CLONADOR DE PENE LUMINISCENTE\"}]},{\"@type\":\"WebSite\",\"@id\":\"https:\/\/demoweb.info\/sexshop001\/#website\",\"url\":\"https:\/\/demoweb.info\/sexshop001\/\",\"name\":\"Tienda Er\u00f3tica\",\"description\":\"DEMOWEB SL\",\"potentialAction\":[{\"@type\":\"SearchAction\",\"target\":{\"@type\":\"EntryPoint\",\"urlTemplate\":\"https:\/\/demoweb.info\/sexshop001\/?s={search_term_string}\"},\"query-input\":\"required name=search_term_string\"}],\"inLanguage\":\"es\"}]}<\/script>\n<!-- \/ Yoast SEO plugin. -->","yoast_head_json":{"title":"CLONEBOY KIT CLONADOR DE PENE LUMINISCENTE - Tienda Er\u00f3tica","robots":{"index":"noindex","follow":"follow","max-snippet":"max-snippet:-1","max-image-preview":"max-image-preview:large","max-video-preview":"max-video-preview:-1"},"og_locale":"es_ES","og_type":"article","og_title":"CLONEBOY KIT CLONADOR DE PENE LUMINISCENTE - Tienda Er\u00f3tica","og_description":"CLONEBOY MY PERSONALIZED GLOW IN THE DARK DILDO Crea una r\u00e9plica de tu pene de silicona, que brilla en la","og_url":"https:\/\/demoweb.info\/sexshop001\/producto\/cloneboy-kit-clonador-de-pene-luminiscente\/","og_site_name":"Tienda Er\u00f3tica","article_modified_time":"2022-01-22T11:41:55+00:00","og_image":[{"width":550,"height":550,"url":"https:\/\/demoweb.info\/sexshop001\/wp-content\/uploads\/2022\/01\/CLONEBOY-KIT-CLONADOR-DE-PENE-LUMINISCENTE.jpg","type":"image\/jpeg"}],"twitter_card":"summary_large_image","twitter_misc":{"Tiempo de lectura":"1 minuto"},"schema":{"@context":"https:\/\/schema.org","@graph":[{"@type":"WebPage","@id":"https:\/\/demoweb.info\/sexshop001\/producto\/cloneboy-kit-clonador-de-pene-luminiscente\/","url":"https:\/\/demoweb.info\/sexshop001\/producto\/cloneboy-kit-clonador-de-pene-luminiscente\/","name":"CLONEBOY KIT CLONADOR DE PENE LUMINISCENTE - Tienda Er\u00f3tica","isPartOf":{"@id":"https:\/\/demoweb.info\/sexshop001\/#website"},"datePublished":"2022-01-22T11:41:44+00:00","dateModified":"2022-01-22T11:41:55+00:00","breadcrumb":{"@id":"https:\/\/demoweb.info\/sexshop001\/producto\/cloneboy-kit-clonador-de-pene-luminiscente\/#breadcrumb"},"inLanguage":"es","potentialAction":[{"@type":"ReadAction","target":["https:\/\/demoweb.info\/sexshop001\/producto\/cloneboy-kit-clonador-de-pene-luminiscente\/"]}]},{"@type":"BreadcrumbList","@id":"https:\/\/demoweb.info\/sexshop001\/producto\/cloneboy-kit-clonador-de-pene-luminiscente\/#breadcrumb","itemListElement":[{"@type":"ListItem","position":1,"name":"Portada","item":"https:\/\/demoweb.info\/sexshop001\/"},{"@type":"ListItem","position":2,"name":"Tienda","item":"https:\/\/demoweb.info\/sexshop001\/tienda\/"},{"@type":"ListItem","position":3,"name":"CLONEBOY KIT CLONADOR DE PENE LUMINISCENTE"}]},{"@type":"WebSite","@id":"https:\/\/demoweb.info\/sexshop001\/#website","url":"https:\/\/demoweb.info\/sexshop001\/","name":"Tienda Er\u00f3tica","description":"DEMOWEB SL","potentialAction":[{"@type":"SearchAction","target":{"@type":"EntryPoint","urlTemplate":"https:\/\/demoweb.info\/sexshop001\/?s={search_term_string}"},"query-input":"required name=search_term_string"}],"inLanguage":"es"}]}},"_links":{"self":[{"href":"https:\/\/demoweb.info\/sexshop001\/wp-json\/wp\/v3\/product\/30609","targetHints":{"allow":["GET"]}}],"collection":[{"href":"https:\/\/demoweb.info\/sexshop001\/wp-json\/wp\/v3\/product"}],"about":[{"href":"https:\/\/demoweb.info\/sexshop001\/wp-json\/wp\/v2\/types\/product"}],"replies":[{"embeddable":true,"href":"https:\/\/demoweb.info\/sexshop001\/wp-json\/wp\/v2\/comments?post=30609"}],"wp:featuredmedia":[{"embeddable":true,"href":"https:\/\/demoweb.info\/sexshop001\/wp-json\/wp\/v2\/media\/30610"}],"wp:attachment":[{"href":"https:\/\/demoweb.info\/sexshop001\/wp-json\/wp\/v2\/media?parent=30609"}],"wp:term":[{"taxonomy":"product_cat","embeddable":true,"href":"https:\/\/demoweb.info\/sexshop001\/wp-json\/wp\/v2\/product_cat?post=30609"},{"taxonomy":"product_tag","embeddable":true,"href":"https:\/\/demoweb.info\/sexshop001\/wp-json\/wp\/v2\/product_tag?post=30609"}],"curies":[{"name":"wp","href":"https:\/\/api.w.org\/{rel}","templated":true}]}}