{"id":30599,"date":"2022-01-22T12:41:44","date_gmt":"2022-01-22T11:41:44","guid":{"rendered":"https:\/\/demoweb.info\/sexshop001\/producto\/delantal-menu-diabolico-con-abridor\/"},"modified":"2022-01-22T12:41:48","modified_gmt":"2022-01-22T11:41:48","slug":"delantal-menu-diabolico-con-abridor","status":"publish","type":"product","link":"https:\/\/demoweb.info\/sexshop001\/producto\/delantal-menu-diabolico-con-abridor\/","title":{"rendered":"DELANTAL MENU DIABOLICO CON ABRIDOR"},"content":{"rendered":"<p><font size=&quot;1&quot;><br \/>\n<b>DELANTAL MENU DIAB\u00d3LICO CON ABRIDOR<\/B><\/p>\n<p>Fant\u00e1stico delantal con divertidas ilustraciones e im\u00e1genes er\u00f3ticas.<\/p>\n<p>Perfecto para regalar en despedidas de soltero\/a.<\/p>\n<p>Lavable.<\/font><\/p>\n","protected":false},"excerpt":{"rendered":"<p>DELANTAL MENU DIAB\u00d3LICO CON ABRIDOR Fant\u00e1stico delantal con divertidas ilustraciones e im\u00e1genes er\u00f3ticas. Perfecto para regalar en despedidas de soltero\/a.<\/p>\n","protected":false},"featured_media":30600,"comment_status":"open","ping_status":"open","template":"","meta":[],"product_cat":[942],"product_tag":[412],"class_list":["post-30599","product","type-product","status-publish","has-post-thumbnail","hentry","product_cat-delantales","product_tag-diverty-sex"],"bundled_by":[],"bundle_stock_status":"instock","bundle_stock_quantity":5,"bundle_virtual":false,"bundle_layout":"","bundle_add_to_cart_form_location":"","bundle_editable_in_cart":false,"bundle_sold_individually_context":"","bundle_item_grouping":"","bundle_min_size":"","bundle_max_size":"","bundled_items":[],"yoast_head":"<!-- This site is optimized with the Yoast SEO plugin v20.6 - https:\/\/yoast.com\/wordpress\/plugins\/seo\/ -->\n<title>DELANTAL MENU DIABOLICO CON ABRIDOR - Tienda Er\u00f3tica<\/title>\n<meta name=\"robots\" content=\"noindex, follow, max-snippet:-1, max-image-preview:large, max-video-preview:-1\" \/>\n<meta property=\"og:locale\" content=\"es_ES\" \/>\n<meta property=\"og:type\" content=\"article\" \/>\n<meta property=\"og:title\" content=\"DELANTAL MENU DIABOLICO CON ABRIDOR - Tienda Er\u00f3tica\" \/>\n<meta property=\"og:description\" content=\"DELANTAL MENU DIAB\u00d3LICO CON ABRIDOR Fant\u00e1stico delantal con divertidas ilustraciones e im\u00e1genes er\u00f3ticas. Perfecto para regalar en despedidas de soltero\/a.\" \/>\n<meta property=\"og:url\" content=\"https:\/\/demoweb.info\/sexshop001\/producto\/delantal-menu-diabolico-con-abridor\/\" \/>\n<meta property=\"og:site_name\" content=\"Tienda Er\u00f3tica\" \/>\n<meta property=\"article:modified_time\" content=\"2022-01-22T11:41:48+00:00\" \/>\n<meta property=\"og:image\" content=\"https:\/\/demoweb.info\/sexshop001\/wp-content\/uploads\/2022\/01\/DELANTAL-MENU-DIABOLICO-CON-ABRIDOR.jpg\" \/>\n\t<meta property=\"og:image:width\" content=\"550\" \/>\n\t<meta property=\"og:image:height\" content=\"550\" \/>\n\t<meta property=\"og:image:type\" content=\"image\/jpeg\" \/>\n<meta name=\"twitter:card\" content=\"summary_large_image\" \/>\n<script type=\"application\/ld+json\" class=\"yoast-schema-graph\">{\"@context\":\"https:\/\/schema.org\",\"@graph\":[{\"@type\":\"WebPage\",\"@id\":\"https:\/\/demoweb.info\/sexshop001\/producto\/delantal-menu-diabolico-con-abridor\/\",\"url\":\"https:\/\/demoweb.info\/sexshop001\/producto\/delantal-menu-diabolico-con-abridor\/\",\"name\":\"DELANTAL MENU DIABOLICO CON ABRIDOR - Tienda Er\u00f3tica\",\"isPartOf\":{\"@id\":\"https:\/\/demoweb.info\/sexshop001\/#website\"},\"datePublished\":\"2022-01-22T11:41:44+00:00\",\"dateModified\":\"2022-01-22T11:41:48+00:00\",\"breadcrumb\":{\"@id\":\"https:\/\/demoweb.info\/sexshop001\/producto\/delantal-menu-diabolico-con-abridor\/#breadcrumb\"},\"inLanguage\":\"es\",\"potentialAction\":[{\"@type\":\"ReadAction\",\"target\":[\"https:\/\/demoweb.info\/sexshop001\/producto\/delantal-menu-diabolico-con-abridor\/\"]}]},{\"@type\":\"BreadcrumbList\",\"@id\":\"https:\/\/demoweb.info\/sexshop001\/producto\/delantal-menu-diabolico-con-abridor\/#breadcrumb\",\"itemListElement\":[{\"@type\":\"ListItem\",\"position\":1,\"name\":\"Portada\",\"item\":\"https:\/\/demoweb.info\/sexshop001\/\"},{\"@type\":\"ListItem\",\"position\":2,\"name\":\"Tienda\",\"item\":\"https:\/\/demoweb.info\/sexshop001\/tienda\/\"},{\"@type\":\"ListItem\",\"position\":3,\"name\":\"DELANTAL MENU DIABOLICO CON ABRIDOR\"}]},{\"@type\":\"WebSite\",\"@id\":\"https:\/\/demoweb.info\/sexshop001\/#website\",\"url\":\"https:\/\/demoweb.info\/sexshop001\/\",\"name\":\"Tienda Er\u00f3tica\",\"description\":\"DEMOWEB SL\",\"potentialAction\":[{\"@type\":\"SearchAction\",\"target\":{\"@type\":\"EntryPoint\",\"urlTemplate\":\"https:\/\/demoweb.info\/sexshop001\/?s={search_term_string}\"},\"query-input\":\"required name=search_term_string\"}],\"inLanguage\":\"es\"}]}<\/script>\n<!-- \/ Yoast SEO plugin. -->","yoast_head_json":{"title":"DELANTAL MENU DIABOLICO CON ABRIDOR - Tienda Er\u00f3tica","robots":{"index":"noindex","follow":"follow","max-snippet":"max-snippet:-1","max-image-preview":"max-image-preview:large","max-video-preview":"max-video-preview:-1"},"og_locale":"es_ES","og_type":"article","og_title":"DELANTAL MENU DIABOLICO CON ABRIDOR - Tienda Er\u00f3tica","og_description":"DELANTAL MENU DIAB\u00d3LICO CON ABRIDOR Fant\u00e1stico delantal con divertidas ilustraciones e im\u00e1genes er\u00f3ticas. Perfecto para regalar en despedidas de soltero\/a.","og_url":"https:\/\/demoweb.info\/sexshop001\/producto\/delantal-menu-diabolico-con-abridor\/","og_site_name":"Tienda Er\u00f3tica","article_modified_time":"2022-01-22T11:41:48+00:00","og_image":[{"width":550,"height":550,"url":"https:\/\/demoweb.info\/sexshop001\/wp-content\/uploads\/2022\/01\/DELANTAL-MENU-DIABOLICO-CON-ABRIDOR.jpg","type":"image\/jpeg"}],"twitter_card":"summary_large_image","schema":{"@context":"https:\/\/schema.org","@graph":[{"@type":"WebPage","@id":"https:\/\/demoweb.info\/sexshop001\/producto\/delantal-menu-diabolico-con-abridor\/","url":"https:\/\/demoweb.info\/sexshop001\/producto\/delantal-menu-diabolico-con-abridor\/","name":"DELANTAL MENU DIABOLICO CON ABRIDOR - Tienda Er\u00f3tica","isPartOf":{"@id":"https:\/\/demoweb.info\/sexshop001\/#website"},"datePublished":"2022-01-22T11:41:44+00:00","dateModified":"2022-01-22T11:41:48+00:00","breadcrumb":{"@id":"https:\/\/demoweb.info\/sexshop001\/producto\/delantal-menu-diabolico-con-abridor\/#breadcrumb"},"inLanguage":"es","potentialAction":[{"@type":"ReadAction","target":["https:\/\/demoweb.info\/sexshop001\/producto\/delantal-menu-diabolico-con-abridor\/"]}]},{"@type":"BreadcrumbList","@id":"https:\/\/demoweb.info\/sexshop001\/producto\/delantal-menu-diabolico-con-abridor\/#breadcrumb","itemListElement":[{"@type":"ListItem","position":1,"name":"Portada","item":"https:\/\/demoweb.info\/sexshop001\/"},{"@type":"ListItem","position":2,"name":"Tienda","item":"https:\/\/demoweb.info\/sexshop001\/tienda\/"},{"@type":"ListItem","position":3,"name":"DELANTAL MENU DIABOLICO CON ABRIDOR"}]},{"@type":"WebSite","@id":"https:\/\/demoweb.info\/sexshop001\/#website","url":"https:\/\/demoweb.info\/sexshop001\/","name":"Tienda Er\u00f3tica","description":"DEMOWEB SL","potentialAction":[{"@type":"SearchAction","target":{"@type":"EntryPoint","urlTemplate":"https:\/\/demoweb.info\/sexshop001\/?s={search_term_string}"},"query-input":"required name=search_term_string"}],"inLanguage":"es"}]}},"_links":{"self":[{"href":"https:\/\/demoweb.info\/sexshop001\/wp-json\/wp\/v3\/product\/30599","targetHints":{"allow":["GET"]}}],"collection":[{"href":"https:\/\/demoweb.info\/sexshop001\/wp-json\/wp\/v3\/product"}],"about":[{"href":"https:\/\/demoweb.info\/sexshop001\/wp-json\/wp\/v2\/types\/product"}],"replies":[{"embeddable":true,"href":"https:\/\/demoweb.info\/sexshop001\/wp-json\/wp\/v2\/comments?post=30599"}],"wp:featuredmedia":[{"embeddable":true,"href":"https:\/\/demoweb.info\/sexshop001\/wp-json\/wp\/v2\/media\/30600"}],"wp:attachment":[{"href":"https:\/\/demoweb.info\/sexshop001\/wp-json\/wp\/v2\/media?parent=30599"}],"wp:term":[{"taxonomy":"product_cat","embeddable":true,"href":"https:\/\/demoweb.info\/sexshop001\/wp-json\/wp\/v2\/product_cat?post=30599"},{"taxonomy":"product_tag","embeddable":true,"href":"https:\/\/demoweb.info\/sexshop001\/wp-json\/wp\/v2\/product_tag?post=30599"}],"curies":[{"name":"wp","href":"https:\/\/api.w.org\/{rel}","templated":true}]}}