{"id":30466,"date":"2022-01-22T12:40:34","date_gmt":"2022-01-22T11:40:34","guid":{"rendered":"https:\/\/demoweb.info\/sexshop001\/producto\/columpio-del-amor-multi-vario\/"},"modified":"2022-01-22T12:40:40","modified_gmt":"2022-01-22T11:40:40","slug":"columpio-del-amor-multi-vario","status":"publish","type":"product","link":"https:\/\/demoweb.info\/sexshop001\/producto\/columpio-del-amor-multi-vario\/","title":{"rendered":"COLUMPIO DEL AMOR MULTI VARIO"},"content":{"rendered":"<p><strong>LOVESWING MULTI VARIO<\/strong> es un <strong>columpio muy confortable<\/strong>, dise\u00f1ado para proveer un placer sin l\u00edmite en diferentes posiciones, mucho mejor que la tradicional cama.<\/p>\n<p>Contiene un arn\u00e9s para la parte trasera, uno para la parte delantera, y dos argollas para las piernas, todo forrado y reforzado.<\/p>\n<p>Fabricado con acero reforzado, dispone de un muelle para la tensi\u00f3n y un tornillo para sujetarlo en el techo.<\/p>\n<p>Prep\u00e1rese a disfrutar de un placer sin l\u00edmites. No hay otro como este aparato sexual para proporcionar un orgasmo como nunca antes con su pareja.<\/p>\n<p>Inventado desde las \u00e9pocas antiguas para mejorar la relaci\u00f3n sexual, ahora en su versi\u00f3n moderna.<\/p>\n<p>&#8211; Soporta hasta 150 Kg.<br \/>\n&#8211; Los procedimientos de instalaci\u00f3n son muy sencillos.<br \/>\n&#8211; Completamente ajustable, todas las correas pueden ajustarse a cualquier tama\u00f1o.<br \/>\n&#8211; Fabricado con materiales modernos, muy c\u00f3modo para disfrutarlo al m\u00e1ximo.<br \/>\n&#8211; Las correas son de nylon de alta resistencia, dise\u00f1ado como uno solo, el columpio es muy duradero.<br \/>\n&#8211; F\u00e1cil de quitar.<br \/>\n&#8211; Para una o dos personas, lo puedes disfrutar solo o en pareja.<br \/>\n&#8211; Ya no tienes excusa para practicar estas posiciones dif\u00edciles que no has logrado todav\u00eda, sin ser un atleta para ello.<\/p>\n","protected":false},"excerpt":{"rendered":"<p>LOVESWING MULTI VARIO es un columpio muy confortable, dise\u00f1ado para proveer un placer sin l\u00edmite en diferentes posiciones, mucho mejor<\/p>\n","protected":false},"featured_media":30467,"comment_status":"open","ping_status":"open","template":"","meta":[],"product_cat":[627],"product_tag":[725,1156],"class_list":["post-30466","product","type-product","status-publish","has-post-thumbnail","hentry","product_cat-columpios","product_tag-joydivision","product_tag-loveswing"],"bundled_by":[],"bundle_stock_status":"instock","bundle_stock_quantity":2,"bundle_virtual":false,"bundle_layout":"","bundle_add_to_cart_form_location":"","bundle_editable_in_cart":false,"bundle_sold_individually_context":"","bundle_item_grouping":"","bundle_min_size":"","bundle_max_size":"","bundled_items":[],"yoast_head":"<!-- This site is optimized with the Yoast SEO plugin v20.6 - https:\/\/yoast.com\/wordpress\/plugins\/seo\/ -->\n<title>COLUMPIO DEL AMOR MULTI VARIO - Tienda Er\u00f3tica<\/title>\n<meta name=\"robots\" content=\"noindex, follow, max-snippet:-1, max-image-preview:large, max-video-preview:-1\" \/>\n<meta property=\"og:locale\" content=\"es_ES\" \/>\n<meta property=\"og:type\" content=\"article\" \/>\n<meta property=\"og:title\" content=\"COLUMPIO DEL AMOR MULTI VARIO - Tienda Er\u00f3tica\" \/>\n<meta property=\"og:description\" content=\"LOVESWING MULTI VARIO es un columpio muy confortable, dise\u00f1ado para proveer un placer sin l\u00edmite en diferentes posiciones, mucho mejor\" \/>\n<meta property=\"og:url\" content=\"https:\/\/demoweb.info\/sexshop001\/producto\/columpio-del-amor-multi-vario\/\" \/>\n<meta property=\"og:site_name\" content=\"Tienda Er\u00f3tica\" \/>\n<meta property=\"article:modified_time\" content=\"2022-01-22T11:40:40+00:00\" \/>\n<meta property=\"og:image\" content=\"https:\/\/demoweb.info\/sexshop001\/wp-content\/uploads\/2022\/01\/COLUMPIO-DEL-AMOR-MULTI-VARIO.jpg\" \/>\n\t<meta property=\"og:image:width\" content=\"550\" \/>\n\t<meta property=\"og:image:height\" content=\"550\" \/>\n\t<meta property=\"og:image:type\" content=\"image\/jpeg\" \/>\n<meta name=\"twitter:card\" content=\"summary_large_image\" \/>\n<meta name=\"twitter:label1\" content=\"Tiempo de lectura\" \/>\n\t<meta name=\"twitter:data1\" content=\"1 minuto\" \/>\n<script type=\"application\/ld+json\" class=\"yoast-schema-graph\">{\"@context\":\"https:\/\/schema.org\",\"@graph\":[{\"@type\":\"WebPage\",\"@id\":\"https:\/\/demoweb.info\/sexshop001\/producto\/columpio-del-amor-multi-vario\/\",\"url\":\"https:\/\/demoweb.info\/sexshop001\/producto\/columpio-del-amor-multi-vario\/\",\"name\":\"COLUMPIO DEL AMOR MULTI VARIO - Tienda Er\u00f3tica\",\"isPartOf\":{\"@id\":\"https:\/\/demoweb.info\/sexshop001\/#website\"},\"datePublished\":\"2022-01-22T11:40:34+00:00\",\"dateModified\":\"2022-01-22T11:40:40+00:00\",\"breadcrumb\":{\"@id\":\"https:\/\/demoweb.info\/sexshop001\/producto\/columpio-del-amor-multi-vario\/#breadcrumb\"},\"inLanguage\":\"es\",\"potentialAction\":[{\"@type\":\"ReadAction\",\"target\":[\"https:\/\/demoweb.info\/sexshop001\/producto\/columpio-del-amor-multi-vario\/\"]}]},{\"@type\":\"BreadcrumbList\",\"@id\":\"https:\/\/demoweb.info\/sexshop001\/producto\/columpio-del-amor-multi-vario\/#breadcrumb\",\"itemListElement\":[{\"@type\":\"ListItem\",\"position\":1,\"name\":\"Portada\",\"item\":\"https:\/\/demoweb.info\/sexshop001\/\"},{\"@type\":\"ListItem\",\"position\":2,\"name\":\"Tienda\",\"item\":\"https:\/\/demoweb.info\/sexshop001\/tienda\/\"},{\"@type\":\"ListItem\",\"position\":3,\"name\":\"COLUMPIO DEL AMOR MULTI VARIO\"}]},{\"@type\":\"WebSite\",\"@id\":\"https:\/\/demoweb.info\/sexshop001\/#website\",\"url\":\"https:\/\/demoweb.info\/sexshop001\/\",\"name\":\"Tienda Er\u00f3tica\",\"description\":\"DEMOWEB SL\",\"potentialAction\":[{\"@type\":\"SearchAction\",\"target\":{\"@type\":\"EntryPoint\",\"urlTemplate\":\"https:\/\/demoweb.info\/sexshop001\/?s={search_term_string}\"},\"query-input\":\"required name=search_term_string\"}],\"inLanguage\":\"es\"}]}<\/script>\n<!-- \/ Yoast SEO plugin. -->","yoast_head_json":{"title":"COLUMPIO DEL AMOR MULTI VARIO - Tienda Er\u00f3tica","robots":{"index":"noindex","follow":"follow","max-snippet":"max-snippet:-1","max-image-preview":"max-image-preview:large","max-video-preview":"max-video-preview:-1"},"og_locale":"es_ES","og_type":"article","og_title":"COLUMPIO DEL AMOR MULTI VARIO - Tienda Er\u00f3tica","og_description":"LOVESWING MULTI VARIO es un columpio muy confortable, dise\u00f1ado para proveer un placer sin l\u00edmite en diferentes posiciones, mucho mejor","og_url":"https:\/\/demoweb.info\/sexshop001\/producto\/columpio-del-amor-multi-vario\/","og_site_name":"Tienda Er\u00f3tica","article_modified_time":"2022-01-22T11:40:40+00:00","og_image":[{"width":550,"height":550,"url":"https:\/\/demoweb.info\/sexshop001\/wp-content\/uploads\/2022\/01\/COLUMPIO-DEL-AMOR-MULTI-VARIO.jpg","type":"image\/jpeg"}],"twitter_card":"summary_large_image","twitter_misc":{"Tiempo de lectura":"1 minuto"},"schema":{"@context":"https:\/\/schema.org","@graph":[{"@type":"WebPage","@id":"https:\/\/demoweb.info\/sexshop001\/producto\/columpio-del-amor-multi-vario\/","url":"https:\/\/demoweb.info\/sexshop001\/producto\/columpio-del-amor-multi-vario\/","name":"COLUMPIO DEL AMOR MULTI VARIO - Tienda Er\u00f3tica","isPartOf":{"@id":"https:\/\/demoweb.info\/sexshop001\/#website"},"datePublished":"2022-01-22T11:40:34+00:00","dateModified":"2022-01-22T11:40:40+00:00","breadcrumb":{"@id":"https:\/\/demoweb.info\/sexshop001\/producto\/columpio-del-amor-multi-vario\/#breadcrumb"},"inLanguage":"es","potentialAction":[{"@type":"ReadAction","target":["https:\/\/demoweb.info\/sexshop001\/producto\/columpio-del-amor-multi-vario\/"]}]},{"@type":"BreadcrumbList","@id":"https:\/\/demoweb.info\/sexshop001\/producto\/columpio-del-amor-multi-vario\/#breadcrumb","itemListElement":[{"@type":"ListItem","position":1,"name":"Portada","item":"https:\/\/demoweb.info\/sexshop001\/"},{"@type":"ListItem","position":2,"name":"Tienda","item":"https:\/\/demoweb.info\/sexshop001\/tienda\/"},{"@type":"ListItem","position":3,"name":"COLUMPIO DEL AMOR MULTI VARIO"}]},{"@type":"WebSite","@id":"https:\/\/demoweb.info\/sexshop001\/#website","url":"https:\/\/demoweb.info\/sexshop001\/","name":"Tienda Er\u00f3tica","description":"DEMOWEB SL","potentialAction":[{"@type":"SearchAction","target":{"@type":"EntryPoint","urlTemplate":"https:\/\/demoweb.info\/sexshop001\/?s={search_term_string}"},"query-input":"required name=search_term_string"}],"inLanguage":"es"}]}},"_links":{"self":[{"href":"https:\/\/demoweb.info\/sexshop001\/wp-json\/wp\/v3\/product\/30466","targetHints":{"allow":["GET"]}}],"collection":[{"href":"https:\/\/demoweb.info\/sexshop001\/wp-json\/wp\/v3\/product"}],"about":[{"href":"https:\/\/demoweb.info\/sexshop001\/wp-json\/wp\/v2\/types\/product"}],"replies":[{"embeddable":true,"href":"https:\/\/demoweb.info\/sexshop001\/wp-json\/wp\/v2\/comments?post=30466"}],"wp:featuredmedia":[{"embeddable":true,"href":"https:\/\/demoweb.info\/sexshop001\/wp-json\/wp\/v2\/media\/30467"}],"wp:attachment":[{"href":"https:\/\/demoweb.info\/sexshop001\/wp-json\/wp\/v2\/media?parent=30466"}],"wp:term":[{"taxonomy":"product_cat","embeddable":true,"href":"https:\/\/demoweb.info\/sexshop001\/wp-json\/wp\/v2\/product_cat?post=30466"},{"taxonomy":"product_tag","embeddable":true,"href":"https:\/\/demoweb.info\/sexshop001\/wp-json\/wp\/v2\/product_tag?post=30466"}],"curies":[{"name":"wp","href":"https:\/\/api.w.org\/{rel}","templated":true}]}}