{"id":30438,"date":"2022-01-22T12:40:24","date_gmt":"2022-01-22T11:40:24","guid":{"rendered":"https:\/\/demoweb.info\/sexshop001\/producto\/secret-play-plus-amour-prolongador-del-placer\/"},"modified":"2022-01-22T12:40:25","modified_gmt":"2022-01-22T11:40:25","slug":"secret-play-plus-amour-prolongador-del-placer","status":"publish","type":"product","link":"https:\/\/demoweb.info\/sexshop001\/producto\/secret-play-plus-amour-prolongador-del-placer\/","title":{"rendered":"SECRET PLAY PLUS AMOUR PROLONGADOR DEL PLACER"},"content":{"rendered":"<p><strong>SECRET PLAY PLUS AMOUR PROLONGADOR DEL PLACER.<\/strong><\/p>\n<p>Este Retardante para el PENE, aplicado antes de la relaci\u00f3n sexual, tiene un efecto de insensibilizaci\u00f3n de la zona local, que le permitir\u00e1 disfrutar de una relaci\u00f3n m\u00e1s duradera y. as\u00ed, prolongar tanto su placer como el de su pareja: Un viaje seguro hacia un orgasmo m\u00e1s intenso y satisfactorio.<\/p>\n<p>F\u00f3rmula compatible con el l\u00e1tex. Producto cosm\u00e9tico.<\/p>\n<p>Envase de 15 ml.<\/p><\/p>\n","protected":false},"excerpt":{"rendered":"<p>SECRET PLAY PLUS AMOUR PROLONGADOR DEL PLACER. Este Retardante para el PENE, aplicado antes de la relaci\u00f3n sexual, tiene un<\/p>\n","protected":false},"featured_media":30439,"comment_status":"open","ping_status":"open","template":"","meta":[],"product_cat":[403],"product_tag":[565,564],"class_list":["post-30438","product","type-product","status-publish","has-post-thumbnail","hentry","product_cat-retardantes","product_tag-secret-beauty","product_tag-secret-play"],"bundled_by":[],"bundle_stock_status":"instock","bundle_stock_quantity":4,"bundle_virtual":false,"bundle_layout":"","bundle_add_to_cart_form_location":"","bundle_editable_in_cart":false,"bundle_sold_individually_context":"","bundle_item_grouping":"","bundle_min_size":"","bundle_max_size":"","bundled_items":[],"yoast_head":"<!-- This site is optimized with the Yoast SEO plugin v20.6 - https:\/\/yoast.com\/wordpress\/plugins\/seo\/ -->\n<title>SECRET PLAY PLUS AMOUR PROLONGADOR DEL PLACER - Tienda Er\u00f3tica<\/title>\n<meta name=\"robots\" content=\"noindex, follow, max-snippet:-1, max-image-preview:large, max-video-preview:-1\" \/>\n<meta property=\"og:locale\" content=\"es_ES\" \/>\n<meta property=\"og:type\" content=\"article\" \/>\n<meta property=\"og:title\" content=\"SECRET PLAY PLUS AMOUR PROLONGADOR DEL PLACER - Tienda Er\u00f3tica\" \/>\n<meta property=\"og:description\" content=\"SECRET PLAY PLUS AMOUR PROLONGADOR DEL PLACER. Este Retardante para el PENE, aplicado antes de la relaci\u00f3n sexual, tiene un\" \/>\n<meta property=\"og:url\" content=\"https:\/\/demoweb.info\/sexshop001\/producto\/secret-play-plus-amour-prolongador-del-placer\/\" \/>\n<meta property=\"og:site_name\" content=\"Tienda Er\u00f3tica\" \/>\n<meta property=\"article:modified_time\" content=\"2022-01-22T11:40:25+00:00\" \/>\n<meta property=\"og:image\" content=\"https:\/\/demoweb.info\/sexshop001\/wp-content\/uploads\/2022\/01\/SECRET-PLAY-PLUS-AMOUR-PROLONGADOR-DEL-PLACER.jpg\" \/>\n\t<meta property=\"og:image:width\" content=\"550\" \/>\n\t<meta property=\"og:image:height\" content=\"550\" \/>\n\t<meta property=\"og:image:type\" content=\"image\/jpeg\" \/>\n<meta name=\"twitter:card\" content=\"summary_large_image\" \/>\n<script type=\"application\/ld+json\" class=\"yoast-schema-graph\">{\"@context\":\"https:\/\/schema.org\",\"@graph\":[{\"@type\":\"WebPage\",\"@id\":\"https:\/\/demoweb.info\/sexshop001\/producto\/secret-play-plus-amour-prolongador-del-placer\/\",\"url\":\"https:\/\/demoweb.info\/sexshop001\/producto\/secret-play-plus-amour-prolongador-del-placer\/\",\"name\":\"SECRET PLAY PLUS AMOUR PROLONGADOR DEL PLACER - Tienda Er\u00f3tica\",\"isPartOf\":{\"@id\":\"https:\/\/demoweb.info\/sexshop001\/#website\"},\"datePublished\":\"2022-01-22T11:40:24+00:00\",\"dateModified\":\"2022-01-22T11:40:25+00:00\",\"breadcrumb\":{\"@id\":\"https:\/\/demoweb.info\/sexshop001\/producto\/secret-play-plus-amour-prolongador-del-placer\/#breadcrumb\"},\"inLanguage\":\"es\",\"potentialAction\":[{\"@type\":\"ReadAction\",\"target\":[\"https:\/\/demoweb.info\/sexshop001\/producto\/secret-play-plus-amour-prolongador-del-placer\/\"]}]},{\"@type\":\"BreadcrumbList\",\"@id\":\"https:\/\/demoweb.info\/sexshop001\/producto\/secret-play-plus-amour-prolongador-del-placer\/#breadcrumb\",\"itemListElement\":[{\"@type\":\"ListItem\",\"position\":1,\"name\":\"Portada\",\"item\":\"https:\/\/demoweb.info\/sexshop001\/\"},{\"@type\":\"ListItem\",\"position\":2,\"name\":\"Tienda\",\"item\":\"https:\/\/demoweb.info\/sexshop001\/tienda\/\"},{\"@type\":\"ListItem\",\"position\":3,\"name\":\"SECRET PLAY PLUS AMOUR PROLONGADOR DEL PLACER\"}]},{\"@type\":\"WebSite\",\"@id\":\"https:\/\/demoweb.info\/sexshop001\/#website\",\"url\":\"https:\/\/demoweb.info\/sexshop001\/\",\"name\":\"Tienda Er\u00f3tica\",\"description\":\"DEMOWEB SL\",\"potentialAction\":[{\"@type\":\"SearchAction\",\"target\":{\"@type\":\"EntryPoint\",\"urlTemplate\":\"https:\/\/demoweb.info\/sexshop001\/?s={search_term_string}\"},\"query-input\":\"required name=search_term_string\"}],\"inLanguage\":\"es\"}]}<\/script>\n<!-- \/ Yoast SEO plugin. -->","yoast_head_json":{"title":"SECRET PLAY PLUS AMOUR PROLONGADOR DEL PLACER - Tienda Er\u00f3tica","robots":{"index":"noindex","follow":"follow","max-snippet":"max-snippet:-1","max-image-preview":"max-image-preview:large","max-video-preview":"max-video-preview:-1"},"og_locale":"es_ES","og_type":"article","og_title":"SECRET PLAY PLUS AMOUR PROLONGADOR DEL PLACER - Tienda Er\u00f3tica","og_description":"SECRET PLAY PLUS AMOUR PROLONGADOR DEL PLACER. Este Retardante para el PENE, aplicado antes de la relaci\u00f3n sexual, tiene un","og_url":"https:\/\/demoweb.info\/sexshop001\/producto\/secret-play-plus-amour-prolongador-del-placer\/","og_site_name":"Tienda Er\u00f3tica","article_modified_time":"2022-01-22T11:40:25+00:00","og_image":[{"width":550,"height":550,"url":"https:\/\/demoweb.info\/sexshop001\/wp-content\/uploads\/2022\/01\/SECRET-PLAY-PLUS-AMOUR-PROLONGADOR-DEL-PLACER.jpg","type":"image\/jpeg"}],"twitter_card":"summary_large_image","schema":{"@context":"https:\/\/schema.org","@graph":[{"@type":"WebPage","@id":"https:\/\/demoweb.info\/sexshop001\/producto\/secret-play-plus-amour-prolongador-del-placer\/","url":"https:\/\/demoweb.info\/sexshop001\/producto\/secret-play-plus-amour-prolongador-del-placer\/","name":"SECRET PLAY PLUS AMOUR PROLONGADOR DEL PLACER - Tienda Er\u00f3tica","isPartOf":{"@id":"https:\/\/demoweb.info\/sexshop001\/#website"},"datePublished":"2022-01-22T11:40:24+00:00","dateModified":"2022-01-22T11:40:25+00:00","breadcrumb":{"@id":"https:\/\/demoweb.info\/sexshop001\/producto\/secret-play-plus-amour-prolongador-del-placer\/#breadcrumb"},"inLanguage":"es","potentialAction":[{"@type":"ReadAction","target":["https:\/\/demoweb.info\/sexshop001\/producto\/secret-play-plus-amour-prolongador-del-placer\/"]}]},{"@type":"BreadcrumbList","@id":"https:\/\/demoweb.info\/sexshop001\/producto\/secret-play-plus-amour-prolongador-del-placer\/#breadcrumb","itemListElement":[{"@type":"ListItem","position":1,"name":"Portada","item":"https:\/\/demoweb.info\/sexshop001\/"},{"@type":"ListItem","position":2,"name":"Tienda","item":"https:\/\/demoweb.info\/sexshop001\/tienda\/"},{"@type":"ListItem","position":3,"name":"SECRET PLAY PLUS AMOUR PROLONGADOR DEL PLACER"}]},{"@type":"WebSite","@id":"https:\/\/demoweb.info\/sexshop001\/#website","url":"https:\/\/demoweb.info\/sexshop001\/","name":"Tienda Er\u00f3tica","description":"DEMOWEB SL","potentialAction":[{"@type":"SearchAction","target":{"@type":"EntryPoint","urlTemplate":"https:\/\/demoweb.info\/sexshop001\/?s={search_term_string}"},"query-input":"required name=search_term_string"}],"inLanguage":"es"}]}},"_links":{"self":[{"href":"https:\/\/demoweb.info\/sexshop001\/wp-json\/wp\/v3\/product\/30438","targetHints":{"allow":["GET"]}}],"collection":[{"href":"https:\/\/demoweb.info\/sexshop001\/wp-json\/wp\/v3\/product"}],"about":[{"href":"https:\/\/demoweb.info\/sexshop001\/wp-json\/wp\/v2\/types\/product"}],"replies":[{"embeddable":true,"href":"https:\/\/demoweb.info\/sexshop001\/wp-json\/wp\/v2\/comments?post=30438"}],"wp:featuredmedia":[{"embeddable":true,"href":"https:\/\/demoweb.info\/sexshop001\/wp-json\/wp\/v2\/media\/30439"}],"wp:attachment":[{"href":"https:\/\/demoweb.info\/sexshop001\/wp-json\/wp\/v2\/media?parent=30438"}],"wp:term":[{"taxonomy":"product_cat","embeddable":true,"href":"https:\/\/demoweb.info\/sexshop001\/wp-json\/wp\/v2\/product_cat?post=30438"},{"taxonomy":"product_tag","embeddable":true,"href":"https:\/\/demoweb.info\/sexshop001\/wp-json\/wp\/v2\/product_tag?post=30438"}],"curies":[{"name":"wp","href":"https:\/\/api.w.org\/{rel}","templated":true}]}}