{"id":30393,"date":"2022-01-22T12:39:53","date_gmt":"2022-01-22T11:39:53","guid":{"rendered":"https:\/\/demoweb.info\/sexshop001\/producto\/tenga-3d-module-sculpted-ecstasy\/"},"modified":"2022-01-22T12:39:58","modified_gmt":"2022-01-22T11:39:58","slug":"tenga-3d-module-sculpted-ecstasy","status":"publish","type":"product","link":"https:\/\/demoweb.info\/sexshop001\/producto\/tenga-3d-module-sculpted-ecstasy\/","title":{"rendered":"TENGA 3D MODULE SCULPTED ECSTASY"},"content":{"rendered":"<p><strong>TENGA 3D MODULE SCULPTED ECSTASY<\/strong>, es el <strong>innovador masturbador masculino<\/strong>, que ha revolucionado los juguetes de placer para el hombre.<\/p>\n<p>Est\u00e9ticamente ha sido dise\u00f1ado con la apariencia de un estiloso producto, evitando la imitaci\u00f3n visual de \u00f3rgano sexual alguno.<\/p>\n<p>Con detalles en su interior que solo pueden mantener el prop\u00f3sito de dar placer y un novedoso sistema de <strong>DALE LA VUELTA-L\u00c1VALO-D\u00c9JALO SECAR<\/strong>, convierte los detalles internos en detalles externos, dotando al juguete de un dise\u00f1o \u00fanico. En un instante, el cambio de apariencia queda visible, la fusi\u00f3n de texturas estimulantes con una belleza estructural, hacen que este juguete sea ideal para la b\u00fasqueda de la cima del placer mediante la masturbaci\u00f3n.<br \/>\nEstructuralmente la combinaci\u00f3n de materiales y formas ergon\u00f3micamente complejas hacen de <strong>TENGA<\/strong> el masturbador m\u00e1s innovador del mercado.<\/p>\n<p>El modelo <strong>MODULE<\/strong> tiene la textura de bloques elevados aleatoriamente. Los bloques que sobresalen a lo largo de las paredes, te permitir\u00e1n disfrutar de unas sensaciones m\u00e1s vigorosas, mientras que los otros bloques m\u00e1s peque\u00f1os se aferrar\u00e1n a tu miembro acentuando la sensibilidad. La cascada de bloques, produce una r\u00e1faga de estimulaci\u00f3n que proporciona una fuerte sensaci\u00f3n en contraste con acabado s\u00f3lido.<\/p>\n<p>Producto prelubricado.<\/p>\n<p><strong>Atr\u00e9vete a descubrir el otro lado de la masturbaci\u00f3n. <\/strong><\/p>\n","protected":false},"excerpt":{"rendered":"<p>TENGA 3D MODULE SCULPTED ECSTASY, es el innovador masturbador masculino, que ha revolucionado los juguetes de placer para el hombre.<\/p>\n","protected":false},"featured_media":30394,"comment_status":"open","ping_status":"open","template":"","meta":[],"product_cat":[542],"product_tag":[584,1166],"class_list":["post-30393","product","type-product","status-publish","has-post-thumbnail","hentry","product_cat-clasicos","product_tag-tenga","product_tag-tenga-3d"],"bundled_by":[],"bundle_stock_status":"outofstock","bundle_stock_quantity":0,"bundle_virtual":false,"bundle_layout":"","bundle_add_to_cart_form_location":"","bundle_editable_in_cart":false,"bundle_sold_individually_context":"","bundle_item_grouping":"","bundle_min_size":"","bundle_max_size":"","bundled_items":[],"yoast_head":"<!-- This site is optimized with the Yoast SEO plugin v20.6 - https:\/\/yoast.com\/wordpress\/plugins\/seo\/ -->\n<title>TENGA 3D MODULE SCULPTED ECSTASY - Tienda Er\u00f3tica<\/title>\n<meta name=\"robots\" content=\"noindex, follow, max-snippet:-1, max-image-preview:large, max-video-preview:-1\" \/>\n<meta property=\"og:locale\" content=\"es_ES\" \/>\n<meta property=\"og:type\" content=\"article\" \/>\n<meta property=\"og:title\" content=\"TENGA 3D MODULE SCULPTED ECSTASY - Tienda Er\u00f3tica\" \/>\n<meta property=\"og:description\" content=\"TENGA 3D MODULE SCULPTED ECSTASY, es el innovador masturbador masculino, que ha revolucionado los juguetes de placer para el hombre.\" \/>\n<meta property=\"og:url\" content=\"https:\/\/demoweb.info\/sexshop001\/producto\/tenga-3d-module-sculpted-ecstasy\/\" \/>\n<meta property=\"og:site_name\" content=\"Tienda Er\u00f3tica\" \/>\n<meta property=\"article:modified_time\" content=\"2022-01-22T11:39:58+00:00\" \/>\n<meta property=\"og:image\" content=\"https:\/\/demoweb.info\/sexshop001\/wp-content\/uploads\/2022\/01\/TENGA-3D-MODULE-SCULPTED-ECSTASY.jpg\" \/>\n\t<meta property=\"og:image:width\" content=\"550\" \/>\n\t<meta property=\"og:image:height\" content=\"550\" \/>\n\t<meta property=\"og:image:type\" content=\"image\/jpeg\" \/>\n<meta name=\"twitter:card\" content=\"summary_large_image\" \/>\n<meta name=\"twitter:label1\" content=\"Tiempo de lectura\" \/>\n\t<meta name=\"twitter:data1\" content=\"1 minuto\" \/>\n<script type=\"application\/ld+json\" class=\"yoast-schema-graph\">{\"@context\":\"https:\/\/schema.org\",\"@graph\":[{\"@type\":\"WebPage\",\"@id\":\"https:\/\/demoweb.info\/sexshop001\/producto\/tenga-3d-module-sculpted-ecstasy\/\",\"url\":\"https:\/\/demoweb.info\/sexshop001\/producto\/tenga-3d-module-sculpted-ecstasy\/\",\"name\":\"TENGA 3D MODULE SCULPTED ECSTASY - Tienda Er\u00f3tica\",\"isPartOf\":{\"@id\":\"https:\/\/demoweb.info\/sexshop001\/#website\"},\"datePublished\":\"2022-01-22T11:39:53+00:00\",\"dateModified\":\"2022-01-22T11:39:58+00:00\",\"breadcrumb\":{\"@id\":\"https:\/\/demoweb.info\/sexshop001\/producto\/tenga-3d-module-sculpted-ecstasy\/#breadcrumb\"},\"inLanguage\":\"es\",\"potentialAction\":[{\"@type\":\"ReadAction\",\"target\":[\"https:\/\/demoweb.info\/sexshop001\/producto\/tenga-3d-module-sculpted-ecstasy\/\"]}]},{\"@type\":\"BreadcrumbList\",\"@id\":\"https:\/\/demoweb.info\/sexshop001\/producto\/tenga-3d-module-sculpted-ecstasy\/#breadcrumb\",\"itemListElement\":[{\"@type\":\"ListItem\",\"position\":1,\"name\":\"Portada\",\"item\":\"https:\/\/demoweb.info\/sexshop001\/\"},{\"@type\":\"ListItem\",\"position\":2,\"name\":\"Tienda\",\"item\":\"https:\/\/demoweb.info\/sexshop001\/tienda\/\"},{\"@type\":\"ListItem\",\"position\":3,\"name\":\"TENGA 3D MODULE SCULPTED ECSTASY\"}]},{\"@type\":\"WebSite\",\"@id\":\"https:\/\/demoweb.info\/sexshop001\/#website\",\"url\":\"https:\/\/demoweb.info\/sexshop001\/\",\"name\":\"Tienda Er\u00f3tica\",\"description\":\"DEMOWEB SL\",\"potentialAction\":[{\"@type\":\"SearchAction\",\"target\":{\"@type\":\"EntryPoint\",\"urlTemplate\":\"https:\/\/demoweb.info\/sexshop001\/?s={search_term_string}\"},\"query-input\":\"required name=search_term_string\"}],\"inLanguage\":\"es\"}]}<\/script>\n<!-- \/ Yoast SEO plugin. -->","yoast_head_json":{"title":"TENGA 3D MODULE SCULPTED ECSTASY - Tienda Er\u00f3tica","robots":{"index":"noindex","follow":"follow","max-snippet":"max-snippet:-1","max-image-preview":"max-image-preview:large","max-video-preview":"max-video-preview:-1"},"og_locale":"es_ES","og_type":"article","og_title":"TENGA 3D MODULE SCULPTED ECSTASY - Tienda Er\u00f3tica","og_description":"TENGA 3D MODULE SCULPTED ECSTASY, es el innovador masturbador masculino, que ha revolucionado los juguetes de placer para el hombre.","og_url":"https:\/\/demoweb.info\/sexshop001\/producto\/tenga-3d-module-sculpted-ecstasy\/","og_site_name":"Tienda Er\u00f3tica","article_modified_time":"2022-01-22T11:39:58+00:00","og_image":[{"width":550,"height":550,"url":"https:\/\/demoweb.info\/sexshop001\/wp-content\/uploads\/2022\/01\/TENGA-3D-MODULE-SCULPTED-ECSTASY.jpg","type":"image\/jpeg"}],"twitter_card":"summary_large_image","twitter_misc":{"Tiempo de lectura":"1 minuto"},"schema":{"@context":"https:\/\/schema.org","@graph":[{"@type":"WebPage","@id":"https:\/\/demoweb.info\/sexshop001\/producto\/tenga-3d-module-sculpted-ecstasy\/","url":"https:\/\/demoweb.info\/sexshop001\/producto\/tenga-3d-module-sculpted-ecstasy\/","name":"TENGA 3D MODULE SCULPTED ECSTASY - Tienda Er\u00f3tica","isPartOf":{"@id":"https:\/\/demoweb.info\/sexshop001\/#website"},"datePublished":"2022-01-22T11:39:53+00:00","dateModified":"2022-01-22T11:39:58+00:00","breadcrumb":{"@id":"https:\/\/demoweb.info\/sexshop001\/producto\/tenga-3d-module-sculpted-ecstasy\/#breadcrumb"},"inLanguage":"es","potentialAction":[{"@type":"ReadAction","target":["https:\/\/demoweb.info\/sexshop001\/producto\/tenga-3d-module-sculpted-ecstasy\/"]}]},{"@type":"BreadcrumbList","@id":"https:\/\/demoweb.info\/sexshop001\/producto\/tenga-3d-module-sculpted-ecstasy\/#breadcrumb","itemListElement":[{"@type":"ListItem","position":1,"name":"Portada","item":"https:\/\/demoweb.info\/sexshop001\/"},{"@type":"ListItem","position":2,"name":"Tienda","item":"https:\/\/demoweb.info\/sexshop001\/tienda\/"},{"@type":"ListItem","position":3,"name":"TENGA 3D MODULE SCULPTED ECSTASY"}]},{"@type":"WebSite","@id":"https:\/\/demoweb.info\/sexshop001\/#website","url":"https:\/\/demoweb.info\/sexshop001\/","name":"Tienda Er\u00f3tica","description":"DEMOWEB SL","potentialAction":[{"@type":"SearchAction","target":{"@type":"EntryPoint","urlTemplate":"https:\/\/demoweb.info\/sexshop001\/?s={search_term_string}"},"query-input":"required name=search_term_string"}],"inLanguage":"es"}]}},"_links":{"self":[{"href":"https:\/\/demoweb.info\/sexshop001\/wp-json\/wp\/v3\/product\/30393","targetHints":{"allow":["GET"]}}],"collection":[{"href":"https:\/\/demoweb.info\/sexshop001\/wp-json\/wp\/v3\/product"}],"about":[{"href":"https:\/\/demoweb.info\/sexshop001\/wp-json\/wp\/v2\/types\/product"}],"replies":[{"embeddable":true,"href":"https:\/\/demoweb.info\/sexshop001\/wp-json\/wp\/v2\/comments?post=30393"}],"wp:featuredmedia":[{"embeddable":true,"href":"https:\/\/demoweb.info\/sexshop001\/wp-json\/wp\/v2\/media\/30394"}],"wp:attachment":[{"href":"https:\/\/demoweb.info\/sexshop001\/wp-json\/wp\/v2\/media?parent=30393"}],"wp:term":[{"taxonomy":"product_cat","embeddable":true,"href":"https:\/\/demoweb.info\/sexshop001\/wp-json\/wp\/v2\/product_cat?post=30393"},{"taxonomy":"product_tag","embeddable":true,"href":"https:\/\/demoweb.info\/sexshop001\/wp-json\/wp\/v2\/product_tag?post=30393"}],"curies":[{"name":"wp","href":"https:\/\/api.w.org\/{rel}","templated":true}]}}