{"id":30382,"date":"2022-01-22T12:39:53","date_gmt":"2022-01-22T11:39:53","guid":{"rendered":"https:\/\/demoweb.info\/sexshop001\/producto\/extreme-toyz-vagina-y-ano-estilo-perrito\/"},"modified":"2022-01-22T12:39:53","modified_gmt":"2022-01-22T11:39:53","slug":"extreme-toyz-vagina-y-ano-estilo-perrito","status":"publish","type":"product","link":"https:\/\/demoweb.info\/sexshop001\/producto\/extreme-toyz-vagina-y-ano-estilo-perrito\/","title":{"rendered":"EXTREME TOYZ VAGINA Y ANO ESTILO PERRITO"},"content":{"rendered":"<p><strong>EXTREME TOYZ JUNK IN THA TRUNK<\/strong><\/p>\n<p>Si lo que realmente amas son los culazos de negra, con este tienes uno bueno para disfrutar. M\u00e9tesela primero por detr\u00e1s, para luego continuar por delante. Sus redondeados y carnosos labios de color moca, son la respuesta para todos los hombres que que tienen fantas\u00edas de chocolate&#8230; Dos grandes nalgas para disfrutar d\u00e1ndole cachetes y afrent\u00e1ndolas, junto con unos dulces y morenos labios que solamente quieren que los penetres con tu garrote imbatible.<\/p>\n<p>S\u00e1calo de la caja, aplica el lubricante que te obsequiamos y prep\u00e1rate para adentrarte en un festival de sexo sin barreras.<\/p>\n<p>Este mega Masturbador es la r\u00e9plica mas realista que puedas probar, gracias a su textura <strong>Fanta Flesh<\/strong>. Prep\u00e1rate para deslizar tu miembro en su suave, delicado y h\u00famedo agujero del placer. Su suave vulva te envolver\u00e1 y masajear\u00e1 el pene, casi mejor que una vagina real, y su trasero har\u00e1 las delicias de tus deseos m\u00e1s traviesos. Si tu deseo es una noche loca de pasi\u00f3n, no te preocupes, ella har\u00e1 que te corras todas las noches que quieras.<\/p>\n<p>Estos agujeros de la lujuria tienen un orificio de salida en el lado opuesto que facilita la limpieza despu\u00e9s de la diversi\u00f3n. Con tu limpiador de juguetes <strong>Pipedream<\/strong> y agua tibia, quedar\u00e1 listo para cuando decidas de nuevo darte unos minutos de caliente diversi\u00f3n.<\/p>\n<p>Lo mejor de todo, es que la puedes guardar debajo de la cama o en el armario, un almacenamiento f\u00e1cil despu\u00e9s de pasar el buen rato. Sin compromisos, sin tonter\u00edas y sin n\u00fameros de tel\u00e9fono, no te preocupar\u00e1s m\u00e1s de ella.<\/p>\n<p>Es toda una revelaci\u00f3n, en cualquier momento en cualquier lugar y para cualquier tama\u00f1o de pene.<\/p>\n<p>No esperes m\u00e1s, consigue tu <strong>JUNK IN THA TRUNK<\/strong><\/p>\n<p>Incluye un potente vibrador con regulador de velocidad.<\/p>\n<p>Peso 2 Kilos.<\/p>\n<p>Medidas: 22,9 x 25,4 x 10,2 cm<\/p>\n<p>Funciona con 2 pilas <strong>R6\/AA<\/strong> que puedes encontrar en la secci\u00f3n <strong>Pilas<\/strong>.<\/p>\n","protected":false},"excerpt":{"rendered":"<p>EXTREME TOYZ JUNK IN THA TRUNK Si lo que realmente amas son los culazos de negra, con este tienes uno<\/p>\n","protected":false},"featured_media":30383,"comment_status":"open","ping_status":"open","template":"","meta":[],"product_cat":[560],"product_tag":[561,259],"class_list":["post-30382","product","type-product","status-publish","has-post-thumbnail","hentry","product_cat-vaginas-y-anos","product_tag-extreme-toyz","product_tag-pipedream"],"bundled_by":[],"bundle_stock_status":"instock","bundle_stock_quantity":3,"bundle_virtual":false,"bundle_layout":"","bundle_add_to_cart_form_location":"","bundle_editable_in_cart":false,"bundle_sold_individually_context":"","bundle_item_grouping":"","bundle_min_size":"","bundle_max_size":"","bundled_items":[],"yoast_head":"<!-- This site is optimized with the Yoast SEO plugin v20.6 - https:\/\/yoast.com\/wordpress\/plugins\/seo\/ -->\n<title>EXTREME TOYZ VAGINA Y ANO ESTILO PERRITO - Tienda Er\u00f3tica<\/title>\n<meta name=\"robots\" content=\"noindex, follow, max-snippet:-1, max-image-preview:large, max-video-preview:-1\" \/>\n<meta property=\"og:locale\" content=\"es_ES\" \/>\n<meta property=\"og:type\" content=\"article\" \/>\n<meta property=\"og:title\" content=\"EXTREME TOYZ VAGINA Y ANO ESTILO PERRITO - Tienda Er\u00f3tica\" \/>\n<meta property=\"og:description\" content=\"EXTREME TOYZ JUNK IN THA TRUNK Si lo que realmente amas son los culazos de negra, con este tienes uno\" \/>\n<meta property=\"og:url\" content=\"https:\/\/demoweb.info\/sexshop001\/producto\/extreme-toyz-vagina-y-ano-estilo-perrito\/\" \/>\n<meta property=\"og:site_name\" content=\"Tienda Er\u00f3tica\" \/>\n<meta property=\"og:image\" content=\"https:\/\/demoweb.info\/sexshop001\/wp-content\/uploads\/2022\/01\/EXTREME-TOYZ-VAGINA-Y-ANO-ESTILO-PERRITO.jpg\" \/>\n\t<meta property=\"og:image:width\" content=\"550\" \/>\n\t<meta property=\"og:image:height\" content=\"550\" \/>\n\t<meta property=\"og:image:type\" content=\"image\/jpeg\" \/>\n<meta name=\"twitter:card\" content=\"summary_large_image\" \/>\n<meta name=\"twitter:label1\" content=\"Tiempo de lectura\" \/>\n\t<meta name=\"twitter:data1\" content=\"2 minutos\" \/>\n<script type=\"application\/ld+json\" class=\"yoast-schema-graph\">{\"@context\":\"https:\/\/schema.org\",\"@graph\":[{\"@type\":\"WebPage\",\"@id\":\"https:\/\/demoweb.info\/sexshop001\/producto\/extreme-toyz-vagina-y-ano-estilo-perrito\/\",\"url\":\"https:\/\/demoweb.info\/sexshop001\/producto\/extreme-toyz-vagina-y-ano-estilo-perrito\/\",\"name\":\"EXTREME TOYZ VAGINA Y ANO ESTILO PERRITO - Tienda Er\u00f3tica\",\"isPartOf\":{\"@id\":\"https:\/\/demoweb.info\/sexshop001\/#website\"},\"datePublished\":\"2022-01-22T11:39:53+00:00\",\"dateModified\":\"2022-01-22T11:39:53+00:00\",\"breadcrumb\":{\"@id\":\"https:\/\/demoweb.info\/sexshop001\/producto\/extreme-toyz-vagina-y-ano-estilo-perrito\/#breadcrumb\"},\"inLanguage\":\"es\",\"potentialAction\":[{\"@type\":\"ReadAction\",\"target\":[\"https:\/\/demoweb.info\/sexshop001\/producto\/extreme-toyz-vagina-y-ano-estilo-perrito\/\"]}]},{\"@type\":\"BreadcrumbList\",\"@id\":\"https:\/\/demoweb.info\/sexshop001\/producto\/extreme-toyz-vagina-y-ano-estilo-perrito\/#breadcrumb\",\"itemListElement\":[{\"@type\":\"ListItem\",\"position\":1,\"name\":\"Portada\",\"item\":\"https:\/\/demoweb.info\/sexshop001\/\"},{\"@type\":\"ListItem\",\"position\":2,\"name\":\"Tienda\",\"item\":\"https:\/\/demoweb.info\/sexshop001\/tienda\/\"},{\"@type\":\"ListItem\",\"position\":3,\"name\":\"EXTREME TOYZ VAGINA Y ANO ESTILO PERRITO\"}]},{\"@type\":\"WebSite\",\"@id\":\"https:\/\/demoweb.info\/sexshop001\/#website\",\"url\":\"https:\/\/demoweb.info\/sexshop001\/\",\"name\":\"Tienda Er\u00f3tica\",\"description\":\"DEMOWEB SL\",\"potentialAction\":[{\"@type\":\"SearchAction\",\"target\":{\"@type\":\"EntryPoint\",\"urlTemplate\":\"https:\/\/demoweb.info\/sexshop001\/?s={search_term_string}\"},\"query-input\":\"required name=search_term_string\"}],\"inLanguage\":\"es\"}]}<\/script>\n<!-- \/ Yoast SEO plugin. -->","yoast_head_json":{"title":"EXTREME TOYZ VAGINA Y ANO ESTILO PERRITO - Tienda Er\u00f3tica","robots":{"index":"noindex","follow":"follow","max-snippet":"max-snippet:-1","max-image-preview":"max-image-preview:large","max-video-preview":"max-video-preview:-1"},"og_locale":"es_ES","og_type":"article","og_title":"EXTREME TOYZ VAGINA Y ANO ESTILO PERRITO - Tienda Er\u00f3tica","og_description":"EXTREME TOYZ JUNK IN THA TRUNK Si lo que realmente amas son los culazos de negra, con este tienes uno","og_url":"https:\/\/demoweb.info\/sexshop001\/producto\/extreme-toyz-vagina-y-ano-estilo-perrito\/","og_site_name":"Tienda Er\u00f3tica","og_image":[{"width":550,"height":550,"url":"https:\/\/demoweb.info\/sexshop001\/wp-content\/uploads\/2022\/01\/EXTREME-TOYZ-VAGINA-Y-ANO-ESTILO-PERRITO.jpg","type":"image\/jpeg"}],"twitter_card":"summary_large_image","twitter_misc":{"Tiempo de lectura":"2 minutos"},"schema":{"@context":"https:\/\/schema.org","@graph":[{"@type":"WebPage","@id":"https:\/\/demoweb.info\/sexshop001\/producto\/extreme-toyz-vagina-y-ano-estilo-perrito\/","url":"https:\/\/demoweb.info\/sexshop001\/producto\/extreme-toyz-vagina-y-ano-estilo-perrito\/","name":"EXTREME TOYZ VAGINA Y ANO ESTILO PERRITO - Tienda Er\u00f3tica","isPartOf":{"@id":"https:\/\/demoweb.info\/sexshop001\/#website"},"datePublished":"2022-01-22T11:39:53+00:00","dateModified":"2022-01-22T11:39:53+00:00","breadcrumb":{"@id":"https:\/\/demoweb.info\/sexshop001\/producto\/extreme-toyz-vagina-y-ano-estilo-perrito\/#breadcrumb"},"inLanguage":"es","potentialAction":[{"@type":"ReadAction","target":["https:\/\/demoweb.info\/sexshop001\/producto\/extreme-toyz-vagina-y-ano-estilo-perrito\/"]}]},{"@type":"BreadcrumbList","@id":"https:\/\/demoweb.info\/sexshop001\/producto\/extreme-toyz-vagina-y-ano-estilo-perrito\/#breadcrumb","itemListElement":[{"@type":"ListItem","position":1,"name":"Portada","item":"https:\/\/demoweb.info\/sexshop001\/"},{"@type":"ListItem","position":2,"name":"Tienda","item":"https:\/\/demoweb.info\/sexshop001\/tienda\/"},{"@type":"ListItem","position":3,"name":"EXTREME TOYZ VAGINA Y ANO ESTILO PERRITO"}]},{"@type":"WebSite","@id":"https:\/\/demoweb.info\/sexshop001\/#website","url":"https:\/\/demoweb.info\/sexshop001\/","name":"Tienda Er\u00f3tica","description":"DEMOWEB SL","potentialAction":[{"@type":"SearchAction","target":{"@type":"EntryPoint","urlTemplate":"https:\/\/demoweb.info\/sexshop001\/?s={search_term_string}"},"query-input":"required name=search_term_string"}],"inLanguage":"es"}]}},"_links":{"self":[{"href":"https:\/\/demoweb.info\/sexshop001\/wp-json\/wp\/v3\/product\/30382","targetHints":{"allow":["GET"]}}],"collection":[{"href":"https:\/\/demoweb.info\/sexshop001\/wp-json\/wp\/v3\/product"}],"about":[{"href":"https:\/\/demoweb.info\/sexshop001\/wp-json\/wp\/v2\/types\/product"}],"replies":[{"embeddable":true,"href":"https:\/\/demoweb.info\/sexshop001\/wp-json\/wp\/v2\/comments?post=30382"}],"wp:featuredmedia":[{"embeddable":true,"href":"https:\/\/demoweb.info\/sexshop001\/wp-json\/wp\/v2\/media\/30383"}],"wp:attachment":[{"href":"https:\/\/demoweb.info\/sexshop001\/wp-json\/wp\/v2\/media?parent=30382"}],"wp:term":[{"taxonomy":"product_cat","embeddable":true,"href":"https:\/\/demoweb.info\/sexshop001\/wp-json\/wp\/v2\/product_cat?post=30382"},{"taxonomy":"product_tag","embeddable":true,"href":"https:\/\/demoweb.info\/sexshop001\/wp-json\/wp\/v2\/product_tag?post=30382"}],"curies":[{"name":"wp","href":"https:\/\/api.w.org\/{rel}","templated":true}]}}