{"id":30372,"date":"2022-01-22T12:39:33","date_gmt":"2022-01-22T11:39:33","guid":{"rendered":"https:\/\/demoweb.info\/sexshop001\/producto\/pump-worx-bomba-de-succion-con-masturbador\/"},"modified":"2022-01-22T12:39:46","modified_gmt":"2022-01-22T11:39:46","slug":"pump-worx-bomba-de-succion-con-masturbador","status":"publish","type":"product","link":"https:\/\/demoweb.info\/sexshop001\/producto\/pump-worx-bomba-de-succion-con-masturbador\/","title":{"rendered":"PUMP WORX BOMBA DE SUCCION CON MASTURBADOR"},"content":{"rendered":"<p><strong>PUMP WORX TRAVEL TRIO PUMP SET<\/strong><\/p>\n<p>Disfruta de tu intimidad cuando est\u00e1s de viaje con el confort de como si estuvieras en tu casa con este desarrollador de viaje. Esta colecci\u00f3n de viaje transforma un desarrollador, en una combinaci\u00f3n entre masturbador y bomba de succi\u00f3n. Este kit de lujo compuesto por 9 piezas, viene en una c\u00f3moda caja de f\u00e1cil transporte con una bomba succionadora para principiantes, 3 cabezales <strong>Fanta-Flesh<\/strong> que te har\u00e1n sentir como si estuvieras teniendo sexo vaginal, anal y oral, una bala vibradora resistente al agua, un anillo para el pene y muestras gratuitas de lubricante Moist Lubricant, jab\u00f3n limpiador Pump Worx Toy Cleaner y crema espesante.<\/p>\n<p>Los cabezales de <strong>Fanta Flesh<\/strong> son muy f\u00e1ciles de acoplar, y tienen la opci\u00f3n de acoplarle la bala vibradora, para ampliar tu placer. Envolver\u00e1n cada cada mil\u00edmetro de tu varita m\u00e1gica del placer.<br \/>\nCon cada apret\u00f3n que le des a la bomba de estilo m\u00e9dica, tu placer ira subiendo cada vez m\u00e1s hasta alcanzar el cielo del placer. Una vez que introduces tu pene por la apertura de PVC, ver\u00e1s como se pone dura como una piedra, r\u00edgida como un \u00e1rbol y m\u00e1s duradera que Matusal\u00e9n y a su vez la sensaci\u00f3n te va gustando m\u00e1s, y m\u00e1s y m\u00e1s&#8230;<br \/>\nEl tubo de vac\u00edo transparente, te permite ver crecer a tu grandull\u00f3n, y la v\u00e1lvula de liberaci\u00f3n r\u00e1pida te permite aliviar la presi\u00f3n.<\/p>\n<p>Para prolongar tu erecci\u00f3n, desliza el anillo a lo largo de tu miembro hasta que lo encuentres c\u00f3modo, pero ajustado.<\/p>\n<p>Una vez hayas terminado y para mantenerlo como si fuera nuevo, te recomendamos que simplemente separes el cilindro de la bomba de vac\u00edo y lo limpies con agua tibia y nuestro <strong>Pump Worx Toy Cleaner.<\/strong><\/p>\n<p>Medidas: 20,5 cm x 8 cm.<\/p>\n<p>Pilas Incluidas.<\/p>\n","protected":false},"excerpt":{"rendered":"<p>PUMP WORX TRAVEL TRIO PUMP SET Disfruta de tu intimidad cuando est\u00e1s de viaje con el confort de como si<\/p>\n","protected":false},"featured_media":30373,"comment_status":"open","ping_status":"open","template":"","meta":[],"product_cat":[468],"product_tag":[259,865],"class_list":["post-30372","product","type-product","status-publish","has-post-thumbnail","hentry","product_cat-anos","product_tag-pipedream","product_tag-pump-worx"],"bundled_by":[],"bundle_stock_status":"instock","bundle_stock_quantity":2,"bundle_virtual":false,"bundle_layout":"","bundle_add_to_cart_form_location":"","bundle_editable_in_cart":false,"bundle_sold_individually_context":"","bundle_item_grouping":"","bundle_min_size":"","bundle_max_size":"","bundled_items":[],"yoast_head":"<!-- This site is optimized with the Yoast SEO plugin v20.6 - https:\/\/yoast.com\/wordpress\/plugins\/seo\/ -->\n<title>PUMP WORX BOMBA DE SUCCION CON MASTURBADOR - Tienda Er\u00f3tica<\/title>\n<meta name=\"robots\" content=\"noindex, follow, max-snippet:-1, max-image-preview:large, max-video-preview:-1\" \/>\n<meta property=\"og:locale\" content=\"es_ES\" \/>\n<meta property=\"og:type\" content=\"article\" \/>\n<meta property=\"og:title\" content=\"PUMP WORX BOMBA DE SUCCION CON MASTURBADOR - Tienda Er\u00f3tica\" \/>\n<meta property=\"og:description\" content=\"PUMP WORX TRAVEL TRIO PUMP SET Disfruta de tu intimidad cuando est\u00e1s de viaje con el confort de como si\" \/>\n<meta property=\"og:url\" content=\"https:\/\/demoweb.info\/sexshop001\/producto\/pump-worx-bomba-de-succion-con-masturbador\/\" \/>\n<meta property=\"og:site_name\" content=\"Tienda Er\u00f3tica\" \/>\n<meta property=\"article:modified_time\" content=\"2022-01-22T11:39:46+00:00\" \/>\n<meta property=\"og:image\" content=\"https:\/\/demoweb.info\/sexshop001\/wp-content\/uploads\/2022\/01\/PUMP-WORX-BOMBA-DE-SUCCION-CON-MASTURBADOR.jpg\" \/>\n\t<meta property=\"og:image:width\" content=\"550\" \/>\n\t<meta property=\"og:image:height\" content=\"550\" \/>\n\t<meta property=\"og:image:type\" content=\"image\/jpeg\" \/>\n<meta name=\"twitter:card\" content=\"summary_large_image\" \/>\n<meta name=\"twitter:label1\" content=\"Tiempo de lectura\" \/>\n\t<meta name=\"twitter:data1\" content=\"2 minutos\" \/>\n<script type=\"application\/ld+json\" class=\"yoast-schema-graph\">{\"@context\":\"https:\/\/schema.org\",\"@graph\":[{\"@type\":\"WebPage\",\"@id\":\"https:\/\/demoweb.info\/sexshop001\/producto\/pump-worx-bomba-de-succion-con-masturbador\/\",\"url\":\"https:\/\/demoweb.info\/sexshop001\/producto\/pump-worx-bomba-de-succion-con-masturbador\/\",\"name\":\"PUMP WORX BOMBA DE SUCCION CON MASTURBADOR - Tienda Er\u00f3tica\",\"isPartOf\":{\"@id\":\"https:\/\/demoweb.info\/sexshop001\/#website\"},\"datePublished\":\"2022-01-22T11:39:33+00:00\",\"dateModified\":\"2022-01-22T11:39:46+00:00\",\"breadcrumb\":{\"@id\":\"https:\/\/demoweb.info\/sexshop001\/producto\/pump-worx-bomba-de-succion-con-masturbador\/#breadcrumb\"},\"inLanguage\":\"es\",\"potentialAction\":[{\"@type\":\"ReadAction\",\"target\":[\"https:\/\/demoweb.info\/sexshop001\/producto\/pump-worx-bomba-de-succion-con-masturbador\/\"]}]},{\"@type\":\"BreadcrumbList\",\"@id\":\"https:\/\/demoweb.info\/sexshop001\/producto\/pump-worx-bomba-de-succion-con-masturbador\/#breadcrumb\",\"itemListElement\":[{\"@type\":\"ListItem\",\"position\":1,\"name\":\"Portada\",\"item\":\"https:\/\/demoweb.info\/sexshop001\/\"},{\"@type\":\"ListItem\",\"position\":2,\"name\":\"Tienda\",\"item\":\"https:\/\/demoweb.info\/sexshop001\/tienda\/\"},{\"@type\":\"ListItem\",\"position\":3,\"name\":\"PUMP WORX BOMBA DE SUCCION CON MASTURBADOR\"}]},{\"@type\":\"WebSite\",\"@id\":\"https:\/\/demoweb.info\/sexshop001\/#website\",\"url\":\"https:\/\/demoweb.info\/sexshop001\/\",\"name\":\"Tienda Er\u00f3tica\",\"description\":\"DEMOWEB SL\",\"potentialAction\":[{\"@type\":\"SearchAction\",\"target\":{\"@type\":\"EntryPoint\",\"urlTemplate\":\"https:\/\/demoweb.info\/sexshop001\/?s={search_term_string}\"},\"query-input\":\"required name=search_term_string\"}],\"inLanguage\":\"es\"}]}<\/script>\n<!-- \/ Yoast SEO plugin. -->","yoast_head_json":{"title":"PUMP WORX BOMBA DE SUCCION CON MASTURBADOR - Tienda Er\u00f3tica","robots":{"index":"noindex","follow":"follow","max-snippet":"max-snippet:-1","max-image-preview":"max-image-preview:large","max-video-preview":"max-video-preview:-1"},"og_locale":"es_ES","og_type":"article","og_title":"PUMP WORX BOMBA DE SUCCION CON MASTURBADOR - Tienda Er\u00f3tica","og_description":"PUMP WORX TRAVEL TRIO PUMP SET Disfruta de tu intimidad cuando est\u00e1s de viaje con el confort de como si","og_url":"https:\/\/demoweb.info\/sexshop001\/producto\/pump-worx-bomba-de-succion-con-masturbador\/","og_site_name":"Tienda Er\u00f3tica","article_modified_time":"2022-01-22T11:39:46+00:00","og_image":[{"width":550,"height":550,"url":"https:\/\/demoweb.info\/sexshop001\/wp-content\/uploads\/2022\/01\/PUMP-WORX-BOMBA-DE-SUCCION-CON-MASTURBADOR.jpg","type":"image\/jpeg"}],"twitter_card":"summary_large_image","twitter_misc":{"Tiempo de lectura":"2 minutos"},"schema":{"@context":"https:\/\/schema.org","@graph":[{"@type":"WebPage","@id":"https:\/\/demoweb.info\/sexshop001\/producto\/pump-worx-bomba-de-succion-con-masturbador\/","url":"https:\/\/demoweb.info\/sexshop001\/producto\/pump-worx-bomba-de-succion-con-masturbador\/","name":"PUMP WORX BOMBA DE SUCCION CON MASTURBADOR - Tienda Er\u00f3tica","isPartOf":{"@id":"https:\/\/demoweb.info\/sexshop001\/#website"},"datePublished":"2022-01-22T11:39:33+00:00","dateModified":"2022-01-22T11:39:46+00:00","breadcrumb":{"@id":"https:\/\/demoweb.info\/sexshop001\/producto\/pump-worx-bomba-de-succion-con-masturbador\/#breadcrumb"},"inLanguage":"es","potentialAction":[{"@type":"ReadAction","target":["https:\/\/demoweb.info\/sexshop001\/producto\/pump-worx-bomba-de-succion-con-masturbador\/"]}]},{"@type":"BreadcrumbList","@id":"https:\/\/demoweb.info\/sexshop001\/producto\/pump-worx-bomba-de-succion-con-masturbador\/#breadcrumb","itemListElement":[{"@type":"ListItem","position":1,"name":"Portada","item":"https:\/\/demoweb.info\/sexshop001\/"},{"@type":"ListItem","position":2,"name":"Tienda","item":"https:\/\/demoweb.info\/sexshop001\/tienda\/"},{"@type":"ListItem","position":3,"name":"PUMP WORX BOMBA DE SUCCION CON MASTURBADOR"}]},{"@type":"WebSite","@id":"https:\/\/demoweb.info\/sexshop001\/#website","url":"https:\/\/demoweb.info\/sexshop001\/","name":"Tienda Er\u00f3tica","description":"DEMOWEB SL","potentialAction":[{"@type":"SearchAction","target":{"@type":"EntryPoint","urlTemplate":"https:\/\/demoweb.info\/sexshop001\/?s={search_term_string}"},"query-input":"required name=search_term_string"}],"inLanguage":"es"}]}},"_links":{"self":[{"href":"https:\/\/demoweb.info\/sexshop001\/wp-json\/wp\/v3\/product\/30372","targetHints":{"allow":["GET"]}}],"collection":[{"href":"https:\/\/demoweb.info\/sexshop001\/wp-json\/wp\/v3\/product"}],"about":[{"href":"https:\/\/demoweb.info\/sexshop001\/wp-json\/wp\/v2\/types\/product"}],"replies":[{"embeddable":true,"href":"https:\/\/demoweb.info\/sexshop001\/wp-json\/wp\/v2\/comments?post=30372"}],"wp:featuredmedia":[{"embeddable":true,"href":"https:\/\/demoweb.info\/sexshop001\/wp-json\/wp\/v2\/media\/30373"}],"wp:attachment":[{"href":"https:\/\/demoweb.info\/sexshop001\/wp-json\/wp\/v2\/media?parent=30372"}],"wp:term":[{"taxonomy":"product_cat","embeddable":true,"href":"https:\/\/demoweb.info\/sexshop001\/wp-json\/wp\/v2\/product_cat?post=30372"},{"taxonomy":"product_tag","embeddable":true,"href":"https:\/\/demoweb.info\/sexshop001\/wp-json\/wp\/v2\/product_tag?post=30372"}],"curies":[{"name":"wp","href":"https:\/\/api.w.org\/{rel}","templated":true}]}}