{"id":30358,"date":"2022-01-22T12:39:33","date_gmt":"2022-01-22T11:39:33","guid":{"rendered":"https:\/\/demoweb.info\/sexshop001\/producto\/hypno-love-incrementa-tu-atractivo-sexual-para-hombre\/"},"modified":"2022-01-22T12:39:38","modified_gmt":"2022-01-22T11:39:38","slug":"hypno-love-incrementa-tu-atractivo-sexual-para-hombre","status":"publish","type":"product","link":"https:\/\/demoweb.info\/sexshop001\/producto\/hypno-love-incrementa-tu-atractivo-sexual-para-hombre\/","title":{"rendered":"HYPNO LOVE INCREMENTA TU ATRACTIVO SEXUAL PARA HOMBRE"},"content":{"rendered":"<p><strong>HYPNO LOVE BOOST YOUR SEX APPEAL FOR MEN<\/strong>, feromonas sexuales para el hombre.<\/p>\n<p>D\u00e9jate sorprender por su sensualidad que te permitir\u00e1 hacer de tus encuentros algo irresistible!<\/p>\n<p>Su cautivador aroma har\u00e1 que todas las f\u00e9minas que te rodean, caigan rendidas a tus pies!<br \/>\nEstate preparado para lo que pueda devenir despu\u00e9s de que apliques unas gotas sobre tu piel. Con tan solo unas gotas las mujeres son atra\u00eddas bajo este m\u00e1gico embrujo para lo sentidos!.<\/p>\n<p>Frasco 50 ml.<\/p>\n<p>Fabricado en Francia<\/p>\n","protected":false},"excerpt":{"rendered":"<p>HYPNO LOVE BOOST YOUR SEX APPEAL FOR MEN, feromonas sexuales para el hombre. D\u00e9jate sorprender por su sensualidad que te<\/p>\n","protected":false},"featured_media":30359,"comment_status":"open","ping_status":"open","template":"","meta":[],"product_cat":[420],"product_tag":[421],"class_list":["post-30358","product","type-product","status-publish","has-post-thumbnail","hentry","product_cat-perfumes","product_tag-ruf"],"bundled_by":[],"bundle_stock_status":"instock","bundle_stock_quantity":22,"bundle_virtual":false,"bundle_layout":"","bundle_add_to_cart_form_location":"","bundle_editable_in_cart":false,"bundle_sold_individually_context":"","bundle_item_grouping":"","bundle_min_size":"","bundle_max_size":"","bundled_items":[],"yoast_head":"<!-- This site is optimized with the Yoast SEO plugin v20.6 - https:\/\/yoast.com\/wordpress\/plugins\/seo\/ -->\n<title>HYPNO LOVE INCREMENTA TU ATRACTIVO SEXUAL PARA HOMBRE - Tienda Er\u00f3tica<\/title>\n<meta name=\"robots\" content=\"noindex, follow, max-snippet:-1, max-image-preview:large, max-video-preview:-1\" \/>\n<meta property=\"og:locale\" content=\"es_ES\" \/>\n<meta property=\"og:type\" content=\"article\" \/>\n<meta property=\"og:title\" content=\"HYPNO LOVE INCREMENTA TU ATRACTIVO SEXUAL PARA HOMBRE - Tienda Er\u00f3tica\" \/>\n<meta property=\"og:description\" content=\"HYPNO LOVE BOOST YOUR SEX APPEAL FOR MEN, feromonas sexuales para el hombre. D\u00e9jate sorprender por su sensualidad que te\" \/>\n<meta property=\"og:url\" content=\"https:\/\/demoweb.info\/sexshop001\/producto\/hypno-love-incrementa-tu-atractivo-sexual-para-hombre\/\" \/>\n<meta property=\"og:site_name\" content=\"Tienda Er\u00f3tica\" \/>\n<meta property=\"article:modified_time\" content=\"2022-01-22T11:39:38+00:00\" \/>\n<meta property=\"og:image\" content=\"https:\/\/demoweb.info\/sexshop001\/wp-content\/uploads\/2022\/01\/HYPNO-LOVE-INCREMENTA-TU-ATRACTIVO-SEXUAL-PARA-HOMBRE.jpg\" \/>\n\t<meta property=\"og:image:width\" content=\"550\" \/>\n\t<meta property=\"og:image:height\" content=\"550\" \/>\n\t<meta property=\"og:image:type\" content=\"image\/jpeg\" \/>\n<meta name=\"twitter:card\" content=\"summary_large_image\" \/>\n<script type=\"application\/ld+json\" class=\"yoast-schema-graph\">{\"@context\":\"https:\/\/schema.org\",\"@graph\":[{\"@type\":\"WebPage\",\"@id\":\"https:\/\/demoweb.info\/sexshop001\/producto\/hypno-love-incrementa-tu-atractivo-sexual-para-hombre\/\",\"url\":\"https:\/\/demoweb.info\/sexshop001\/producto\/hypno-love-incrementa-tu-atractivo-sexual-para-hombre\/\",\"name\":\"HYPNO LOVE INCREMENTA TU ATRACTIVO SEXUAL PARA HOMBRE - Tienda Er\u00f3tica\",\"isPartOf\":{\"@id\":\"https:\/\/demoweb.info\/sexshop001\/#website\"},\"datePublished\":\"2022-01-22T11:39:33+00:00\",\"dateModified\":\"2022-01-22T11:39:38+00:00\",\"breadcrumb\":{\"@id\":\"https:\/\/demoweb.info\/sexshop001\/producto\/hypno-love-incrementa-tu-atractivo-sexual-para-hombre\/#breadcrumb\"},\"inLanguage\":\"es\",\"potentialAction\":[{\"@type\":\"ReadAction\",\"target\":[\"https:\/\/demoweb.info\/sexshop001\/producto\/hypno-love-incrementa-tu-atractivo-sexual-para-hombre\/\"]}]},{\"@type\":\"BreadcrumbList\",\"@id\":\"https:\/\/demoweb.info\/sexshop001\/producto\/hypno-love-incrementa-tu-atractivo-sexual-para-hombre\/#breadcrumb\",\"itemListElement\":[{\"@type\":\"ListItem\",\"position\":1,\"name\":\"Portada\",\"item\":\"https:\/\/demoweb.info\/sexshop001\/\"},{\"@type\":\"ListItem\",\"position\":2,\"name\":\"Tienda\",\"item\":\"https:\/\/demoweb.info\/sexshop001\/tienda\/\"},{\"@type\":\"ListItem\",\"position\":3,\"name\":\"HYPNO LOVE INCREMENTA TU ATRACTIVO SEXUAL PARA HOMBRE\"}]},{\"@type\":\"WebSite\",\"@id\":\"https:\/\/demoweb.info\/sexshop001\/#website\",\"url\":\"https:\/\/demoweb.info\/sexshop001\/\",\"name\":\"Tienda Er\u00f3tica\",\"description\":\"DEMOWEB SL\",\"potentialAction\":[{\"@type\":\"SearchAction\",\"target\":{\"@type\":\"EntryPoint\",\"urlTemplate\":\"https:\/\/demoweb.info\/sexshop001\/?s={search_term_string}\"},\"query-input\":\"required name=search_term_string\"}],\"inLanguage\":\"es\"}]}<\/script>\n<!-- \/ Yoast SEO plugin. -->","yoast_head_json":{"title":"HYPNO LOVE INCREMENTA TU ATRACTIVO SEXUAL PARA HOMBRE - Tienda Er\u00f3tica","robots":{"index":"noindex","follow":"follow","max-snippet":"max-snippet:-1","max-image-preview":"max-image-preview:large","max-video-preview":"max-video-preview:-1"},"og_locale":"es_ES","og_type":"article","og_title":"HYPNO LOVE INCREMENTA TU ATRACTIVO SEXUAL PARA HOMBRE - Tienda Er\u00f3tica","og_description":"HYPNO LOVE BOOST YOUR SEX APPEAL FOR MEN, feromonas sexuales para el hombre. D\u00e9jate sorprender por su sensualidad que te","og_url":"https:\/\/demoweb.info\/sexshop001\/producto\/hypno-love-incrementa-tu-atractivo-sexual-para-hombre\/","og_site_name":"Tienda Er\u00f3tica","article_modified_time":"2022-01-22T11:39:38+00:00","og_image":[{"width":550,"height":550,"url":"https:\/\/demoweb.info\/sexshop001\/wp-content\/uploads\/2022\/01\/HYPNO-LOVE-INCREMENTA-TU-ATRACTIVO-SEXUAL-PARA-HOMBRE.jpg","type":"image\/jpeg"}],"twitter_card":"summary_large_image","schema":{"@context":"https:\/\/schema.org","@graph":[{"@type":"WebPage","@id":"https:\/\/demoweb.info\/sexshop001\/producto\/hypno-love-incrementa-tu-atractivo-sexual-para-hombre\/","url":"https:\/\/demoweb.info\/sexshop001\/producto\/hypno-love-incrementa-tu-atractivo-sexual-para-hombre\/","name":"HYPNO LOVE INCREMENTA TU ATRACTIVO SEXUAL PARA HOMBRE - Tienda Er\u00f3tica","isPartOf":{"@id":"https:\/\/demoweb.info\/sexshop001\/#website"},"datePublished":"2022-01-22T11:39:33+00:00","dateModified":"2022-01-22T11:39:38+00:00","breadcrumb":{"@id":"https:\/\/demoweb.info\/sexshop001\/producto\/hypno-love-incrementa-tu-atractivo-sexual-para-hombre\/#breadcrumb"},"inLanguage":"es","potentialAction":[{"@type":"ReadAction","target":["https:\/\/demoweb.info\/sexshop001\/producto\/hypno-love-incrementa-tu-atractivo-sexual-para-hombre\/"]}]},{"@type":"BreadcrumbList","@id":"https:\/\/demoweb.info\/sexshop001\/producto\/hypno-love-incrementa-tu-atractivo-sexual-para-hombre\/#breadcrumb","itemListElement":[{"@type":"ListItem","position":1,"name":"Portada","item":"https:\/\/demoweb.info\/sexshop001\/"},{"@type":"ListItem","position":2,"name":"Tienda","item":"https:\/\/demoweb.info\/sexshop001\/tienda\/"},{"@type":"ListItem","position":3,"name":"HYPNO LOVE INCREMENTA TU ATRACTIVO SEXUAL PARA HOMBRE"}]},{"@type":"WebSite","@id":"https:\/\/demoweb.info\/sexshop001\/#website","url":"https:\/\/demoweb.info\/sexshop001\/","name":"Tienda Er\u00f3tica","description":"DEMOWEB SL","potentialAction":[{"@type":"SearchAction","target":{"@type":"EntryPoint","urlTemplate":"https:\/\/demoweb.info\/sexshop001\/?s={search_term_string}"},"query-input":"required name=search_term_string"}],"inLanguage":"es"}]}},"_links":{"self":[{"href":"https:\/\/demoweb.info\/sexshop001\/wp-json\/wp\/v3\/product\/30358","targetHints":{"allow":["GET"]}}],"collection":[{"href":"https:\/\/demoweb.info\/sexshop001\/wp-json\/wp\/v3\/product"}],"about":[{"href":"https:\/\/demoweb.info\/sexshop001\/wp-json\/wp\/v2\/types\/product"}],"replies":[{"embeddable":true,"href":"https:\/\/demoweb.info\/sexshop001\/wp-json\/wp\/v2\/comments?post=30358"}],"wp:featuredmedia":[{"embeddable":true,"href":"https:\/\/demoweb.info\/sexshop001\/wp-json\/wp\/v2\/media\/30359"}],"wp:attachment":[{"href":"https:\/\/demoweb.info\/sexshop001\/wp-json\/wp\/v2\/media?parent=30358"}],"wp:term":[{"taxonomy":"product_cat","embeddable":true,"href":"https:\/\/demoweb.info\/sexshop001\/wp-json\/wp\/v2\/product_cat?post=30358"},{"taxonomy":"product_tag","embeddable":true,"href":"https:\/\/demoweb.info\/sexshop001\/wp-json\/wp\/v2\/product_tag?post=30358"}],"curies":[{"name":"wp","href":"https:\/\/api.w.org\/{rel}","templated":true}]}}