{"id":30266,"date":"2022-01-22T12:38:34","date_gmt":"2022-01-22T11:38:34","guid":{"rendered":"https:\/\/demoweb.info\/sexshop001\/producto\/slik-n-lide-lubricante-silicona-20-ml\/"},"modified":"2022-01-22T12:38:44","modified_gmt":"2022-01-22T11:38:44","slug":"slik-n-lide-lubricante-silicona-20-ml","status":"publish","type":"product","link":"https:\/\/demoweb.info\/sexshop001\/producto\/slik-n-lide-lubricante-silicona-20-ml\/","title":{"rendered":"SLIK N LIDE LUBRICANTE SILICONA 20 ML"},"content":{"rendered":"<p><font size=&quot;1&quot;><b>SLIK N SLIDE LUBRICANT 20 ML<\/b><\/p>\n<p>Es la combinaci\u00f3n \u00f3ptima entre las propiedades m\u00e9dicamente testadas beneficiosas para la piel y una lubricaci\u00f3n de larga duraci\u00f3n, para prolongar tus encuentros sexuales tanto vaginales como anales. \u00a1Lo disfrutar\u00e1s tanto, que nunca m\u00e1s querr\u00e1s hacerlo sin \u00e9l! <\/p>\n<p>Es compatible con preservativos, libre de aceites, grasas y conservantes, lo podr\u00e1s utilizar en la ducha, en el jacuzzi o en cualquier lugar que est\u00e9s rodeado de agua. Tambi\u00e9n entre sus m\u00faltiples usos, lo podr\u00e1s utilizar como aceite para masaje. Lo podr\u00e1s llevar en t\u00fa bolsillo, gracias a su envase de 20 ml.  <\/font><\/p>\n","protected":false},"excerpt":{"rendered":"<p>SLIK N SLIDE LUBRICANT 20 ML Es la combinaci\u00f3n \u00f3ptima entre las propiedades m\u00e9dicamente testadas beneficiosas para la piel y<\/p>\n","protected":false},"featured_media":30267,"comment_status":"open","ping_status":"open","template":"","meta":[],"product_cat":[754],"product_tag":[725],"class_list":["post-30266","product","type-product","status-publish","has-post-thumbnail","hentry","product_cat-silicona-lubricantes","product_tag-joydivision"],"bundled_by":[],"bundle_stock_status":"instock","bundle_stock_quantity":17,"bundle_virtual":false,"bundle_layout":"","bundle_add_to_cart_form_location":"","bundle_editable_in_cart":false,"bundle_sold_individually_context":"","bundle_item_grouping":"","bundle_min_size":"","bundle_max_size":"","bundled_items":[],"yoast_head":"<!-- This site is optimized with the Yoast SEO plugin v20.6 - https:\/\/yoast.com\/wordpress\/plugins\/seo\/ -->\n<title>SLIK N LIDE LUBRICANTE SILICONA 20 ML - Tienda Er\u00f3tica<\/title>\n<meta name=\"robots\" content=\"noindex, follow, max-snippet:-1, max-image-preview:large, max-video-preview:-1\" \/>\n<meta property=\"og:locale\" content=\"es_ES\" \/>\n<meta property=\"og:type\" content=\"article\" \/>\n<meta property=\"og:title\" content=\"SLIK N LIDE LUBRICANTE SILICONA 20 ML - Tienda Er\u00f3tica\" \/>\n<meta property=\"og:description\" content=\"SLIK N SLIDE LUBRICANT 20 ML Es la combinaci\u00f3n \u00f3ptima entre las propiedades m\u00e9dicamente testadas beneficiosas para la piel y\" \/>\n<meta property=\"og:url\" content=\"https:\/\/demoweb.info\/sexshop001\/producto\/slik-n-lide-lubricante-silicona-20-ml\/\" \/>\n<meta property=\"og:site_name\" content=\"Tienda Er\u00f3tica\" \/>\n<meta property=\"article:modified_time\" content=\"2022-01-22T11:38:44+00:00\" \/>\n<meta property=\"og:image\" content=\"https:\/\/demoweb.info\/sexshop001\/wp-content\/uploads\/2022\/01\/SLIK-N-LIDE-LUBRICANTE-SILICONA-20-ML.jpg\" \/>\n\t<meta property=\"og:image:width\" content=\"550\" \/>\n\t<meta property=\"og:image:height\" content=\"550\" \/>\n\t<meta property=\"og:image:type\" content=\"image\/jpeg\" \/>\n<meta name=\"twitter:card\" content=\"summary_large_image\" \/>\n<meta name=\"twitter:label1\" content=\"Tiempo de lectura\" \/>\n\t<meta name=\"twitter:data1\" content=\"1 minuto\" \/>\n<script type=\"application\/ld+json\" class=\"yoast-schema-graph\">{\"@context\":\"https:\/\/schema.org\",\"@graph\":[{\"@type\":\"WebPage\",\"@id\":\"https:\/\/demoweb.info\/sexshop001\/producto\/slik-n-lide-lubricante-silicona-20-ml\/\",\"url\":\"https:\/\/demoweb.info\/sexshop001\/producto\/slik-n-lide-lubricante-silicona-20-ml\/\",\"name\":\"SLIK N LIDE LUBRICANTE SILICONA 20 ML - Tienda Er\u00f3tica\",\"isPartOf\":{\"@id\":\"https:\/\/demoweb.info\/sexshop001\/#website\"},\"datePublished\":\"2022-01-22T11:38:34+00:00\",\"dateModified\":\"2022-01-22T11:38:44+00:00\",\"breadcrumb\":{\"@id\":\"https:\/\/demoweb.info\/sexshop001\/producto\/slik-n-lide-lubricante-silicona-20-ml\/#breadcrumb\"},\"inLanguage\":\"es\",\"potentialAction\":[{\"@type\":\"ReadAction\",\"target\":[\"https:\/\/demoweb.info\/sexshop001\/producto\/slik-n-lide-lubricante-silicona-20-ml\/\"]}]},{\"@type\":\"BreadcrumbList\",\"@id\":\"https:\/\/demoweb.info\/sexshop001\/producto\/slik-n-lide-lubricante-silicona-20-ml\/#breadcrumb\",\"itemListElement\":[{\"@type\":\"ListItem\",\"position\":1,\"name\":\"Portada\",\"item\":\"https:\/\/demoweb.info\/sexshop001\/\"},{\"@type\":\"ListItem\",\"position\":2,\"name\":\"Tienda\",\"item\":\"https:\/\/demoweb.info\/sexshop001\/tienda\/\"},{\"@type\":\"ListItem\",\"position\":3,\"name\":\"SLIK N LIDE LUBRICANTE SILICONA 20 ML\"}]},{\"@type\":\"WebSite\",\"@id\":\"https:\/\/demoweb.info\/sexshop001\/#website\",\"url\":\"https:\/\/demoweb.info\/sexshop001\/\",\"name\":\"Tienda Er\u00f3tica\",\"description\":\"DEMOWEB SL\",\"potentialAction\":[{\"@type\":\"SearchAction\",\"target\":{\"@type\":\"EntryPoint\",\"urlTemplate\":\"https:\/\/demoweb.info\/sexshop001\/?s={search_term_string}\"},\"query-input\":\"required name=search_term_string\"}],\"inLanguage\":\"es\"}]}<\/script>\n<!-- \/ Yoast SEO plugin. -->","yoast_head_json":{"title":"SLIK N LIDE LUBRICANTE SILICONA 20 ML - Tienda Er\u00f3tica","robots":{"index":"noindex","follow":"follow","max-snippet":"max-snippet:-1","max-image-preview":"max-image-preview:large","max-video-preview":"max-video-preview:-1"},"og_locale":"es_ES","og_type":"article","og_title":"SLIK N LIDE LUBRICANTE SILICONA 20 ML - Tienda Er\u00f3tica","og_description":"SLIK N SLIDE LUBRICANT 20 ML Es la combinaci\u00f3n \u00f3ptima entre las propiedades m\u00e9dicamente testadas beneficiosas para la piel y","og_url":"https:\/\/demoweb.info\/sexshop001\/producto\/slik-n-lide-lubricante-silicona-20-ml\/","og_site_name":"Tienda Er\u00f3tica","article_modified_time":"2022-01-22T11:38:44+00:00","og_image":[{"width":550,"height":550,"url":"https:\/\/demoweb.info\/sexshop001\/wp-content\/uploads\/2022\/01\/SLIK-N-LIDE-LUBRICANTE-SILICONA-20-ML.jpg","type":"image\/jpeg"}],"twitter_card":"summary_large_image","twitter_misc":{"Tiempo de lectura":"1 minuto"},"schema":{"@context":"https:\/\/schema.org","@graph":[{"@type":"WebPage","@id":"https:\/\/demoweb.info\/sexshop001\/producto\/slik-n-lide-lubricante-silicona-20-ml\/","url":"https:\/\/demoweb.info\/sexshop001\/producto\/slik-n-lide-lubricante-silicona-20-ml\/","name":"SLIK N LIDE LUBRICANTE SILICONA 20 ML - Tienda Er\u00f3tica","isPartOf":{"@id":"https:\/\/demoweb.info\/sexshop001\/#website"},"datePublished":"2022-01-22T11:38:34+00:00","dateModified":"2022-01-22T11:38:44+00:00","breadcrumb":{"@id":"https:\/\/demoweb.info\/sexshop001\/producto\/slik-n-lide-lubricante-silicona-20-ml\/#breadcrumb"},"inLanguage":"es","potentialAction":[{"@type":"ReadAction","target":["https:\/\/demoweb.info\/sexshop001\/producto\/slik-n-lide-lubricante-silicona-20-ml\/"]}]},{"@type":"BreadcrumbList","@id":"https:\/\/demoweb.info\/sexshop001\/producto\/slik-n-lide-lubricante-silicona-20-ml\/#breadcrumb","itemListElement":[{"@type":"ListItem","position":1,"name":"Portada","item":"https:\/\/demoweb.info\/sexshop001\/"},{"@type":"ListItem","position":2,"name":"Tienda","item":"https:\/\/demoweb.info\/sexshop001\/tienda\/"},{"@type":"ListItem","position":3,"name":"SLIK N LIDE LUBRICANTE SILICONA 20 ML"}]},{"@type":"WebSite","@id":"https:\/\/demoweb.info\/sexshop001\/#website","url":"https:\/\/demoweb.info\/sexshop001\/","name":"Tienda Er\u00f3tica","description":"DEMOWEB SL","potentialAction":[{"@type":"SearchAction","target":{"@type":"EntryPoint","urlTemplate":"https:\/\/demoweb.info\/sexshop001\/?s={search_term_string}"},"query-input":"required name=search_term_string"}],"inLanguage":"es"}]}},"_links":{"self":[{"href":"https:\/\/demoweb.info\/sexshop001\/wp-json\/wp\/v3\/product\/30266","targetHints":{"allow":["GET"]}}],"collection":[{"href":"https:\/\/demoweb.info\/sexshop001\/wp-json\/wp\/v3\/product"}],"about":[{"href":"https:\/\/demoweb.info\/sexshop001\/wp-json\/wp\/v2\/types\/product"}],"replies":[{"embeddable":true,"href":"https:\/\/demoweb.info\/sexshop001\/wp-json\/wp\/v2\/comments?post=30266"}],"wp:featuredmedia":[{"embeddable":true,"href":"https:\/\/demoweb.info\/sexshop001\/wp-json\/wp\/v2\/media\/30267"}],"wp:attachment":[{"href":"https:\/\/demoweb.info\/sexshop001\/wp-json\/wp\/v2\/media?parent=30266"}],"wp:term":[{"taxonomy":"product_cat","embeddable":true,"href":"https:\/\/demoweb.info\/sexshop001\/wp-json\/wp\/v2\/product_cat?post=30266"},{"taxonomy":"product_tag","embeddable":true,"href":"https:\/\/demoweb.info\/sexshop001\/wp-json\/wp\/v2\/product_tag?post=30266"}],"curies":[{"name":"wp","href":"https:\/\/api.w.org\/{rel}","templated":true}]}}