{"id":30137,"date":"2022-01-22T12:37:26","date_gmt":"2022-01-22T11:37:26","guid":{"rendered":"https:\/\/demoweb.info\/sexshop001\/producto\/juego-chupitos-de-la-a-a-la-z\/"},"modified":"2022-01-22T12:37:30","modified_gmt":"2022-01-22T11:37:30","slug":"juego-chupitos-de-la-a-a-la-z","status":"publish","type":"product","link":"https:\/\/demoweb.info\/sexshop001\/producto\/juego-chupitos-de-la-a-a-la-z\/","title":{"rendered":"JUEGO CHUPITOS DE LA A A LA Z"},"content":{"rendered":"<p><font size=&quot;1&quot;><br \/>\n<b>JUEGO CHUPITOS DE LA A A LA Z<\/b><\/p>\n<p>Divertido juego de chupitos de &quot;De la A a la Z&quot;.<br \/>El juego consiste en escoger si se juega con casillas blancas o amarillas, se gira la ruleta inicialmente para elegir categor\u00eda y una segunda vez para la letra. El jugador dir\u00e1 una palabra de la categor\u00eda asignada que empiece por la letra designada. Si la palabra es correcta, el resto de jugadores deben continuar con otras palabras de la misma categor\u00eda y letra. El \u00faltimo en contestas y los que no tengan respuesta beben el chupito.<\/p>\n<p>Este set contiene:<br \/>\n&#8211; 4 vasos de chupito.<br \/>\n&#8211; Tablero.<\/p>\n<p>Y mucha diversi\u00f3n!<\/font><\/p>\n","protected":false},"excerpt":{"rendered":"<p>JUEGO CHUPITOS DE LA A A LA Z Divertido juego de chupitos de &quot;De la A a la Z&quot;.El juego<\/p>\n","protected":false},"featured_media":30138,"comment_status":"open","ping_status":"open","template":"","meta":[],"product_cat":[1012],"product_tag":[412],"class_list":["post-30137","product","type-product","status-publish","has-post-thumbnail","hentry","product_cat-vasos-y-chupitos","product_tag-diverty-sex"],"bundled_by":[],"bundle_stock_status":"instock","bundle_stock_quantity":3,"bundle_virtual":false,"bundle_layout":"","bundle_add_to_cart_form_location":"","bundle_editable_in_cart":false,"bundle_sold_individually_context":"","bundle_item_grouping":"","bundle_min_size":"","bundle_max_size":"","bundled_items":[],"yoast_head":"<!-- This site is optimized with the Yoast SEO plugin v20.6 - https:\/\/yoast.com\/wordpress\/plugins\/seo\/ -->\n<title>JUEGO CHUPITOS DE LA A A LA Z - Tienda Er\u00f3tica<\/title>\n<meta name=\"robots\" content=\"noindex, follow, max-snippet:-1, max-image-preview:large, max-video-preview:-1\" \/>\n<meta property=\"og:locale\" content=\"es_ES\" \/>\n<meta property=\"og:type\" content=\"article\" \/>\n<meta property=\"og:title\" content=\"JUEGO CHUPITOS DE LA A A LA Z - Tienda Er\u00f3tica\" \/>\n<meta property=\"og:description\" content=\"JUEGO CHUPITOS DE LA A A LA Z Divertido juego de chupitos de &quot;De la A a la Z&quot;.El juego\" \/>\n<meta property=\"og:url\" content=\"https:\/\/demoweb.info\/sexshop001\/producto\/juego-chupitos-de-la-a-a-la-z\/\" \/>\n<meta property=\"og:site_name\" content=\"Tienda Er\u00f3tica\" \/>\n<meta property=\"article:modified_time\" content=\"2022-01-22T11:37:30+00:00\" \/>\n<meta property=\"og:image\" content=\"https:\/\/demoweb.info\/sexshop001\/wp-content\/uploads\/2022\/01\/JUEGO-CHUPITOS-DE-LA-A-A-LA-Z.jpg\" \/>\n\t<meta property=\"og:image:width\" content=\"550\" \/>\n\t<meta property=\"og:image:height\" content=\"550\" \/>\n\t<meta property=\"og:image:type\" content=\"image\/jpeg\" \/>\n<meta name=\"twitter:card\" content=\"summary_large_image\" \/>\n<meta name=\"twitter:label1\" content=\"Tiempo de lectura\" \/>\n\t<meta name=\"twitter:data1\" content=\"1 minuto\" \/>\n<script type=\"application\/ld+json\" class=\"yoast-schema-graph\">{\"@context\":\"https:\/\/schema.org\",\"@graph\":[{\"@type\":\"WebPage\",\"@id\":\"https:\/\/demoweb.info\/sexshop001\/producto\/juego-chupitos-de-la-a-a-la-z\/\",\"url\":\"https:\/\/demoweb.info\/sexshop001\/producto\/juego-chupitos-de-la-a-a-la-z\/\",\"name\":\"JUEGO CHUPITOS DE LA A A LA Z - Tienda Er\u00f3tica\",\"isPartOf\":{\"@id\":\"https:\/\/demoweb.info\/sexshop001\/#website\"},\"datePublished\":\"2022-01-22T11:37:26+00:00\",\"dateModified\":\"2022-01-22T11:37:30+00:00\",\"breadcrumb\":{\"@id\":\"https:\/\/demoweb.info\/sexshop001\/producto\/juego-chupitos-de-la-a-a-la-z\/#breadcrumb\"},\"inLanguage\":\"es\",\"potentialAction\":[{\"@type\":\"ReadAction\",\"target\":[\"https:\/\/demoweb.info\/sexshop001\/producto\/juego-chupitos-de-la-a-a-la-z\/\"]}]},{\"@type\":\"BreadcrumbList\",\"@id\":\"https:\/\/demoweb.info\/sexshop001\/producto\/juego-chupitos-de-la-a-a-la-z\/#breadcrumb\",\"itemListElement\":[{\"@type\":\"ListItem\",\"position\":1,\"name\":\"Portada\",\"item\":\"https:\/\/demoweb.info\/sexshop001\/\"},{\"@type\":\"ListItem\",\"position\":2,\"name\":\"Tienda\",\"item\":\"https:\/\/demoweb.info\/sexshop001\/tienda\/\"},{\"@type\":\"ListItem\",\"position\":3,\"name\":\"JUEGO CHUPITOS DE LA A A LA Z\"}]},{\"@type\":\"WebSite\",\"@id\":\"https:\/\/demoweb.info\/sexshop001\/#website\",\"url\":\"https:\/\/demoweb.info\/sexshop001\/\",\"name\":\"Tienda Er\u00f3tica\",\"description\":\"DEMOWEB SL\",\"potentialAction\":[{\"@type\":\"SearchAction\",\"target\":{\"@type\":\"EntryPoint\",\"urlTemplate\":\"https:\/\/demoweb.info\/sexshop001\/?s={search_term_string}\"},\"query-input\":\"required name=search_term_string\"}],\"inLanguage\":\"es\"}]}<\/script>\n<!-- \/ Yoast SEO plugin. -->","yoast_head_json":{"title":"JUEGO CHUPITOS DE LA A A LA Z - Tienda Er\u00f3tica","robots":{"index":"noindex","follow":"follow","max-snippet":"max-snippet:-1","max-image-preview":"max-image-preview:large","max-video-preview":"max-video-preview:-1"},"og_locale":"es_ES","og_type":"article","og_title":"JUEGO CHUPITOS DE LA A A LA Z - Tienda Er\u00f3tica","og_description":"JUEGO CHUPITOS DE LA A A LA Z Divertido juego de chupitos de &quot;De la A a la Z&quot;.El juego","og_url":"https:\/\/demoweb.info\/sexshop001\/producto\/juego-chupitos-de-la-a-a-la-z\/","og_site_name":"Tienda Er\u00f3tica","article_modified_time":"2022-01-22T11:37:30+00:00","og_image":[{"width":550,"height":550,"url":"https:\/\/demoweb.info\/sexshop001\/wp-content\/uploads\/2022\/01\/JUEGO-CHUPITOS-DE-LA-A-A-LA-Z.jpg","type":"image\/jpeg"}],"twitter_card":"summary_large_image","twitter_misc":{"Tiempo de lectura":"1 minuto"},"schema":{"@context":"https:\/\/schema.org","@graph":[{"@type":"WebPage","@id":"https:\/\/demoweb.info\/sexshop001\/producto\/juego-chupitos-de-la-a-a-la-z\/","url":"https:\/\/demoweb.info\/sexshop001\/producto\/juego-chupitos-de-la-a-a-la-z\/","name":"JUEGO CHUPITOS DE LA A A LA Z - Tienda Er\u00f3tica","isPartOf":{"@id":"https:\/\/demoweb.info\/sexshop001\/#website"},"datePublished":"2022-01-22T11:37:26+00:00","dateModified":"2022-01-22T11:37:30+00:00","breadcrumb":{"@id":"https:\/\/demoweb.info\/sexshop001\/producto\/juego-chupitos-de-la-a-a-la-z\/#breadcrumb"},"inLanguage":"es","potentialAction":[{"@type":"ReadAction","target":["https:\/\/demoweb.info\/sexshop001\/producto\/juego-chupitos-de-la-a-a-la-z\/"]}]},{"@type":"BreadcrumbList","@id":"https:\/\/demoweb.info\/sexshop001\/producto\/juego-chupitos-de-la-a-a-la-z\/#breadcrumb","itemListElement":[{"@type":"ListItem","position":1,"name":"Portada","item":"https:\/\/demoweb.info\/sexshop001\/"},{"@type":"ListItem","position":2,"name":"Tienda","item":"https:\/\/demoweb.info\/sexshop001\/tienda\/"},{"@type":"ListItem","position":3,"name":"JUEGO CHUPITOS DE LA A A LA Z"}]},{"@type":"WebSite","@id":"https:\/\/demoweb.info\/sexshop001\/#website","url":"https:\/\/demoweb.info\/sexshop001\/","name":"Tienda Er\u00f3tica","description":"DEMOWEB SL","potentialAction":[{"@type":"SearchAction","target":{"@type":"EntryPoint","urlTemplate":"https:\/\/demoweb.info\/sexshop001\/?s={search_term_string}"},"query-input":"required name=search_term_string"}],"inLanguage":"es"}]}},"_links":{"self":[{"href":"https:\/\/demoweb.info\/sexshop001\/wp-json\/wp\/v3\/product\/30137","targetHints":{"allow":["GET"]}}],"collection":[{"href":"https:\/\/demoweb.info\/sexshop001\/wp-json\/wp\/v3\/product"}],"about":[{"href":"https:\/\/demoweb.info\/sexshop001\/wp-json\/wp\/v2\/types\/product"}],"replies":[{"embeddable":true,"href":"https:\/\/demoweb.info\/sexshop001\/wp-json\/wp\/v2\/comments?post=30137"}],"wp:featuredmedia":[{"embeddable":true,"href":"https:\/\/demoweb.info\/sexshop001\/wp-json\/wp\/v2\/media\/30138"}],"wp:attachment":[{"href":"https:\/\/demoweb.info\/sexshop001\/wp-json\/wp\/v2\/media?parent=30137"}],"wp:term":[{"taxonomy":"product_cat","embeddable":true,"href":"https:\/\/demoweb.info\/sexshop001\/wp-json\/wp\/v2\/product_cat?post=30137"},{"taxonomy":"product_tag","embeddable":true,"href":"https:\/\/demoweb.info\/sexshop001\/wp-json\/wp\/v2\/product_tag?post=30137"}],"curies":[{"name":"wp","href":"https:\/\/api.w.org\/{rel}","templated":true}]}}