{"id":30129,"date":"2022-01-22T12:37:26","date_gmt":"2022-01-22T11:37:26","guid":{"rendered":"https:\/\/demoweb.info\/sexshop001\/producto\/pump-worx-bomba-de-succion-vibradora-para-principiantes\/"},"modified":"2022-01-22T12:37:26","modified_gmt":"2022-01-22T11:37:26","slug":"pump-worx-bomba-de-succion-vibradora-para-principiantes","status":"publish","type":"product","link":"https:\/\/demoweb.info\/sexshop001\/producto\/pump-worx-bomba-de-succion-vibradora-para-principiantes\/","title":{"rendered":"PUMP WORX BOMBA DE SUCCION VIBRADORA PARA PRINCIPIANTES"},"content":{"rendered":"<p><strong>PUMP WORX BEGINNERS VIBRATING SUCTION-CUP PUMP<\/strong>.<\/p>\n<p>Las duchas ya no ser\u00e1n lo mismo otra vez con la bomba de succi\u00f3n. Con cada apret\u00f3n que le des a la bomba de estilo m\u00e9dica, tu placer ira subiendo cada vez m\u00e1s hasta alcanzar el cielo del placer. Una vez que introduces tu pene por la apertura de PVC, ver\u00e1s como se pone dura como una piedra, r\u00edgida como un \u00e1rbol y m\u00e1s duradera que Matusal\u00e9n y a su vez la sensaci\u00f3n te va gustando m\u00e1s, y m\u00e1s y m\u00e1s&#8230;<\/p>\n<p>El tubo de vac\u00edo transparente, te permite ver crecer a tu grandull\u00f3n, y la v\u00e1lvula de liberaci\u00f3n r\u00e1pida te permite aliviar la presi\u00f3n.<\/p>\n<p>Gira el disco inferior de la base para activar las vibraciones y disfrutar de una estimulaci\u00f3n extra.<\/p>\n<p>Para prolongar tu erecci\u00f3n, desliza el anillo a lo largo de tu miembro hasta que lo encuentres c\u00f3modo, pero ajustado.<\/p>\n<p>Una vez hayas terminado y para mantenerlo como si fuera nuevo, te recomendamos que simplemente separes el cilindro de la bomba de vac\u00edo y lo limpies con agua tibia y nuestro <strong>Pump Worx Toy Cleaner.<\/strong><\/p>\n<p>Funciona con 2 pilas <strong>AA<\/strong>. Incluye muestras gratis de lubricante y limpiador de juguetes.<\/p>\n<p>Medidas: 18 cm x 5 cm.<\/p>\n","protected":false},"excerpt":{"rendered":"<p>PUMP WORX BEGINNERS VIBRATING SUCTION-CUP PUMP. Las duchas ya no ser\u00e1n lo mismo otra vez con la bomba de succi\u00f3n.<\/p>\n","protected":false},"featured_media":30130,"comment_status":"open","ping_status":"open","template":"","meta":[],"product_cat":[864],"product_tag":[259,865],"class_list":["post-30129","product","type-product","status-publish","has-post-thumbnail","hentry","product_cat-con-vibracion-desarrolladores","product_tag-pipedream","product_tag-pump-worx"],"bundled_by":[],"bundle_stock_status":"instock","bundle_stock_quantity":1,"bundle_virtual":false,"bundle_layout":"","bundle_add_to_cart_form_location":"","bundle_editable_in_cart":false,"bundle_sold_individually_context":"","bundle_item_grouping":"","bundle_min_size":"","bundle_max_size":"","bundled_items":[],"yoast_head":"<!-- This site is optimized with the Yoast SEO plugin v20.6 - https:\/\/yoast.com\/wordpress\/plugins\/seo\/ -->\n<title>PUMP WORX BOMBA DE SUCCION VIBRADORA PARA PRINCIPIANTES - Tienda Er\u00f3tica<\/title>\n<meta name=\"robots\" content=\"noindex, follow, max-snippet:-1, max-image-preview:large, max-video-preview:-1\" \/>\n<meta property=\"og:locale\" content=\"es_ES\" \/>\n<meta property=\"og:type\" content=\"article\" \/>\n<meta property=\"og:title\" content=\"PUMP WORX BOMBA DE SUCCION VIBRADORA PARA PRINCIPIANTES - Tienda Er\u00f3tica\" \/>\n<meta property=\"og:description\" content=\"PUMP WORX BEGINNERS VIBRATING SUCTION-CUP PUMP. Las duchas ya no ser\u00e1n lo mismo otra vez con la bomba de succi\u00f3n.\" \/>\n<meta property=\"og:url\" content=\"https:\/\/demoweb.info\/sexshop001\/producto\/pump-worx-bomba-de-succion-vibradora-para-principiantes\/\" \/>\n<meta property=\"og:site_name\" content=\"Tienda Er\u00f3tica\" \/>\n<meta property=\"og:image\" content=\"https:\/\/demoweb.info\/sexshop001\/wp-content\/uploads\/2022\/01\/PUMP-WORX-BOMBA-DE-SUCCION-VIBRADORA-PARA-PRINCIPIANTES.jpg\" \/>\n\t<meta property=\"og:image:width\" content=\"550\" \/>\n\t<meta property=\"og:image:height\" content=\"550\" \/>\n\t<meta property=\"og:image:type\" content=\"image\/jpeg\" \/>\n<meta name=\"twitter:card\" content=\"summary_large_image\" \/>\n<meta name=\"twitter:label1\" content=\"Tiempo de lectura\" \/>\n\t<meta name=\"twitter:data1\" content=\"1 minuto\" \/>\n<script type=\"application\/ld+json\" class=\"yoast-schema-graph\">{\"@context\":\"https:\/\/schema.org\",\"@graph\":[{\"@type\":\"WebPage\",\"@id\":\"https:\/\/demoweb.info\/sexshop001\/producto\/pump-worx-bomba-de-succion-vibradora-para-principiantes\/\",\"url\":\"https:\/\/demoweb.info\/sexshop001\/producto\/pump-worx-bomba-de-succion-vibradora-para-principiantes\/\",\"name\":\"PUMP WORX BOMBA DE SUCCION VIBRADORA PARA PRINCIPIANTES - Tienda Er\u00f3tica\",\"isPartOf\":{\"@id\":\"https:\/\/demoweb.info\/sexshop001\/#website\"},\"datePublished\":\"2022-01-22T11:37:26+00:00\",\"dateModified\":\"2022-01-22T11:37:26+00:00\",\"breadcrumb\":{\"@id\":\"https:\/\/demoweb.info\/sexshop001\/producto\/pump-worx-bomba-de-succion-vibradora-para-principiantes\/#breadcrumb\"},\"inLanguage\":\"es\",\"potentialAction\":[{\"@type\":\"ReadAction\",\"target\":[\"https:\/\/demoweb.info\/sexshop001\/producto\/pump-worx-bomba-de-succion-vibradora-para-principiantes\/\"]}]},{\"@type\":\"BreadcrumbList\",\"@id\":\"https:\/\/demoweb.info\/sexshop001\/producto\/pump-worx-bomba-de-succion-vibradora-para-principiantes\/#breadcrumb\",\"itemListElement\":[{\"@type\":\"ListItem\",\"position\":1,\"name\":\"Portada\",\"item\":\"https:\/\/demoweb.info\/sexshop001\/\"},{\"@type\":\"ListItem\",\"position\":2,\"name\":\"Tienda\",\"item\":\"https:\/\/demoweb.info\/sexshop001\/tienda\/\"},{\"@type\":\"ListItem\",\"position\":3,\"name\":\"PUMP WORX BOMBA DE SUCCION VIBRADORA PARA PRINCIPIANTES\"}]},{\"@type\":\"WebSite\",\"@id\":\"https:\/\/demoweb.info\/sexshop001\/#website\",\"url\":\"https:\/\/demoweb.info\/sexshop001\/\",\"name\":\"Tienda Er\u00f3tica\",\"description\":\"DEMOWEB SL\",\"potentialAction\":[{\"@type\":\"SearchAction\",\"target\":{\"@type\":\"EntryPoint\",\"urlTemplate\":\"https:\/\/demoweb.info\/sexshop001\/?s={search_term_string}\"},\"query-input\":\"required name=search_term_string\"}],\"inLanguage\":\"es\"}]}<\/script>\n<!-- \/ Yoast SEO plugin. -->","yoast_head_json":{"title":"PUMP WORX BOMBA DE SUCCION VIBRADORA PARA PRINCIPIANTES - Tienda Er\u00f3tica","robots":{"index":"noindex","follow":"follow","max-snippet":"max-snippet:-1","max-image-preview":"max-image-preview:large","max-video-preview":"max-video-preview:-1"},"og_locale":"es_ES","og_type":"article","og_title":"PUMP WORX BOMBA DE SUCCION VIBRADORA PARA PRINCIPIANTES - Tienda Er\u00f3tica","og_description":"PUMP WORX BEGINNERS VIBRATING SUCTION-CUP PUMP. Las duchas ya no ser\u00e1n lo mismo otra vez con la bomba de succi\u00f3n.","og_url":"https:\/\/demoweb.info\/sexshop001\/producto\/pump-worx-bomba-de-succion-vibradora-para-principiantes\/","og_site_name":"Tienda Er\u00f3tica","og_image":[{"width":550,"height":550,"url":"https:\/\/demoweb.info\/sexshop001\/wp-content\/uploads\/2022\/01\/PUMP-WORX-BOMBA-DE-SUCCION-VIBRADORA-PARA-PRINCIPIANTES.jpg","type":"image\/jpeg"}],"twitter_card":"summary_large_image","twitter_misc":{"Tiempo de lectura":"1 minuto"},"schema":{"@context":"https:\/\/schema.org","@graph":[{"@type":"WebPage","@id":"https:\/\/demoweb.info\/sexshop001\/producto\/pump-worx-bomba-de-succion-vibradora-para-principiantes\/","url":"https:\/\/demoweb.info\/sexshop001\/producto\/pump-worx-bomba-de-succion-vibradora-para-principiantes\/","name":"PUMP WORX BOMBA DE SUCCION VIBRADORA PARA PRINCIPIANTES - Tienda Er\u00f3tica","isPartOf":{"@id":"https:\/\/demoweb.info\/sexshop001\/#website"},"datePublished":"2022-01-22T11:37:26+00:00","dateModified":"2022-01-22T11:37:26+00:00","breadcrumb":{"@id":"https:\/\/demoweb.info\/sexshop001\/producto\/pump-worx-bomba-de-succion-vibradora-para-principiantes\/#breadcrumb"},"inLanguage":"es","potentialAction":[{"@type":"ReadAction","target":["https:\/\/demoweb.info\/sexshop001\/producto\/pump-worx-bomba-de-succion-vibradora-para-principiantes\/"]}]},{"@type":"BreadcrumbList","@id":"https:\/\/demoweb.info\/sexshop001\/producto\/pump-worx-bomba-de-succion-vibradora-para-principiantes\/#breadcrumb","itemListElement":[{"@type":"ListItem","position":1,"name":"Portada","item":"https:\/\/demoweb.info\/sexshop001\/"},{"@type":"ListItem","position":2,"name":"Tienda","item":"https:\/\/demoweb.info\/sexshop001\/tienda\/"},{"@type":"ListItem","position":3,"name":"PUMP WORX BOMBA DE SUCCION VIBRADORA PARA PRINCIPIANTES"}]},{"@type":"WebSite","@id":"https:\/\/demoweb.info\/sexshop001\/#website","url":"https:\/\/demoweb.info\/sexshop001\/","name":"Tienda Er\u00f3tica","description":"DEMOWEB SL","potentialAction":[{"@type":"SearchAction","target":{"@type":"EntryPoint","urlTemplate":"https:\/\/demoweb.info\/sexshop001\/?s={search_term_string}"},"query-input":"required name=search_term_string"}],"inLanguage":"es"}]}},"_links":{"self":[{"href":"https:\/\/demoweb.info\/sexshop001\/wp-json\/wp\/v3\/product\/30129","targetHints":{"allow":["GET"]}}],"collection":[{"href":"https:\/\/demoweb.info\/sexshop001\/wp-json\/wp\/v3\/product"}],"about":[{"href":"https:\/\/demoweb.info\/sexshop001\/wp-json\/wp\/v2\/types\/product"}],"replies":[{"embeddable":true,"href":"https:\/\/demoweb.info\/sexshop001\/wp-json\/wp\/v2\/comments?post=30129"}],"wp:featuredmedia":[{"embeddable":true,"href":"https:\/\/demoweb.info\/sexshop001\/wp-json\/wp\/v2\/media\/30130"}],"wp:attachment":[{"href":"https:\/\/demoweb.info\/sexshop001\/wp-json\/wp\/v2\/media?parent=30129"}],"wp:term":[{"taxonomy":"product_cat","embeddable":true,"href":"https:\/\/demoweb.info\/sexshop001\/wp-json\/wp\/v2\/product_cat?post=30129"},{"taxonomy":"product_tag","embeddable":true,"href":"https:\/\/demoweb.info\/sexshop001\/wp-json\/wp\/v2\/product_tag?post=30129"}],"curies":[{"name":"wp","href":"https:\/\/api.w.org\/{rel}","templated":true}]}}