{"id":30099,"date":"2022-01-22T12:37:02","date_gmt":"2022-01-22T11:37:02","guid":{"rendered":"https:\/\/demoweb.info\/sexshop001\/producto\/eros-aqua-lubricante-base-agua-100-ml\/"},"modified":"2022-01-22T12:37:11","modified_gmt":"2022-01-22T11:37:11","slug":"eros-aqua-lubricante-base-agua-100-ml","status":"publish","type":"product","link":"https:\/\/demoweb.info\/sexshop001\/producto\/eros-aqua-lubricante-base-agua-100-ml\/","title":{"rendered":"EROS AQUA LUBRICANTE BASE AGUA 100 ML"},"content":{"rendered":"<p><strong>EROS AQUA WATER BASED LUBRICANT 100ML<\/strong><\/p>\n<p>Por su f\u00f3rmula especial a base de agua <strong>EROS Aqua<\/strong> le har\u00e1 sentir sensaciones frescas y excepcionales durante el juego amoroso. No solamente mejora la capacidad deslizante sino tambi\u00e9n le hidrata completamente por lo que es perfecto para su cuerpo. Gracias a <strong>EROS Aqua<\/strong> los residuos pegajosos en la piel son a partir de ahora cosa del pasado. Del\u00e9itese de una sensaci\u00f3n corporal nueva que es pura, sana y excitante.<\/p>\n<p>PROPIEDADES:<br \/>\n&bull; dermatol\u00f3gicamente probado.<br \/>\n&bull; rinde mucho.<br \/>\n&bull; larga capacidad deslizante.<br \/>\n&bull; apropiado para el uso con preservativos de l\u00e1tex.<br \/>\n&bull; hidrosoluble.<br \/>\n&bull; neutro al gusto.<br \/>\n&bull; incoloro e inodoro.<br \/>\n&bull; no contiene aceite ni perfumes.<br \/>\n&bull; homologado como producto medicinal con el distintivo CE.<\/p>\n<p>Envase de 100 ml.<\/p>\n","protected":false},"excerpt":{"rendered":"<p>EROS AQUA WATER BASED LUBRICANT 100ML Por su f\u00f3rmula especial a base de agua EROS Aqua le har\u00e1 sentir sensaciones<\/p>\n","protected":false},"featured_media":30100,"comment_status":"open","ping_status":"open","template":"","meta":[],"product_cat":[268],"product_tag":[700,1061],"class_list":["post-30099","product","type-product","status-publish","has-post-thumbnail","hentry","product_cat-base-agua-lubricantes-aceites-y-lubricantes","product_tag-eros","product_tag-water-glides"],"bundled_by":[],"bundle_stock_status":"instock","bundle_stock_quantity":25,"bundle_virtual":false,"bundle_layout":"","bundle_add_to_cart_form_location":"","bundle_editable_in_cart":false,"bundle_sold_individually_context":"","bundle_item_grouping":"","bundle_min_size":"","bundle_max_size":"","bundled_items":[],"yoast_head":"<!-- This site is optimized with the Yoast SEO plugin v20.6 - https:\/\/yoast.com\/wordpress\/plugins\/seo\/ -->\n<title>EROS AQUA LUBRICANTE BASE AGUA 100 ML - Tienda Er\u00f3tica<\/title>\n<meta name=\"robots\" content=\"noindex, follow, max-snippet:-1, max-image-preview:large, max-video-preview:-1\" \/>\n<meta property=\"og:locale\" content=\"es_ES\" \/>\n<meta property=\"og:type\" content=\"article\" \/>\n<meta property=\"og:title\" content=\"EROS AQUA LUBRICANTE BASE AGUA 100 ML - Tienda Er\u00f3tica\" \/>\n<meta property=\"og:description\" content=\"EROS AQUA WATER BASED LUBRICANT 100ML Por su f\u00f3rmula especial a base de agua EROS Aqua le har\u00e1 sentir sensaciones\" \/>\n<meta property=\"og:url\" content=\"https:\/\/demoweb.info\/sexshop001\/producto\/eros-aqua-lubricante-base-agua-100-ml\/\" \/>\n<meta property=\"og:site_name\" content=\"Tienda Er\u00f3tica\" \/>\n<meta property=\"article:modified_time\" content=\"2022-01-22T11:37:11+00:00\" \/>\n<meta property=\"og:image\" content=\"https:\/\/demoweb.info\/sexshop001\/wp-content\/uploads\/2022\/01\/EROS-AQUA-LUBRICANTE-BASE-AGUA-100-ML.jpg\" \/>\n\t<meta property=\"og:image:width\" content=\"550\" \/>\n\t<meta property=\"og:image:height\" content=\"550\" \/>\n\t<meta property=\"og:image:type\" content=\"image\/jpeg\" \/>\n<meta name=\"twitter:card\" content=\"summary_large_image\" \/>\n<meta name=\"twitter:label1\" content=\"Tiempo de lectura\" \/>\n\t<meta name=\"twitter:data1\" content=\"1 minuto\" \/>\n<script type=\"application\/ld+json\" class=\"yoast-schema-graph\">{\"@context\":\"https:\/\/schema.org\",\"@graph\":[{\"@type\":\"WebPage\",\"@id\":\"https:\/\/demoweb.info\/sexshop001\/producto\/eros-aqua-lubricante-base-agua-100-ml\/\",\"url\":\"https:\/\/demoweb.info\/sexshop001\/producto\/eros-aqua-lubricante-base-agua-100-ml\/\",\"name\":\"EROS AQUA LUBRICANTE BASE AGUA 100 ML - Tienda Er\u00f3tica\",\"isPartOf\":{\"@id\":\"https:\/\/demoweb.info\/sexshop001\/#website\"},\"datePublished\":\"2022-01-22T11:37:02+00:00\",\"dateModified\":\"2022-01-22T11:37:11+00:00\",\"breadcrumb\":{\"@id\":\"https:\/\/demoweb.info\/sexshop001\/producto\/eros-aqua-lubricante-base-agua-100-ml\/#breadcrumb\"},\"inLanguage\":\"es\",\"potentialAction\":[{\"@type\":\"ReadAction\",\"target\":[\"https:\/\/demoweb.info\/sexshop001\/producto\/eros-aqua-lubricante-base-agua-100-ml\/\"]}]},{\"@type\":\"BreadcrumbList\",\"@id\":\"https:\/\/demoweb.info\/sexshop001\/producto\/eros-aqua-lubricante-base-agua-100-ml\/#breadcrumb\",\"itemListElement\":[{\"@type\":\"ListItem\",\"position\":1,\"name\":\"Portada\",\"item\":\"https:\/\/demoweb.info\/sexshop001\/\"},{\"@type\":\"ListItem\",\"position\":2,\"name\":\"Tienda\",\"item\":\"https:\/\/demoweb.info\/sexshop001\/tienda\/\"},{\"@type\":\"ListItem\",\"position\":3,\"name\":\"EROS AQUA LUBRICANTE BASE AGUA 100 ML\"}]},{\"@type\":\"WebSite\",\"@id\":\"https:\/\/demoweb.info\/sexshop001\/#website\",\"url\":\"https:\/\/demoweb.info\/sexshop001\/\",\"name\":\"Tienda Er\u00f3tica\",\"description\":\"DEMOWEB SL\",\"potentialAction\":[{\"@type\":\"SearchAction\",\"target\":{\"@type\":\"EntryPoint\",\"urlTemplate\":\"https:\/\/demoweb.info\/sexshop001\/?s={search_term_string}\"},\"query-input\":\"required name=search_term_string\"}],\"inLanguage\":\"es\"}]}<\/script>\n<!-- \/ Yoast SEO plugin. -->","yoast_head_json":{"title":"EROS AQUA LUBRICANTE BASE AGUA 100 ML - Tienda Er\u00f3tica","robots":{"index":"noindex","follow":"follow","max-snippet":"max-snippet:-1","max-image-preview":"max-image-preview:large","max-video-preview":"max-video-preview:-1"},"og_locale":"es_ES","og_type":"article","og_title":"EROS AQUA LUBRICANTE BASE AGUA 100 ML - Tienda Er\u00f3tica","og_description":"EROS AQUA WATER BASED LUBRICANT 100ML Por su f\u00f3rmula especial a base de agua EROS Aqua le har\u00e1 sentir sensaciones","og_url":"https:\/\/demoweb.info\/sexshop001\/producto\/eros-aqua-lubricante-base-agua-100-ml\/","og_site_name":"Tienda Er\u00f3tica","article_modified_time":"2022-01-22T11:37:11+00:00","og_image":[{"width":550,"height":550,"url":"https:\/\/demoweb.info\/sexshop001\/wp-content\/uploads\/2022\/01\/EROS-AQUA-LUBRICANTE-BASE-AGUA-100-ML.jpg","type":"image\/jpeg"}],"twitter_card":"summary_large_image","twitter_misc":{"Tiempo de lectura":"1 minuto"},"schema":{"@context":"https:\/\/schema.org","@graph":[{"@type":"WebPage","@id":"https:\/\/demoweb.info\/sexshop001\/producto\/eros-aqua-lubricante-base-agua-100-ml\/","url":"https:\/\/demoweb.info\/sexshop001\/producto\/eros-aqua-lubricante-base-agua-100-ml\/","name":"EROS AQUA LUBRICANTE BASE AGUA 100 ML - Tienda Er\u00f3tica","isPartOf":{"@id":"https:\/\/demoweb.info\/sexshop001\/#website"},"datePublished":"2022-01-22T11:37:02+00:00","dateModified":"2022-01-22T11:37:11+00:00","breadcrumb":{"@id":"https:\/\/demoweb.info\/sexshop001\/producto\/eros-aqua-lubricante-base-agua-100-ml\/#breadcrumb"},"inLanguage":"es","potentialAction":[{"@type":"ReadAction","target":["https:\/\/demoweb.info\/sexshop001\/producto\/eros-aqua-lubricante-base-agua-100-ml\/"]}]},{"@type":"BreadcrumbList","@id":"https:\/\/demoweb.info\/sexshop001\/producto\/eros-aqua-lubricante-base-agua-100-ml\/#breadcrumb","itemListElement":[{"@type":"ListItem","position":1,"name":"Portada","item":"https:\/\/demoweb.info\/sexshop001\/"},{"@type":"ListItem","position":2,"name":"Tienda","item":"https:\/\/demoweb.info\/sexshop001\/tienda\/"},{"@type":"ListItem","position":3,"name":"EROS AQUA LUBRICANTE BASE AGUA 100 ML"}]},{"@type":"WebSite","@id":"https:\/\/demoweb.info\/sexshop001\/#website","url":"https:\/\/demoweb.info\/sexshop001\/","name":"Tienda Er\u00f3tica","description":"DEMOWEB SL","potentialAction":[{"@type":"SearchAction","target":{"@type":"EntryPoint","urlTemplate":"https:\/\/demoweb.info\/sexshop001\/?s={search_term_string}"},"query-input":"required name=search_term_string"}],"inLanguage":"es"}]}},"_links":{"self":[{"href":"https:\/\/demoweb.info\/sexshop001\/wp-json\/wp\/v3\/product\/30099","targetHints":{"allow":["GET"]}}],"collection":[{"href":"https:\/\/demoweb.info\/sexshop001\/wp-json\/wp\/v3\/product"}],"about":[{"href":"https:\/\/demoweb.info\/sexshop001\/wp-json\/wp\/v2\/types\/product"}],"replies":[{"embeddable":true,"href":"https:\/\/demoweb.info\/sexshop001\/wp-json\/wp\/v2\/comments?post=30099"}],"wp:featuredmedia":[{"embeddable":true,"href":"https:\/\/demoweb.info\/sexshop001\/wp-json\/wp\/v2\/media\/30100"}],"wp:attachment":[{"href":"https:\/\/demoweb.info\/sexshop001\/wp-json\/wp\/v2\/media?parent=30099"}],"wp:term":[{"taxonomy":"product_cat","embeddable":true,"href":"https:\/\/demoweb.info\/sexshop001\/wp-json\/wp\/v2\/product_cat?post=30099"},{"taxonomy":"product_tag","embeddable":true,"href":"https:\/\/demoweb.info\/sexshop001\/wp-json\/wp\/v2\/product_tag?post=30099"}],"curies":[{"name":"wp","href":"https:\/\/api.w.org\/{rel}","templated":true}]}}