{"id":30089,"date":"2022-01-22T12:37:02","date_gmt":"2022-01-22T11:37:02","guid":{"rendered":"https:\/\/demoweb.info\/sexshop001\/producto\/tenga-huevo-masturbador-enamorados\/"},"modified":"2022-01-22T12:37:07","modified_gmt":"2022-01-22T11:37:07","slug":"tenga-huevo-masturbador-enamorados","status":"publish","type":"product","link":"https:\/\/demoweb.info\/sexshop001\/producto\/tenga-huevo-masturbador-enamorados\/","title":{"rendered":"TENGA HUEVO MASTURBADOR ENAMORADOS"},"content":{"rendered":"<p><strong>TENGA EGG LOVERS EASY BEAT<\/strong>.<\/p>\n<p><strong>TENGA<\/strong> es la marca japonesa que ha revolucionado el mundo de los juguetes adultos masculinos con sus productos innovadores, de calidad y dise\u00f1o discreto. <strong>TENGA<\/strong> es el l\u00edder de su sector seg\u00fan la prestigiosa revista FORBES.<\/p>\n<p>La serie <strong>TENGA EGG<\/strong> se ampl\u00eda con el nuevo <strong>LOVERS EGG<\/strong>, una edici\u00f3n especial de San Valent\u00edn pensado para las parejas. Se diferencia de los dem\u00e1s por su aspecto elegante y sus relieves internos en forma de coraz\u00f3n.<\/p>\n<p>Los huevos <strong>Tenga Egg<\/strong>, permiten una masturbaci\u00f3n placentera y suave, produciendo sensaciones al contacto de la piel, nunca antes experimentadas. Con dise\u00f1o interior en forma de corazones, en los colores negro y rosa metalizado. Fabricado en silicona fina y transparente que se adapta a la temperatura corporal instant\u00e1neamente. Lubricante incluido.<\/p>\n<p>Para usarlo, tan solo hay que retirar el envoltorio y lubricarlo con la loci\u00f3n lubricante que viene incluida. Colocar en la punta como si de un preservativo se tratase y estirar hacia abajo.<\/p>\n<p>Dise\u00f1ado para un solo uso.<\/p>\n","protected":false},"excerpt":{"rendered":"<p>TENGA EGG LOVERS EASY BEAT. TENGA es la marca japonesa que ha revolucionado el mundo de los juguetes adultos masculinos<\/p>\n","protected":false},"featured_media":30090,"comment_status":"open","ping_status":"open","template":"","meta":[],"product_cat":[583],"product_tag":[585,584],"class_list":["post-30089","product","type-product","status-publish","has-post-thumbnail","hentry","product_cat-huevos","product_tag-egg","product_tag-tenga"],"bundled_by":[],"bundle_stock_status":"outofstock","bundle_stock_quantity":0,"bundle_virtual":false,"bundle_layout":"","bundle_add_to_cart_form_location":"","bundle_editable_in_cart":false,"bundle_sold_individually_context":"","bundle_item_grouping":"","bundle_min_size":"","bundle_max_size":"","bundled_items":[],"yoast_head":"<!-- This site is optimized with the Yoast SEO plugin v20.6 - https:\/\/yoast.com\/wordpress\/plugins\/seo\/ -->\n<title>TENGA HUEVO MASTURBADOR ENAMORADOS - Tienda Er\u00f3tica<\/title>\n<meta name=\"robots\" content=\"noindex, follow, max-snippet:-1, max-image-preview:large, max-video-preview:-1\" \/>\n<meta property=\"og:locale\" content=\"es_ES\" \/>\n<meta property=\"og:type\" content=\"article\" \/>\n<meta property=\"og:title\" content=\"TENGA HUEVO MASTURBADOR ENAMORADOS - Tienda Er\u00f3tica\" \/>\n<meta property=\"og:description\" content=\"TENGA EGG LOVERS EASY BEAT. TENGA es la marca japonesa que ha revolucionado el mundo de los juguetes adultos masculinos\" \/>\n<meta property=\"og:url\" content=\"https:\/\/demoweb.info\/sexshop001\/producto\/tenga-huevo-masturbador-enamorados\/\" \/>\n<meta property=\"og:site_name\" content=\"Tienda Er\u00f3tica\" \/>\n<meta property=\"article:modified_time\" content=\"2022-01-22T11:37:07+00:00\" \/>\n<meta property=\"og:image\" content=\"https:\/\/demoweb.info\/sexshop001\/wp-content\/uploads\/2022\/01\/TENGA-HUEVO-MASTURBADOR-ENAMORADOS.jpg\" \/>\n\t<meta property=\"og:image:width\" content=\"550\" \/>\n\t<meta property=\"og:image:height\" content=\"550\" \/>\n\t<meta property=\"og:image:type\" content=\"image\/jpeg\" \/>\n<meta name=\"twitter:card\" content=\"summary_large_image\" \/>\n<meta name=\"twitter:label1\" content=\"Tiempo de lectura\" \/>\n\t<meta name=\"twitter:data1\" content=\"1 minuto\" \/>\n<script type=\"application\/ld+json\" class=\"yoast-schema-graph\">{\"@context\":\"https:\/\/schema.org\",\"@graph\":[{\"@type\":\"WebPage\",\"@id\":\"https:\/\/demoweb.info\/sexshop001\/producto\/tenga-huevo-masturbador-enamorados\/\",\"url\":\"https:\/\/demoweb.info\/sexshop001\/producto\/tenga-huevo-masturbador-enamorados\/\",\"name\":\"TENGA HUEVO MASTURBADOR ENAMORADOS - Tienda Er\u00f3tica\",\"isPartOf\":{\"@id\":\"https:\/\/demoweb.info\/sexshop001\/#website\"},\"datePublished\":\"2022-01-22T11:37:02+00:00\",\"dateModified\":\"2022-01-22T11:37:07+00:00\",\"breadcrumb\":{\"@id\":\"https:\/\/demoweb.info\/sexshop001\/producto\/tenga-huevo-masturbador-enamorados\/#breadcrumb\"},\"inLanguage\":\"es\",\"potentialAction\":[{\"@type\":\"ReadAction\",\"target\":[\"https:\/\/demoweb.info\/sexshop001\/producto\/tenga-huevo-masturbador-enamorados\/\"]}]},{\"@type\":\"BreadcrumbList\",\"@id\":\"https:\/\/demoweb.info\/sexshop001\/producto\/tenga-huevo-masturbador-enamorados\/#breadcrumb\",\"itemListElement\":[{\"@type\":\"ListItem\",\"position\":1,\"name\":\"Portada\",\"item\":\"https:\/\/demoweb.info\/sexshop001\/\"},{\"@type\":\"ListItem\",\"position\":2,\"name\":\"Tienda\",\"item\":\"https:\/\/demoweb.info\/sexshop001\/tienda\/\"},{\"@type\":\"ListItem\",\"position\":3,\"name\":\"TENGA HUEVO MASTURBADOR ENAMORADOS\"}]},{\"@type\":\"WebSite\",\"@id\":\"https:\/\/demoweb.info\/sexshop001\/#website\",\"url\":\"https:\/\/demoweb.info\/sexshop001\/\",\"name\":\"Tienda Er\u00f3tica\",\"description\":\"DEMOWEB SL\",\"potentialAction\":[{\"@type\":\"SearchAction\",\"target\":{\"@type\":\"EntryPoint\",\"urlTemplate\":\"https:\/\/demoweb.info\/sexshop001\/?s={search_term_string}\"},\"query-input\":\"required name=search_term_string\"}],\"inLanguage\":\"es\"}]}<\/script>\n<!-- \/ Yoast SEO plugin. -->","yoast_head_json":{"title":"TENGA HUEVO MASTURBADOR ENAMORADOS - Tienda Er\u00f3tica","robots":{"index":"noindex","follow":"follow","max-snippet":"max-snippet:-1","max-image-preview":"max-image-preview:large","max-video-preview":"max-video-preview:-1"},"og_locale":"es_ES","og_type":"article","og_title":"TENGA HUEVO MASTURBADOR ENAMORADOS - Tienda Er\u00f3tica","og_description":"TENGA EGG LOVERS EASY BEAT. TENGA es la marca japonesa que ha revolucionado el mundo de los juguetes adultos masculinos","og_url":"https:\/\/demoweb.info\/sexshop001\/producto\/tenga-huevo-masturbador-enamorados\/","og_site_name":"Tienda Er\u00f3tica","article_modified_time":"2022-01-22T11:37:07+00:00","og_image":[{"width":550,"height":550,"url":"https:\/\/demoweb.info\/sexshop001\/wp-content\/uploads\/2022\/01\/TENGA-HUEVO-MASTURBADOR-ENAMORADOS.jpg","type":"image\/jpeg"}],"twitter_card":"summary_large_image","twitter_misc":{"Tiempo de lectura":"1 minuto"},"schema":{"@context":"https:\/\/schema.org","@graph":[{"@type":"WebPage","@id":"https:\/\/demoweb.info\/sexshop001\/producto\/tenga-huevo-masturbador-enamorados\/","url":"https:\/\/demoweb.info\/sexshop001\/producto\/tenga-huevo-masturbador-enamorados\/","name":"TENGA HUEVO MASTURBADOR ENAMORADOS - Tienda Er\u00f3tica","isPartOf":{"@id":"https:\/\/demoweb.info\/sexshop001\/#website"},"datePublished":"2022-01-22T11:37:02+00:00","dateModified":"2022-01-22T11:37:07+00:00","breadcrumb":{"@id":"https:\/\/demoweb.info\/sexshop001\/producto\/tenga-huevo-masturbador-enamorados\/#breadcrumb"},"inLanguage":"es","potentialAction":[{"@type":"ReadAction","target":["https:\/\/demoweb.info\/sexshop001\/producto\/tenga-huevo-masturbador-enamorados\/"]}]},{"@type":"BreadcrumbList","@id":"https:\/\/demoweb.info\/sexshop001\/producto\/tenga-huevo-masturbador-enamorados\/#breadcrumb","itemListElement":[{"@type":"ListItem","position":1,"name":"Portada","item":"https:\/\/demoweb.info\/sexshop001\/"},{"@type":"ListItem","position":2,"name":"Tienda","item":"https:\/\/demoweb.info\/sexshop001\/tienda\/"},{"@type":"ListItem","position":3,"name":"TENGA HUEVO MASTURBADOR ENAMORADOS"}]},{"@type":"WebSite","@id":"https:\/\/demoweb.info\/sexshop001\/#website","url":"https:\/\/demoweb.info\/sexshop001\/","name":"Tienda Er\u00f3tica","description":"DEMOWEB SL","potentialAction":[{"@type":"SearchAction","target":{"@type":"EntryPoint","urlTemplate":"https:\/\/demoweb.info\/sexshop001\/?s={search_term_string}"},"query-input":"required name=search_term_string"}],"inLanguage":"es"}]}},"_links":{"self":[{"href":"https:\/\/demoweb.info\/sexshop001\/wp-json\/wp\/v3\/product\/30089","targetHints":{"allow":["GET"]}}],"collection":[{"href":"https:\/\/demoweb.info\/sexshop001\/wp-json\/wp\/v3\/product"}],"about":[{"href":"https:\/\/demoweb.info\/sexshop001\/wp-json\/wp\/v2\/types\/product"}],"replies":[{"embeddable":true,"href":"https:\/\/demoweb.info\/sexshop001\/wp-json\/wp\/v2\/comments?post=30089"}],"wp:featuredmedia":[{"embeddable":true,"href":"https:\/\/demoweb.info\/sexshop001\/wp-json\/wp\/v2\/media\/30090"}],"wp:attachment":[{"href":"https:\/\/demoweb.info\/sexshop001\/wp-json\/wp\/v2\/media?parent=30089"}],"wp:term":[{"taxonomy":"product_cat","embeddable":true,"href":"https:\/\/demoweb.info\/sexshop001\/wp-json\/wp\/v2\/product_cat?post=30089"},{"taxonomy":"product_tag","embeddable":true,"href":"https:\/\/demoweb.info\/sexshop001\/wp-json\/wp\/v2\/product_tag?post=30089"}],"curies":[{"name":"wp","href":"https:\/\/api.w.org\/{rel}","templated":true}]}}