{"id":30079,"date":"2022-01-22T12:36:49","date_gmt":"2022-01-22T11:36:49","guid":{"rendered":"https:\/\/demoweb.info\/sexshop001\/producto\/massage-candle-tropical-temptation\/"},"modified":"2022-01-22T12:37:00","modified_gmt":"2022-01-22T11:37:00","slug":"massage-candle-tropical-temptation","status":"publish","type":"product","link":"https:\/\/demoweb.info\/sexshop001\/producto\/massage-candle-tropical-temptation\/","title":{"rendered":"MASSAGE CANDLE TROPICAL TEMPTATION"},"content":{"rendered":"<p><strong>MASSAGE CANDLE TROPICAL TEMPTATION<\/strong><\/p>\n<p>NUESTRA VELA DE MASAJES ARTESANAL OFRECE UN AMBIENTE C\u00c1LIDO Y SENSUAL PARA TUS MOMENTOS \u00cdNTIMOS.<br \/>\nComienza por encender tu vela 10 minutos antes del masaje hasta que la cera se vuelva l\u00edquida en toda su superficie. Luego apague la vela y vierta lentamente el aceite en la palma de la mano (Estar\u00e1 c\u00e1lida pero no quemar\u00e1). Apl\u00edcalo sobre el cuerpo e inicia el masaje.<\/p>\n<p>Peso:30gr<br \/>\nContenido: 30ml<br \/>\nDuraci\u00f3n: 5\/6 Hours<br \/>\nMade in Spain<\/p>\n","protected":false},"excerpt":{"rendered":"<p>MASSAGE CANDLE TROPICAL TEMPTATION NUESTRA VELA DE MASAJES ARTESANAL OFRECE UN AMBIENTE C\u00c1LIDO Y SENSUAL PARA TUS MOMENTOS \u00cdNTIMOS. Comienza<\/p>\n","protected":false},"featured_media":30080,"comment_status":"open","ping_status":"open","template":"","meta":[],"product_cat":[374],"product_tag":[430],"class_list":["post-30079","product","type-product","status-publish","has-post-thumbnail","hentry","product_cat-para-parejas","product_tag-amoreane"],"bundled_by":[],"bundle_stock_status":"outofstock","bundle_stock_quantity":0,"bundle_virtual":false,"bundle_layout":"","bundle_add_to_cart_form_location":"","bundle_editable_in_cart":false,"bundle_sold_individually_context":"","bundle_item_grouping":"","bundle_min_size":"","bundle_max_size":"","bundled_items":[],"yoast_head":"<!-- This site is optimized with the Yoast SEO plugin v20.6 - https:\/\/yoast.com\/wordpress\/plugins\/seo\/ -->\n<title>MASSAGE CANDLE TROPICAL TEMPTATION - Tienda Er\u00f3tica<\/title>\n<meta name=\"robots\" content=\"noindex, follow, max-snippet:-1, max-image-preview:large, max-video-preview:-1\" \/>\n<meta property=\"og:locale\" content=\"es_ES\" \/>\n<meta property=\"og:type\" content=\"article\" \/>\n<meta property=\"og:title\" content=\"MASSAGE CANDLE TROPICAL TEMPTATION - Tienda Er\u00f3tica\" \/>\n<meta property=\"og:description\" content=\"MASSAGE CANDLE TROPICAL TEMPTATION NUESTRA VELA DE MASAJES ARTESANAL OFRECE UN AMBIENTE C\u00c1LIDO Y SENSUAL PARA TUS MOMENTOS \u00cdNTIMOS. Comienza\" \/>\n<meta property=\"og:url\" content=\"https:\/\/demoweb.info\/sexshop001\/producto\/massage-candle-tropical-temptation\/\" \/>\n<meta property=\"og:site_name\" content=\"Tienda Er\u00f3tica\" \/>\n<meta property=\"article:modified_time\" content=\"2022-01-22T11:37:00+00:00\" \/>\n<meta property=\"og:image\" content=\"https:\/\/demoweb.info\/sexshop001\/wp-content\/uploads\/2022\/01\/MASSAGE-CANDLE-TROPICAL-TEMPTATION.jpg\" \/>\n\t<meta property=\"og:image:width\" content=\"550\" \/>\n\t<meta property=\"og:image:height\" content=\"550\" \/>\n\t<meta property=\"og:image:type\" content=\"image\/jpeg\" \/>\n<meta name=\"twitter:card\" content=\"summary_large_image\" \/>\n<script type=\"application\/ld+json\" class=\"yoast-schema-graph\">{\"@context\":\"https:\/\/schema.org\",\"@graph\":[{\"@type\":\"WebPage\",\"@id\":\"https:\/\/demoweb.info\/sexshop001\/producto\/massage-candle-tropical-temptation\/\",\"url\":\"https:\/\/demoweb.info\/sexshop001\/producto\/massage-candle-tropical-temptation\/\",\"name\":\"MASSAGE CANDLE TROPICAL TEMPTATION - Tienda Er\u00f3tica\",\"isPartOf\":{\"@id\":\"https:\/\/demoweb.info\/sexshop001\/#website\"},\"datePublished\":\"2022-01-22T11:36:49+00:00\",\"dateModified\":\"2022-01-22T11:37:00+00:00\",\"breadcrumb\":{\"@id\":\"https:\/\/demoweb.info\/sexshop001\/producto\/massage-candle-tropical-temptation\/#breadcrumb\"},\"inLanguage\":\"es\",\"potentialAction\":[{\"@type\":\"ReadAction\",\"target\":[\"https:\/\/demoweb.info\/sexshop001\/producto\/massage-candle-tropical-temptation\/\"]}]},{\"@type\":\"BreadcrumbList\",\"@id\":\"https:\/\/demoweb.info\/sexshop001\/producto\/massage-candle-tropical-temptation\/#breadcrumb\",\"itemListElement\":[{\"@type\":\"ListItem\",\"position\":1,\"name\":\"Portada\",\"item\":\"https:\/\/demoweb.info\/sexshop001\/\"},{\"@type\":\"ListItem\",\"position\":2,\"name\":\"Tienda\",\"item\":\"https:\/\/demoweb.info\/sexshop001\/tienda\/\"},{\"@type\":\"ListItem\",\"position\":3,\"name\":\"MASSAGE CANDLE TROPICAL TEMPTATION\"}]},{\"@type\":\"WebSite\",\"@id\":\"https:\/\/demoweb.info\/sexshop001\/#website\",\"url\":\"https:\/\/demoweb.info\/sexshop001\/\",\"name\":\"Tienda Er\u00f3tica\",\"description\":\"DEMOWEB SL\",\"potentialAction\":[{\"@type\":\"SearchAction\",\"target\":{\"@type\":\"EntryPoint\",\"urlTemplate\":\"https:\/\/demoweb.info\/sexshop001\/?s={search_term_string}\"},\"query-input\":\"required name=search_term_string\"}],\"inLanguage\":\"es\"}]}<\/script>\n<!-- \/ Yoast SEO plugin. -->","yoast_head_json":{"title":"MASSAGE CANDLE TROPICAL TEMPTATION - Tienda Er\u00f3tica","robots":{"index":"noindex","follow":"follow","max-snippet":"max-snippet:-1","max-image-preview":"max-image-preview:large","max-video-preview":"max-video-preview:-1"},"og_locale":"es_ES","og_type":"article","og_title":"MASSAGE CANDLE TROPICAL TEMPTATION - Tienda Er\u00f3tica","og_description":"MASSAGE CANDLE TROPICAL TEMPTATION NUESTRA VELA DE MASAJES ARTESANAL OFRECE UN AMBIENTE C\u00c1LIDO Y SENSUAL PARA TUS MOMENTOS \u00cdNTIMOS. Comienza","og_url":"https:\/\/demoweb.info\/sexshop001\/producto\/massage-candle-tropical-temptation\/","og_site_name":"Tienda Er\u00f3tica","article_modified_time":"2022-01-22T11:37:00+00:00","og_image":[{"width":550,"height":550,"url":"https:\/\/demoweb.info\/sexshop001\/wp-content\/uploads\/2022\/01\/MASSAGE-CANDLE-TROPICAL-TEMPTATION.jpg","type":"image\/jpeg"}],"twitter_card":"summary_large_image","schema":{"@context":"https:\/\/schema.org","@graph":[{"@type":"WebPage","@id":"https:\/\/demoweb.info\/sexshop001\/producto\/massage-candle-tropical-temptation\/","url":"https:\/\/demoweb.info\/sexshop001\/producto\/massage-candle-tropical-temptation\/","name":"MASSAGE CANDLE TROPICAL TEMPTATION - Tienda Er\u00f3tica","isPartOf":{"@id":"https:\/\/demoweb.info\/sexshop001\/#website"},"datePublished":"2022-01-22T11:36:49+00:00","dateModified":"2022-01-22T11:37:00+00:00","breadcrumb":{"@id":"https:\/\/demoweb.info\/sexshop001\/producto\/massage-candle-tropical-temptation\/#breadcrumb"},"inLanguage":"es","potentialAction":[{"@type":"ReadAction","target":["https:\/\/demoweb.info\/sexshop001\/producto\/massage-candle-tropical-temptation\/"]}]},{"@type":"BreadcrumbList","@id":"https:\/\/demoweb.info\/sexshop001\/producto\/massage-candle-tropical-temptation\/#breadcrumb","itemListElement":[{"@type":"ListItem","position":1,"name":"Portada","item":"https:\/\/demoweb.info\/sexshop001\/"},{"@type":"ListItem","position":2,"name":"Tienda","item":"https:\/\/demoweb.info\/sexshop001\/tienda\/"},{"@type":"ListItem","position":3,"name":"MASSAGE CANDLE TROPICAL TEMPTATION"}]},{"@type":"WebSite","@id":"https:\/\/demoweb.info\/sexshop001\/#website","url":"https:\/\/demoweb.info\/sexshop001\/","name":"Tienda Er\u00f3tica","description":"DEMOWEB SL","potentialAction":[{"@type":"SearchAction","target":{"@type":"EntryPoint","urlTemplate":"https:\/\/demoweb.info\/sexshop001\/?s={search_term_string}"},"query-input":"required name=search_term_string"}],"inLanguage":"es"}]}},"_links":{"self":[{"href":"https:\/\/demoweb.info\/sexshop001\/wp-json\/wp\/v3\/product\/30079","targetHints":{"allow":["GET"]}}],"collection":[{"href":"https:\/\/demoweb.info\/sexshop001\/wp-json\/wp\/v3\/product"}],"about":[{"href":"https:\/\/demoweb.info\/sexshop001\/wp-json\/wp\/v2\/types\/product"}],"replies":[{"embeddable":true,"href":"https:\/\/demoweb.info\/sexshop001\/wp-json\/wp\/v2\/comments?post=30079"}],"wp:featuredmedia":[{"embeddable":true,"href":"https:\/\/demoweb.info\/sexshop001\/wp-json\/wp\/v2\/media\/30080"}],"wp:attachment":[{"href":"https:\/\/demoweb.info\/sexshop001\/wp-json\/wp\/v2\/media?parent=30079"}],"wp:term":[{"taxonomy":"product_cat","embeddable":true,"href":"https:\/\/demoweb.info\/sexshop001\/wp-json\/wp\/v2\/product_cat?post=30079"},{"taxonomy":"product_tag","embeddable":true,"href":"https:\/\/demoweb.info\/sexshop001\/wp-json\/wp\/v2\/product_tag?post=30079"}],"curies":[{"name":"wp","href":"https:\/\/api.w.org\/{rel}","templated":true}]}}