{"id":29999,"date":"2022-01-22T12:36:01","date_gmt":"2022-01-22T11:36:01","guid":{"rendered":"https:\/\/demoweb.info\/sexshop001\/producto\/corpino-sexy-de-lenceria-femenina-de-tul-y-encaje-negro\/"},"modified":"2022-01-22T12:36:13","modified_gmt":"2022-01-22T11:36:13","slug":"corpino-sexy-de-lenceria-femenina-de-tul-y-encaje-negro","status":"publish","type":"product","link":"https:\/\/demoweb.info\/sexshop001\/producto\/corpino-sexy-de-lenceria-femenina-de-tul-y-encaje-negro\/","title":{"rendered":"CORPI\u00d1O SEXY DE LENCER\u00cdA FEMENINA DE TUL Y ENCAJE NEGRO"},"content":{"rendered":"<p>Corpi&ntilde;o sexy de lencer&iacute;a femenina confeccionado en tejido de tul transparente combinado con encaje y lazo de raso cruzado.<\/p>\n<p>El corpi&ntilde;o sexy es el&aacute;stico, por lo que no lleva corchetes para abrochar. La lazada cruzada del centro es un adorno. En la parte del sujetador no lleva aros, sino una costura para definir la copa. Los tirantes son finos y regulables, y en la parte de abajo lleva un fruncido de donde salen las tiras portaligas que son fijas.<\/p>\n<p>El encaje presente en el corpi&ntilde;o sexy est&aacute; s&oacute;lo por delante, siendo totalmente liso por detr&aacute;s.<\/p>\n<p>El conjunto de corpi&ntilde;o incluye un tanga tipo thong liso con encaje en los laterales. NO incluye las medias.<\/p>\n<p><strong>NOTA:<\/strong> La tabla de tallas indica las medidas en cent&iacute;metros, siendo las letras D, E y F la medida de bajo pecho, cintura y cadera respectivamente, pero no del contorno. Para saber el contorno, se debe multiplicar por 2.<\/p>\n","protected":false},"excerpt":{"rendered":"<p>Corpi&ntilde;o sexy de lencer&iacute;a femenina confeccionado en tejido de tul transparente combinado con encaje y lazo de raso cruzado. El<\/p>\n","protected":false},"featured_media":30000,"comment_status":"open","ping_status":"open","template":"","meta":[],"product_cat":[571],"product_tag":[1149],"class_list":["post-29999","product","type-product","status-publish","has-post-thumbnail","hentry","product_cat-con-corpino","product_tag-livco-corsetti"],"bundled_by":[],"bundle_stock_status":"instock","bundle_stock_quantity":1,"bundle_virtual":false,"bundle_layout":"","bundle_add_to_cart_form_location":"","bundle_editable_in_cart":false,"bundle_sold_individually_context":"","bundle_item_grouping":"","bundle_min_size":"","bundle_max_size":"","bundled_items":[],"yoast_head":"<!-- This site is optimized with the Yoast SEO plugin v20.6 - https:\/\/yoast.com\/wordpress\/plugins\/seo\/ -->\n<title>CORPI\u00d1O SEXY DE LENCER\u00cdA FEMENINA DE TUL Y ENCAJE NEGRO - Tienda Er\u00f3tica<\/title>\n<meta name=\"robots\" content=\"noindex, follow, max-snippet:-1, max-image-preview:large, max-video-preview:-1\" \/>\n<meta property=\"og:locale\" content=\"es_ES\" \/>\n<meta property=\"og:type\" content=\"article\" \/>\n<meta property=\"og:title\" content=\"CORPI\u00d1O SEXY DE LENCER\u00cdA FEMENINA DE TUL Y ENCAJE NEGRO - Tienda Er\u00f3tica\" \/>\n<meta property=\"og:description\" content=\"Corpi&ntilde;o sexy de lencer&iacute;a femenina confeccionado en tejido de tul transparente combinado con encaje y lazo de raso cruzado. El\" \/>\n<meta property=\"og:url\" content=\"https:\/\/demoweb.info\/sexshop001\/producto\/corpino-sexy-de-lenceria-femenina-de-tul-y-encaje-negro\/\" \/>\n<meta property=\"og:site_name\" content=\"Tienda Er\u00f3tica\" \/>\n<meta property=\"article:modified_time\" content=\"2022-01-22T11:36:13+00:00\" \/>\n<meta property=\"og:image\" content=\"https:\/\/demoweb.info\/sexshop001\/wp-content\/uploads\/2022\/01\/CORPINO-SEXY-DE-LENCERIA-FEMENINA-DE-TUL-Y-ENCAJE-NEGRO.jpg\" \/>\n\t<meta property=\"og:image:width\" content=\"550\" \/>\n\t<meta property=\"og:image:height\" content=\"550\" \/>\n\t<meta property=\"og:image:type\" content=\"image\/jpeg\" \/>\n<meta name=\"twitter:card\" content=\"summary_large_image\" \/>\n<meta name=\"twitter:label1\" content=\"Tiempo de lectura\" \/>\n\t<meta name=\"twitter:data1\" content=\"1 minuto\" \/>\n<script type=\"application\/ld+json\" class=\"yoast-schema-graph\">{\"@context\":\"https:\/\/schema.org\",\"@graph\":[{\"@type\":\"WebPage\",\"@id\":\"https:\/\/demoweb.info\/sexshop001\/producto\/corpino-sexy-de-lenceria-femenina-de-tul-y-encaje-negro\/\",\"url\":\"https:\/\/demoweb.info\/sexshop001\/producto\/corpino-sexy-de-lenceria-femenina-de-tul-y-encaje-negro\/\",\"name\":\"CORPI\u00d1O SEXY DE LENCER\u00cdA FEMENINA DE TUL Y ENCAJE NEGRO - Tienda Er\u00f3tica\",\"isPartOf\":{\"@id\":\"https:\/\/demoweb.info\/sexshop001\/#website\"},\"datePublished\":\"2022-01-22T11:36:01+00:00\",\"dateModified\":\"2022-01-22T11:36:13+00:00\",\"breadcrumb\":{\"@id\":\"https:\/\/demoweb.info\/sexshop001\/producto\/corpino-sexy-de-lenceria-femenina-de-tul-y-encaje-negro\/#breadcrumb\"},\"inLanguage\":\"es\",\"potentialAction\":[{\"@type\":\"ReadAction\",\"target\":[\"https:\/\/demoweb.info\/sexshop001\/producto\/corpino-sexy-de-lenceria-femenina-de-tul-y-encaje-negro\/\"]}]},{\"@type\":\"BreadcrumbList\",\"@id\":\"https:\/\/demoweb.info\/sexshop001\/producto\/corpino-sexy-de-lenceria-femenina-de-tul-y-encaje-negro\/#breadcrumb\",\"itemListElement\":[{\"@type\":\"ListItem\",\"position\":1,\"name\":\"Portada\",\"item\":\"https:\/\/demoweb.info\/sexshop001\/\"},{\"@type\":\"ListItem\",\"position\":2,\"name\":\"Tienda\",\"item\":\"https:\/\/demoweb.info\/sexshop001\/tienda\/\"},{\"@type\":\"ListItem\",\"position\":3,\"name\":\"CORPI\u00d1O SEXY DE LENCER\u00cdA FEMENINA DE TUL Y ENCAJE NEGRO\"}]},{\"@type\":\"WebSite\",\"@id\":\"https:\/\/demoweb.info\/sexshop001\/#website\",\"url\":\"https:\/\/demoweb.info\/sexshop001\/\",\"name\":\"Tienda Er\u00f3tica\",\"description\":\"DEMOWEB SL\",\"potentialAction\":[{\"@type\":\"SearchAction\",\"target\":{\"@type\":\"EntryPoint\",\"urlTemplate\":\"https:\/\/demoweb.info\/sexshop001\/?s={search_term_string}\"},\"query-input\":\"required name=search_term_string\"}],\"inLanguage\":\"es\"}]}<\/script>\n<!-- \/ Yoast SEO plugin. -->","yoast_head_json":{"title":"CORPI\u00d1O SEXY DE LENCER\u00cdA FEMENINA DE TUL Y ENCAJE NEGRO - Tienda Er\u00f3tica","robots":{"index":"noindex","follow":"follow","max-snippet":"max-snippet:-1","max-image-preview":"max-image-preview:large","max-video-preview":"max-video-preview:-1"},"og_locale":"es_ES","og_type":"article","og_title":"CORPI\u00d1O SEXY DE LENCER\u00cdA FEMENINA DE TUL Y ENCAJE NEGRO - Tienda Er\u00f3tica","og_description":"Corpi&ntilde;o sexy de lencer&iacute;a femenina confeccionado en tejido de tul transparente combinado con encaje y lazo de raso cruzado. El","og_url":"https:\/\/demoweb.info\/sexshop001\/producto\/corpino-sexy-de-lenceria-femenina-de-tul-y-encaje-negro\/","og_site_name":"Tienda Er\u00f3tica","article_modified_time":"2022-01-22T11:36:13+00:00","og_image":[{"width":550,"height":550,"url":"https:\/\/demoweb.info\/sexshop001\/wp-content\/uploads\/2022\/01\/CORPINO-SEXY-DE-LENCERIA-FEMENINA-DE-TUL-Y-ENCAJE-NEGRO.jpg","type":"image\/jpeg"}],"twitter_card":"summary_large_image","twitter_misc":{"Tiempo de lectura":"1 minuto"},"schema":{"@context":"https:\/\/schema.org","@graph":[{"@type":"WebPage","@id":"https:\/\/demoweb.info\/sexshop001\/producto\/corpino-sexy-de-lenceria-femenina-de-tul-y-encaje-negro\/","url":"https:\/\/demoweb.info\/sexshop001\/producto\/corpino-sexy-de-lenceria-femenina-de-tul-y-encaje-negro\/","name":"CORPI\u00d1O SEXY DE LENCER\u00cdA FEMENINA DE TUL Y ENCAJE NEGRO - Tienda Er\u00f3tica","isPartOf":{"@id":"https:\/\/demoweb.info\/sexshop001\/#website"},"datePublished":"2022-01-22T11:36:01+00:00","dateModified":"2022-01-22T11:36:13+00:00","breadcrumb":{"@id":"https:\/\/demoweb.info\/sexshop001\/producto\/corpino-sexy-de-lenceria-femenina-de-tul-y-encaje-negro\/#breadcrumb"},"inLanguage":"es","potentialAction":[{"@type":"ReadAction","target":["https:\/\/demoweb.info\/sexshop001\/producto\/corpino-sexy-de-lenceria-femenina-de-tul-y-encaje-negro\/"]}]},{"@type":"BreadcrumbList","@id":"https:\/\/demoweb.info\/sexshop001\/producto\/corpino-sexy-de-lenceria-femenina-de-tul-y-encaje-negro\/#breadcrumb","itemListElement":[{"@type":"ListItem","position":1,"name":"Portada","item":"https:\/\/demoweb.info\/sexshop001\/"},{"@type":"ListItem","position":2,"name":"Tienda","item":"https:\/\/demoweb.info\/sexshop001\/tienda\/"},{"@type":"ListItem","position":3,"name":"CORPI\u00d1O SEXY DE LENCER\u00cdA FEMENINA DE TUL Y ENCAJE NEGRO"}]},{"@type":"WebSite","@id":"https:\/\/demoweb.info\/sexshop001\/#website","url":"https:\/\/demoweb.info\/sexshop001\/","name":"Tienda Er\u00f3tica","description":"DEMOWEB SL","potentialAction":[{"@type":"SearchAction","target":{"@type":"EntryPoint","urlTemplate":"https:\/\/demoweb.info\/sexshop001\/?s={search_term_string}"},"query-input":"required name=search_term_string"}],"inLanguage":"es"}]}},"_links":{"self":[{"href":"https:\/\/demoweb.info\/sexshop001\/wp-json\/wp\/v3\/product\/29999","targetHints":{"allow":["GET"]}}],"collection":[{"href":"https:\/\/demoweb.info\/sexshop001\/wp-json\/wp\/v3\/product"}],"about":[{"href":"https:\/\/demoweb.info\/sexshop001\/wp-json\/wp\/v2\/types\/product"}],"replies":[{"embeddable":true,"href":"https:\/\/demoweb.info\/sexshop001\/wp-json\/wp\/v2\/comments?post=29999"}],"wp:featuredmedia":[{"embeddable":true,"href":"https:\/\/demoweb.info\/sexshop001\/wp-json\/wp\/v2\/media\/30000"}],"wp:attachment":[{"href":"https:\/\/demoweb.info\/sexshop001\/wp-json\/wp\/v2\/media?parent=29999"}],"wp:term":[{"taxonomy":"product_cat","embeddable":true,"href":"https:\/\/demoweb.info\/sexshop001\/wp-json\/wp\/v2\/product_cat?post=29999"},{"taxonomy":"product_tag","embeddable":true,"href":"https:\/\/demoweb.info\/sexshop001\/wp-json\/wp\/v2\/product_tag?post=29999"}],"curies":[{"name":"wp","href":"https:\/\/api.w.org\/{rel}","templated":true}]}}