{"id":29411,"date":"2022-01-22T12:30:59","date_gmt":"2022-01-22T11:30:59","guid":{"rendered":"https:\/\/demoweb.info\/sexshop001\/producto\/metal-worx-pinzas-magneticas-de-pezones\/"},"modified":"2022-01-22T12:31:03","modified_gmt":"2022-01-22T11:31:03","slug":"metal-worx-pinzas-magneticas-de-pezones","status":"publish","type":"product","link":"https:\/\/demoweb.info\/sexshop001\/producto\/metal-worx-pinzas-magneticas-de-pezones\/","title":{"rendered":"METAL WORX PINZAS MAGNETICAS DE PEZONES"},"content":{"rendered":"<p><strong>METAL WORX MAGNETIC NIPPLE CLAMPS.<\/strong><\/p>\n<p>Dale a la palabra metales preciosos un nuevo significado con este par de pinzas magn\u00e9ticas para los pezones de lujo. Fundidas en acero de alta calidad y pulido a mano a la perfecci\u00f3n, estas joyas juntan el placer y el arte a partes iguales. El acabado met\u00e1lico es liso, no poroso y f\u00e1cil de limpiar, mientras que el dise\u00f1o est\u00e1 inspirado en el cuerpo y el hecho para excitar.<\/p>\n<p>Cada obra de arte de <strong>Metal Worx<\/strong> viene en un estuche discreto que puedes utilizar para guardar tus juguetes despu\u00e9s de usarlos. Las piezas de acero son ideales para jugar con la temperatura: col\u00f3calo en el congelador para una sensaci\u00f3n de frescor, o en un recipiente con agua caliente para a\u00f1adir calidez.<\/p>\n<p>Obtendr\u00e1s s\u00f3lo la presi\u00f3n \u00f3ptima en todo momento y disfrutaras de la estimulaci\u00f3n en tus pezones! Las abrazaderas circulares se sujetan a tus pezones con imanes que delicadamente mantendr\u00e1n tus pezones erectos, d\u00e1ndole la pizca perfecta en todo momento. Se ven y se sienten grandes y mantendr\u00e1 tus pezones listos para cualquier tipo de estimulaci\u00f3n. Lo mejor de todo, no se caer\u00e1n cuando los movimientos se vuelvan salvajes y desenfrenados!<\/p>\n<p>La limpieza es obligaci\u00f3n despu\u00e9s de la diversi\u00f3n y gracias a su acabado te resultar\u00e1 muy f\u00e1cil: puedes utilizar el limpiador de juguetes <strong>Pipedream Cleaner<\/strong> y agua tibia. Evite los limpiadores abrasivos para evitar que el metal se da\u00f1e.<\/p>\n","protected":false},"excerpt":{"rendered":"<p>METAL WORX MAGNETIC NIPPLE CLAMPS. Dale a la palabra metales preciosos un nuevo significado con este par de pinzas magn\u00e9ticas<\/p>\n","protected":false},"featured_media":29412,"comment_status":"open","ping_status":"open","template":"","meta":[],"product_cat":[287],"product_tag":[1148,259],"class_list":["post-29411","product","type-product","status-publish","has-post-thumbnail","hentry","product_cat-extreme-bdsm","product_tag-metal-worx","product_tag-pipedream"],"bundled_by":[],"bundle_stock_status":"instock","bundle_stock_quantity":2,"bundle_virtual":false,"bundle_layout":"","bundle_add_to_cart_form_location":"","bundle_editable_in_cart":false,"bundle_sold_individually_context":"","bundle_item_grouping":"","bundle_min_size":"","bundle_max_size":"","bundled_items":[],"yoast_head":"<!-- This site is optimized with the Yoast SEO plugin v20.6 - https:\/\/yoast.com\/wordpress\/plugins\/seo\/ -->\n<title>METAL WORX PINZAS MAGNETICAS DE PEZONES - Tienda Er\u00f3tica<\/title>\n<meta name=\"robots\" content=\"noindex, follow, max-snippet:-1, max-image-preview:large, max-video-preview:-1\" \/>\n<meta property=\"og:locale\" content=\"es_ES\" \/>\n<meta property=\"og:type\" content=\"article\" \/>\n<meta property=\"og:title\" content=\"METAL WORX PINZAS MAGNETICAS DE PEZONES - Tienda Er\u00f3tica\" \/>\n<meta property=\"og:description\" content=\"METAL WORX MAGNETIC NIPPLE CLAMPS. Dale a la palabra metales preciosos un nuevo significado con este par de pinzas magn\u00e9ticas\" \/>\n<meta property=\"og:url\" content=\"https:\/\/demoweb.info\/sexshop001\/producto\/metal-worx-pinzas-magneticas-de-pezones\/\" \/>\n<meta property=\"og:site_name\" content=\"Tienda Er\u00f3tica\" \/>\n<meta property=\"article:modified_time\" content=\"2022-01-22T11:31:03+00:00\" \/>\n<meta property=\"og:image\" content=\"https:\/\/demoweb.info\/sexshop001\/wp-content\/uploads\/2022\/01\/METAL-WORX-PINZAS-MAGNETICAS-DE-PEZONES.jpg\" \/>\n\t<meta property=\"og:image:width\" content=\"550\" \/>\n\t<meta property=\"og:image:height\" content=\"550\" \/>\n\t<meta property=\"og:image:type\" content=\"image\/jpeg\" \/>\n<meta name=\"twitter:card\" content=\"summary_large_image\" \/>\n<meta name=\"twitter:label1\" content=\"Tiempo de lectura\" \/>\n\t<meta name=\"twitter:data1\" content=\"1 minuto\" \/>\n<script type=\"application\/ld+json\" class=\"yoast-schema-graph\">{\"@context\":\"https:\/\/schema.org\",\"@graph\":[{\"@type\":\"WebPage\",\"@id\":\"https:\/\/demoweb.info\/sexshop001\/producto\/metal-worx-pinzas-magneticas-de-pezones\/\",\"url\":\"https:\/\/demoweb.info\/sexshop001\/producto\/metal-worx-pinzas-magneticas-de-pezones\/\",\"name\":\"METAL WORX PINZAS MAGNETICAS DE PEZONES - Tienda Er\u00f3tica\",\"isPartOf\":{\"@id\":\"https:\/\/demoweb.info\/sexshop001\/#website\"},\"datePublished\":\"2022-01-22T11:30:59+00:00\",\"dateModified\":\"2022-01-22T11:31:03+00:00\",\"breadcrumb\":{\"@id\":\"https:\/\/demoweb.info\/sexshop001\/producto\/metal-worx-pinzas-magneticas-de-pezones\/#breadcrumb\"},\"inLanguage\":\"es\",\"potentialAction\":[{\"@type\":\"ReadAction\",\"target\":[\"https:\/\/demoweb.info\/sexshop001\/producto\/metal-worx-pinzas-magneticas-de-pezones\/\"]}]},{\"@type\":\"BreadcrumbList\",\"@id\":\"https:\/\/demoweb.info\/sexshop001\/producto\/metal-worx-pinzas-magneticas-de-pezones\/#breadcrumb\",\"itemListElement\":[{\"@type\":\"ListItem\",\"position\":1,\"name\":\"Portada\",\"item\":\"https:\/\/demoweb.info\/sexshop001\/\"},{\"@type\":\"ListItem\",\"position\":2,\"name\":\"Tienda\",\"item\":\"https:\/\/demoweb.info\/sexshop001\/tienda\/\"},{\"@type\":\"ListItem\",\"position\":3,\"name\":\"METAL WORX PINZAS MAGNETICAS DE PEZONES\"}]},{\"@type\":\"WebSite\",\"@id\":\"https:\/\/demoweb.info\/sexshop001\/#website\",\"url\":\"https:\/\/demoweb.info\/sexshop001\/\",\"name\":\"Tienda Er\u00f3tica\",\"description\":\"DEMOWEB SL\",\"potentialAction\":[{\"@type\":\"SearchAction\",\"target\":{\"@type\":\"EntryPoint\",\"urlTemplate\":\"https:\/\/demoweb.info\/sexshop001\/?s={search_term_string}\"},\"query-input\":\"required name=search_term_string\"}],\"inLanguage\":\"es\"}]}<\/script>\n<!-- \/ Yoast SEO plugin. -->","yoast_head_json":{"title":"METAL WORX PINZAS MAGNETICAS DE PEZONES - Tienda Er\u00f3tica","robots":{"index":"noindex","follow":"follow","max-snippet":"max-snippet:-1","max-image-preview":"max-image-preview:large","max-video-preview":"max-video-preview:-1"},"og_locale":"es_ES","og_type":"article","og_title":"METAL WORX PINZAS MAGNETICAS DE PEZONES - Tienda Er\u00f3tica","og_description":"METAL WORX MAGNETIC NIPPLE CLAMPS. Dale a la palabra metales preciosos un nuevo significado con este par de pinzas magn\u00e9ticas","og_url":"https:\/\/demoweb.info\/sexshop001\/producto\/metal-worx-pinzas-magneticas-de-pezones\/","og_site_name":"Tienda Er\u00f3tica","article_modified_time":"2022-01-22T11:31:03+00:00","og_image":[{"width":550,"height":550,"url":"https:\/\/demoweb.info\/sexshop001\/wp-content\/uploads\/2022\/01\/METAL-WORX-PINZAS-MAGNETICAS-DE-PEZONES.jpg","type":"image\/jpeg"}],"twitter_card":"summary_large_image","twitter_misc":{"Tiempo de lectura":"1 minuto"},"schema":{"@context":"https:\/\/schema.org","@graph":[{"@type":"WebPage","@id":"https:\/\/demoweb.info\/sexshop001\/producto\/metal-worx-pinzas-magneticas-de-pezones\/","url":"https:\/\/demoweb.info\/sexshop001\/producto\/metal-worx-pinzas-magneticas-de-pezones\/","name":"METAL WORX PINZAS MAGNETICAS DE PEZONES - Tienda Er\u00f3tica","isPartOf":{"@id":"https:\/\/demoweb.info\/sexshop001\/#website"},"datePublished":"2022-01-22T11:30:59+00:00","dateModified":"2022-01-22T11:31:03+00:00","breadcrumb":{"@id":"https:\/\/demoweb.info\/sexshop001\/producto\/metal-worx-pinzas-magneticas-de-pezones\/#breadcrumb"},"inLanguage":"es","potentialAction":[{"@type":"ReadAction","target":["https:\/\/demoweb.info\/sexshop001\/producto\/metal-worx-pinzas-magneticas-de-pezones\/"]}]},{"@type":"BreadcrumbList","@id":"https:\/\/demoweb.info\/sexshop001\/producto\/metal-worx-pinzas-magneticas-de-pezones\/#breadcrumb","itemListElement":[{"@type":"ListItem","position":1,"name":"Portada","item":"https:\/\/demoweb.info\/sexshop001\/"},{"@type":"ListItem","position":2,"name":"Tienda","item":"https:\/\/demoweb.info\/sexshop001\/tienda\/"},{"@type":"ListItem","position":3,"name":"METAL WORX PINZAS MAGNETICAS DE PEZONES"}]},{"@type":"WebSite","@id":"https:\/\/demoweb.info\/sexshop001\/#website","url":"https:\/\/demoweb.info\/sexshop001\/","name":"Tienda Er\u00f3tica","description":"DEMOWEB SL","potentialAction":[{"@type":"SearchAction","target":{"@type":"EntryPoint","urlTemplate":"https:\/\/demoweb.info\/sexshop001\/?s={search_term_string}"},"query-input":"required name=search_term_string"}],"inLanguage":"es"}]}},"_links":{"self":[{"href":"https:\/\/demoweb.info\/sexshop001\/wp-json\/wp\/v3\/product\/29411","targetHints":{"allow":["GET"]}}],"collection":[{"href":"https:\/\/demoweb.info\/sexshop001\/wp-json\/wp\/v3\/product"}],"about":[{"href":"https:\/\/demoweb.info\/sexshop001\/wp-json\/wp\/v2\/types\/product"}],"replies":[{"embeddable":true,"href":"https:\/\/demoweb.info\/sexshop001\/wp-json\/wp\/v2\/comments?post=29411"}],"wp:featuredmedia":[{"embeddable":true,"href":"https:\/\/demoweb.info\/sexshop001\/wp-json\/wp\/v2\/media\/29412"}],"wp:attachment":[{"href":"https:\/\/demoweb.info\/sexshop001\/wp-json\/wp\/v2\/media?parent=29411"}],"wp:term":[{"taxonomy":"product_cat","embeddable":true,"href":"https:\/\/demoweb.info\/sexshop001\/wp-json\/wp\/v2\/product_cat?post=29411"},{"taxonomy":"product_tag","embeddable":true,"href":"https:\/\/demoweb.info\/sexshop001\/wp-json\/wp\/v2\/product_tag?post=29411"}],"curies":[{"name":"wp","href":"https:\/\/api.w.org\/{rel}","templated":true}]}}