{"id":29405,"date":"2022-01-22T12:30:59","date_gmt":"2022-01-22T11:30:59","guid":{"rendered":"https:\/\/demoweb.info\/sexshop001\/producto\/chronomasutra-lesbian-kit\/"},"modified":"2022-01-22T12:31:00","modified_gmt":"2022-01-22T11:31:00","slug":"chronomasutra-lesbian-kit","status":"publish","type":"product","link":"https:\/\/demoweb.info\/sexshop001\/producto\/chronomasutra-lesbian-kit\/","title":{"rendered":"CHRONOMASUTRA LESBIAN KIT"},"content":{"rendered":"<p><strong>CHRONOMASUTRA LESBIAN KIT<\/strong><\/p>\n<p>Lanza el dado y realiza la postura se\u00f1alada, utiliza el reloj de arena para cronometrar, deber\u00e1s realizar la postura se\u00f1alada hasta que el tiempo se agote (1 minuto),tu pareja lanzar\u00e1 el dado para practicar la siguiente posici\u00f3n.<\/p>\n<p>La jugadora que llegue antes al orgasmo pierde la partida.<\/p>\n","protected":false},"excerpt":{"rendered":"<p>CHRONOMASUTRA LESBIAN KIT Lanza el dado y realiza la postura se\u00f1alada, utiliza el reloj de arena para cronometrar, deber\u00e1s realizar<\/p>\n","protected":false},"featured_media":29406,"comment_status":"open","ping_status":"open","template":"","meta":[],"product_cat":[1083],"product_tag":[566,564],"class_list":["post-29405","product","type-product","status-publish","has-post-thumbnail","hentry","product_cat-lesbianas","product_tag-secret-games","product_tag-secret-play"],"bundled_by":[],"bundle_stock_status":"instock","bundle_stock_quantity":2,"bundle_virtual":false,"bundle_layout":"","bundle_add_to_cart_form_location":"","bundle_editable_in_cart":false,"bundle_sold_individually_context":"","bundle_item_grouping":"","bundle_min_size":"","bundle_max_size":"","bundled_items":[],"yoast_head":"<!-- This site is optimized with the Yoast SEO plugin v20.6 - https:\/\/yoast.com\/wordpress\/plugins\/seo\/ -->\n<title>CHRONOMASUTRA LESBIAN KIT - Tienda Er\u00f3tica<\/title>\n<meta name=\"robots\" content=\"noindex, follow, max-snippet:-1, max-image-preview:large, max-video-preview:-1\" \/>\n<meta property=\"og:locale\" content=\"es_ES\" \/>\n<meta property=\"og:type\" content=\"article\" \/>\n<meta property=\"og:title\" content=\"CHRONOMASUTRA LESBIAN KIT - Tienda Er\u00f3tica\" \/>\n<meta property=\"og:description\" content=\"CHRONOMASUTRA LESBIAN KIT Lanza el dado y realiza la postura se\u00f1alada, utiliza el reloj de arena para cronometrar, deber\u00e1s realizar\" \/>\n<meta property=\"og:url\" content=\"https:\/\/demoweb.info\/sexshop001\/producto\/chronomasutra-lesbian-kit\/\" \/>\n<meta property=\"og:site_name\" content=\"Tienda Er\u00f3tica\" \/>\n<meta property=\"article:modified_time\" content=\"2022-01-22T11:31:00+00:00\" \/>\n<meta property=\"og:image\" content=\"https:\/\/demoweb.info\/sexshop001\/wp-content\/uploads\/2022\/01\/CHRONOMASUTRA-LESBIAN-KIT.jpg\" \/>\n\t<meta property=\"og:image:width\" content=\"550\" \/>\n\t<meta property=\"og:image:height\" content=\"550\" \/>\n\t<meta property=\"og:image:type\" content=\"image\/jpeg\" \/>\n<meta name=\"twitter:card\" content=\"summary_large_image\" \/>\n<script type=\"application\/ld+json\" class=\"yoast-schema-graph\">{\"@context\":\"https:\/\/schema.org\",\"@graph\":[{\"@type\":\"WebPage\",\"@id\":\"https:\/\/demoweb.info\/sexshop001\/producto\/chronomasutra-lesbian-kit\/\",\"url\":\"https:\/\/demoweb.info\/sexshop001\/producto\/chronomasutra-lesbian-kit\/\",\"name\":\"CHRONOMASUTRA LESBIAN KIT - Tienda Er\u00f3tica\",\"isPartOf\":{\"@id\":\"https:\/\/demoweb.info\/sexshop001\/#website\"},\"datePublished\":\"2022-01-22T11:30:59+00:00\",\"dateModified\":\"2022-01-22T11:31:00+00:00\",\"breadcrumb\":{\"@id\":\"https:\/\/demoweb.info\/sexshop001\/producto\/chronomasutra-lesbian-kit\/#breadcrumb\"},\"inLanguage\":\"es\",\"potentialAction\":[{\"@type\":\"ReadAction\",\"target\":[\"https:\/\/demoweb.info\/sexshop001\/producto\/chronomasutra-lesbian-kit\/\"]}]},{\"@type\":\"BreadcrumbList\",\"@id\":\"https:\/\/demoweb.info\/sexshop001\/producto\/chronomasutra-lesbian-kit\/#breadcrumb\",\"itemListElement\":[{\"@type\":\"ListItem\",\"position\":1,\"name\":\"Portada\",\"item\":\"https:\/\/demoweb.info\/sexshop001\/\"},{\"@type\":\"ListItem\",\"position\":2,\"name\":\"Tienda\",\"item\":\"https:\/\/demoweb.info\/sexshop001\/tienda\/\"},{\"@type\":\"ListItem\",\"position\":3,\"name\":\"CHRONOMASUTRA LESBIAN KIT\"}]},{\"@type\":\"WebSite\",\"@id\":\"https:\/\/demoweb.info\/sexshop001\/#website\",\"url\":\"https:\/\/demoweb.info\/sexshop001\/\",\"name\":\"Tienda Er\u00f3tica\",\"description\":\"DEMOWEB SL\",\"potentialAction\":[{\"@type\":\"SearchAction\",\"target\":{\"@type\":\"EntryPoint\",\"urlTemplate\":\"https:\/\/demoweb.info\/sexshop001\/?s={search_term_string}\"},\"query-input\":\"required name=search_term_string\"}],\"inLanguage\":\"es\"}]}<\/script>\n<!-- \/ Yoast SEO plugin. -->","yoast_head_json":{"title":"CHRONOMASUTRA LESBIAN KIT - Tienda Er\u00f3tica","robots":{"index":"noindex","follow":"follow","max-snippet":"max-snippet:-1","max-image-preview":"max-image-preview:large","max-video-preview":"max-video-preview:-1"},"og_locale":"es_ES","og_type":"article","og_title":"CHRONOMASUTRA LESBIAN KIT - Tienda Er\u00f3tica","og_description":"CHRONOMASUTRA LESBIAN KIT Lanza el dado y realiza la postura se\u00f1alada, utiliza el reloj de arena para cronometrar, deber\u00e1s realizar","og_url":"https:\/\/demoweb.info\/sexshop001\/producto\/chronomasutra-lesbian-kit\/","og_site_name":"Tienda Er\u00f3tica","article_modified_time":"2022-01-22T11:31:00+00:00","og_image":[{"width":550,"height":550,"url":"https:\/\/demoweb.info\/sexshop001\/wp-content\/uploads\/2022\/01\/CHRONOMASUTRA-LESBIAN-KIT.jpg","type":"image\/jpeg"}],"twitter_card":"summary_large_image","schema":{"@context":"https:\/\/schema.org","@graph":[{"@type":"WebPage","@id":"https:\/\/demoweb.info\/sexshop001\/producto\/chronomasutra-lesbian-kit\/","url":"https:\/\/demoweb.info\/sexshop001\/producto\/chronomasutra-lesbian-kit\/","name":"CHRONOMASUTRA LESBIAN KIT - Tienda Er\u00f3tica","isPartOf":{"@id":"https:\/\/demoweb.info\/sexshop001\/#website"},"datePublished":"2022-01-22T11:30:59+00:00","dateModified":"2022-01-22T11:31:00+00:00","breadcrumb":{"@id":"https:\/\/demoweb.info\/sexshop001\/producto\/chronomasutra-lesbian-kit\/#breadcrumb"},"inLanguage":"es","potentialAction":[{"@type":"ReadAction","target":["https:\/\/demoweb.info\/sexshop001\/producto\/chronomasutra-lesbian-kit\/"]}]},{"@type":"BreadcrumbList","@id":"https:\/\/demoweb.info\/sexshop001\/producto\/chronomasutra-lesbian-kit\/#breadcrumb","itemListElement":[{"@type":"ListItem","position":1,"name":"Portada","item":"https:\/\/demoweb.info\/sexshop001\/"},{"@type":"ListItem","position":2,"name":"Tienda","item":"https:\/\/demoweb.info\/sexshop001\/tienda\/"},{"@type":"ListItem","position":3,"name":"CHRONOMASUTRA LESBIAN KIT"}]},{"@type":"WebSite","@id":"https:\/\/demoweb.info\/sexshop001\/#website","url":"https:\/\/demoweb.info\/sexshop001\/","name":"Tienda Er\u00f3tica","description":"DEMOWEB SL","potentialAction":[{"@type":"SearchAction","target":{"@type":"EntryPoint","urlTemplate":"https:\/\/demoweb.info\/sexshop001\/?s={search_term_string}"},"query-input":"required name=search_term_string"}],"inLanguage":"es"}]}},"_links":{"self":[{"href":"https:\/\/demoweb.info\/sexshop001\/wp-json\/wp\/v3\/product\/29405","targetHints":{"allow":["GET"]}}],"collection":[{"href":"https:\/\/demoweb.info\/sexshop001\/wp-json\/wp\/v3\/product"}],"about":[{"href":"https:\/\/demoweb.info\/sexshop001\/wp-json\/wp\/v2\/types\/product"}],"replies":[{"embeddable":true,"href":"https:\/\/demoweb.info\/sexshop001\/wp-json\/wp\/v2\/comments?post=29405"}],"wp:featuredmedia":[{"embeddable":true,"href":"https:\/\/demoweb.info\/sexshop001\/wp-json\/wp\/v2\/media\/29406"}],"wp:attachment":[{"href":"https:\/\/demoweb.info\/sexshop001\/wp-json\/wp\/v2\/media?parent=29405"}],"wp:term":[{"taxonomy":"product_cat","embeddable":true,"href":"https:\/\/demoweb.info\/sexshop001\/wp-json\/wp\/v2\/product_cat?post=29405"},{"taxonomy":"product_tag","embeddable":true,"href":"https:\/\/demoweb.info\/sexshop001\/wp-json\/wp\/v2\/product_tag?post=29405"}],"curies":[{"name":"wp","href":"https:\/\/api.w.org\/{rel}","templated":true}]}}