{"id":29403,"date":"2022-01-22T12:30:59","date_gmt":"2022-01-22T11:30:59","guid":{"rendered":"https:\/\/demoweb.info\/sexshop001\/producto\/dado-kamasutra-lesbian-25mm\/"},"modified":"2022-01-22T12:30:59","modified_gmt":"2022-01-22T11:30:59","slug":"dado-kamasutra-lesbian-25mm","status":"publish","type":"product","link":"https:\/\/demoweb.info\/sexshop001\/producto\/dado-kamasutra-lesbian-25mm\/","title":{"rendered":"DADO KAMASUTRA LESBIAN 25MM"},"content":{"rendered":"<p><strong>DADO KAMASUTRA LESBIAN 25MM<\/strong><\/p>\n<p>\u00a1DADOS DE LA PASI\u00d3N!<\/p>\n<p>\u00bfQu\u00e9 postura hacemos hoy? Disfrutad del azar de los dados, una gran soluci\u00f3n para las indecisiones sexuales. <\/p>\n<p>Estos dados de 25 mm. te sorpreder\u00e1n por su sencillez, puedes llevarlos a cualquier parte y os dar\u00e1n muchas alegr\u00edas&#8230;<\/p>\n","protected":false},"excerpt":{"rendered":"<p>DADO KAMASUTRA LESBIAN 25MM \u00a1DADOS DE LA PASI\u00d3N! \u00bfQu\u00e9 postura hacemos hoy? Disfrutad del azar de los dados, una gran<\/p>\n","protected":false},"featured_media":29404,"comment_status":"open","ping_status":"open","template":"","meta":[],"product_cat":[382],"product_tag":[566,564],"class_list":["post-29403","product","type-product","status-publish","has-post-thumbnail","hentry","product_cat-dados","product_tag-secret-games","product_tag-secret-play"],"bundled_by":[],"bundle_stock_status":"instock","bundle_stock_quantity":4,"bundle_virtual":false,"bundle_layout":"","bundle_add_to_cart_form_location":"","bundle_editable_in_cart":false,"bundle_sold_individually_context":"","bundle_item_grouping":"","bundle_min_size":"","bundle_max_size":"","bundled_items":[],"yoast_head":"<!-- This site is optimized with the Yoast SEO plugin v20.6 - https:\/\/yoast.com\/wordpress\/plugins\/seo\/ -->\n<title>DADO KAMASUTRA LESBIAN 25MM - Tienda Er\u00f3tica<\/title>\n<meta name=\"robots\" content=\"noindex, follow, max-snippet:-1, max-image-preview:large, max-video-preview:-1\" \/>\n<meta property=\"og:locale\" content=\"es_ES\" \/>\n<meta property=\"og:type\" content=\"article\" \/>\n<meta property=\"og:title\" content=\"DADO KAMASUTRA LESBIAN 25MM - Tienda Er\u00f3tica\" \/>\n<meta property=\"og:description\" content=\"DADO KAMASUTRA LESBIAN 25MM \u00a1DADOS DE LA PASI\u00d3N! \u00bfQu\u00e9 postura hacemos hoy? Disfrutad del azar de los dados, una gran\" \/>\n<meta property=\"og:url\" content=\"https:\/\/demoweb.info\/sexshop001\/producto\/dado-kamasutra-lesbian-25mm\/\" \/>\n<meta property=\"og:site_name\" content=\"Tienda Er\u00f3tica\" \/>\n<meta property=\"og:image\" content=\"https:\/\/demoweb.info\/sexshop001\/wp-content\/uploads\/2022\/01\/DADO-KAMASUTRA-LESBIAN-25MM.jpg\" \/>\n\t<meta property=\"og:image:width\" content=\"550\" \/>\n\t<meta property=\"og:image:height\" content=\"550\" \/>\n\t<meta property=\"og:image:type\" content=\"image\/jpeg\" \/>\n<meta name=\"twitter:card\" content=\"summary_large_image\" \/>\n<script type=\"application\/ld+json\" class=\"yoast-schema-graph\">{\"@context\":\"https:\/\/schema.org\",\"@graph\":[{\"@type\":\"WebPage\",\"@id\":\"https:\/\/demoweb.info\/sexshop001\/producto\/dado-kamasutra-lesbian-25mm\/\",\"url\":\"https:\/\/demoweb.info\/sexshop001\/producto\/dado-kamasutra-lesbian-25mm\/\",\"name\":\"DADO KAMASUTRA LESBIAN 25MM - Tienda Er\u00f3tica\",\"isPartOf\":{\"@id\":\"https:\/\/demoweb.info\/sexshop001\/#website\"},\"datePublished\":\"2022-01-22T11:30:59+00:00\",\"dateModified\":\"2022-01-22T11:30:59+00:00\",\"breadcrumb\":{\"@id\":\"https:\/\/demoweb.info\/sexshop001\/producto\/dado-kamasutra-lesbian-25mm\/#breadcrumb\"},\"inLanguage\":\"es\",\"potentialAction\":[{\"@type\":\"ReadAction\",\"target\":[\"https:\/\/demoweb.info\/sexshop001\/producto\/dado-kamasutra-lesbian-25mm\/\"]}]},{\"@type\":\"BreadcrumbList\",\"@id\":\"https:\/\/demoweb.info\/sexshop001\/producto\/dado-kamasutra-lesbian-25mm\/#breadcrumb\",\"itemListElement\":[{\"@type\":\"ListItem\",\"position\":1,\"name\":\"Portada\",\"item\":\"https:\/\/demoweb.info\/sexshop001\/\"},{\"@type\":\"ListItem\",\"position\":2,\"name\":\"Tienda\",\"item\":\"https:\/\/demoweb.info\/sexshop001\/tienda\/\"},{\"@type\":\"ListItem\",\"position\":3,\"name\":\"DADO KAMASUTRA LESBIAN 25MM\"}]},{\"@type\":\"WebSite\",\"@id\":\"https:\/\/demoweb.info\/sexshop001\/#website\",\"url\":\"https:\/\/demoweb.info\/sexshop001\/\",\"name\":\"Tienda Er\u00f3tica\",\"description\":\"DEMOWEB SL\",\"potentialAction\":[{\"@type\":\"SearchAction\",\"target\":{\"@type\":\"EntryPoint\",\"urlTemplate\":\"https:\/\/demoweb.info\/sexshop001\/?s={search_term_string}\"},\"query-input\":\"required name=search_term_string\"}],\"inLanguage\":\"es\"}]}<\/script>\n<!-- \/ Yoast SEO plugin. -->","yoast_head_json":{"title":"DADO KAMASUTRA LESBIAN 25MM - Tienda Er\u00f3tica","robots":{"index":"noindex","follow":"follow","max-snippet":"max-snippet:-1","max-image-preview":"max-image-preview:large","max-video-preview":"max-video-preview:-1"},"og_locale":"es_ES","og_type":"article","og_title":"DADO KAMASUTRA LESBIAN 25MM - Tienda Er\u00f3tica","og_description":"DADO KAMASUTRA LESBIAN 25MM \u00a1DADOS DE LA PASI\u00d3N! \u00bfQu\u00e9 postura hacemos hoy? Disfrutad del azar de los dados, una gran","og_url":"https:\/\/demoweb.info\/sexshop001\/producto\/dado-kamasutra-lesbian-25mm\/","og_site_name":"Tienda Er\u00f3tica","og_image":[{"width":550,"height":550,"url":"https:\/\/demoweb.info\/sexshop001\/wp-content\/uploads\/2022\/01\/DADO-KAMASUTRA-LESBIAN-25MM.jpg","type":"image\/jpeg"}],"twitter_card":"summary_large_image","schema":{"@context":"https:\/\/schema.org","@graph":[{"@type":"WebPage","@id":"https:\/\/demoweb.info\/sexshop001\/producto\/dado-kamasutra-lesbian-25mm\/","url":"https:\/\/demoweb.info\/sexshop001\/producto\/dado-kamasutra-lesbian-25mm\/","name":"DADO KAMASUTRA LESBIAN 25MM - Tienda Er\u00f3tica","isPartOf":{"@id":"https:\/\/demoweb.info\/sexshop001\/#website"},"datePublished":"2022-01-22T11:30:59+00:00","dateModified":"2022-01-22T11:30:59+00:00","breadcrumb":{"@id":"https:\/\/demoweb.info\/sexshop001\/producto\/dado-kamasutra-lesbian-25mm\/#breadcrumb"},"inLanguage":"es","potentialAction":[{"@type":"ReadAction","target":["https:\/\/demoweb.info\/sexshop001\/producto\/dado-kamasutra-lesbian-25mm\/"]}]},{"@type":"BreadcrumbList","@id":"https:\/\/demoweb.info\/sexshop001\/producto\/dado-kamasutra-lesbian-25mm\/#breadcrumb","itemListElement":[{"@type":"ListItem","position":1,"name":"Portada","item":"https:\/\/demoweb.info\/sexshop001\/"},{"@type":"ListItem","position":2,"name":"Tienda","item":"https:\/\/demoweb.info\/sexshop001\/tienda\/"},{"@type":"ListItem","position":3,"name":"DADO KAMASUTRA LESBIAN 25MM"}]},{"@type":"WebSite","@id":"https:\/\/demoweb.info\/sexshop001\/#website","url":"https:\/\/demoweb.info\/sexshop001\/","name":"Tienda Er\u00f3tica","description":"DEMOWEB SL","potentialAction":[{"@type":"SearchAction","target":{"@type":"EntryPoint","urlTemplate":"https:\/\/demoweb.info\/sexshop001\/?s={search_term_string}"},"query-input":"required name=search_term_string"}],"inLanguage":"es"}]}},"_links":{"self":[{"href":"https:\/\/demoweb.info\/sexshop001\/wp-json\/wp\/v3\/product\/29403","targetHints":{"allow":["GET"]}}],"collection":[{"href":"https:\/\/demoweb.info\/sexshop001\/wp-json\/wp\/v3\/product"}],"about":[{"href":"https:\/\/demoweb.info\/sexshop001\/wp-json\/wp\/v2\/types\/product"}],"replies":[{"embeddable":true,"href":"https:\/\/demoweb.info\/sexshop001\/wp-json\/wp\/v2\/comments?post=29403"}],"wp:featuredmedia":[{"embeddable":true,"href":"https:\/\/demoweb.info\/sexshop001\/wp-json\/wp\/v2\/media\/29404"}],"wp:attachment":[{"href":"https:\/\/demoweb.info\/sexshop001\/wp-json\/wp\/v2\/media?parent=29403"}],"wp:term":[{"taxonomy":"product_cat","embeddable":true,"href":"https:\/\/demoweb.info\/sexshop001\/wp-json\/wp\/v2\/product_cat?post=29403"},{"taxonomy":"product_tag","embeddable":true,"href":"https:\/\/demoweb.info\/sexshop001\/wp-json\/wp\/v2\/product_tag?post=29403"}],"curies":[{"name":"wp","href":"https:\/\/api.w.org\/{rel}","templated":true}]}}