{"id":29349,"date":"2022-01-22T12:30:27","date_gmt":"2022-01-22T11:30:27","guid":{"rendered":"https:\/\/demoweb.info\/sexshop001\/producto\/lelo-hombre-tor-2-negro\/"},"modified":"2022-01-22T12:30:28","modified_gmt":"2022-01-22T11:30:28","slug":"lelo-hombre-tor-2-negro","status":"publish","type":"product","link":"https:\/\/demoweb.info\/sexshop001\/producto\/lelo-hombre-tor-2-negro\/","title":{"rendered":"LELO HOMBRE TOR 2 NEGRO"},"content":{"rendered":"<p><strong>LELO HOMME TOR 2 BLACK<\/strong>, es el primer anillo del mundo para parejas, recargable y resistente al agua, que adem\u00e1s ofrece vibraciones con el doble de potencia que las de cualquier otro objeto de este estilo. El original <strong>TOR de LELO<\/strong> ya era el anillo para parejas m\u00e1s exclusivo del mercado y ahora los dise\u00f1adores suecos han mejorado m\u00e1s all\u00e1 su desempe\u00f1o.<\/p>\n<p>Creado para ser llevado por el hombre mientras hace el amor, su dise\u00f1o en silicona extra suave se adapta c\u00f3modamente a todos los tama\u00f1os, aportando una mayor presencia para \u00e9l y sensaciones fabulosas para ella, adem\u00e1s su dise\u00f1o totalmente resistente al agua posee un interfaz de control f\u00e1cil de usar y 6 modos de estimulaci\u00f3n. <strong>TOR 2 <\/strong>puede presumir tambi\u00e9n de longevidad, pues su vida \u00fatil equivale a la de unos 10.000 anillos desechables, lo que le convierte en una aut\u00e9ntica y muy rentable inversi\u00f3n en placer a corto, medio y largo plazo.<\/p>\n<p>Como ocurre con todos los objetos de placer <strong>LELO<\/strong>, <strong>TOR 2<\/strong> est\u00e1 dise\u00f1ado para proporcionar total tranquilidad en cualquier situaci\u00f3n y bajo cualquier circunstancia. Fabricado con pl\u00e1stico PC-ABS\/ silicona aprobados por la FDA y libres de ftalato, <strong>TOR 2<\/strong> proporciona 2 horas de vibraciones pr\u00e1cticamente silenciosas tras un tiempo de carga de apenas 2 horas. La velocidad y la intensidad se regulan f\u00e1cilmente mediante un intuitivo disco de control, y ambas funciones pueden bloquearse completamente para garantizar un discreto transporte del objeto en todo momento.<\/p>\n<p>Al igual que todos los productos <strong>LELO<\/strong>, <strong>TOR 2<\/strong> se presenta en una preciosa caja de regalo con una bolsita de sat\u00e9n y garant\u00eda total de un a\u00f1o.<\/p>\n","protected":false},"excerpt":{"rendered":"<p>LELO HOMME TOR 2 BLACK, es el primer anillo del mundo para parejas, recargable y resistente al agua, que adem\u00e1s<\/p>\n","protected":false},"featured_media":29350,"comment_status":"open","ping_status":"open","template":"","meta":[],"product_cat":[502],"product_tag":[406],"class_list":["post-29349","product","type-product","status-publish","has-post-thumbnail","hentry","product_cat-luxury","product_tag-lelo"],"bundled_by":[],"bundle_stock_status":"instock","bundle_stock_quantity":1,"bundle_virtual":false,"bundle_layout":"","bundle_add_to_cart_form_location":"","bundle_editable_in_cart":false,"bundle_sold_individually_context":"","bundle_item_grouping":"","bundle_min_size":"","bundle_max_size":"","bundled_items":[],"yoast_head":"<!-- This site is optimized with the Yoast SEO plugin v20.6 - https:\/\/yoast.com\/wordpress\/plugins\/seo\/ -->\n<title>LELO HOMBRE TOR 2 NEGRO - Tienda Er\u00f3tica<\/title>\n<meta name=\"robots\" content=\"noindex, follow, max-snippet:-1, max-image-preview:large, max-video-preview:-1\" \/>\n<meta property=\"og:locale\" content=\"es_ES\" \/>\n<meta property=\"og:type\" content=\"article\" \/>\n<meta property=\"og:title\" content=\"LELO HOMBRE TOR 2 NEGRO - Tienda Er\u00f3tica\" \/>\n<meta property=\"og:description\" content=\"LELO HOMME TOR 2 BLACK, es el primer anillo del mundo para parejas, recargable y resistente al agua, que adem\u00e1s\" \/>\n<meta property=\"og:url\" content=\"https:\/\/demoweb.info\/sexshop001\/producto\/lelo-hombre-tor-2-negro\/\" \/>\n<meta property=\"og:site_name\" content=\"Tienda Er\u00f3tica\" \/>\n<meta property=\"article:modified_time\" content=\"2022-01-22T11:30:28+00:00\" \/>\n<meta property=\"og:image\" content=\"https:\/\/demoweb.info\/sexshop001\/wp-content\/uploads\/2022\/01\/LELO-HOMBRE-TOR-2-NEGRO.jpg\" \/>\n\t<meta property=\"og:image:width\" content=\"550\" \/>\n\t<meta property=\"og:image:height\" content=\"550\" \/>\n\t<meta property=\"og:image:type\" content=\"image\/jpeg\" \/>\n<meta name=\"twitter:card\" content=\"summary_large_image\" \/>\n<meta name=\"twitter:label1\" content=\"Tiempo de lectura\" \/>\n\t<meta name=\"twitter:data1\" content=\"1 minuto\" \/>\n<script type=\"application\/ld+json\" class=\"yoast-schema-graph\">{\"@context\":\"https:\/\/schema.org\",\"@graph\":[{\"@type\":\"WebPage\",\"@id\":\"https:\/\/demoweb.info\/sexshop001\/producto\/lelo-hombre-tor-2-negro\/\",\"url\":\"https:\/\/demoweb.info\/sexshop001\/producto\/lelo-hombre-tor-2-negro\/\",\"name\":\"LELO HOMBRE TOR 2 NEGRO - Tienda Er\u00f3tica\",\"isPartOf\":{\"@id\":\"https:\/\/demoweb.info\/sexshop001\/#website\"},\"datePublished\":\"2022-01-22T11:30:27+00:00\",\"dateModified\":\"2022-01-22T11:30:28+00:00\",\"breadcrumb\":{\"@id\":\"https:\/\/demoweb.info\/sexshop001\/producto\/lelo-hombre-tor-2-negro\/#breadcrumb\"},\"inLanguage\":\"es\",\"potentialAction\":[{\"@type\":\"ReadAction\",\"target\":[\"https:\/\/demoweb.info\/sexshop001\/producto\/lelo-hombre-tor-2-negro\/\"]}]},{\"@type\":\"BreadcrumbList\",\"@id\":\"https:\/\/demoweb.info\/sexshop001\/producto\/lelo-hombre-tor-2-negro\/#breadcrumb\",\"itemListElement\":[{\"@type\":\"ListItem\",\"position\":1,\"name\":\"Portada\",\"item\":\"https:\/\/demoweb.info\/sexshop001\/\"},{\"@type\":\"ListItem\",\"position\":2,\"name\":\"Tienda\",\"item\":\"https:\/\/demoweb.info\/sexshop001\/tienda\/\"},{\"@type\":\"ListItem\",\"position\":3,\"name\":\"LELO HOMBRE TOR 2 NEGRO\"}]},{\"@type\":\"WebSite\",\"@id\":\"https:\/\/demoweb.info\/sexshop001\/#website\",\"url\":\"https:\/\/demoweb.info\/sexshop001\/\",\"name\":\"Tienda Er\u00f3tica\",\"description\":\"DEMOWEB SL\",\"potentialAction\":[{\"@type\":\"SearchAction\",\"target\":{\"@type\":\"EntryPoint\",\"urlTemplate\":\"https:\/\/demoweb.info\/sexshop001\/?s={search_term_string}\"},\"query-input\":\"required name=search_term_string\"}],\"inLanguage\":\"es\"}]}<\/script>\n<!-- \/ Yoast SEO plugin. -->","yoast_head_json":{"title":"LELO HOMBRE TOR 2 NEGRO - Tienda Er\u00f3tica","robots":{"index":"noindex","follow":"follow","max-snippet":"max-snippet:-1","max-image-preview":"max-image-preview:large","max-video-preview":"max-video-preview:-1"},"og_locale":"es_ES","og_type":"article","og_title":"LELO HOMBRE TOR 2 NEGRO - Tienda Er\u00f3tica","og_description":"LELO HOMME TOR 2 BLACK, es el primer anillo del mundo para parejas, recargable y resistente al agua, que adem\u00e1s","og_url":"https:\/\/demoweb.info\/sexshop001\/producto\/lelo-hombre-tor-2-negro\/","og_site_name":"Tienda Er\u00f3tica","article_modified_time":"2022-01-22T11:30:28+00:00","og_image":[{"width":550,"height":550,"url":"https:\/\/demoweb.info\/sexshop001\/wp-content\/uploads\/2022\/01\/LELO-HOMBRE-TOR-2-NEGRO.jpg","type":"image\/jpeg"}],"twitter_card":"summary_large_image","twitter_misc":{"Tiempo de lectura":"1 minuto"},"schema":{"@context":"https:\/\/schema.org","@graph":[{"@type":"WebPage","@id":"https:\/\/demoweb.info\/sexshop001\/producto\/lelo-hombre-tor-2-negro\/","url":"https:\/\/demoweb.info\/sexshop001\/producto\/lelo-hombre-tor-2-negro\/","name":"LELO HOMBRE TOR 2 NEGRO - Tienda Er\u00f3tica","isPartOf":{"@id":"https:\/\/demoweb.info\/sexshop001\/#website"},"datePublished":"2022-01-22T11:30:27+00:00","dateModified":"2022-01-22T11:30:28+00:00","breadcrumb":{"@id":"https:\/\/demoweb.info\/sexshop001\/producto\/lelo-hombre-tor-2-negro\/#breadcrumb"},"inLanguage":"es","potentialAction":[{"@type":"ReadAction","target":["https:\/\/demoweb.info\/sexshop001\/producto\/lelo-hombre-tor-2-negro\/"]}]},{"@type":"BreadcrumbList","@id":"https:\/\/demoweb.info\/sexshop001\/producto\/lelo-hombre-tor-2-negro\/#breadcrumb","itemListElement":[{"@type":"ListItem","position":1,"name":"Portada","item":"https:\/\/demoweb.info\/sexshop001\/"},{"@type":"ListItem","position":2,"name":"Tienda","item":"https:\/\/demoweb.info\/sexshop001\/tienda\/"},{"@type":"ListItem","position":3,"name":"LELO HOMBRE TOR 2 NEGRO"}]},{"@type":"WebSite","@id":"https:\/\/demoweb.info\/sexshop001\/#website","url":"https:\/\/demoweb.info\/sexshop001\/","name":"Tienda Er\u00f3tica","description":"DEMOWEB SL","potentialAction":[{"@type":"SearchAction","target":{"@type":"EntryPoint","urlTemplate":"https:\/\/demoweb.info\/sexshop001\/?s={search_term_string}"},"query-input":"required name=search_term_string"}],"inLanguage":"es"}]}},"_links":{"self":[{"href":"https:\/\/demoweb.info\/sexshop001\/wp-json\/wp\/v3\/product\/29349","targetHints":{"allow":["GET"]}}],"collection":[{"href":"https:\/\/demoweb.info\/sexshop001\/wp-json\/wp\/v3\/product"}],"about":[{"href":"https:\/\/demoweb.info\/sexshop001\/wp-json\/wp\/v2\/types\/product"}],"replies":[{"embeddable":true,"href":"https:\/\/demoweb.info\/sexshop001\/wp-json\/wp\/v2\/comments?post=29349"}],"wp:featuredmedia":[{"embeddable":true,"href":"https:\/\/demoweb.info\/sexshop001\/wp-json\/wp\/v2\/media\/29350"}],"wp:attachment":[{"href":"https:\/\/demoweb.info\/sexshop001\/wp-json\/wp\/v2\/media?parent=29349"}],"wp:term":[{"taxonomy":"product_cat","embeddable":true,"href":"https:\/\/demoweb.info\/sexshop001\/wp-json\/wp\/v2\/product_cat?post=29349"},{"taxonomy":"product_tag","embeddable":true,"href":"https:\/\/demoweb.info\/sexshop001\/wp-json\/wp\/v2\/product_tag?post=29349"}],"curies":[{"name":"wp","href":"https:\/\/api.w.org\/{rel}","templated":true}]}}