{"id":29347,"date":"2022-01-22T12:30:27","date_gmt":"2022-01-22T11:30:27","guid":{"rendered":"https:\/\/demoweb.info\/sexshop001\/producto\/dosificador-gel-body-ars-natural-500ml-base-de-agua\/"},"modified":"2022-01-22T12:30:27","modified_gmt":"2022-01-22T11:30:27","slug":"dosificador-gel-body-ars-natural-500ml-base-de-agua","status":"publish","type":"product","link":"https:\/\/demoweb.info\/sexshop001\/producto\/dosificador-gel-body-ars-natural-500ml-base-de-agua\/","title":{"rendered":"DOSIFICADOR GEL BODY ARS NATURAL 500ML &#8211; BASE DE AGUA"},"content":{"rendered":"<p><strong>DOSIFICADOR GEL BODY ARS NATURAL WATERBASED<\/strong><\/p>\n<p>El lubricante Body Ars gel cuenta con gran efecto de lubricaci\u00f3n gracias a materiales como los pol\u00edmeros celul\u00f3sicos y la glicerina sobre una base acuosa.<\/p>\n<p>La acci\u00f3n conjunta de sus componentes produce una sensaci\u00f3n de lubricaci\u00f3n m\u00e1s duradera, m\u00e1s placentera, dejando la piel suave y sedosa. Con materiales naturales es de r\u00e1pida absorci\u00f3n y es perfecta para las pieles sensibles.<\/p>\n<p>No mancha y es muy f\u00e1cil de limpiar con un pa\u00f1uelo de papel o tela, seco o humedecido. Body Ars gel es un lubricante que no contiene aceites por lo que es totalmente compatible con el l\u00e1tex, la silicona y dem\u00e1s materiales que componen preservativos o juguetes.<\/p>\n<p>Caracter\u00edsticas:<\/p>\n<ul>\n<li>500 ml<\/li>\n<li>Base de agua<\/li>\n<li>Con pol\u00edmeros celul\u00f3sicos y la glicerina<\/li>\n<li>Lubricaci\u00f3n duradera<\/li>\n<li>R\u00e1pida absorci\u00f3n<\/li>\n<li>Compatibles con preservativos y juguetes de l\u00e1tex<\/li>\n<li>Apto para pieles sensibles<\/li>\n<\/ul>\n","protected":false},"excerpt":{"rendered":"<p>DOSIFICADOR GEL BODY ARS NATURAL WATERBASED El lubricante Body Ars gel cuenta con gran efecto de lubricaci\u00f3n gracias a materiales<\/p>\n","protected":false},"featured_media":29348,"comment_status":"open","ping_status":"open","template":"","meta":[],"product_cat":[268],"product_tag":[835],"class_list":["post-29347","product","type-product","status-publish","has-post-thumbnail","hentry","product_cat-base-agua-lubricantes-aceites-y-lubricantes","product_tag-body-ars"],"bundled_by":[],"bundle_stock_status":"instock","bundle_stock_quantity":3,"bundle_virtual":false,"bundle_layout":"","bundle_add_to_cart_form_location":"","bundle_editable_in_cart":false,"bundle_sold_individually_context":"","bundle_item_grouping":"","bundle_min_size":"","bundle_max_size":"","bundled_items":[],"yoast_head":"<!-- This site is optimized with the Yoast SEO plugin v20.6 - https:\/\/yoast.com\/wordpress\/plugins\/seo\/ -->\n<title>DOSIFICADOR GEL BODY ARS NATURAL 500ML - BASE DE AGUA - Tienda Er\u00f3tica<\/title>\n<meta name=\"robots\" content=\"noindex, follow, max-snippet:-1, max-image-preview:large, max-video-preview:-1\" \/>\n<meta property=\"og:locale\" content=\"es_ES\" \/>\n<meta property=\"og:type\" content=\"article\" \/>\n<meta property=\"og:title\" content=\"DOSIFICADOR GEL BODY ARS NATURAL 500ML - BASE DE AGUA - Tienda Er\u00f3tica\" \/>\n<meta property=\"og:description\" content=\"DOSIFICADOR GEL BODY ARS NATURAL WATERBASED El lubricante Body Ars gel cuenta con gran efecto de lubricaci\u00f3n gracias a materiales\" \/>\n<meta property=\"og:url\" content=\"https:\/\/demoweb.info\/sexshop001\/producto\/dosificador-gel-body-ars-natural-500ml-base-de-agua\/\" \/>\n<meta property=\"og:site_name\" content=\"Tienda Er\u00f3tica\" \/>\n<meta property=\"og:image\" content=\"https:\/\/demoweb.info\/sexshop001\/wp-content\/uploads\/2022\/01\/DOSIFICADOR-GEL-BODY-ARS-NATURAL-500ML-BASE-DE-AGUA.jpg\" \/>\n\t<meta property=\"og:image:width\" content=\"550\" \/>\n\t<meta property=\"og:image:height\" content=\"550\" \/>\n\t<meta property=\"og:image:type\" content=\"image\/jpeg\" \/>\n<meta name=\"twitter:card\" content=\"summary_large_image\" \/>\n<meta name=\"twitter:label1\" content=\"Tiempo de lectura\" \/>\n\t<meta name=\"twitter:data1\" content=\"1 minuto\" \/>\n<script type=\"application\/ld+json\" class=\"yoast-schema-graph\">{\"@context\":\"https:\/\/schema.org\",\"@graph\":[{\"@type\":\"WebPage\",\"@id\":\"https:\/\/demoweb.info\/sexshop001\/producto\/dosificador-gel-body-ars-natural-500ml-base-de-agua\/\",\"url\":\"https:\/\/demoweb.info\/sexshop001\/producto\/dosificador-gel-body-ars-natural-500ml-base-de-agua\/\",\"name\":\"DOSIFICADOR GEL BODY ARS NATURAL 500ML - BASE DE AGUA - Tienda Er\u00f3tica\",\"isPartOf\":{\"@id\":\"https:\/\/demoweb.info\/sexshop001\/#website\"},\"datePublished\":\"2022-01-22T11:30:27+00:00\",\"dateModified\":\"2022-01-22T11:30:27+00:00\",\"breadcrumb\":{\"@id\":\"https:\/\/demoweb.info\/sexshop001\/producto\/dosificador-gel-body-ars-natural-500ml-base-de-agua\/#breadcrumb\"},\"inLanguage\":\"es\",\"potentialAction\":[{\"@type\":\"ReadAction\",\"target\":[\"https:\/\/demoweb.info\/sexshop001\/producto\/dosificador-gel-body-ars-natural-500ml-base-de-agua\/\"]}]},{\"@type\":\"BreadcrumbList\",\"@id\":\"https:\/\/demoweb.info\/sexshop001\/producto\/dosificador-gel-body-ars-natural-500ml-base-de-agua\/#breadcrumb\",\"itemListElement\":[{\"@type\":\"ListItem\",\"position\":1,\"name\":\"Portada\",\"item\":\"https:\/\/demoweb.info\/sexshop001\/\"},{\"@type\":\"ListItem\",\"position\":2,\"name\":\"Tienda\",\"item\":\"https:\/\/demoweb.info\/sexshop001\/tienda\/\"},{\"@type\":\"ListItem\",\"position\":3,\"name\":\"DOSIFICADOR GEL BODY ARS NATURAL 500ML &#8211; BASE DE AGUA\"}]},{\"@type\":\"WebSite\",\"@id\":\"https:\/\/demoweb.info\/sexshop001\/#website\",\"url\":\"https:\/\/demoweb.info\/sexshop001\/\",\"name\":\"Tienda Er\u00f3tica\",\"description\":\"DEMOWEB SL\",\"potentialAction\":[{\"@type\":\"SearchAction\",\"target\":{\"@type\":\"EntryPoint\",\"urlTemplate\":\"https:\/\/demoweb.info\/sexshop001\/?s={search_term_string}\"},\"query-input\":\"required name=search_term_string\"}],\"inLanguage\":\"es\"}]}<\/script>\n<!-- \/ Yoast SEO plugin. -->","yoast_head_json":{"title":"DOSIFICADOR GEL BODY ARS NATURAL 500ML - BASE DE AGUA - Tienda Er\u00f3tica","robots":{"index":"noindex","follow":"follow","max-snippet":"max-snippet:-1","max-image-preview":"max-image-preview:large","max-video-preview":"max-video-preview:-1"},"og_locale":"es_ES","og_type":"article","og_title":"DOSIFICADOR GEL BODY ARS NATURAL 500ML - BASE DE AGUA - Tienda Er\u00f3tica","og_description":"DOSIFICADOR GEL BODY ARS NATURAL WATERBASED El lubricante Body Ars gel cuenta con gran efecto de lubricaci\u00f3n gracias a materiales","og_url":"https:\/\/demoweb.info\/sexshop001\/producto\/dosificador-gel-body-ars-natural-500ml-base-de-agua\/","og_site_name":"Tienda Er\u00f3tica","og_image":[{"width":550,"height":550,"url":"https:\/\/demoweb.info\/sexshop001\/wp-content\/uploads\/2022\/01\/DOSIFICADOR-GEL-BODY-ARS-NATURAL-500ML-BASE-DE-AGUA.jpg","type":"image\/jpeg"}],"twitter_card":"summary_large_image","twitter_misc":{"Tiempo de lectura":"1 minuto"},"schema":{"@context":"https:\/\/schema.org","@graph":[{"@type":"WebPage","@id":"https:\/\/demoweb.info\/sexshop001\/producto\/dosificador-gel-body-ars-natural-500ml-base-de-agua\/","url":"https:\/\/demoweb.info\/sexshop001\/producto\/dosificador-gel-body-ars-natural-500ml-base-de-agua\/","name":"DOSIFICADOR GEL BODY ARS NATURAL 500ML - BASE DE AGUA - Tienda Er\u00f3tica","isPartOf":{"@id":"https:\/\/demoweb.info\/sexshop001\/#website"},"datePublished":"2022-01-22T11:30:27+00:00","dateModified":"2022-01-22T11:30:27+00:00","breadcrumb":{"@id":"https:\/\/demoweb.info\/sexshop001\/producto\/dosificador-gel-body-ars-natural-500ml-base-de-agua\/#breadcrumb"},"inLanguage":"es","potentialAction":[{"@type":"ReadAction","target":["https:\/\/demoweb.info\/sexshop001\/producto\/dosificador-gel-body-ars-natural-500ml-base-de-agua\/"]}]},{"@type":"BreadcrumbList","@id":"https:\/\/demoweb.info\/sexshop001\/producto\/dosificador-gel-body-ars-natural-500ml-base-de-agua\/#breadcrumb","itemListElement":[{"@type":"ListItem","position":1,"name":"Portada","item":"https:\/\/demoweb.info\/sexshop001\/"},{"@type":"ListItem","position":2,"name":"Tienda","item":"https:\/\/demoweb.info\/sexshop001\/tienda\/"},{"@type":"ListItem","position":3,"name":"DOSIFICADOR GEL BODY ARS NATURAL 500ML &#8211; BASE DE AGUA"}]},{"@type":"WebSite","@id":"https:\/\/demoweb.info\/sexshop001\/#website","url":"https:\/\/demoweb.info\/sexshop001\/","name":"Tienda Er\u00f3tica","description":"DEMOWEB SL","potentialAction":[{"@type":"SearchAction","target":{"@type":"EntryPoint","urlTemplate":"https:\/\/demoweb.info\/sexshop001\/?s={search_term_string}"},"query-input":"required name=search_term_string"}],"inLanguage":"es"}]}},"_links":{"self":[{"href":"https:\/\/demoweb.info\/sexshop001\/wp-json\/wp\/v3\/product\/29347","targetHints":{"allow":["GET"]}}],"collection":[{"href":"https:\/\/demoweb.info\/sexshop001\/wp-json\/wp\/v3\/product"}],"about":[{"href":"https:\/\/demoweb.info\/sexshop001\/wp-json\/wp\/v2\/types\/product"}],"replies":[{"embeddable":true,"href":"https:\/\/demoweb.info\/sexshop001\/wp-json\/wp\/v2\/comments?post=29347"}],"wp:featuredmedia":[{"embeddable":true,"href":"https:\/\/demoweb.info\/sexshop001\/wp-json\/wp\/v2\/media\/29348"}],"wp:attachment":[{"href":"https:\/\/demoweb.info\/sexshop001\/wp-json\/wp\/v2\/media?parent=29347"}],"wp:term":[{"taxonomy":"product_cat","embeddable":true,"href":"https:\/\/demoweb.info\/sexshop001\/wp-json\/wp\/v2\/product_cat?post=29347"},{"taxonomy":"product_tag","embeddable":true,"href":"https:\/\/demoweb.info\/sexshop001\/wp-json\/wp\/v2\/product_tag?post=29347"}],"curies":[{"name":"wp","href":"https:\/\/api.w.org\/{rel}","templated":true}]}}