{"id":29257,"date":"2022-01-22T12:29:09","date_gmt":"2022-01-22T11:29:09","guid":{"rendered":"https:\/\/demoweb.info\/sexshop001\/producto\/unleashed-kit-de-bdsm-aventura-leopardo\/"},"modified":"2022-01-22T12:29:30","modified_gmt":"2022-01-22T11:29:30","slug":"unleashed-kit-de-bdsm-aventura-leopardo","status":"publish","type":"product","link":"https:\/\/demoweb.info\/sexshop001\/producto\/unleashed-kit-de-bdsm-aventura-leopardo\/","title":{"rendered":"UNLEASHED KIT DE BDSM AVENTURA &#8211; LEOPARDO"},"content":{"rendered":"<p><strong>UNLEASHED ADVENTURE SET LEOPARD<\/strong><\/p>\n<p>Entr\u00e9gate al apasionante mundo de sumisi\u00f3n y dominio con el conjunto de aventuras Unleashed \u2122.<\/p>\n<p>Este juego listo para viajar incluye todo lo necesario para marcar la l\u00ednea entre el placer y el dolor.<\/p>\n<p>El kit de dise\u00f1o de 7 piezas incluye un flogger de piel sint\u00e9tica, una robusta paleta de doble cara, un suave cosquilleo de plumas, un collar acolchado, una correa de cadena, un sistema de retenci\u00f3n sobre la puerta y un estuche de viaje enrollable con gancho.<\/p>\n<p>Unas esposas con un velcro envolvernte para que puedas colocarlas alrededor de mu\u00f1ecas o tobillos para una presentaci\u00f3n sensual.<\/p>\n<p>Bromea mientras construyes la anticipaci\u00f3n con el cosquillas de plumas coqueto. Envuelve el collar ajustable alrededor de tu amante, sujeta la correa de cadena duradera y ll\u00e9valo hacia el puro placer mientras tomas el mando.<\/p>\n<p>Desde una peque\u00f1a broma que le hace cosquillas en el cuerpo hasta una palmada punzante, el l\u00e1tigo seguramente te emocionar\u00e1. Desde recompensas hasta castigos, la robusta paleta de dos lados est\u00e1 hecha para plantar poderosos golpes.<\/p>\n<p>No importa cu\u00e1nto se retuerza, el sistema de retenci\u00f3n para colocar sobre la puerta con correas ajustables lo sujetar\u00e1 perfectamente cuando lo combines con los pu\u00f1os ajustables.<\/p>\n<p>Desde c\u00e1lidas lunas de miel hasta aventuras nocturnas, el discreto estuche de viaje enrollable seguramente guardar\u00e1 todos sus sucios secretos entre sesiones.<\/p>\n<p>Juego de bondage de 7 piezas en estampado de leopardo.<\/p>\n<p><strong>El juego incluye: <\/strong><\/p>\n<ul>\n<li>Flogger con borlas suaves y burlonas<\/li>\n<li>Paleta resistente de dos lados<\/li>\n<li>Cosquillas de plumas burlonas<\/li>\n<li>Pu\u00f1os totalmente ajustables con cierres estilo Velcro\u00ae para usar en mu\u00f1ecas o tobillos<\/li>\n<li>Cuello de dos lados con cierre de hebilla universal y correa con cadena resistente<\/li>\n<li>Sistema de sujeci\u00f3n sobre la puerta con correa ajustable y gancho de barra para una colocaci\u00f3n segura sobre la puerta<\/li>\n<li>Estuche de viaje enrollable<\/li>\n<\/ul>\n<p><strong>Dimensiones del producto:<\/strong><\/p>\n<ul>\n<li>Flogger &#8211; 20.25 cm (borlas) 45 cm (total)<\/li>\n<li>Collar y correa &#8211; 50,75 cm (circunferencia del collar) 56 cm (correa)<\/li>\n<li>Tickler &#8211; 10.75cm (mango)<\/li>\n<li>Pu\u00f1os: 43,25 cm (circunferencia de los pu\u00f1os)<\/li>\n<li>Sistema de retenci\u00f3n sobre la puerta &#8211; 45,75 cm (correa)<\/li>\n<li>Paleta &#8211; 22,75 cm (paleta)<\/li>\n<li>Caja: 56 cm x 31,75 cm<\/li>\n<\/ul>\n<p><strong>Material:<\/strong><\/p>\n<ul>\n<li>Poli\u00e9ster (tela y correa para la puerta, tela y forro para el cuello y la correa, tela para cosquillas de plumas, tela y cinta para paletas, tela para flogger, tela para pu\u00f1os, Velcro\u00ae y forro, estuche)<\/li>\n<li>Plancha sin n\u00edquel (anillo en D sobre la puerta , cadena de collar y correa y anillos en D, remache de paleta, remaches de flogger, anillos de pu\u00f1os, gancho de caja)<\/li>\n<li>Aleaci\u00f3n de zinc sin n\u00edquel (hebilla de cuello y correa, clip de pu\u00f1os) Acr\u00edlico (sobre la clavija de la puerta) POM (sobre el ajustador de la puerta)<\/li>\n<li>PVC libre de ftalatos (sobre las tapas de las clavijas de la puerta, cultivo de cosquillas de plumas, borlas de azotador)<\/li>\n<li>Marab\u00fa (plumas de cosquillas de plumas)<\/li>\n<\/ul>\n","protected":false},"excerpt":{"rendered":"<p>UNLEASHED ADVENTURE SET LEOPARD Entr\u00e9gate al apasionante mundo de sumisi\u00f3n y dominio con el conjunto de aventuras Unleashed \u2122. Este<\/p>\n","protected":false},"featured_media":29258,"comment_status":"open","ping_status":"open","template":"","meta":[],"product_cat":[333],"product_tag":[660,1144],"class_list":["post-29257","product","type-product","status-publish","has-post-thumbnail","hentry","product_cat-kits-bdsm","product_tag-calexotics","product_tag-unleashed"],"bundled_by":[],"bundle_stock_status":"instock","bundle_stock_quantity":1,"bundle_virtual":false,"bundle_layout":"","bundle_add_to_cart_form_location":"","bundle_editable_in_cart":false,"bundle_sold_individually_context":"","bundle_item_grouping":"","bundle_min_size":"","bundle_max_size":"","bundled_items":[],"yoast_head":"<!-- This site is optimized with the Yoast SEO plugin v20.6 - https:\/\/yoast.com\/wordpress\/plugins\/seo\/ -->\n<title>UNLEASHED KIT DE BDSM AVENTURA - LEOPARDO - Tienda Er\u00f3tica<\/title>\n<meta name=\"robots\" content=\"noindex, follow, max-snippet:-1, max-image-preview:large, max-video-preview:-1\" \/>\n<meta property=\"og:locale\" content=\"es_ES\" \/>\n<meta property=\"og:type\" content=\"article\" \/>\n<meta property=\"og:title\" content=\"UNLEASHED KIT DE BDSM AVENTURA - LEOPARDO - Tienda Er\u00f3tica\" \/>\n<meta property=\"og:description\" content=\"UNLEASHED ADVENTURE SET LEOPARD Entr\u00e9gate al apasionante mundo de sumisi\u00f3n y dominio con el conjunto de aventuras Unleashed \u2122. Este\" \/>\n<meta property=\"og:url\" content=\"https:\/\/demoweb.info\/sexshop001\/producto\/unleashed-kit-de-bdsm-aventura-leopardo\/\" \/>\n<meta property=\"og:site_name\" content=\"Tienda Er\u00f3tica\" \/>\n<meta property=\"article:modified_time\" content=\"2022-01-22T11:29:30+00:00\" \/>\n<meta property=\"og:image\" content=\"https:\/\/demoweb.info\/sexshop001\/wp-content\/uploads\/2022\/01\/UNLEASHED-KIT-DE-BDSM-AVENTURA-LEOPARDO.jpg\" \/>\n\t<meta property=\"og:image:width\" content=\"550\" \/>\n\t<meta property=\"og:image:height\" content=\"550\" \/>\n\t<meta property=\"og:image:type\" content=\"image\/jpeg\" \/>\n<meta name=\"twitter:card\" content=\"summary_large_image\" \/>\n<meta name=\"twitter:label1\" content=\"Tiempo de lectura\" \/>\n\t<meta name=\"twitter:data1\" content=\"2 minutos\" \/>\n<script type=\"application\/ld+json\" class=\"yoast-schema-graph\">{\"@context\":\"https:\/\/schema.org\",\"@graph\":[{\"@type\":\"WebPage\",\"@id\":\"https:\/\/demoweb.info\/sexshop001\/producto\/unleashed-kit-de-bdsm-aventura-leopardo\/\",\"url\":\"https:\/\/demoweb.info\/sexshop001\/producto\/unleashed-kit-de-bdsm-aventura-leopardo\/\",\"name\":\"UNLEASHED KIT DE BDSM AVENTURA - LEOPARDO - Tienda Er\u00f3tica\",\"isPartOf\":{\"@id\":\"https:\/\/demoweb.info\/sexshop001\/#website\"},\"datePublished\":\"2022-01-22T11:29:09+00:00\",\"dateModified\":\"2022-01-22T11:29:30+00:00\",\"breadcrumb\":{\"@id\":\"https:\/\/demoweb.info\/sexshop001\/producto\/unleashed-kit-de-bdsm-aventura-leopardo\/#breadcrumb\"},\"inLanguage\":\"es\",\"potentialAction\":[{\"@type\":\"ReadAction\",\"target\":[\"https:\/\/demoweb.info\/sexshop001\/producto\/unleashed-kit-de-bdsm-aventura-leopardo\/\"]}]},{\"@type\":\"BreadcrumbList\",\"@id\":\"https:\/\/demoweb.info\/sexshop001\/producto\/unleashed-kit-de-bdsm-aventura-leopardo\/#breadcrumb\",\"itemListElement\":[{\"@type\":\"ListItem\",\"position\":1,\"name\":\"Portada\",\"item\":\"https:\/\/demoweb.info\/sexshop001\/\"},{\"@type\":\"ListItem\",\"position\":2,\"name\":\"Tienda\",\"item\":\"https:\/\/demoweb.info\/sexshop001\/tienda\/\"},{\"@type\":\"ListItem\",\"position\":3,\"name\":\"UNLEASHED KIT DE BDSM AVENTURA &#8211; LEOPARDO\"}]},{\"@type\":\"WebSite\",\"@id\":\"https:\/\/demoweb.info\/sexshop001\/#website\",\"url\":\"https:\/\/demoweb.info\/sexshop001\/\",\"name\":\"Tienda Er\u00f3tica\",\"description\":\"DEMOWEB SL\",\"potentialAction\":[{\"@type\":\"SearchAction\",\"target\":{\"@type\":\"EntryPoint\",\"urlTemplate\":\"https:\/\/demoweb.info\/sexshop001\/?s={search_term_string}\"},\"query-input\":\"required name=search_term_string\"}],\"inLanguage\":\"es\"}]}<\/script>\n<!-- \/ Yoast SEO plugin. -->","yoast_head_json":{"title":"UNLEASHED KIT DE BDSM AVENTURA - LEOPARDO - Tienda Er\u00f3tica","robots":{"index":"noindex","follow":"follow","max-snippet":"max-snippet:-1","max-image-preview":"max-image-preview:large","max-video-preview":"max-video-preview:-1"},"og_locale":"es_ES","og_type":"article","og_title":"UNLEASHED KIT DE BDSM AVENTURA - LEOPARDO - Tienda Er\u00f3tica","og_description":"UNLEASHED ADVENTURE SET LEOPARD Entr\u00e9gate al apasionante mundo de sumisi\u00f3n y dominio con el conjunto de aventuras Unleashed \u2122. Este","og_url":"https:\/\/demoweb.info\/sexshop001\/producto\/unleashed-kit-de-bdsm-aventura-leopardo\/","og_site_name":"Tienda Er\u00f3tica","article_modified_time":"2022-01-22T11:29:30+00:00","og_image":[{"width":550,"height":550,"url":"https:\/\/demoweb.info\/sexshop001\/wp-content\/uploads\/2022\/01\/UNLEASHED-KIT-DE-BDSM-AVENTURA-LEOPARDO.jpg","type":"image\/jpeg"}],"twitter_card":"summary_large_image","twitter_misc":{"Tiempo de lectura":"2 minutos"},"schema":{"@context":"https:\/\/schema.org","@graph":[{"@type":"WebPage","@id":"https:\/\/demoweb.info\/sexshop001\/producto\/unleashed-kit-de-bdsm-aventura-leopardo\/","url":"https:\/\/demoweb.info\/sexshop001\/producto\/unleashed-kit-de-bdsm-aventura-leopardo\/","name":"UNLEASHED KIT DE BDSM AVENTURA - LEOPARDO - Tienda Er\u00f3tica","isPartOf":{"@id":"https:\/\/demoweb.info\/sexshop001\/#website"},"datePublished":"2022-01-22T11:29:09+00:00","dateModified":"2022-01-22T11:29:30+00:00","breadcrumb":{"@id":"https:\/\/demoweb.info\/sexshop001\/producto\/unleashed-kit-de-bdsm-aventura-leopardo\/#breadcrumb"},"inLanguage":"es","potentialAction":[{"@type":"ReadAction","target":["https:\/\/demoweb.info\/sexshop001\/producto\/unleashed-kit-de-bdsm-aventura-leopardo\/"]}]},{"@type":"BreadcrumbList","@id":"https:\/\/demoweb.info\/sexshop001\/producto\/unleashed-kit-de-bdsm-aventura-leopardo\/#breadcrumb","itemListElement":[{"@type":"ListItem","position":1,"name":"Portada","item":"https:\/\/demoweb.info\/sexshop001\/"},{"@type":"ListItem","position":2,"name":"Tienda","item":"https:\/\/demoweb.info\/sexshop001\/tienda\/"},{"@type":"ListItem","position":3,"name":"UNLEASHED KIT DE BDSM AVENTURA &#8211; LEOPARDO"}]},{"@type":"WebSite","@id":"https:\/\/demoweb.info\/sexshop001\/#website","url":"https:\/\/demoweb.info\/sexshop001\/","name":"Tienda Er\u00f3tica","description":"DEMOWEB SL","potentialAction":[{"@type":"SearchAction","target":{"@type":"EntryPoint","urlTemplate":"https:\/\/demoweb.info\/sexshop001\/?s={search_term_string}"},"query-input":"required name=search_term_string"}],"inLanguage":"es"}]}},"_links":{"self":[{"href":"https:\/\/demoweb.info\/sexshop001\/wp-json\/wp\/v3\/product\/29257","targetHints":{"allow":["GET"]}}],"collection":[{"href":"https:\/\/demoweb.info\/sexshop001\/wp-json\/wp\/v3\/product"}],"about":[{"href":"https:\/\/demoweb.info\/sexshop001\/wp-json\/wp\/v2\/types\/product"}],"replies":[{"embeddable":true,"href":"https:\/\/demoweb.info\/sexshop001\/wp-json\/wp\/v2\/comments?post=29257"}],"wp:featuredmedia":[{"embeddable":true,"href":"https:\/\/demoweb.info\/sexshop001\/wp-json\/wp\/v2\/media\/29258"}],"wp:attachment":[{"href":"https:\/\/demoweb.info\/sexshop001\/wp-json\/wp\/v2\/media?parent=29257"}],"wp:term":[{"taxonomy":"product_cat","embeddable":true,"href":"https:\/\/demoweb.info\/sexshop001\/wp-json\/wp\/v2\/product_cat?post=29257"},{"taxonomy":"product_tag","embeddable":true,"href":"https:\/\/demoweb.info\/sexshop001\/wp-json\/wp\/v2\/product_tag?post=29257"}],"curies":[{"name":"wp","href":"https:\/\/api.w.org\/{rel}","templated":true}]}}