{"id":29250,"date":"2022-01-22T12:29:09","date_gmt":"2022-01-22T11:29:09","guid":{"rendered":"https:\/\/demoweb.info\/sexshop001\/producto\/unleashed-surrender-set-bdsm-leopardo\/"},"modified":"2022-01-22T12:29:25","modified_gmt":"2022-01-22T11:29:25","slug":"unleashed-surrender-set-bdsm-leopardo","status":"publish","type":"product","link":"https:\/\/demoweb.info\/sexshop001\/producto\/unleashed-surrender-set-bdsm-leopardo\/","title":{"rendered":"UNLEASHED SURRENDER SET BDSM &#8211; LEOPARDO"},"content":{"rendered":"<p><strong>UNLEASHED SURRENDER SET &#8211; LEOPARD<\/strong><\/p>\n<p>Entr\u00e9gate al apasionante mundo de la sumisi\u00f3n y el dominio con el conjunto de rendici\u00f3n Unleashed \u2122.<\/p>\n<p>Este set listo para viajar incluye todo lo necesario para entregarse al placer y a todos los caprichos er\u00f3ticos de su amante.<\/p>\n<p>Este kit de 8 piezas incluye un juego de 2 lazos de tela, m\u00e1scara para los ojos con doble acolchado, 2 juegos de pu\u00f1os universales totalmente ajustables, barra extensible plegable, mordaza de bola transpirable y estuche de viaje enrollable con gancho.<\/p>\n<p>Se puede usar un juego de sensuales lazos de tela y dos juegos de pu\u00f1os totalmente ajustables en tobillos o mu\u00f1ecas para un juego de sujeci\u00f3n vers\u00e1til. Sum\u00e9rjase en el placer sensual con la m\u00e1scara de ojos de doble capa y los pu\u00f1os de felpa lo mantienen c\u00f3modo, sin importar cu\u00e1nto se retuerza. Con un interior lujoso y un exterior de leopardo salvaje, incluso el fetichista m\u00e1s experimentado o m\u00e1s fresco puede disfrutar de un juego de placer sensacional con esta intensa mordaza transpirable.<\/p>\n<p>D\u00e9jese llevar por un placer sensacional con la barra esparcidora plegable totalmente ajustable. No importa cu\u00e1nto se retuerza, se pueden usar dos juegos de pu\u00f1os totalmente ajustables para sujetar y sujetar en casi cualquier posici\u00f3n.<\/p>\n<p>Desde c\u00e1lidas lunas de miel hasta aventuras nocturnas, el discreto estuche de viaje enrollable seguramente guardar\u00e1 todos sus secretos sucios entre sesiones.<\/p>\n<p>Juego de bondage de 8 piezas con estampado de leopardo.<\/p>\n<p><strong> El juego incluye: <\/strong><\/p>\n<ul>\n<li>Juego de 2 lazos sensuales de tela<\/li>\n<li>M\u00e1scara para los ojos con doble acolchado<\/li>\n<li>2 juegos de pu\u00f1os universales totalmente ajustables con cierres de estilo Velcro\u00ae<\/li>\n<li>Barra separadora plegable con pu\u00f1os ajustables de Velcro\u00ae en los tobillos y mu\u00f1ecas<\/li>\n<li>Mordaza de bola transpirable con cierre de hebilla ajustable<\/li>\n<li>Estuche de viaje enrollable<\/li>\n<\/ul>\n<p><strong>Dimensiones del producto:<\/strong><\/p>\n<ul>\n<li>Barra de sujeci\u00f3n &#8211; 38 cm (circunferencia exterior de los pu\u00f1os) \/ 29,75 cm (circunferencia interior de los pu\u00f1os) \/ 33 cm (largo)<\/li>\n<li>Corbatas de tela &#8211; 152 cm<\/li>\n<li>Juego de 2 pu\u00f1os &#8211;  28 cm (circunferencia de los pu\u00f1os)<\/li>\n<li>Mordaza de bola &#8211;  61 cm (correas) \/ 3,75 cm (di\u00e1metro de bola)<\/li>\n<li>Antifaz &#8211; 20,25 cm (antifaz)<\/li>\n<li>Caja: 56 cm x 31,75 cm<\/li>\n<\/ul>\n<p><strong>Material:<\/strong><\/p>\n<ul>\n<li>Poli\u00e9ster (lazos de tela, barra de sujeci\u00f3n, tela y forro de mordaza de bola, m\u00e1scara para los ojos, tela y forro de pu\u00f1os, estuche)<\/li>\n<li>PE (bola de mordaza de bola) Hierro sin n\u00edquel (anillos y remaches de mordaza de bola, anillos en D de pu\u00f1os, gancho de caja)<\/li>\n<li>Aleaci\u00f3n de zinc sin n\u00edquel (hebilla de mordaza de bola, clips en los pu\u00f1os)<\/li>\n<\/ul>\n","protected":false},"excerpt":{"rendered":"<p>UNLEASHED SURRENDER SET &#8211; LEOPARD Entr\u00e9gate al apasionante mundo de la sumisi\u00f3n y el dominio con el conjunto de rendici\u00f3n<\/p>\n","protected":false},"featured_media":29251,"comment_status":"open","ping_status":"open","template":"","meta":[],"product_cat":[333],"product_tag":[660,1144],"class_list":["post-29250","product","type-product","status-publish","has-post-thumbnail","hentry","product_cat-kits-bdsm","product_tag-calexotics","product_tag-unleashed"],"bundled_by":[],"bundle_stock_status":"instock","bundle_stock_quantity":1,"bundle_virtual":false,"bundle_layout":"","bundle_add_to_cart_form_location":"","bundle_editable_in_cart":false,"bundle_sold_individually_context":"","bundle_item_grouping":"","bundle_min_size":"","bundle_max_size":"","bundled_items":[],"yoast_head":"<!-- This site is optimized with the Yoast SEO plugin v20.6 - https:\/\/yoast.com\/wordpress\/plugins\/seo\/ -->\n<title>UNLEASHED SURRENDER SET BDSM - LEOPARDO - Tienda Er\u00f3tica<\/title>\n<meta name=\"robots\" content=\"noindex, follow, max-snippet:-1, max-image-preview:large, max-video-preview:-1\" \/>\n<meta property=\"og:locale\" content=\"es_ES\" \/>\n<meta property=\"og:type\" content=\"article\" \/>\n<meta property=\"og:title\" content=\"UNLEASHED SURRENDER SET BDSM - LEOPARDO - Tienda Er\u00f3tica\" \/>\n<meta property=\"og:description\" content=\"UNLEASHED SURRENDER SET &#8211; LEOPARD Entr\u00e9gate al apasionante mundo de la sumisi\u00f3n y el dominio con el conjunto de rendici\u00f3n\" \/>\n<meta property=\"og:url\" content=\"https:\/\/demoweb.info\/sexshop001\/producto\/unleashed-surrender-set-bdsm-leopardo\/\" \/>\n<meta property=\"og:site_name\" content=\"Tienda Er\u00f3tica\" \/>\n<meta property=\"article:modified_time\" content=\"2022-01-22T11:29:25+00:00\" \/>\n<meta property=\"og:image\" content=\"https:\/\/demoweb.info\/sexshop001\/wp-content\/uploads\/2022\/01\/UNLEASHED-SURRENDER-SET-BDSM-LEOPARDO.jpg\" \/>\n\t<meta property=\"og:image:width\" content=\"550\" \/>\n\t<meta property=\"og:image:height\" content=\"550\" \/>\n\t<meta property=\"og:image:type\" content=\"image\/jpeg\" \/>\n<meta name=\"twitter:card\" content=\"summary_large_image\" \/>\n<meta name=\"twitter:label1\" content=\"Tiempo de lectura\" \/>\n\t<meta name=\"twitter:data1\" content=\"2 minutos\" \/>\n<script type=\"application\/ld+json\" class=\"yoast-schema-graph\">{\"@context\":\"https:\/\/schema.org\",\"@graph\":[{\"@type\":\"WebPage\",\"@id\":\"https:\/\/demoweb.info\/sexshop001\/producto\/unleashed-surrender-set-bdsm-leopardo\/\",\"url\":\"https:\/\/demoweb.info\/sexshop001\/producto\/unleashed-surrender-set-bdsm-leopardo\/\",\"name\":\"UNLEASHED SURRENDER SET BDSM - LEOPARDO - Tienda Er\u00f3tica\",\"isPartOf\":{\"@id\":\"https:\/\/demoweb.info\/sexshop001\/#website\"},\"datePublished\":\"2022-01-22T11:29:09+00:00\",\"dateModified\":\"2022-01-22T11:29:25+00:00\",\"breadcrumb\":{\"@id\":\"https:\/\/demoweb.info\/sexshop001\/producto\/unleashed-surrender-set-bdsm-leopardo\/#breadcrumb\"},\"inLanguage\":\"es\",\"potentialAction\":[{\"@type\":\"ReadAction\",\"target\":[\"https:\/\/demoweb.info\/sexshop001\/producto\/unleashed-surrender-set-bdsm-leopardo\/\"]}]},{\"@type\":\"BreadcrumbList\",\"@id\":\"https:\/\/demoweb.info\/sexshop001\/producto\/unleashed-surrender-set-bdsm-leopardo\/#breadcrumb\",\"itemListElement\":[{\"@type\":\"ListItem\",\"position\":1,\"name\":\"Portada\",\"item\":\"https:\/\/demoweb.info\/sexshop001\/\"},{\"@type\":\"ListItem\",\"position\":2,\"name\":\"Tienda\",\"item\":\"https:\/\/demoweb.info\/sexshop001\/tienda\/\"},{\"@type\":\"ListItem\",\"position\":3,\"name\":\"UNLEASHED SURRENDER SET BDSM &#8211; LEOPARDO\"}]},{\"@type\":\"WebSite\",\"@id\":\"https:\/\/demoweb.info\/sexshop001\/#website\",\"url\":\"https:\/\/demoweb.info\/sexshop001\/\",\"name\":\"Tienda Er\u00f3tica\",\"description\":\"DEMOWEB SL\",\"potentialAction\":[{\"@type\":\"SearchAction\",\"target\":{\"@type\":\"EntryPoint\",\"urlTemplate\":\"https:\/\/demoweb.info\/sexshop001\/?s={search_term_string}\"},\"query-input\":\"required name=search_term_string\"}],\"inLanguage\":\"es\"}]}<\/script>\n<!-- \/ Yoast SEO plugin. -->","yoast_head_json":{"title":"UNLEASHED SURRENDER SET BDSM - LEOPARDO - Tienda Er\u00f3tica","robots":{"index":"noindex","follow":"follow","max-snippet":"max-snippet:-1","max-image-preview":"max-image-preview:large","max-video-preview":"max-video-preview:-1"},"og_locale":"es_ES","og_type":"article","og_title":"UNLEASHED SURRENDER SET BDSM - LEOPARDO - Tienda Er\u00f3tica","og_description":"UNLEASHED SURRENDER SET &#8211; LEOPARD Entr\u00e9gate al apasionante mundo de la sumisi\u00f3n y el dominio con el conjunto de rendici\u00f3n","og_url":"https:\/\/demoweb.info\/sexshop001\/producto\/unleashed-surrender-set-bdsm-leopardo\/","og_site_name":"Tienda Er\u00f3tica","article_modified_time":"2022-01-22T11:29:25+00:00","og_image":[{"width":550,"height":550,"url":"https:\/\/demoweb.info\/sexshop001\/wp-content\/uploads\/2022\/01\/UNLEASHED-SURRENDER-SET-BDSM-LEOPARDO.jpg","type":"image\/jpeg"}],"twitter_card":"summary_large_image","twitter_misc":{"Tiempo de lectura":"2 minutos"},"schema":{"@context":"https:\/\/schema.org","@graph":[{"@type":"WebPage","@id":"https:\/\/demoweb.info\/sexshop001\/producto\/unleashed-surrender-set-bdsm-leopardo\/","url":"https:\/\/demoweb.info\/sexshop001\/producto\/unleashed-surrender-set-bdsm-leopardo\/","name":"UNLEASHED SURRENDER SET BDSM - LEOPARDO - Tienda Er\u00f3tica","isPartOf":{"@id":"https:\/\/demoweb.info\/sexshop001\/#website"},"datePublished":"2022-01-22T11:29:09+00:00","dateModified":"2022-01-22T11:29:25+00:00","breadcrumb":{"@id":"https:\/\/demoweb.info\/sexshop001\/producto\/unleashed-surrender-set-bdsm-leopardo\/#breadcrumb"},"inLanguage":"es","potentialAction":[{"@type":"ReadAction","target":["https:\/\/demoweb.info\/sexshop001\/producto\/unleashed-surrender-set-bdsm-leopardo\/"]}]},{"@type":"BreadcrumbList","@id":"https:\/\/demoweb.info\/sexshop001\/producto\/unleashed-surrender-set-bdsm-leopardo\/#breadcrumb","itemListElement":[{"@type":"ListItem","position":1,"name":"Portada","item":"https:\/\/demoweb.info\/sexshop001\/"},{"@type":"ListItem","position":2,"name":"Tienda","item":"https:\/\/demoweb.info\/sexshop001\/tienda\/"},{"@type":"ListItem","position":3,"name":"UNLEASHED SURRENDER SET BDSM &#8211; LEOPARDO"}]},{"@type":"WebSite","@id":"https:\/\/demoweb.info\/sexshop001\/#website","url":"https:\/\/demoweb.info\/sexshop001\/","name":"Tienda Er\u00f3tica","description":"DEMOWEB SL","potentialAction":[{"@type":"SearchAction","target":{"@type":"EntryPoint","urlTemplate":"https:\/\/demoweb.info\/sexshop001\/?s={search_term_string}"},"query-input":"required name=search_term_string"}],"inLanguage":"es"}]}},"_links":{"self":[{"href":"https:\/\/demoweb.info\/sexshop001\/wp-json\/wp\/v3\/product\/29250","targetHints":{"allow":["GET"]}}],"collection":[{"href":"https:\/\/demoweb.info\/sexshop001\/wp-json\/wp\/v3\/product"}],"about":[{"href":"https:\/\/demoweb.info\/sexshop001\/wp-json\/wp\/v2\/types\/product"}],"replies":[{"embeddable":true,"href":"https:\/\/demoweb.info\/sexshop001\/wp-json\/wp\/v2\/comments?post=29250"}],"wp:featuredmedia":[{"embeddable":true,"href":"https:\/\/demoweb.info\/sexshop001\/wp-json\/wp\/v2\/media\/29251"}],"wp:attachment":[{"href":"https:\/\/demoweb.info\/sexshop001\/wp-json\/wp\/v2\/media?parent=29250"}],"wp:term":[{"taxonomy":"product_cat","embeddable":true,"href":"https:\/\/demoweb.info\/sexshop001\/wp-json\/wp\/v2\/product_cat?post=29250"},{"taxonomy":"product_tag","embeddable":true,"href":"https:\/\/demoweb.info\/sexshop001\/wp-json\/wp\/v2\/product_tag?post=29250"}],"curies":[{"name":"wp","href":"https:\/\/api.w.org\/{rel}","templated":true}]}}