{"id":29243,"date":"2022-01-22T12:29:09","date_gmt":"2022-01-22T11:29:09","guid":{"rendered":"https:\/\/demoweb.info\/sexshop001\/producto\/uncorked-cabernet-vibrador-doble-estimulacion\/"},"modified":"2022-01-22T12:29:20","modified_gmt":"2022-01-22T11:29:20","slug":"uncorked-cabernet-vibrador-doble-estimulacion","status":"publish","type":"product","link":"https:\/\/demoweb.info\/sexshop001\/producto\/uncorked-cabernet-vibrador-doble-estimulacion\/","title":{"rendered":"UNCORKED CABERNET &#8211; VIBRADOR DOBLE ESTIMULACI\u00d3N"},"content":{"rendered":"<p><strong>UNCORKED CABERNET<\/strong><\/p>\n<p>Desde la vida de la jet-set hasta el ajetreo de la oficina, Uncorked \u2122 Cabernet sabe exactamente lo que necesita despu\u00e9s de un largo d\u00eda.<\/p>\n<p>Este masajeador dual profundamente satisfactorio tiene curvas deliciosas para sensaciones de cuerpo completo incre\u00edbles. El vibrador de silicona de felpa est\u00e1 repleto de 10 velocidades de vibraciones sensacionales que brindan una estimulaci\u00f3n devastadora.<\/p>\n<p>Controle sin esfuerzo el placer puro con un control de bot\u00f3n de f\u00e1cil toque y mant\u00e9ngalo presionado durante 3 segundos para encender o apagar. Con una forma suave y una superficie flexible, podr\u00e1 disfrutar de vibraciones emocionantes desde cualquier \u00e1ngulo que desee.<\/p>\n<p>Divi\u00e9rtete con hasta 2,5 horas de pulsaciones apasionadas con cada carga. Recargue su pasi\u00f3n en solo 2.5 horas conectando el cable USB provisto en el puerto de carga autosellante en la parte posterior del masajeador.<\/p>\n<p><strong>Caracter\u00edsticas:<\/strong><\/p>\n<p>Masajeador suave de doble estimulaci\u00f3n para sensaciones incre\u00edbles en todo el cuerpo.<\/p>\n<ul>\n<li>10 velocidades de vibraci\u00f3n<\/li>\n<li>Silicona lujosa segura para el cuerpo<\/li>\n<li>Control de bot\u00f3n f\u00e1cil: mant\u00e9ngalo presionado durante 3 segundos para encender o apagar<\/li>\n<li>USB recargable: cable de carga incluido<\/li>\n<\/ul>\n<p><strong>Medidas:<\/strong><\/p>\n<ul>\n<li>Totales: 18,5 x 6,25 cm<\/li>\n<li>Insertables: 9 x 3,75 cm<\/li>\n<\/ul>\n","protected":false},"excerpt":{"rendered":"<p>UNCORKED CABERNET Desde la vida de la jet-set hasta el ajetreo de la oficina, Uncorked \u2122 Cabernet sabe exactamente lo<\/p>\n","protected":false},"featured_media":29244,"comment_status":"open","ping_status":"open","template":"","meta":[],"product_cat":[434],"product_tag":[660,1143],"class_list":["post-29243","product","type-product","status-publish","has-post-thumbnail","hentry","product_cat-doble-estimulacion-vibradores-juguetes-xxx","product_tag-calexotics","product_tag-uncorked"],"bundled_by":[],"bundle_stock_status":"instock","bundle_stock_quantity":1,"bundle_virtual":false,"bundle_layout":"","bundle_add_to_cart_form_location":"","bundle_editable_in_cart":false,"bundle_sold_individually_context":"","bundle_item_grouping":"","bundle_min_size":"","bundle_max_size":"","bundled_items":[],"yoast_head":"<!-- This site is optimized with the Yoast SEO plugin v20.6 - https:\/\/yoast.com\/wordpress\/plugins\/seo\/ -->\n<title>UNCORKED CABERNET - VIBRADOR DOBLE ESTIMULACI\u00d3N - Tienda Er\u00f3tica<\/title>\n<meta name=\"robots\" content=\"noindex, follow, max-snippet:-1, max-image-preview:large, max-video-preview:-1\" \/>\n<meta property=\"og:locale\" content=\"es_ES\" \/>\n<meta property=\"og:type\" content=\"article\" \/>\n<meta property=\"og:title\" content=\"UNCORKED CABERNET - VIBRADOR DOBLE ESTIMULACI\u00d3N - Tienda Er\u00f3tica\" \/>\n<meta property=\"og:description\" content=\"UNCORKED CABERNET Desde la vida de la jet-set hasta el ajetreo de la oficina, Uncorked \u2122 Cabernet sabe exactamente lo\" \/>\n<meta property=\"og:url\" content=\"https:\/\/demoweb.info\/sexshop001\/producto\/uncorked-cabernet-vibrador-doble-estimulacion\/\" \/>\n<meta property=\"og:site_name\" content=\"Tienda Er\u00f3tica\" \/>\n<meta property=\"article:modified_time\" content=\"2022-01-22T11:29:20+00:00\" \/>\n<meta property=\"og:image\" content=\"https:\/\/demoweb.info\/sexshop001\/wp-content\/uploads\/2022\/01\/UNCORKED-CABERNET-VIBRADOR-DOBLE-ESTIMULACION.jpg\" \/>\n\t<meta property=\"og:image:width\" content=\"550\" \/>\n\t<meta property=\"og:image:height\" content=\"550\" \/>\n\t<meta property=\"og:image:type\" content=\"image\/jpeg\" \/>\n<meta name=\"twitter:card\" content=\"summary_large_image\" \/>\n<meta name=\"twitter:label1\" content=\"Tiempo de lectura\" \/>\n\t<meta name=\"twitter:data1\" content=\"1 minuto\" \/>\n<script type=\"application\/ld+json\" class=\"yoast-schema-graph\">{\"@context\":\"https:\/\/schema.org\",\"@graph\":[{\"@type\":\"WebPage\",\"@id\":\"https:\/\/demoweb.info\/sexshop001\/producto\/uncorked-cabernet-vibrador-doble-estimulacion\/\",\"url\":\"https:\/\/demoweb.info\/sexshop001\/producto\/uncorked-cabernet-vibrador-doble-estimulacion\/\",\"name\":\"UNCORKED CABERNET - VIBRADOR DOBLE ESTIMULACI\u00d3N - Tienda Er\u00f3tica\",\"isPartOf\":{\"@id\":\"https:\/\/demoweb.info\/sexshop001\/#website\"},\"datePublished\":\"2022-01-22T11:29:09+00:00\",\"dateModified\":\"2022-01-22T11:29:20+00:00\",\"breadcrumb\":{\"@id\":\"https:\/\/demoweb.info\/sexshop001\/producto\/uncorked-cabernet-vibrador-doble-estimulacion\/#breadcrumb\"},\"inLanguage\":\"es\",\"potentialAction\":[{\"@type\":\"ReadAction\",\"target\":[\"https:\/\/demoweb.info\/sexshop001\/producto\/uncorked-cabernet-vibrador-doble-estimulacion\/\"]}]},{\"@type\":\"BreadcrumbList\",\"@id\":\"https:\/\/demoweb.info\/sexshop001\/producto\/uncorked-cabernet-vibrador-doble-estimulacion\/#breadcrumb\",\"itemListElement\":[{\"@type\":\"ListItem\",\"position\":1,\"name\":\"Portada\",\"item\":\"https:\/\/demoweb.info\/sexshop001\/\"},{\"@type\":\"ListItem\",\"position\":2,\"name\":\"Tienda\",\"item\":\"https:\/\/demoweb.info\/sexshop001\/tienda\/\"},{\"@type\":\"ListItem\",\"position\":3,\"name\":\"UNCORKED CABERNET &#8211; VIBRADOR DOBLE ESTIMULACI\u00d3N\"}]},{\"@type\":\"WebSite\",\"@id\":\"https:\/\/demoweb.info\/sexshop001\/#website\",\"url\":\"https:\/\/demoweb.info\/sexshop001\/\",\"name\":\"Tienda Er\u00f3tica\",\"description\":\"DEMOWEB SL\",\"potentialAction\":[{\"@type\":\"SearchAction\",\"target\":{\"@type\":\"EntryPoint\",\"urlTemplate\":\"https:\/\/demoweb.info\/sexshop001\/?s={search_term_string}\"},\"query-input\":\"required name=search_term_string\"}],\"inLanguage\":\"es\"}]}<\/script>\n<!-- \/ Yoast SEO plugin. -->","yoast_head_json":{"title":"UNCORKED CABERNET - VIBRADOR DOBLE ESTIMULACI\u00d3N - Tienda Er\u00f3tica","robots":{"index":"noindex","follow":"follow","max-snippet":"max-snippet:-1","max-image-preview":"max-image-preview:large","max-video-preview":"max-video-preview:-1"},"og_locale":"es_ES","og_type":"article","og_title":"UNCORKED CABERNET - VIBRADOR DOBLE ESTIMULACI\u00d3N - Tienda Er\u00f3tica","og_description":"UNCORKED CABERNET Desde la vida de la jet-set hasta el ajetreo de la oficina, Uncorked \u2122 Cabernet sabe exactamente lo","og_url":"https:\/\/demoweb.info\/sexshop001\/producto\/uncorked-cabernet-vibrador-doble-estimulacion\/","og_site_name":"Tienda Er\u00f3tica","article_modified_time":"2022-01-22T11:29:20+00:00","og_image":[{"width":550,"height":550,"url":"https:\/\/demoweb.info\/sexshop001\/wp-content\/uploads\/2022\/01\/UNCORKED-CABERNET-VIBRADOR-DOBLE-ESTIMULACION.jpg","type":"image\/jpeg"}],"twitter_card":"summary_large_image","twitter_misc":{"Tiempo de lectura":"1 minuto"},"schema":{"@context":"https:\/\/schema.org","@graph":[{"@type":"WebPage","@id":"https:\/\/demoweb.info\/sexshop001\/producto\/uncorked-cabernet-vibrador-doble-estimulacion\/","url":"https:\/\/demoweb.info\/sexshop001\/producto\/uncorked-cabernet-vibrador-doble-estimulacion\/","name":"UNCORKED CABERNET - VIBRADOR DOBLE ESTIMULACI\u00d3N - Tienda Er\u00f3tica","isPartOf":{"@id":"https:\/\/demoweb.info\/sexshop001\/#website"},"datePublished":"2022-01-22T11:29:09+00:00","dateModified":"2022-01-22T11:29:20+00:00","breadcrumb":{"@id":"https:\/\/demoweb.info\/sexshop001\/producto\/uncorked-cabernet-vibrador-doble-estimulacion\/#breadcrumb"},"inLanguage":"es","potentialAction":[{"@type":"ReadAction","target":["https:\/\/demoweb.info\/sexshop001\/producto\/uncorked-cabernet-vibrador-doble-estimulacion\/"]}]},{"@type":"BreadcrumbList","@id":"https:\/\/demoweb.info\/sexshop001\/producto\/uncorked-cabernet-vibrador-doble-estimulacion\/#breadcrumb","itemListElement":[{"@type":"ListItem","position":1,"name":"Portada","item":"https:\/\/demoweb.info\/sexshop001\/"},{"@type":"ListItem","position":2,"name":"Tienda","item":"https:\/\/demoweb.info\/sexshop001\/tienda\/"},{"@type":"ListItem","position":3,"name":"UNCORKED CABERNET &#8211; VIBRADOR DOBLE ESTIMULACI\u00d3N"}]},{"@type":"WebSite","@id":"https:\/\/demoweb.info\/sexshop001\/#website","url":"https:\/\/demoweb.info\/sexshop001\/","name":"Tienda Er\u00f3tica","description":"DEMOWEB SL","potentialAction":[{"@type":"SearchAction","target":{"@type":"EntryPoint","urlTemplate":"https:\/\/demoweb.info\/sexshop001\/?s={search_term_string}"},"query-input":"required name=search_term_string"}],"inLanguage":"es"}]}},"_links":{"self":[{"href":"https:\/\/demoweb.info\/sexshop001\/wp-json\/wp\/v3\/product\/29243","targetHints":{"allow":["GET"]}}],"collection":[{"href":"https:\/\/demoweb.info\/sexshop001\/wp-json\/wp\/v3\/product"}],"about":[{"href":"https:\/\/demoweb.info\/sexshop001\/wp-json\/wp\/v2\/types\/product"}],"replies":[{"embeddable":true,"href":"https:\/\/demoweb.info\/sexshop001\/wp-json\/wp\/v2\/comments?post=29243"}],"wp:featuredmedia":[{"embeddable":true,"href":"https:\/\/demoweb.info\/sexshop001\/wp-json\/wp\/v2\/media\/29244"}],"wp:attachment":[{"href":"https:\/\/demoweb.info\/sexshop001\/wp-json\/wp\/v2\/media?parent=29243"}],"wp:term":[{"taxonomy":"product_cat","embeddable":true,"href":"https:\/\/demoweb.info\/sexshop001\/wp-json\/wp\/v2\/product_cat?post=29243"},{"taxonomy":"product_tag","embeddable":true,"href":"https:\/\/demoweb.info\/sexshop001\/wp-json\/wp\/v2\/product_tag?post=29243"}],"curies":[{"name":"wp","href":"https:\/\/api.w.org\/{rel}","templated":true}]}}