{"id":29229,"date":"2022-01-22T12:29:09","date_gmt":"2022-01-22T11:29:09","guid":{"rendered":"https:\/\/demoweb.info\/sexshop001\/producto\/uncorked-merlot-vibrador-de-silicona-rosa\/"},"modified":"2022-01-22T12:29:13","modified_gmt":"2022-01-22T11:29:13","slug":"uncorked-merlot-vibrador-de-silicona-rosa","status":"publish","type":"product","link":"https:\/\/demoweb.info\/sexshop001\/producto\/uncorked-merlot-vibrador-de-silicona-rosa\/","title":{"rendered":"UNCORKED MERLOT &#8211; VIBRADOR DE SILICONA ROSA"},"content":{"rendered":"<p><strong>UNCORKED MERLOT <\/strong><\/p>\n<p>Desde la vida de la jet set hasta el ajetreo de la oficina, el Uncorked \u2122 Merlot sabe exactamente lo que necesita despu\u00e9s de un largo d\u00eda.<\/p>\n<p>Este exquisito mini masajeador tiene una punta bulbosa para un placer verdaderamente divino. El vibrador de silicona est\u00e1 repleto de 10 velocidades de vibraciones sensacionales que brindan una estimulaci\u00f3n devastadora.<\/p>\n<p>Controle sin esfuerzo el placer puro con un control de bot\u00f3n de f\u00e1cil toque y mant\u00e9ngalo presionado durante 3 segundos para encender o apagar. Con una forma suave y una superficie flexible, podr\u00e1 disfrutar de vibraciones emocionantes desde cualquier \u00e1ngulo que desee.<\/p>\n<p>Divi\u00e9rtete con hasta 3 horas de pulsaciones apasionadas con cada carga. Recargue su pasi\u00f3n en solo 2.5 horas conectando el cable USB provisto en el puerto de carga autosellante en la parte posterior del masajeador.<\/p>\n<p>El discreto tama\u00f1o del delgado masajeador lo convierte en el compa\u00f1ero de viaje perfecto, permiti\u00e9ndote abrazar el placer que irradia dondequiera que te lleven tus fantas\u00edas.<\/p>\n<p><strong>Caracter\u00edsticas:<\/strong><\/p>\n<p>Exquisito mini masajeador con punta bulbosa para un placer divino.<\/p>\n<ul>\n<li>10 velocidades de vibraci\u00f3n<\/li>\n<li>Silicona lujosa segura para el cuerpo<\/li>\n<li>F\u00e1cil control con bot\u00f3n pulsador &#8211; mant\u00e9ngalo pulsado durante 3 segundos para encenderlo o apagarlo<\/li>\n<li>USB recargable &#8211; cable de carga incluido<\/li>\n<\/ul>\n<p><strong>Medidas:<\/strong><\/p>\n<ul>\n<li>Totales: 13,25 x 3,75 cm<\/li>\n<li>Insertables: 9 x 3,25 cm<\/li>\n<\/ul>\n","protected":false},"excerpt":{"rendered":"<p>UNCORKED MERLOT Desde la vida de la jet set hasta el ajetreo de la oficina, el Uncorked \u2122 Merlot sabe<\/p>\n","protected":false},"featured_media":29230,"comment_status":"open","ping_status":"open","template":"","meta":[],"product_cat":[476],"product_tag":[660,1143],"class_list":["post-29229","product","type-product","status-publish","has-post-thumbnail","hentry","product_cat-silicona-balas-y-huevos","product_tag-calexotics","product_tag-uncorked"],"bundled_by":[],"bundle_stock_status":"instock","bundle_stock_quantity":1,"bundle_virtual":false,"bundle_layout":"","bundle_add_to_cart_form_location":"","bundle_editable_in_cart":false,"bundle_sold_individually_context":"","bundle_item_grouping":"","bundle_min_size":"","bundle_max_size":"","bundled_items":[],"yoast_head":"<!-- This site is optimized with the Yoast SEO plugin v20.6 - https:\/\/yoast.com\/wordpress\/plugins\/seo\/ -->\n<title>UNCORKED MERLOT - VIBRADOR DE SILICONA ROSA - Tienda Er\u00f3tica<\/title>\n<meta name=\"robots\" content=\"noindex, follow, max-snippet:-1, max-image-preview:large, max-video-preview:-1\" \/>\n<meta property=\"og:locale\" content=\"es_ES\" \/>\n<meta property=\"og:type\" content=\"article\" \/>\n<meta property=\"og:title\" content=\"UNCORKED MERLOT - VIBRADOR DE SILICONA ROSA - Tienda Er\u00f3tica\" \/>\n<meta property=\"og:description\" content=\"UNCORKED MERLOT Desde la vida de la jet set hasta el ajetreo de la oficina, el Uncorked \u2122 Merlot sabe\" \/>\n<meta property=\"og:url\" content=\"https:\/\/demoweb.info\/sexshop001\/producto\/uncorked-merlot-vibrador-de-silicona-rosa\/\" \/>\n<meta property=\"og:site_name\" content=\"Tienda Er\u00f3tica\" \/>\n<meta property=\"article:modified_time\" content=\"2022-01-22T11:29:13+00:00\" \/>\n<meta property=\"og:image\" content=\"https:\/\/demoweb.info\/sexshop001\/wp-content\/uploads\/2022\/01\/UNCORKED-MERLOT-VIBRADOR-DE-SILICONA-ROSA.jpg\" \/>\n\t<meta property=\"og:image:width\" content=\"550\" \/>\n\t<meta property=\"og:image:height\" content=\"550\" \/>\n\t<meta property=\"og:image:type\" content=\"image\/jpeg\" \/>\n<meta name=\"twitter:card\" content=\"summary_large_image\" \/>\n<meta name=\"twitter:label1\" content=\"Tiempo de lectura\" \/>\n\t<meta name=\"twitter:data1\" content=\"1 minuto\" \/>\n<script type=\"application\/ld+json\" class=\"yoast-schema-graph\">{\"@context\":\"https:\/\/schema.org\",\"@graph\":[{\"@type\":\"WebPage\",\"@id\":\"https:\/\/demoweb.info\/sexshop001\/producto\/uncorked-merlot-vibrador-de-silicona-rosa\/\",\"url\":\"https:\/\/demoweb.info\/sexshop001\/producto\/uncorked-merlot-vibrador-de-silicona-rosa\/\",\"name\":\"UNCORKED MERLOT - VIBRADOR DE SILICONA ROSA - Tienda Er\u00f3tica\",\"isPartOf\":{\"@id\":\"https:\/\/demoweb.info\/sexshop001\/#website\"},\"datePublished\":\"2022-01-22T11:29:09+00:00\",\"dateModified\":\"2022-01-22T11:29:13+00:00\",\"breadcrumb\":{\"@id\":\"https:\/\/demoweb.info\/sexshop001\/producto\/uncorked-merlot-vibrador-de-silicona-rosa\/#breadcrumb\"},\"inLanguage\":\"es\",\"potentialAction\":[{\"@type\":\"ReadAction\",\"target\":[\"https:\/\/demoweb.info\/sexshop001\/producto\/uncorked-merlot-vibrador-de-silicona-rosa\/\"]}]},{\"@type\":\"BreadcrumbList\",\"@id\":\"https:\/\/demoweb.info\/sexshop001\/producto\/uncorked-merlot-vibrador-de-silicona-rosa\/#breadcrumb\",\"itemListElement\":[{\"@type\":\"ListItem\",\"position\":1,\"name\":\"Portada\",\"item\":\"https:\/\/demoweb.info\/sexshop001\/\"},{\"@type\":\"ListItem\",\"position\":2,\"name\":\"Tienda\",\"item\":\"https:\/\/demoweb.info\/sexshop001\/tienda\/\"},{\"@type\":\"ListItem\",\"position\":3,\"name\":\"UNCORKED MERLOT &#8211; VIBRADOR DE SILICONA ROSA\"}]},{\"@type\":\"WebSite\",\"@id\":\"https:\/\/demoweb.info\/sexshop001\/#website\",\"url\":\"https:\/\/demoweb.info\/sexshop001\/\",\"name\":\"Tienda Er\u00f3tica\",\"description\":\"DEMOWEB SL\",\"potentialAction\":[{\"@type\":\"SearchAction\",\"target\":{\"@type\":\"EntryPoint\",\"urlTemplate\":\"https:\/\/demoweb.info\/sexshop001\/?s={search_term_string}\"},\"query-input\":\"required name=search_term_string\"}],\"inLanguage\":\"es\"}]}<\/script>\n<!-- \/ Yoast SEO plugin. -->","yoast_head_json":{"title":"UNCORKED MERLOT - VIBRADOR DE SILICONA ROSA - Tienda Er\u00f3tica","robots":{"index":"noindex","follow":"follow","max-snippet":"max-snippet:-1","max-image-preview":"max-image-preview:large","max-video-preview":"max-video-preview:-1"},"og_locale":"es_ES","og_type":"article","og_title":"UNCORKED MERLOT - VIBRADOR DE SILICONA ROSA - Tienda Er\u00f3tica","og_description":"UNCORKED MERLOT Desde la vida de la jet set hasta el ajetreo de la oficina, el Uncorked \u2122 Merlot sabe","og_url":"https:\/\/demoweb.info\/sexshop001\/producto\/uncorked-merlot-vibrador-de-silicona-rosa\/","og_site_name":"Tienda Er\u00f3tica","article_modified_time":"2022-01-22T11:29:13+00:00","og_image":[{"width":550,"height":550,"url":"https:\/\/demoweb.info\/sexshop001\/wp-content\/uploads\/2022\/01\/UNCORKED-MERLOT-VIBRADOR-DE-SILICONA-ROSA.jpg","type":"image\/jpeg"}],"twitter_card":"summary_large_image","twitter_misc":{"Tiempo de lectura":"1 minuto"},"schema":{"@context":"https:\/\/schema.org","@graph":[{"@type":"WebPage","@id":"https:\/\/demoweb.info\/sexshop001\/producto\/uncorked-merlot-vibrador-de-silicona-rosa\/","url":"https:\/\/demoweb.info\/sexshop001\/producto\/uncorked-merlot-vibrador-de-silicona-rosa\/","name":"UNCORKED MERLOT - VIBRADOR DE SILICONA ROSA - Tienda Er\u00f3tica","isPartOf":{"@id":"https:\/\/demoweb.info\/sexshop001\/#website"},"datePublished":"2022-01-22T11:29:09+00:00","dateModified":"2022-01-22T11:29:13+00:00","breadcrumb":{"@id":"https:\/\/demoweb.info\/sexshop001\/producto\/uncorked-merlot-vibrador-de-silicona-rosa\/#breadcrumb"},"inLanguage":"es","potentialAction":[{"@type":"ReadAction","target":["https:\/\/demoweb.info\/sexshop001\/producto\/uncorked-merlot-vibrador-de-silicona-rosa\/"]}]},{"@type":"BreadcrumbList","@id":"https:\/\/demoweb.info\/sexshop001\/producto\/uncorked-merlot-vibrador-de-silicona-rosa\/#breadcrumb","itemListElement":[{"@type":"ListItem","position":1,"name":"Portada","item":"https:\/\/demoweb.info\/sexshop001\/"},{"@type":"ListItem","position":2,"name":"Tienda","item":"https:\/\/demoweb.info\/sexshop001\/tienda\/"},{"@type":"ListItem","position":3,"name":"UNCORKED MERLOT &#8211; VIBRADOR DE SILICONA ROSA"}]},{"@type":"WebSite","@id":"https:\/\/demoweb.info\/sexshop001\/#website","url":"https:\/\/demoweb.info\/sexshop001\/","name":"Tienda Er\u00f3tica","description":"DEMOWEB SL","potentialAction":[{"@type":"SearchAction","target":{"@type":"EntryPoint","urlTemplate":"https:\/\/demoweb.info\/sexshop001\/?s={search_term_string}"},"query-input":"required name=search_term_string"}],"inLanguage":"es"}]}},"_links":{"self":[{"href":"https:\/\/demoweb.info\/sexshop001\/wp-json\/wp\/v3\/product\/29229","targetHints":{"allow":["GET"]}}],"collection":[{"href":"https:\/\/demoweb.info\/sexshop001\/wp-json\/wp\/v3\/product"}],"about":[{"href":"https:\/\/demoweb.info\/sexshop001\/wp-json\/wp\/v2\/types\/product"}],"replies":[{"embeddable":true,"href":"https:\/\/demoweb.info\/sexshop001\/wp-json\/wp\/v2\/comments?post=29229"}],"wp:featuredmedia":[{"embeddable":true,"href":"https:\/\/demoweb.info\/sexshop001\/wp-json\/wp\/v2\/media\/29230"}],"wp:attachment":[{"href":"https:\/\/demoweb.info\/sexshop001\/wp-json\/wp\/v2\/media?parent=29229"}],"wp:term":[{"taxonomy":"product_cat","embeddable":true,"href":"https:\/\/demoweb.info\/sexshop001\/wp-json\/wp\/v2\/product_cat?post=29229"},{"taxonomy":"product_tag","embeddable":true,"href":"https:\/\/demoweb.info\/sexshop001\/wp-json\/wp\/v2\/product_tag?post=29229"}],"curies":[{"name":"wp","href":"https:\/\/api.w.org\/{rel}","templated":true}]}}